{"id":34239,"date":"2021-12-10T12:43:32","date_gmt":"2022-01-27T10:55:23","guid":{"rendered":"https:\/\/lespiculins.com\/producto\/capas-de-banho-liberty-betsy-chumbo\/"},"modified":"2022-01-27T11:55:23","modified_gmt":"2022-01-27T10:55:23","slug":"camada-de-bano-liberty-betsy-chumbo","status":"publish","type":"product","link":"https:\/\/lespiculins.com\/pt-pt\/produto\/camada-de-bano-liberty-betsy-chumbo\/","title":{"rendered":"Capas de banho Liberty Betsy Chumbo"},"content":{"rendered":"","protected":false},"excerpt":{"rendered":"<p>Camada de banho hiper saborosa para o seu beb\u00e9 gra\u00e7as ao seu toque de veludo. O seu caracol de bambu org\u00e2nico \u00e9 hipoalerg\u00e9nico, sendo este um tecido natural, ideal para pele sens\u00edvel. Com propriedades antibacterianas.<\/p>\n<p>Fita traserita para que possa pendur\u00e1-la.<\/p>\n<p>Combinada com um tecido 100% algod\u00e3o, esta camada de banho tornar\u00e1 o tempo de banho do seu beb\u00e9 ainda mais agrad\u00e1vel. Este capit\u00e3o, usa Liberty London Original impresso com pequenas flores em tons de aqua, chumbo, verde-azeitona e coral e terminou com um Vichy Aqua bi\u00e9s feito pelos nossos artes\u00e3os \u00e0 m\u00e3o no nosso atelier.<\/p>\n<p>Com uma apresenta\u00e7\u00e3o desenhada para dar, ser\u00e1 um belo detalhe para o beb\u00e9.<\/p>\n<p>Medidas: 77 x 77 cm<\/p>\n<p>&nbsp;<\/p>\n<p>&nbsp;<\/p>\n","protected":false},"featured_media":33975,"template":"","meta":{"_joinchat":[]},"product_cat":[233],"product_tag":[309],"yoast_head":"<!-- This site is optimized with the Yoast SEO plugin v21.5 - https:\/\/yoast.com\/wordpress\/plugins\/seo\/ -->\n<title>Capas de banho Liberty Betsy Chumbo - Les Piculins<\/title>\n<meta name=\"robots\" content=\"index, follow, max-snippet:-1, max-image-preview:large, max-video-preview:-1\" \/>\n<link rel=\"canonical\" href=\"https:\/\/lespiculins.com\/pt-pt\/produto\/camada-de-bano-liberty-betsy-chumbo\/\" \/>\n<meta property=\"og:locale\" content=\"pt_PT\" \/>\n<meta property=\"og:type\" content=\"article\" \/>\n<meta property=\"og:title\" content=\"Capas de banho Liberty Betsy Chumbo - Les Piculins\" \/>\n<meta property=\"og:description\" content=\"Camada de banho hiper saborosa para o seu beb\u00e9 gra\u00e7as ao seu toque de veludo. O seu caracol de bambu org\u00e2nico \u00e9 hipoalerg\u00e9nico, sendo este um tecido natural, ideal para pele sens\u00edvel. Com propriedades antibacterianas. Fita traserita para que possa pendur\u00e1-la. Combinada com um tecido 100% algod\u00e3o, esta camada de banho tornar\u00e1 o tempo de banho do seu beb\u00e9 ainda mais agrad\u00e1vel. Este capit\u00e3o, usa Liberty London Original impresso com pequenas flores em tons de aqua, chumbo, verde-azeitona e coral e terminou com um Vichy Aqua bi\u00e9s feito pelos nossos artes\u00e3os \u00e0 m\u00e3o no nosso atelier. Com uma apresenta\u00e7\u00e3o desenhada para dar, ser\u00e1 um belo detalhe para o beb\u00e9. Medidas: 77 x 77 cm &nbsp; &nbsp;\" \/>\n<meta property=\"og:url\" content=\"https:\/\/lespiculins.com\/pt-pt\/produto\/camada-de-bano-liberty-betsy-chumbo\/\" \/>\n<meta property=\"og:site_name\" content=\"Les Piculins\" \/>\n<meta property=\"og:image\" content=\"https:\/\/lespiculins.com\/wp-content\/uploads\/2021\/12\/Toalla-Liberty-Betsy-3-1-scaled.jpg\" \/>\n\t<meta property=\"og:image:width\" content=\"2560\" \/>\n\t<meta property=\"og:image:height\" content=\"1920\" \/>\n\t<meta property=\"og:image:type\" content=\"image\/jpeg\" \/>\n<meta name=\"twitter:card\" content=\"summary_large_image\" \/>\n<script type=\"application\/ld+json\" class=\"yoast-schema-graph\">{\"@context\":\"https:\/\/schema.org\",\"@graph\":[{\"@type\":\"WebPage\",\"@id\":\"https:\/\/lespiculins.com\/pt-pt\/produto\/camada-de-bano-liberty-betsy-chumbo\/\",\"url\":\"https:\/\/lespiculins.com\/pt-pt\/produto\/camada-de-bano-liberty-betsy-chumbo\/\",\"name\":\"Capas de banho Liberty Betsy Chumbo - Les Piculins\",\"isPartOf\":{\"@id\":\"https:\/\/lespiculins.com\/pt-pt\/#website\"},\"datePublished\":\"2022-01-27T10:55:23+00:00\",\"dateModified\":\"2022-01-27T10:55:23+00:00\",\"breadcrumb\":{\"@id\":\"https:\/\/lespiculins.com\/pt-pt\/produto\/camada-de-bano-liberty-betsy-chumbo\/#breadcrumb\"},\"inLanguage\":\"pt-PT\",\"potentialAction\":[{\"@type\":\"ReadAction\",\"target\":[\"https:\/\/lespiculins.com\/pt-pt\/produto\/camada-de-bano-liberty-betsy-chumbo\/\"]}]},{\"@type\":\"BreadcrumbList\",\"@id\":\"https:\/\/lespiculins.com\/pt-pt\/produto\/camada-de-bano-liberty-betsy-chumbo\/#breadcrumb\",\"itemListElement\":[{\"@type\":\"ListItem\",\"position\":1,\"name\":\"Portada\",\"item\":\"https:\/\/lespiculins.com\/pt-pt\/inicio\/\"},{\"@type\":\"ListItem\",\"position\":2,\"name\":\"Loja\",\"item\":\"https:\/\/lespiculins.com\/pt-pt\/loja\/\"},{\"@type\":\"ListItem\",\"position\":3,\"name\":\"Capas de banho Liberty Betsy Chumbo\"}]},{\"@type\":\"WebSite\",\"@id\":\"https:\/\/lespiculins.com\/pt-pt\/#website\",\"url\":\"https:\/\/lespiculins.com\/pt-pt\/\",\"name\":\"Les Piculins\",\"description\":\"Fundas para carritos, bugaboo, maclaren, icoo, bebecar, mima...\",\"potentialAction\":[{\"@type\":\"SearchAction\",\"target\":{\"@type\":\"EntryPoint\",\"urlTemplate\":\"https:\/\/lespiculins.com\/pt-pt\/?s={search_term_string}\"},\"query-input\":\"required name=search_term_string\"}],\"inLanguage\":\"pt-PT\"}]}<\/script>\n<!-- \/ Yoast SEO plugin. -->","yoast_head_json":{"title":"Capas de banho Liberty Betsy Chumbo - Les Piculins","robots":{"index":"index","follow":"follow","max-snippet":"max-snippet:-1","max-image-preview":"max-image-preview:large","max-video-preview":"max-video-preview:-1"},"canonical":"https:\/\/lespiculins.com\/pt-pt\/produto\/camada-de-bano-liberty-betsy-chumbo\/","og_locale":"pt_PT","og_type":"article","og_title":"Capas de banho Liberty Betsy Chumbo - Les Piculins","og_description":"Camada de banho hiper saborosa para o seu beb\u00e9 gra\u00e7as ao seu toque de veludo. O seu caracol de bambu org\u00e2nico \u00e9 hipoalerg\u00e9nico, sendo este um tecido natural, ideal para pele sens\u00edvel. Com propriedades antibacterianas. Fita traserita para que possa pendur\u00e1-la. Combinada com um tecido 100% algod\u00e3o, esta camada de banho tornar\u00e1 o tempo de banho do seu beb\u00e9 ainda mais agrad\u00e1vel. Este capit\u00e3o, usa Liberty London Original impresso com pequenas flores em tons de aqua, chumbo, verde-azeitona e coral e terminou com um Vichy Aqua bi\u00e9s feito pelos nossos artes\u00e3os \u00e0 m\u00e3o no nosso atelier. Com uma apresenta\u00e7\u00e3o desenhada para dar, ser\u00e1 um belo detalhe para o beb\u00e9. Medidas: 77 x 77 cm &nbsp; &nbsp;","og_url":"https:\/\/lespiculins.com\/pt-pt\/produto\/camada-de-bano-liberty-betsy-chumbo\/","og_site_name":"Les Piculins","og_image":[{"width":2560,"height":1920,"url":"https:\/\/lespiculins.com\/wp-content\/uploads\/2021\/12\/Toalla-Liberty-Betsy-3-1-scaled.jpg","type":"image\/jpeg"}],"twitter_card":"summary_large_image","schema":{"@context":"https:\/\/schema.org","@graph":[{"@type":"WebPage","@id":"https:\/\/lespiculins.com\/pt-pt\/produto\/camada-de-bano-liberty-betsy-chumbo\/","url":"https:\/\/lespiculins.com\/pt-pt\/produto\/camada-de-bano-liberty-betsy-chumbo\/","name":"Capas de banho Liberty Betsy Chumbo - Les Piculins","isPartOf":{"@id":"https:\/\/lespiculins.com\/pt-pt\/#website"},"datePublished":"2022-01-27T10:55:23+00:00","dateModified":"2022-01-27T10:55:23+00:00","breadcrumb":{"@id":"https:\/\/lespiculins.com\/pt-pt\/produto\/camada-de-bano-liberty-betsy-chumbo\/#breadcrumb"},"inLanguage":"pt-PT","potentialAction":[{"@type":"ReadAction","target":["https:\/\/lespiculins.com\/pt-pt\/produto\/camada-de-bano-liberty-betsy-chumbo\/"]}]},{"@type":"BreadcrumbList","@id":"https:\/\/lespiculins.com\/pt-pt\/produto\/camada-de-bano-liberty-betsy-chumbo\/#breadcrumb","itemListElement":[{"@type":"ListItem","position":1,"name":"Portada","item":"https:\/\/lespiculins.com\/pt-pt\/inicio\/"},{"@type":"ListItem","position":2,"name":"Loja","item":"https:\/\/lespiculins.com\/pt-pt\/loja\/"},{"@type":"ListItem","position":3,"name":"Capas de banho Liberty Betsy Chumbo"}]},{"@type":"WebSite","@id":"https:\/\/lespiculins.com\/pt-pt\/#website","url":"https:\/\/lespiculins.com\/pt-pt\/","name":"Les Piculins","description":"Fundas para carritos, bugaboo, maclaren, icoo, bebecar, mima...","potentialAction":[{"@type":"SearchAction","target":{"@type":"EntryPoint","urlTemplate":"https:\/\/lespiculins.com\/pt-pt\/?s={search_term_string}"},"query-input":"required name=search_term_string"}],"inLanguage":"pt-PT"}]}},"_links":{"self":[{"href":"https:\/\/lespiculins.com\/pt-pt\/wp-json\/wp\/v2\/product\/34239"}],"collection":[{"href":"https:\/\/lespiculins.com\/pt-pt\/wp-json\/wp\/v2\/product"}],"about":[{"href":"https:\/\/lespiculins.com\/pt-pt\/wp-json\/wp\/v2\/types\/product"}],"wp:featuredmedia":[{"embeddable":true,"href":"https:\/\/lespiculins.com\/pt-pt\/wp-json\/wp\/v2\/media\/33975"}],"wp:attachment":[{"href":"https:\/\/lespiculins.com\/pt-pt\/wp-json\/wp\/v2\/media?parent=34239"}],"wp:term":[{"taxonomy":"product_cat","embeddable":true,"href":"https:\/\/lespiculins.com\/pt-pt\/wp-json\/wp\/v2\/product_cat?post=34239"},{"taxonomy":"product_tag","embeddable":true,"href":"https:\/\/lespiculins.com\/pt-pt\/wp-json\/wp\/v2\/product_tag?post=34239"}],"curies":[{"name":"wp","href":"https:\/\/api.w.org\/{rel}","templated":true}]}}