{"id":34236,"date":"2021-12-01T11:37:53","date_gmt":"2022-01-27T10:51:45","guid":{"rendered":"https:\/\/lespiculins.com\/producto\/titular-do-documento-liberty-animaizinhos-azul\/"},"modified":"2023-07-11T07:35:53","modified_gmt":"2023-07-11T05:35:53","slug":"porta-documentos-animais-azul","status":"publish","type":"product","link":"https:\/\/lespiculins.com\/pt-pt\/produto\/porta-documentos-animais-azul\/","title":{"rendered":"Titular do documento Liberty Animaizinhos Azul"},"content":{"rendered":"","protected":false},"excerpt":{"rendered":"<p>Os seus documentos, cart\u00e3o de vacina\u00e7\u00e3o, etc&#8230; nunca foram t\u00e3o bem guardados. \u00c9 tamb\u00e9m um presente perfeito e pr\u00e1tico para um rec\u00e9m-nascido. Transporte bolsos para organizar melhor todos os documentos. Ter\u00e1 sempre tudo o que precisa em caso de emerg\u00eancia.<\/p>\n<p>A nossa sugest\u00e3o: guarde-o como recorda\u00e7\u00e3o juntamente com os detalhes especiais dos seus primeiros meses.<\/p>\n<p>Se procura um presente para um beb\u00e9 ou est\u00e1 a preparar a sua chegada. a cole\u00e7\u00e3o &#8220;Animalitos Azul&#8221; \u00e9 constitu\u00edda por outros produtos dispon\u00edveis online.<\/p>\n","protected":false},"featured_media":33562,"template":"","meta":{"_joinchat":[]},"product_cat":[140],"product_tag":[305],"yoast_head":"<!-- This site is optimized with the Yoast SEO plugin v21.5 - https:\/\/yoast.com\/wordpress\/plugins\/seo\/ -->\n<title>Titular do documento Liberty Animaizinhos Azul - Les Piculins<\/title>\n<meta name=\"robots\" content=\"index, follow, max-snippet:-1, max-image-preview:large, max-video-preview:-1\" \/>\n<link rel=\"canonical\" href=\"https:\/\/lespiculins.com\/pt-pt\/produto\/porta-documentos-animais-azul\/\" \/>\n<meta property=\"og:locale\" content=\"pt_PT\" \/>\n<meta property=\"og:type\" content=\"article\" \/>\n<meta property=\"og:title\" content=\"Titular do documento Liberty Animaizinhos Azul - Les Piculins\" \/>\n<meta property=\"og:description\" content=\"Os seus documentos, cart\u00e3o de vacina\u00e7\u00e3o, etc... nunca foram t\u00e3o bem guardados. \u00c9 tamb\u00e9m um presente perfeito e pr\u00e1tico para um rec\u00e9m-nascido. Transporte bolsos para organizar melhor todos os documentos. Ter\u00e1 sempre tudo o que precisa em caso de emerg\u00eancia. A nossa sugest\u00e3o: guarde-o como recorda\u00e7\u00e3o juntamente com os detalhes especiais dos seus primeiros meses. Se procura um presente para um beb\u00e9 ou est\u00e1 a preparar a sua chegada. a cole\u00e7\u00e3o &quot;Animalitos Azul&quot; \u00e9 constitu\u00edda por outros produtos dispon\u00edveis online.\" \/>\n<meta property=\"og:url\" content=\"https:\/\/lespiculins.com\/pt-pt\/produto\/porta-documentos-animais-azul\/\" \/>\n<meta property=\"og:site_name\" content=\"Les Piculins\" \/>\n<meta property=\"article:modified_time\" content=\"2023-07-11T05:35:53+00:00\" \/>\n<meta property=\"og:image\" content=\"https:\/\/lespiculins.com\/wp-content\/uploads\/2021\/12\/Portadoctheo2.jpg\" \/>\n\t<meta property=\"og:image:width\" content=\"1080\" \/>\n\t<meta property=\"og:image:height\" content=\"880\" \/>\n\t<meta property=\"og:image:type\" content=\"image\/jpeg\" \/>\n<meta name=\"twitter:card\" content=\"summary_large_image\" \/>\n<script type=\"application\/ld+json\" class=\"yoast-schema-graph\">{\"@context\":\"https:\/\/schema.org\",\"@graph\":[{\"@type\":\"WebPage\",\"@id\":\"https:\/\/lespiculins.com\/pt-pt\/produto\/porta-documentos-animais-azul\/\",\"url\":\"https:\/\/lespiculins.com\/pt-pt\/produto\/porta-documentos-animais-azul\/\",\"name\":\"Titular do documento Liberty Animaizinhos Azul - Les Piculins\",\"isPartOf\":{\"@id\":\"https:\/\/lespiculins.com\/pt-pt\/#website\"},\"datePublished\":\"2022-01-27T10:51:45+00:00\",\"dateModified\":\"2023-07-11T05:35:53+00:00\",\"breadcrumb\":{\"@id\":\"https:\/\/lespiculins.com\/pt-pt\/produto\/porta-documentos-animais-azul\/#breadcrumb\"},\"inLanguage\":\"pt-PT\",\"potentialAction\":[{\"@type\":\"ReadAction\",\"target\":[\"https:\/\/lespiculins.com\/pt-pt\/produto\/porta-documentos-animais-azul\/\"]}]},{\"@type\":\"BreadcrumbList\",\"@id\":\"https:\/\/lespiculins.com\/pt-pt\/produto\/porta-documentos-animais-azul\/#breadcrumb\",\"itemListElement\":[{\"@type\":\"ListItem\",\"position\":1,\"name\":\"Portada\",\"item\":\"https:\/\/lespiculins.com\/pt-pt\/inicio\/\"},{\"@type\":\"ListItem\",\"position\":2,\"name\":\"Loja\",\"item\":\"https:\/\/lespiculins.com\/pt-pt\/loja\/\"},{\"@type\":\"ListItem\",\"position\":3,\"name\":\"Titular do documento Liberty Animaizinhos Azul\"}]},{\"@type\":\"WebSite\",\"@id\":\"https:\/\/lespiculins.com\/pt-pt\/#website\",\"url\":\"https:\/\/lespiculins.com\/pt-pt\/\",\"name\":\"Les Piculins\",\"description\":\"Fundas para carritos, bugaboo, maclaren, icoo, bebecar, mima...\",\"potentialAction\":[{\"@type\":\"SearchAction\",\"target\":{\"@type\":\"EntryPoint\",\"urlTemplate\":\"https:\/\/lespiculins.com\/pt-pt\/?s={search_term_string}\"},\"query-input\":\"required name=search_term_string\"}],\"inLanguage\":\"pt-PT\"}]}<\/script>\n<!-- \/ Yoast SEO plugin. -->","yoast_head_json":{"title":"Titular do documento Liberty Animaizinhos Azul - Les Piculins","robots":{"index":"index","follow":"follow","max-snippet":"max-snippet:-1","max-image-preview":"max-image-preview:large","max-video-preview":"max-video-preview:-1"},"canonical":"https:\/\/lespiculins.com\/pt-pt\/produto\/porta-documentos-animais-azul\/","og_locale":"pt_PT","og_type":"article","og_title":"Titular do documento Liberty Animaizinhos Azul - Les Piculins","og_description":"Os seus documentos, cart\u00e3o de vacina\u00e7\u00e3o, etc... nunca foram t\u00e3o bem guardados. \u00c9 tamb\u00e9m um presente perfeito e pr\u00e1tico para um rec\u00e9m-nascido. Transporte bolsos para organizar melhor todos os documentos. Ter\u00e1 sempre tudo o que precisa em caso de emerg\u00eancia. A nossa sugest\u00e3o: guarde-o como recorda\u00e7\u00e3o juntamente com os detalhes especiais dos seus primeiros meses. Se procura um presente para um beb\u00e9 ou est\u00e1 a preparar a sua chegada. a cole\u00e7\u00e3o \"Animalitos Azul\" \u00e9 constitu\u00edda por outros produtos dispon\u00edveis online.","og_url":"https:\/\/lespiculins.com\/pt-pt\/produto\/porta-documentos-animais-azul\/","og_site_name":"Les Piculins","article_modified_time":"2023-07-11T05:35:53+00:00","og_image":[{"width":1080,"height":880,"url":"https:\/\/lespiculins.com\/wp-content\/uploads\/2021\/12\/Portadoctheo2.jpg","type":"image\/jpeg"}],"twitter_card":"summary_large_image","schema":{"@context":"https:\/\/schema.org","@graph":[{"@type":"WebPage","@id":"https:\/\/lespiculins.com\/pt-pt\/produto\/porta-documentos-animais-azul\/","url":"https:\/\/lespiculins.com\/pt-pt\/produto\/porta-documentos-animais-azul\/","name":"Titular do documento Liberty Animaizinhos Azul - Les Piculins","isPartOf":{"@id":"https:\/\/lespiculins.com\/pt-pt\/#website"},"datePublished":"2022-01-27T10:51:45+00:00","dateModified":"2023-07-11T05:35:53+00:00","breadcrumb":{"@id":"https:\/\/lespiculins.com\/pt-pt\/produto\/porta-documentos-animais-azul\/#breadcrumb"},"inLanguage":"pt-PT","potentialAction":[{"@type":"ReadAction","target":["https:\/\/lespiculins.com\/pt-pt\/produto\/porta-documentos-animais-azul\/"]}]},{"@type":"BreadcrumbList","@id":"https:\/\/lespiculins.com\/pt-pt\/produto\/porta-documentos-animais-azul\/#breadcrumb","itemListElement":[{"@type":"ListItem","position":1,"name":"Portada","item":"https:\/\/lespiculins.com\/pt-pt\/inicio\/"},{"@type":"ListItem","position":2,"name":"Loja","item":"https:\/\/lespiculins.com\/pt-pt\/loja\/"},{"@type":"ListItem","position":3,"name":"Titular do documento Liberty Animaizinhos Azul"}]},{"@type":"WebSite","@id":"https:\/\/lespiculins.com\/pt-pt\/#website","url":"https:\/\/lespiculins.com\/pt-pt\/","name":"Les Piculins","description":"Fundas para carritos, bugaboo, maclaren, icoo, bebecar, mima...","potentialAction":[{"@type":"SearchAction","target":{"@type":"EntryPoint","urlTemplate":"https:\/\/lespiculins.com\/pt-pt\/?s={search_term_string}"},"query-input":"required name=search_term_string"}],"inLanguage":"pt-PT"}]}},"_links":{"self":[{"href":"https:\/\/lespiculins.com\/pt-pt\/wp-json\/wp\/v2\/product\/34236"}],"collection":[{"href":"https:\/\/lespiculins.com\/pt-pt\/wp-json\/wp\/v2\/product"}],"about":[{"href":"https:\/\/lespiculins.com\/pt-pt\/wp-json\/wp\/v2\/types\/product"}],"wp:featuredmedia":[{"embeddable":true,"href":"https:\/\/lespiculins.com\/pt-pt\/wp-json\/wp\/v2\/media\/33562"}],"wp:attachment":[{"href":"https:\/\/lespiculins.com\/pt-pt\/wp-json\/wp\/v2\/media?parent=34236"}],"wp:term":[{"taxonomy":"product_cat","embeddable":true,"href":"https:\/\/lespiculins.com\/pt-pt\/wp-json\/wp\/v2\/product_cat?post=34236"},{"taxonomy":"product_tag","embeddable":true,"href":"https:\/\/lespiculins.com\/pt-pt\/wp-json\/wp\/v2\/product_tag?post=34236"}],"curies":[{"name":"wp","href":"https:\/\/api.w.org\/{rel}","templated":true}]}}