{"id":34230,"date":"2021-12-09T11:41:38","date_gmt":"2022-01-27T10:44:15","guid":{"rendered":"https:\/\/lespiculins.com\/producto\/saco-cadeira-de-automovel-grupo-0-vichy-aqua\/"},"modified":"2022-01-27T11:44:15","modified_gmt":"2022-01-27T10:44:15","slug":"bag-group-zero-vichy-aqua","status":"publish","type":"product","link":"https:\/\/lespiculins.com\/pt-pt\/produto\/bag-group-zero-vichy-aqua\/","title":{"rendered":"Saco Cadeira de autom\u00f3vel Grupo 0 +Vichy Aqua"},"content":{"rendered":"","protected":false},"excerpt":{"rendered":"<p>PRAZO DE ENTREGA 7-10 DIAS<\/p>\n<p>Saco universal para Grupo Cero com assento em branco Borreguito macio e quente e capa em Vichy Aqua. Ideal para que os beb\u00e9s nascidos no meio do inverno se aque\u00e7am bem.<\/p>\n<p>Acabamentos em bies feitos pelos nossos artes\u00e3os no mesmo tecido e bot\u00f5es de madeira. Inclui tampas de arn\u00eas correspondentes para que o seu pequenino n\u00e3o esfregue nas correias do carrinho.<\/p>\n<p>Pode us\u00e1-lo como derretimento desmontando os dois fechos laterais da tampa.<\/p>\n<p>Complete o conjunto com o nosso capuz e saco correspondentes da cole\u00e7\u00e3o Vichy Aqua.<\/p>\n","protected":false},"featured_media":33844,"template":"","meta":{"_joinchat":[]},"product_cat":[230],"product_tag":[326],"yoast_head":"<!-- This site is optimized with the Yoast SEO plugin v21.5 - https:\/\/yoast.com\/wordpress\/plugins\/seo\/ -->\n<title>Saco Cadeira de autom\u00f3vel Grupo 0 +Vichy Aqua - Les Piculins<\/title>\n<meta name=\"robots\" content=\"index, follow, max-snippet:-1, max-image-preview:large, max-video-preview:-1\" \/>\n<link rel=\"canonical\" href=\"https:\/\/lespiculins.com\/pt-pt\/produto\/bag-group-zero-vichy-aqua\/\" \/>\n<meta property=\"og:locale\" content=\"pt_PT\" \/>\n<meta property=\"og:type\" content=\"article\" \/>\n<meta property=\"og:title\" content=\"Saco Cadeira de autom\u00f3vel Grupo 0 +Vichy Aqua - Les Piculins\" \/>\n<meta property=\"og:description\" content=\"PRAZO DE ENTREGA 7-10 DIAS Saco universal para Grupo Cero com assento em branco Borreguito macio e quente e capa em Vichy Aqua. Ideal para que os beb\u00e9s nascidos no meio do inverno se aque\u00e7am bem. Acabamentos em bies feitos pelos nossos artes\u00e3os no mesmo tecido e bot\u00f5es de madeira. Inclui tampas de arn\u00eas correspondentes para que o seu pequenino n\u00e3o esfregue nas correias do carrinho. Pode us\u00e1-lo como derretimento desmontando os dois fechos laterais da tampa. Complete o conjunto com o nosso capuz e saco correspondentes da cole\u00e7\u00e3o Vichy Aqua.\" \/>\n<meta property=\"og:url\" content=\"https:\/\/lespiculins.com\/pt-pt\/produto\/bag-group-zero-vichy-aqua\/\" \/>\n<meta property=\"og:site_name\" content=\"Les Piculins\" \/>\n<meta property=\"og:image\" content=\"https:\/\/lespiculins.com\/wp-content\/uploads\/2021\/12\/vichyazul3.jpg\" \/>\n\t<meta property=\"og:image:width\" content=\"1080\" \/>\n\t<meta property=\"og:image:height\" content=\"989\" \/>\n\t<meta property=\"og:image:type\" content=\"image\/jpeg\" \/>\n<meta name=\"twitter:card\" content=\"summary_large_image\" \/>\n<script type=\"application\/ld+json\" class=\"yoast-schema-graph\">{\"@context\":\"https:\/\/schema.org\",\"@graph\":[{\"@type\":\"WebPage\",\"@id\":\"https:\/\/lespiculins.com\/pt-pt\/produto\/bag-group-zero-vichy-aqua\/\",\"url\":\"https:\/\/lespiculins.com\/pt-pt\/produto\/bag-group-zero-vichy-aqua\/\",\"name\":\"Saco Cadeira de autom\u00f3vel Grupo 0 +Vichy Aqua - Les Piculins\",\"isPartOf\":{\"@id\":\"https:\/\/lespiculins.com\/pt-pt\/#website\"},\"datePublished\":\"2022-01-27T10:44:15+00:00\",\"dateModified\":\"2022-01-27T10:44:15+00:00\",\"breadcrumb\":{\"@id\":\"https:\/\/lespiculins.com\/pt-pt\/produto\/bag-group-zero-vichy-aqua\/#breadcrumb\"},\"inLanguage\":\"pt-PT\",\"potentialAction\":[{\"@type\":\"ReadAction\",\"target\":[\"https:\/\/lespiculins.com\/pt-pt\/produto\/bag-group-zero-vichy-aqua\/\"]}]},{\"@type\":\"BreadcrumbList\",\"@id\":\"https:\/\/lespiculins.com\/pt-pt\/produto\/bag-group-zero-vichy-aqua\/#breadcrumb\",\"itemListElement\":[{\"@type\":\"ListItem\",\"position\":1,\"name\":\"Portada\",\"item\":\"https:\/\/lespiculins.com\/pt-pt\/inicio\/\"},{\"@type\":\"ListItem\",\"position\":2,\"name\":\"Loja\",\"item\":\"https:\/\/lespiculins.com\/pt-pt\/loja\/\"},{\"@type\":\"ListItem\",\"position\":3,\"name\":\"Saco Cadeira de autom\u00f3vel Grupo 0 +Vichy Aqua\"}]},{\"@type\":\"WebSite\",\"@id\":\"https:\/\/lespiculins.com\/pt-pt\/#website\",\"url\":\"https:\/\/lespiculins.com\/pt-pt\/\",\"name\":\"Les Piculins\",\"description\":\"Fundas para carritos, bugaboo, maclaren, icoo, bebecar, mima...\",\"potentialAction\":[{\"@type\":\"SearchAction\",\"target\":{\"@type\":\"EntryPoint\",\"urlTemplate\":\"https:\/\/lespiculins.com\/pt-pt\/?s={search_term_string}\"},\"query-input\":\"required name=search_term_string\"}],\"inLanguage\":\"pt-PT\"}]}<\/script>\n<!-- \/ Yoast SEO plugin. -->","yoast_head_json":{"title":"Saco Cadeira de autom\u00f3vel Grupo 0 +Vichy Aqua - Les Piculins","robots":{"index":"index","follow":"follow","max-snippet":"max-snippet:-1","max-image-preview":"max-image-preview:large","max-video-preview":"max-video-preview:-1"},"canonical":"https:\/\/lespiculins.com\/pt-pt\/produto\/bag-group-zero-vichy-aqua\/","og_locale":"pt_PT","og_type":"article","og_title":"Saco Cadeira de autom\u00f3vel Grupo 0 +Vichy Aqua - Les Piculins","og_description":"PRAZO DE ENTREGA 7-10 DIAS Saco universal para Grupo Cero com assento em branco Borreguito macio e quente e capa em Vichy Aqua. Ideal para que os beb\u00e9s nascidos no meio do inverno se aque\u00e7am bem. Acabamentos em bies feitos pelos nossos artes\u00e3os no mesmo tecido e bot\u00f5es de madeira. Inclui tampas de arn\u00eas correspondentes para que o seu pequenino n\u00e3o esfregue nas correias do carrinho. Pode us\u00e1-lo como derretimento desmontando os dois fechos laterais da tampa. Complete o conjunto com o nosso capuz e saco correspondentes da cole\u00e7\u00e3o Vichy Aqua.","og_url":"https:\/\/lespiculins.com\/pt-pt\/produto\/bag-group-zero-vichy-aqua\/","og_site_name":"Les Piculins","og_image":[{"width":1080,"height":989,"url":"https:\/\/lespiculins.com\/wp-content\/uploads\/2021\/12\/vichyazul3.jpg","type":"image\/jpeg"}],"twitter_card":"summary_large_image","schema":{"@context":"https:\/\/schema.org","@graph":[{"@type":"WebPage","@id":"https:\/\/lespiculins.com\/pt-pt\/produto\/bag-group-zero-vichy-aqua\/","url":"https:\/\/lespiculins.com\/pt-pt\/produto\/bag-group-zero-vichy-aqua\/","name":"Saco Cadeira de autom\u00f3vel Grupo 0 +Vichy Aqua - Les Piculins","isPartOf":{"@id":"https:\/\/lespiculins.com\/pt-pt\/#website"},"datePublished":"2022-01-27T10:44:15+00:00","dateModified":"2022-01-27T10:44:15+00:00","breadcrumb":{"@id":"https:\/\/lespiculins.com\/pt-pt\/produto\/bag-group-zero-vichy-aqua\/#breadcrumb"},"inLanguage":"pt-PT","potentialAction":[{"@type":"ReadAction","target":["https:\/\/lespiculins.com\/pt-pt\/produto\/bag-group-zero-vichy-aqua\/"]}]},{"@type":"BreadcrumbList","@id":"https:\/\/lespiculins.com\/pt-pt\/produto\/bag-group-zero-vichy-aqua\/#breadcrumb","itemListElement":[{"@type":"ListItem","position":1,"name":"Portada","item":"https:\/\/lespiculins.com\/pt-pt\/inicio\/"},{"@type":"ListItem","position":2,"name":"Loja","item":"https:\/\/lespiculins.com\/pt-pt\/loja\/"},{"@type":"ListItem","position":3,"name":"Saco Cadeira de autom\u00f3vel Grupo 0 +Vichy Aqua"}]},{"@type":"WebSite","@id":"https:\/\/lespiculins.com\/pt-pt\/#website","url":"https:\/\/lespiculins.com\/pt-pt\/","name":"Les Piculins","description":"Fundas para carritos, bugaboo, maclaren, icoo, bebecar, mima...","potentialAction":[{"@type":"SearchAction","target":{"@type":"EntryPoint","urlTemplate":"https:\/\/lespiculins.com\/pt-pt\/?s={search_term_string}"},"query-input":"required name=search_term_string"}],"inLanguage":"pt-PT"}]}},"_links":{"self":[{"href":"https:\/\/lespiculins.com\/pt-pt\/wp-json\/wp\/v2\/product\/34230"}],"collection":[{"href":"https:\/\/lespiculins.com\/pt-pt\/wp-json\/wp\/v2\/product"}],"about":[{"href":"https:\/\/lespiculins.com\/pt-pt\/wp-json\/wp\/v2\/types\/product"}],"wp:featuredmedia":[{"embeddable":true,"href":"https:\/\/lespiculins.com\/pt-pt\/wp-json\/wp\/v2\/media\/33844"}],"wp:attachment":[{"href":"https:\/\/lespiculins.com\/pt-pt\/wp-json\/wp\/v2\/media?parent=34230"}],"wp:term":[{"taxonomy":"product_cat","embeddable":true,"href":"https:\/\/lespiculins.com\/pt-pt\/wp-json\/wp\/v2\/product_cat?post=34230"},{"taxonomy":"product_tag","embeddable":true,"href":"https:\/\/lespiculins.com\/pt-pt\/wp-json\/wp\/v2\/product_tag?post=34230"}],"curies":[{"name":"wp","href":"https:\/\/api.w.org\/{rel}","templated":true}]}}