{"id":34227,"date":"2021-12-07T12:59:19","date_gmt":"2022-01-27T10:42:31","guid":{"rendered":"https:\/\/lespiculins.com\/producto\/colcha-interior-combinada-vichy-liberty-aqua\/"},"modified":"2022-01-27T11:42:31","modified_gmt":"2022-01-27T10:42:31","slug":"colcha-interior-combinado-vichy-liberty-aqua","status":"publish","type":"product","link":"https:\/\/lespiculins.com\/pt-pt\/produto\/colcha-interior-combinado-vichy-liberty-aqua\/","title":{"rendered":"Colcha Interior Combinada Vichy &#8211; Liberty Aqua"},"content":{"rendered":"","protected":false},"excerpt":{"rendered":"<p>PRAZO DE ENTREGA 7-10 DIAS<\/p>\n<p>Medidas 70 x 90 cm<\/p>\n<p>Cabide revers\u00edvel para o interior de vichy e impress\u00e3o Liberty London Aqua, com detalhes volantito na boca.<\/p>\n<p>Viste o carro do teu beb\u00e9 e empacotaste-o ao mesmo tempo. E quando o seu pequenino j\u00e1 n\u00e3o usa a bagagem de m\u00e3o, pode us\u00e1-la como cobertor para o carrinho de passeio ou embrulh\u00e1-la em casa.<\/p>\n<p>Complete o conjunto de pe\u00e7as de transporte do seu beb\u00e9 com as nossas malas, paredes, capuzes e outros acess\u00f3rios das cole\u00e7\u00f5es Vichy e Liberty &#8220;Aqua&#8221;.<\/p>\n<p>&nbsp;<\/p>\n","protected":false},"featured_media":33742,"template":"","meta":{"_joinchat":[]},"product_cat":[222],"product_tag":[307,326],"yoast_head":"<!-- This site is optimized with the Yoast SEO plugin v21.5 - https:\/\/yoast.com\/wordpress\/plugins\/seo\/ -->\n<title>Colcha Interior Combinada Vichy - Liberty Aqua - Les Piculins<\/title>\n<meta name=\"robots\" content=\"index, follow, max-snippet:-1, max-image-preview:large, max-video-preview:-1\" \/>\n<link rel=\"canonical\" href=\"https:\/\/lespiculins.com\/pt-pt\/produto\/colcha-interior-combinado-vichy-liberty-aqua\/\" \/>\n<meta property=\"og:locale\" content=\"pt_PT\" \/>\n<meta property=\"og:type\" content=\"article\" \/>\n<meta property=\"og:title\" content=\"Colcha Interior Combinada Vichy - Liberty Aqua - Les Piculins\" \/>\n<meta property=\"og:description\" content=\"PRAZO DE ENTREGA 7-10 DIAS Medidas 70 x 90 cm Cabide revers\u00edvel para o interior de vichy e impress\u00e3o Liberty London Aqua, com detalhes volantito na boca. Viste o carro do teu beb\u00e9 e empacotaste-o ao mesmo tempo. E quando o seu pequenino j\u00e1 n\u00e3o usa a bagagem de m\u00e3o, pode us\u00e1-la como cobertor para o carrinho de passeio ou embrulh\u00e1-la em casa. Complete o conjunto de pe\u00e7as de transporte do seu beb\u00e9 com as nossas malas, paredes, capuzes e outros acess\u00f3rios das cole\u00e7\u00f5es Vichy e Liberty &quot;Aqua&quot;. &nbsp;\" \/>\n<meta property=\"og:url\" content=\"https:\/\/lespiculins.com\/pt-pt\/produto\/colcha-interior-combinado-vichy-liberty-aqua\/\" \/>\n<meta property=\"og:site_name\" content=\"Les Piculins\" \/>\n<meta property=\"og:image\" content=\"https:\/\/lespiculins.com\/wp-content\/uploads\/2021\/12\/vichyfloriana6.jpg\" \/>\n\t<meta property=\"og:image:width\" content=\"1080\" \/>\n\t<meta property=\"og:image:height\" content=\"974\" \/>\n\t<meta property=\"og:image:type\" content=\"image\/jpeg\" \/>\n<meta name=\"twitter:card\" content=\"summary_large_image\" \/>\n<script type=\"application\/ld+json\" class=\"yoast-schema-graph\">{\"@context\":\"https:\/\/schema.org\",\"@graph\":[{\"@type\":\"WebPage\",\"@id\":\"https:\/\/lespiculins.com\/pt-pt\/produto\/colcha-interior-combinado-vichy-liberty-aqua\/\",\"url\":\"https:\/\/lespiculins.com\/pt-pt\/produto\/colcha-interior-combinado-vichy-liberty-aqua\/\",\"name\":\"Colcha Interior Combinada Vichy - Liberty Aqua - Les Piculins\",\"isPartOf\":{\"@id\":\"https:\/\/lespiculins.com\/pt-pt\/#website\"},\"datePublished\":\"2022-01-27T10:42:31+00:00\",\"dateModified\":\"2022-01-27T10:42:31+00:00\",\"breadcrumb\":{\"@id\":\"https:\/\/lespiculins.com\/pt-pt\/produto\/colcha-interior-combinado-vichy-liberty-aqua\/#breadcrumb\"},\"inLanguage\":\"pt-PT\",\"potentialAction\":[{\"@type\":\"ReadAction\",\"target\":[\"https:\/\/lespiculins.com\/pt-pt\/produto\/colcha-interior-combinado-vichy-liberty-aqua\/\"]}]},{\"@type\":\"BreadcrumbList\",\"@id\":\"https:\/\/lespiculins.com\/pt-pt\/produto\/colcha-interior-combinado-vichy-liberty-aqua\/#breadcrumb\",\"itemListElement\":[{\"@type\":\"ListItem\",\"position\":1,\"name\":\"Portada\",\"item\":\"https:\/\/lespiculins.com\/pt-pt\/inicio\/\"},{\"@type\":\"ListItem\",\"position\":2,\"name\":\"Loja\",\"item\":\"https:\/\/lespiculins.com\/pt-pt\/loja\/\"},{\"@type\":\"ListItem\",\"position\":3,\"name\":\"Colcha Interior Combinada Vichy &#8211; Liberty Aqua\"}]},{\"@type\":\"WebSite\",\"@id\":\"https:\/\/lespiculins.com\/pt-pt\/#website\",\"url\":\"https:\/\/lespiculins.com\/pt-pt\/\",\"name\":\"Les Piculins\",\"description\":\"Fundas para carritos, bugaboo, maclaren, icoo, bebecar, mima...\",\"potentialAction\":[{\"@type\":\"SearchAction\",\"target\":{\"@type\":\"EntryPoint\",\"urlTemplate\":\"https:\/\/lespiculins.com\/pt-pt\/?s={search_term_string}\"},\"query-input\":\"required name=search_term_string\"}],\"inLanguage\":\"pt-PT\"}]}<\/script>\n<!-- \/ Yoast SEO plugin. -->","yoast_head_json":{"title":"Colcha Interior Combinada Vichy - Liberty Aqua - Les Piculins","robots":{"index":"index","follow":"follow","max-snippet":"max-snippet:-1","max-image-preview":"max-image-preview:large","max-video-preview":"max-video-preview:-1"},"canonical":"https:\/\/lespiculins.com\/pt-pt\/produto\/colcha-interior-combinado-vichy-liberty-aqua\/","og_locale":"pt_PT","og_type":"article","og_title":"Colcha Interior Combinada Vichy - Liberty Aqua - Les Piculins","og_description":"PRAZO DE ENTREGA 7-10 DIAS Medidas 70 x 90 cm Cabide revers\u00edvel para o interior de vichy e impress\u00e3o Liberty London Aqua, com detalhes volantito na boca. Viste o carro do teu beb\u00e9 e empacotaste-o ao mesmo tempo. E quando o seu pequenino j\u00e1 n\u00e3o usa a bagagem de m\u00e3o, pode us\u00e1-la como cobertor para o carrinho de passeio ou embrulh\u00e1-la em casa. Complete o conjunto de pe\u00e7as de transporte do seu beb\u00e9 com as nossas malas, paredes, capuzes e outros acess\u00f3rios das cole\u00e7\u00f5es Vichy e Liberty \"Aqua\". &nbsp;","og_url":"https:\/\/lespiculins.com\/pt-pt\/produto\/colcha-interior-combinado-vichy-liberty-aqua\/","og_site_name":"Les Piculins","og_image":[{"width":1080,"height":974,"url":"https:\/\/lespiculins.com\/wp-content\/uploads\/2021\/12\/vichyfloriana6.jpg","type":"image\/jpeg"}],"twitter_card":"summary_large_image","schema":{"@context":"https:\/\/schema.org","@graph":[{"@type":"WebPage","@id":"https:\/\/lespiculins.com\/pt-pt\/produto\/colcha-interior-combinado-vichy-liberty-aqua\/","url":"https:\/\/lespiculins.com\/pt-pt\/produto\/colcha-interior-combinado-vichy-liberty-aqua\/","name":"Colcha Interior Combinada Vichy - Liberty Aqua - Les Piculins","isPartOf":{"@id":"https:\/\/lespiculins.com\/pt-pt\/#website"},"datePublished":"2022-01-27T10:42:31+00:00","dateModified":"2022-01-27T10:42:31+00:00","breadcrumb":{"@id":"https:\/\/lespiculins.com\/pt-pt\/produto\/colcha-interior-combinado-vichy-liberty-aqua\/#breadcrumb"},"inLanguage":"pt-PT","potentialAction":[{"@type":"ReadAction","target":["https:\/\/lespiculins.com\/pt-pt\/produto\/colcha-interior-combinado-vichy-liberty-aqua\/"]}]},{"@type":"BreadcrumbList","@id":"https:\/\/lespiculins.com\/pt-pt\/produto\/colcha-interior-combinado-vichy-liberty-aqua\/#breadcrumb","itemListElement":[{"@type":"ListItem","position":1,"name":"Portada","item":"https:\/\/lespiculins.com\/pt-pt\/inicio\/"},{"@type":"ListItem","position":2,"name":"Loja","item":"https:\/\/lespiculins.com\/pt-pt\/loja\/"},{"@type":"ListItem","position":3,"name":"Colcha Interior Combinada Vichy &#8211; Liberty Aqua"}]},{"@type":"WebSite","@id":"https:\/\/lespiculins.com\/pt-pt\/#website","url":"https:\/\/lespiculins.com\/pt-pt\/","name":"Les Piculins","description":"Fundas para carritos, bugaboo, maclaren, icoo, bebecar, mima...","potentialAction":[{"@type":"SearchAction","target":{"@type":"EntryPoint","urlTemplate":"https:\/\/lespiculins.com\/pt-pt\/?s={search_term_string}"},"query-input":"required name=search_term_string"}],"inLanguage":"pt-PT"}]}},"_links":{"self":[{"href":"https:\/\/lespiculins.com\/pt-pt\/wp-json\/wp\/v2\/product\/34227"}],"collection":[{"href":"https:\/\/lespiculins.com\/pt-pt\/wp-json\/wp\/v2\/product"}],"about":[{"href":"https:\/\/lespiculins.com\/pt-pt\/wp-json\/wp\/v2\/types\/product"}],"wp:featuredmedia":[{"embeddable":true,"href":"https:\/\/lespiculins.com\/pt-pt\/wp-json\/wp\/v2\/media\/33742"}],"wp:attachment":[{"href":"https:\/\/lespiculins.com\/pt-pt\/wp-json\/wp\/v2\/media?parent=34227"}],"wp:term":[{"taxonomy":"product_cat","embeddable":true,"href":"https:\/\/lespiculins.com\/pt-pt\/wp-json\/wp\/v2\/product_cat?post=34227"},{"taxonomy":"product_tag","embeddable":true,"href":"https:\/\/lespiculins.com\/pt-pt\/wp-json\/wp\/v2\/product_tag?post=34227"}],"curies":[{"name":"wp","href":"https:\/\/api.w.org\/{rel}","templated":true}]}}