{"id":34225,"date":"2021-12-01T11:57:21","date_gmt":"2022-01-27T10:39:45","guid":{"rendered":"https:\/\/lespiculins.com\/producto\/cobre-paredes-babado-vichy-rosa-macia\/"},"modified":"2022-01-27T11:39:45","modified_gmt":"2022-01-27T10:39:45","slug":"parede-capa-volantito-vichy-rosa-soft","status":"publish","type":"product","link":"https:\/\/lespiculins.com\/pt-pt\/produto\/parede-capa-volantito-vichy-rosa-soft\/","title":{"rendered":"Cobre paredes babado Vichy Rosa Macia"},"content":{"rendered":"","protected":false},"excerpt":{"rendered":"<p>PRAZO DE ENTREGA 7-10 DIAS<\/p>\n<p>Cubra para forrar a alcoa do seu beb\u00e9 em Plumeti branco com vichy volantito rosa macio em contorno.<\/p>\n<p>Est\u00e1 forrado e enrolado para que o seu beb\u00e9 se sinta mais embrulhado. Inclui o fundita para o colch\u00e3o correspondente.<\/p>\n<p>Complete o conjunto com as nossas malas para bagagem de m\u00e3o, capuzes, sacos e outros acess\u00f3rios para combinar. E se preferir uma op\u00e7\u00e3o mais ousada, experimente combin\u00e1-la com os acess\u00f3rios da cole\u00e7\u00e3o &#8220;Liberty Rosa Suave&#8221;.<\/p>\n","protected":false},"featured_media":33566,"template":"","meta":{"_joinchat":[]},"product_cat":[147],"product_tag":[336],"yoast_head":"<!-- This site is optimized with the Yoast SEO plugin v21.5 - https:\/\/yoast.com\/wordpress\/plugins\/seo\/ -->\n<title>Cobre paredes babado Vichy Rosa Macia - Les Piculins<\/title>\n<meta name=\"robots\" content=\"index, follow, max-snippet:-1, max-image-preview:large, max-video-preview:-1\" \/>\n<link rel=\"canonical\" href=\"https:\/\/lespiculins.com\/pt-pt\/produto\/parede-capa-volantito-vichy-rosa-soft\/\" \/>\n<meta property=\"og:locale\" content=\"pt_PT\" \/>\n<meta property=\"og:type\" content=\"article\" \/>\n<meta property=\"og:title\" content=\"Cobre paredes babado Vichy Rosa Macia - Les Piculins\" \/>\n<meta property=\"og:description\" content=\"PRAZO DE ENTREGA 7-10 DIAS Cubra para forrar a alcoa do seu beb\u00e9 em Plumeti branco com vichy volantito rosa macio em contorno. Est\u00e1 forrado e enrolado para que o seu beb\u00e9 se sinta mais embrulhado. Inclui o fundita para o colch\u00e3o correspondente. Complete o conjunto com as nossas malas para bagagem de m\u00e3o, capuzes, sacos e outros acess\u00f3rios para combinar. E se preferir uma op\u00e7\u00e3o mais ousada, experimente combin\u00e1-la com os acess\u00f3rios da cole\u00e7\u00e3o &quot;Liberty Rosa Suave&quot;.\" \/>\n<meta property=\"og:url\" content=\"https:\/\/lespiculins.com\/pt-pt\/produto\/parede-capa-volantito-vichy-rosa-soft\/\" \/>\n<meta property=\"og:site_name\" content=\"Les Piculins\" \/>\n<meta property=\"og:image\" content=\"https:\/\/lespiculins.com\/wp-content\/uploads\/2021\/12\/vichybebelux.jpg\" \/>\n\t<meta property=\"og:image:width\" content=\"1080\" \/>\n\t<meta property=\"og:image:height\" content=\"1067\" \/>\n\t<meta property=\"og:image:type\" content=\"image\/jpeg\" \/>\n<meta name=\"twitter:card\" content=\"summary_large_image\" \/>\n<script type=\"application\/ld+json\" class=\"yoast-schema-graph\">{\"@context\":\"https:\/\/schema.org\",\"@graph\":[{\"@type\":\"WebPage\",\"@id\":\"https:\/\/lespiculins.com\/pt-pt\/produto\/parede-capa-volantito-vichy-rosa-soft\/\",\"url\":\"https:\/\/lespiculins.com\/pt-pt\/produto\/parede-capa-volantito-vichy-rosa-soft\/\",\"name\":\"Cobre paredes babado Vichy Rosa Macia - Les Piculins\",\"isPartOf\":{\"@id\":\"https:\/\/lespiculins.com\/pt-pt\/#website\"},\"datePublished\":\"2022-01-27T10:39:45+00:00\",\"dateModified\":\"2022-01-27T10:39:45+00:00\",\"breadcrumb\":{\"@id\":\"https:\/\/lespiculins.com\/pt-pt\/produto\/parede-capa-volantito-vichy-rosa-soft\/#breadcrumb\"},\"inLanguage\":\"pt-PT\",\"potentialAction\":[{\"@type\":\"ReadAction\",\"target\":[\"https:\/\/lespiculins.com\/pt-pt\/produto\/parede-capa-volantito-vichy-rosa-soft\/\"]}]},{\"@type\":\"BreadcrumbList\",\"@id\":\"https:\/\/lespiculins.com\/pt-pt\/produto\/parede-capa-volantito-vichy-rosa-soft\/#breadcrumb\",\"itemListElement\":[{\"@type\":\"ListItem\",\"position\":1,\"name\":\"Portada\",\"item\":\"https:\/\/lespiculins.com\/pt-pt\/inicio\/\"},{\"@type\":\"ListItem\",\"position\":2,\"name\":\"Loja\",\"item\":\"https:\/\/lespiculins.com\/pt-pt\/loja\/\"},{\"@type\":\"ListItem\",\"position\":3,\"name\":\"Cobre paredes babado Vichy Rosa Macia\"}]},{\"@type\":\"WebSite\",\"@id\":\"https:\/\/lespiculins.com\/pt-pt\/#website\",\"url\":\"https:\/\/lespiculins.com\/pt-pt\/\",\"name\":\"Les Piculins\",\"description\":\"Fundas para carritos, bugaboo, maclaren, icoo, bebecar, mima...\",\"potentialAction\":[{\"@type\":\"SearchAction\",\"target\":{\"@type\":\"EntryPoint\",\"urlTemplate\":\"https:\/\/lespiculins.com\/pt-pt\/?s={search_term_string}\"},\"query-input\":\"required name=search_term_string\"}],\"inLanguage\":\"pt-PT\"}]}<\/script>\n<!-- \/ Yoast SEO plugin. -->","yoast_head_json":{"title":"Cobre paredes babado Vichy Rosa Macia - Les Piculins","robots":{"index":"index","follow":"follow","max-snippet":"max-snippet:-1","max-image-preview":"max-image-preview:large","max-video-preview":"max-video-preview:-1"},"canonical":"https:\/\/lespiculins.com\/pt-pt\/produto\/parede-capa-volantito-vichy-rosa-soft\/","og_locale":"pt_PT","og_type":"article","og_title":"Cobre paredes babado Vichy Rosa Macia - Les Piculins","og_description":"PRAZO DE ENTREGA 7-10 DIAS Cubra para forrar a alcoa do seu beb\u00e9 em Plumeti branco com vichy volantito rosa macio em contorno. Est\u00e1 forrado e enrolado para que o seu beb\u00e9 se sinta mais embrulhado. Inclui o fundita para o colch\u00e3o correspondente. Complete o conjunto com as nossas malas para bagagem de m\u00e3o, capuzes, sacos e outros acess\u00f3rios para combinar. E se preferir uma op\u00e7\u00e3o mais ousada, experimente combin\u00e1-la com os acess\u00f3rios da cole\u00e7\u00e3o \"Liberty Rosa Suave\".","og_url":"https:\/\/lespiculins.com\/pt-pt\/produto\/parede-capa-volantito-vichy-rosa-soft\/","og_site_name":"Les Piculins","og_image":[{"width":1080,"height":1067,"url":"https:\/\/lespiculins.com\/wp-content\/uploads\/2021\/12\/vichybebelux.jpg","type":"image\/jpeg"}],"twitter_card":"summary_large_image","schema":{"@context":"https:\/\/schema.org","@graph":[{"@type":"WebPage","@id":"https:\/\/lespiculins.com\/pt-pt\/produto\/parede-capa-volantito-vichy-rosa-soft\/","url":"https:\/\/lespiculins.com\/pt-pt\/produto\/parede-capa-volantito-vichy-rosa-soft\/","name":"Cobre paredes babado Vichy Rosa Macia - Les Piculins","isPartOf":{"@id":"https:\/\/lespiculins.com\/pt-pt\/#website"},"datePublished":"2022-01-27T10:39:45+00:00","dateModified":"2022-01-27T10:39:45+00:00","breadcrumb":{"@id":"https:\/\/lespiculins.com\/pt-pt\/produto\/parede-capa-volantito-vichy-rosa-soft\/#breadcrumb"},"inLanguage":"pt-PT","potentialAction":[{"@type":"ReadAction","target":["https:\/\/lespiculins.com\/pt-pt\/produto\/parede-capa-volantito-vichy-rosa-soft\/"]}]},{"@type":"BreadcrumbList","@id":"https:\/\/lespiculins.com\/pt-pt\/produto\/parede-capa-volantito-vichy-rosa-soft\/#breadcrumb","itemListElement":[{"@type":"ListItem","position":1,"name":"Portada","item":"https:\/\/lespiculins.com\/pt-pt\/inicio\/"},{"@type":"ListItem","position":2,"name":"Loja","item":"https:\/\/lespiculins.com\/pt-pt\/loja\/"},{"@type":"ListItem","position":3,"name":"Cobre paredes babado Vichy Rosa Macia"}]},{"@type":"WebSite","@id":"https:\/\/lespiculins.com\/pt-pt\/#website","url":"https:\/\/lespiculins.com\/pt-pt\/","name":"Les Piculins","description":"Fundas para carritos, bugaboo, maclaren, icoo, bebecar, mima...","potentialAction":[{"@type":"SearchAction","target":{"@type":"EntryPoint","urlTemplate":"https:\/\/lespiculins.com\/pt-pt\/?s={search_term_string}"},"query-input":"required name=search_term_string"}],"inLanguage":"pt-PT"}]}},"_links":{"self":[{"href":"https:\/\/lespiculins.com\/pt-pt\/wp-json\/wp\/v2\/product\/34225"}],"collection":[{"href":"https:\/\/lespiculins.com\/pt-pt\/wp-json\/wp\/v2\/product"}],"about":[{"href":"https:\/\/lespiculins.com\/pt-pt\/wp-json\/wp\/v2\/types\/product"}],"wp:featuredmedia":[{"embeddable":true,"href":"https:\/\/lespiculins.com\/pt-pt\/wp-json\/wp\/v2\/media\/33566"}],"wp:attachment":[{"href":"https:\/\/lespiculins.com\/pt-pt\/wp-json\/wp\/v2\/media?parent=34225"}],"wp:term":[{"taxonomy":"product_cat","embeddable":true,"href":"https:\/\/lespiculins.com\/pt-pt\/wp-json\/wp\/v2\/product_cat?post=34225"},{"taxonomy":"product_tag","embeddable":true,"href":"https:\/\/lespiculins.com\/pt-pt\/wp-json\/wp\/v2\/product_tag?post=34225"}],"curies":[{"name":"wp","href":"https:\/\/api.w.org\/{rel}","templated":true}]}}