{"id":34214,"date":"2021-11-29T13:24:41","date_gmt":"2022-01-27T10:30:10","guid":{"rendered":"https:\/\/lespiculins.com\/producto\/saco-alcofa-combinado-vichy-e-liberty\/"},"modified":"2022-01-27T11:30:10","modified_gmt":"2022-01-27T10:30:10","slug":"saco-carrycot-vichy-e-liberdade","status":"publish","type":"product","link":"https:\/\/lespiculins.com\/pt-pt\/produto\/saco-carrycot-vichy-e-liberdade\/","title":{"rendered":"Saco Alcofa Combinado Vichy e Liberty"},"content":{"rendered":"","protected":false},"excerpt":{"rendered":"<p>PRAZO DE ENTREGA 7-10 DIAS<\/p>\n<p>Saco para carrycot com capa Vichy Aqua e embozo, travesseiro e colch\u00e3o Revers\u00edvel em plumti branco e liberdade de flores aqua, para que voc\u00ea possa desfrutar de dois conjuntos em um. Tanto a impress\u00e3o Vichy Aqua como a Liberty combinam fenomenalmente com o capuz original azul a vapor do Bugaboo.<\/p>\n<p>O saco \u00e9 composto por quatro pe\u00e7as: base ou colch\u00e3o, cobertura amov\u00edvel por dois fechos laterais, embozo &#8220;remover e colocar&#8221; embozo e travesseiros que reservam o colch\u00e3o de poss\u00edveis manchas.<\/p>\n<p>Como todos os nossos acess\u00f3rios, os sacos de bagagem s\u00e3o lav\u00e1veis. Recomendamos a lavagem para roupas delicadas no m\u00e1ximo. 30\u00ba C com o detergente hipoalerg\u00e9nico que normalmente utiliza para o seu beb\u00e9. \u00c9 prefer\u00edvel n\u00e3o utilizar um secador. Ao passar a ferro, n\u00e3o pressione as pe\u00e7as com o ferro de modo a que n\u00e3o baixe o recheio e permane\u00e7a acolchoado. Aplique muito vapor para remover as rugas e higienizar as pe\u00e7as de vestu\u00e1rio.<\/p>\n<p>Combine o saco de bagagem do seu beb\u00e9 com os nossos acess\u00f3rios das cole\u00e7\u00f5es Vichy ou Liberty Aqua.<\/p>\n","protected":false},"featured_media":33452,"template":"","meta":{"_joinchat":[]},"product_cat":[224],"product_tag":[307,326],"yoast_head":"<!-- This site is optimized with the Yoast SEO plugin v21.5 - https:\/\/yoast.com\/wordpress\/plugins\/seo\/ -->\n<title>Saco Alcofa Combinado Vichy e Liberty - Les Piculins<\/title>\n<meta name=\"robots\" content=\"index, follow, max-snippet:-1, max-image-preview:large, max-video-preview:-1\" \/>\n<link rel=\"canonical\" href=\"https:\/\/lespiculins.com\/pt-pt\/produto\/saco-carrycot-vichy-e-liberdade\/\" \/>\n<meta property=\"og:locale\" content=\"pt_PT\" \/>\n<meta property=\"og:type\" content=\"article\" \/>\n<meta property=\"og:title\" content=\"Saco Alcofa Combinado Vichy e Liberty - Les Piculins\" \/>\n<meta property=\"og:description\" content=\"PRAZO DE ENTREGA 7-10 DIAS Saco para carrycot com capa Vichy Aqua e embozo, travesseiro e colch\u00e3o Revers\u00edvel em plumti branco e liberdade de flores aqua, para que voc\u00ea possa desfrutar de dois conjuntos em um. Tanto a impress\u00e3o Vichy Aqua como a Liberty combinam fenomenalmente com o capuz original azul a vapor do Bugaboo. O saco \u00e9 composto por quatro pe\u00e7as: base ou colch\u00e3o, cobertura amov\u00edvel por dois fechos laterais, embozo &quot;remover e colocar&quot; embozo e travesseiros que reservam o colch\u00e3o de poss\u00edveis manchas. Como todos os nossos acess\u00f3rios, os sacos de bagagem s\u00e3o lav\u00e1veis. Recomendamos a lavagem para roupas delicadas no m\u00e1ximo. 30\u00ba C com o detergente hipoalerg\u00e9nico que normalmente utiliza para o seu beb\u00e9. \u00c9 prefer\u00edvel n\u00e3o utilizar um secador. Ao passar a ferro, n\u00e3o pressione as pe\u00e7as com o ferro de modo a que n\u00e3o baixe o recheio e permane\u00e7a acolchoado. Aplique muito vapor para remover as rugas e higienizar as pe\u00e7as de vestu\u00e1rio. Combine o saco de bagagem do seu beb\u00e9 com os nossos acess\u00f3rios das cole\u00e7\u00f5es Vichy ou Liberty Aqua.\" \/>\n<meta property=\"og:url\" content=\"https:\/\/lespiculins.com\/pt-pt\/produto\/saco-carrycot-vichy-e-liberdade\/\" \/>\n<meta property=\"og:site_name\" content=\"Les Piculins\" \/>\n<meta name=\"twitter:card\" content=\"summary_large_image\" \/>\n<script type=\"application\/ld+json\" class=\"yoast-schema-graph\">{\"@context\":\"https:\/\/schema.org\",\"@graph\":[{\"@type\":\"WebPage\",\"@id\":\"https:\/\/lespiculins.com\/pt-pt\/produto\/saco-carrycot-vichy-e-liberdade\/\",\"url\":\"https:\/\/lespiculins.com\/pt-pt\/produto\/saco-carrycot-vichy-e-liberdade\/\",\"name\":\"Saco Alcofa Combinado Vichy e Liberty - Les Piculins\",\"isPartOf\":{\"@id\":\"https:\/\/lespiculins.com\/pt-pt\/#website\"},\"datePublished\":\"2022-01-27T10:30:10+00:00\",\"dateModified\":\"2022-01-27T10:30:10+00:00\",\"breadcrumb\":{\"@id\":\"https:\/\/lespiculins.com\/pt-pt\/produto\/saco-carrycot-vichy-e-liberdade\/#breadcrumb\"},\"inLanguage\":\"pt-PT\",\"potentialAction\":[{\"@type\":\"ReadAction\",\"target\":[\"https:\/\/lespiculins.com\/pt-pt\/produto\/saco-carrycot-vichy-e-liberdade\/\"]}]},{\"@type\":\"BreadcrumbList\",\"@id\":\"https:\/\/lespiculins.com\/pt-pt\/produto\/saco-carrycot-vichy-e-liberdade\/#breadcrumb\",\"itemListElement\":[{\"@type\":\"ListItem\",\"position\":1,\"name\":\"Portada\",\"item\":\"https:\/\/lespiculins.com\/pt-pt\/inicio\/\"},{\"@type\":\"ListItem\",\"position\":2,\"name\":\"Loja\",\"item\":\"https:\/\/lespiculins.com\/pt-pt\/loja\/\"},{\"@type\":\"ListItem\",\"position\":3,\"name\":\"Saco Alcofa Combinado Vichy e Liberty\"}]},{\"@type\":\"WebSite\",\"@id\":\"https:\/\/lespiculins.com\/pt-pt\/#website\",\"url\":\"https:\/\/lespiculins.com\/pt-pt\/\",\"name\":\"Les Piculins\",\"description\":\"Fundas para carritos, bugaboo, maclaren, icoo, bebecar, mima...\",\"potentialAction\":[{\"@type\":\"SearchAction\",\"target\":{\"@type\":\"EntryPoint\",\"urlTemplate\":\"https:\/\/lespiculins.com\/pt-pt\/?s={search_term_string}\"},\"query-input\":\"required name=search_term_string\"}],\"inLanguage\":\"pt-PT\"}]}<\/script>\n<!-- \/ Yoast SEO plugin. -->","yoast_head_json":{"title":"Saco Alcofa Combinado Vichy e Liberty - Les Piculins","robots":{"index":"index","follow":"follow","max-snippet":"max-snippet:-1","max-image-preview":"max-image-preview:large","max-video-preview":"max-video-preview:-1"},"canonical":"https:\/\/lespiculins.com\/pt-pt\/produto\/saco-carrycot-vichy-e-liberdade\/","og_locale":"pt_PT","og_type":"article","og_title":"Saco Alcofa Combinado Vichy e Liberty - Les Piculins","og_description":"PRAZO DE ENTREGA 7-10 DIAS Saco para carrycot com capa Vichy Aqua e embozo, travesseiro e colch\u00e3o Revers\u00edvel em plumti branco e liberdade de flores aqua, para que voc\u00ea possa desfrutar de dois conjuntos em um. Tanto a impress\u00e3o Vichy Aqua como a Liberty combinam fenomenalmente com o capuz original azul a vapor do Bugaboo. O saco \u00e9 composto por quatro pe\u00e7as: base ou colch\u00e3o, cobertura amov\u00edvel por dois fechos laterais, embozo \"remover e colocar\" embozo e travesseiros que reservam o colch\u00e3o de poss\u00edveis manchas. Como todos os nossos acess\u00f3rios, os sacos de bagagem s\u00e3o lav\u00e1veis. Recomendamos a lavagem para roupas delicadas no m\u00e1ximo. 30\u00ba C com o detergente hipoalerg\u00e9nico que normalmente utiliza para o seu beb\u00e9. \u00c9 prefer\u00edvel n\u00e3o utilizar um secador. Ao passar a ferro, n\u00e3o pressione as pe\u00e7as com o ferro de modo a que n\u00e3o baixe o recheio e permane\u00e7a acolchoado. Aplique muito vapor para remover as rugas e higienizar as pe\u00e7as de vestu\u00e1rio. Combine o saco de bagagem do seu beb\u00e9 com os nossos acess\u00f3rios das cole\u00e7\u00f5es Vichy ou Liberty Aqua.","og_url":"https:\/\/lespiculins.com\/pt-pt\/produto\/saco-carrycot-vichy-e-liberdade\/","og_site_name":"Les Piculins","twitter_card":"summary_large_image","schema":{"@context":"https:\/\/schema.org","@graph":[{"@type":"WebPage","@id":"https:\/\/lespiculins.com\/pt-pt\/produto\/saco-carrycot-vichy-e-liberdade\/","url":"https:\/\/lespiculins.com\/pt-pt\/produto\/saco-carrycot-vichy-e-liberdade\/","name":"Saco Alcofa Combinado Vichy e Liberty - Les Piculins","isPartOf":{"@id":"https:\/\/lespiculins.com\/pt-pt\/#website"},"datePublished":"2022-01-27T10:30:10+00:00","dateModified":"2022-01-27T10:30:10+00:00","breadcrumb":{"@id":"https:\/\/lespiculins.com\/pt-pt\/produto\/saco-carrycot-vichy-e-liberdade\/#breadcrumb"},"inLanguage":"pt-PT","potentialAction":[{"@type":"ReadAction","target":["https:\/\/lespiculins.com\/pt-pt\/produto\/saco-carrycot-vichy-e-liberdade\/"]}]},{"@type":"BreadcrumbList","@id":"https:\/\/lespiculins.com\/pt-pt\/produto\/saco-carrycot-vichy-e-liberdade\/#breadcrumb","itemListElement":[{"@type":"ListItem","position":1,"name":"Portada","item":"https:\/\/lespiculins.com\/pt-pt\/inicio\/"},{"@type":"ListItem","position":2,"name":"Loja","item":"https:\/\/lespiculins.com\/pt-pt\/loja\/"},{"@type":"ListItem","position":3,"name":"Saco Alcofa Combinado Vichy e Liberty"}]},{"@type":"WebSite","@id":"https:\/\/lespiculins.com\/pt-pt\/#website","url":"https:\/\/lespiculins.com\/pt-pt\/","name":"Les Piculins","description":"Fundas para carritos, bugaboo, maclaren, icoo, bebecar, mima...","potentialAction":[{"@type":"SearchAction","target":{"@type":"EntryPoint","urlTemplate":"https:\/\/lespiculins.com\/pt-pt\/?s={search_term_string}"},"query-input":"required name=search_term_string"}],"inLanguage":"pt-PT"}]}},"_links":{"self":[{"href":"https:\/\/lespiculins.com\/pt-pt\/wp-json\/wp\/v2\/product\/34214"}],"collection":[{"href":"https:\/\/lespiculins.com\/pt-pt\/wp-json\/wp\/v2\/product"}],"about":[{"href":"https:\/\/lespiculins.com\/pt-pt\/wp-json\/wp\/v2\/types\/product"}],"wp:featuredmedia":[{"embeddable":true,"href":"https:\/\/lespiculins.com\/pt-pt\/wp-json\/wp\/v2\/media\/33452"}],"wp:attachment":[{"href":"https:\/\/lespiculins.com\/pt-pt\/wp-json\/wp\/v2\/media?parent=34214"}],"wp:term":[{"taxonomy":"product_cat","embeddable":true,"href":"https:\/\/lespiculins.com\/pt-pt\/wp-json\/wp\/v2\/product_cat?post=34214"},{"taxonomy":"product_tag","embeddable":true,"href":"https:\/\/lespiculins.com\/pt-pt\/wp-json\/wp\/v2\/product_tag?post=34214"}],"curies":[{"name":"wp","href":"https:\/\/api.w.org\/{rel}","templated":true}]}}