{"id":34212,"date":"2021-12-01T11:06:12","date_gmt":"2022-01-27T10:29:39","guid":{"rendered":"https:\/\/lespiculins.com\/producto\/saco-alcofa-vichy-rosa-empoeirado\/"},"modified":"2022-01-27T11:29:39","modified_gmt":"2022-01-27T10:29:39","slug":"saco-carrycot-vichy-rosa-po","status":"publish","type":"product","link":"https:\/\/lespiculins.com\/pt-pt\/produto\/saco-carrycot-vichy-rosa-po\/","title":{"rendered":"Saco Alcofa Vichy Rosa Empoeirado"},"content":{"rendered":"","protected":false},"excerpt":{"rendered":"<p>PRAZO DE ENTREGA 7-10 DIAS<\/p>\n<p>Saco para cesto em vichy rosa em p\u00f3 combinado com Plumeti White. Embozo com tira bordada extra larga em flores.<\/p>\n<p>Este saco de cota \u00e9 composto por quatro pe\u00e7as: base ou colch\u00e3o, cobertura amov\u00edvel que \u00e9 levada para a base por dois fechos laterais, almofada de lodo que reserva o colch\u00e3o de poss\u00edveis manchas e embozo amov\u00edvel que pode remover por dois bot\u00f5es.<\/p>\n<p>Como todos os nossos acess\u00f3rios, os sacos de bagagem s\u00e3o lav\u00e1veis. Recomendamos a lavagem para roupas delicadas, m\u00e1x. 30\u00ba C com o detergente hipoalerg\u00e9nico que normalmente utiliza para o seu beb\u00e9, \u00e9 prefer\u00edvel n\u00e3o utilizar um secador. Ao passar a ferro, n\u00e3o pressione as pe\u00e7as com o ferro de modo a que n\u00e3o baixe os recheios e continue a ser acolchoado. Aplique muito vapor para remover as rugas e higienizar as pe\u00e7as de vestu\u00e1rio.<\/p>\n<p>Complete o seu conjunto com a nossa capa de parede, saco de p\u00e3o, capuz e outros acess\u00f3rios em v\u00edbora rosa poeirenta para combinar.<\/p>\n","protected":false},"featured_media":33545,"template":"","meta":{"_joinchat":[]},"product_cat":[224],"product_tag":[335],"yoast_head":"<!-- This site is optimized with the Yoast SEO plugin v21.5 - https:\/\/yoast.com\/wordpress\/plugins\/seo\/ -->\n<title>Saco Alcofa Vichy Rosa Empoeirado - Les Piculins<\/title>\n<meta name=\"robots\" content=\"index, follow, max-snippet:-1, max-image-preview:large, max-video-preview:-1\" \/>\n<link rel=\"canonical\" href=\"https:\/\/lespiculins.com\/pt-pt\/produto\/saco-carrycot-vichy-rosa-po\/\" \/>\n<meta property=\"og:locale\" content=\"pt_PT\" \/>\n<meta property=\"og:type\" content=\"article\" \/>\n<meta property=\"og:title\" content=\"Saco Alcofa Vichy Rosa Empoeirado - Les Piculins\" \/>\n<meta property=\"og:description\" content=\"PRAZO DE ENTREGA 7-10 DIAS Saco para cesto em vichy rosa em p\u00f3 combinado com Plumeti White. Embozo com tira bordada extra larga em flores. Este saco de cota \u00e9 composto por quatro pe\u00e7as: base ou colch\u00e3o, cobertura amov\u00edvel que \u00e9 levada para a base por dois fechos laterais, almofada de lodo que reserva o colch\u00e3o de poss\u00edveis manchas e embozo amov\u00edvel que pode remover por dois bot\u00f5es. Como todos os nossos acess\u00f3rios, os sacos de bagagem s\u00e3o lav\u00e1veis. Recomendamos a lavagem para roupas delicadas, m\u00e1x. 30\u00ba C com o detergente hipoalerg\u00e9nico que normalmente utiliza para o seu beb\u00e9, \u00e9 prefer\u00edvel n\u00e3o utilizar um secador. Ao passar a ferro, n\u00e3o pressione as pe\u00e7as com o ferro de modo a que n\u00e3o baixe os recheios e continue a ser acolchoado. Aplique muito vapor para remover as rugas e higienizar as pe\u00e7as de vestu\u00e1rio. Complete o seu conjunto com a nossa capa de parede, saco de p\u00e3o, capuz e outros acess\u00f3rios em v\u00edbora rosa poeirenta para combinar.\" \/>\n<meta property=\"og:url\" content=\"https:\/\/lespiculins.com\/pt-pt\/produto\/saco-carrycot-vichy-rosa-po\/\" \/>\n<meta property=\"og:site_name\" content=\"Les Piculins\" \/>\n<meta property=\"og:image\" content=\"https:\/\/lespiculins.com\/wp-content\/uploads\/2021\/12\/vichystaamilia2.jpg\" \/>\n\t<meta property=\"og:image:width\" content=\"1080\" \/>\n\t<meta property=\"og:image:height\" content=\"902\" \/>\n\t<meta property=\"og:image:type\" content=\"image\/jpeg\" \/>\n<meta name=\"twitter:card\" content=\"summary_large_image\" \/>\n<script type=\"application\/ld+json\" class=\"yoast-schema-graph\">{\"@context\":\"https:\/\/schema.org\",\"@graph\":[{\"@type\":\"WebPage\",\"@id\":\"https:\/\/lespiculins.com\/pt-pt\/produto\/saco-carrycot-vichy-rosa-po\/\",\"url\":\"https:\/\/lespiculins.com\/pt-pt\/produto\/saco-carrycot-vichy-rosa-po\/\",\"name\":\"Saco Alcofa Vichy Rosa Empoeirado - Les Piculins\",\"isPartOf\":{\"@id\":\"https:\/\/lespiculins.com\/pt-pt\/#website\"},\"datePublished\":\"2022-01-27T10:29:39+00:00\",\"dateModified\":\"2022-01-27T10:29:39+00:00\",\"breadcrumb\":{\"@id\":\"https:\/\/lespiculins.com\/pt-pt\/produto\/saco-carrycot-vichy-rosa-po\/#breadcrumb\"},\"inLanguage\":\"pt-PT\",\"potentialAction\":[{\"@type\":\"ReadAction\",\"target\":[\"https:\/\/lespiculins.com\/pt-pt\/produto\/saco-carrycot-vichy-rosa-po\/\"]}]},{\"@type\":\"BreadcrumbList\",\"@id\":\"https:\/\/lespiculins.com\/pt-pt\/produto\/saco-carrycot-vichy-rosa-po\/#breadcrumb\",\"itemListElement\":[{\"@type\":\"ListItem\",\"position\":1,\"name\":\"Portada\",\"item\":\"https:\/\/lespiculins.com\/pt-pt\/inicio\/\"},{\"@type\":\"ListItem\",\"position\":2,\"name\":\"Loja\",\"item\":\"https:\/\/lespiculins.com\/pt-pt\/loja\/\"},{\"@type\":\"ListItem\",\"position\":3,\"name\":\"Saco Alcofa Vichy Rosa Empoeirado\"}]},{\"@type\":\"WebSite\",\"@id\":\"https:\/\/lespiculins.com\/pt-pt\/#website\",\"url\":\"https:\/\/lespiculins.com\/pt-pt\/\",\"name\":\"Les Piculins\",\"description\":\"Fundas para carritos, bugaboo, maclaren, icoo, bebecar, mima...\",\"potentialAction\":[{\"@type\":\"SearchAction\",\"target\":{\"@type\":\"EntryPoint\",\"urlTemplate\":\"https:\/\/lespiculins.com\/pt-pt\/?s={search_term_string}\"},\"query-input\":\"required name=search_term_string\"}],\"inLanguage\":\"pt-PT\"}]}<\/script>\n<!-- \/ Yoast SEO plugin. -->","yoast_head_json":{"title":"Saco Alcofa Vichy Rosa Empoeirado - Les Piculins","robots":{"index":"index","follow":"follow","max-snippet":"max-snippet:-1","max-image-preview":"max-image-preview:large","max-video-preview":"max-video-preview:-1"},"canonical":"https:\/\/lespiculins.com\/pt-pt\/produto\/saco-carrycot-vichy-rosa-po\/","og_locale":"pt_PT","og_type":"article","og_title":"Saco Alcofa Vichy Rosa Empoeirado - Les Piculins","og_description":"PRAZO DE ENTREGA 7-10 DIAS Saco para cesto em vichy rosa em p\u00f3 combinado com Plumeti White. Embozo com tira bordada extra larga em flores. Este saco de cota \u00e9 composto por quatro pe\u00e7as: base ou colch\u00e3o, cobertura amov\u00edvel que \u00e9 levada para a base por dois fechos laterais, almofada de lodo que reserva o colch\u00e3o de poss\u00edveis manchas e embozo amov\u00edvel que pode remover por dois bot\u00f5es. Como todos os nossos acess\u00f3rios, os sacos de bagagem s\u00e3o lav\u00e1veis. Recomendamos a lavagem para roupas delicadas, m\u00e1x. 30\u00ba C com o detergente hipoalerg\u00e9nico que normalmente utiliza para o seu beb\u00e9, \u00e9 prefer\u00edvel n\u00e3o utilizar um secador. Ao passar a ferro, n\u00e3o pressione as pe\u00e7as com o ferro de modo a que n\u00e3o baixe os recheios e continue a ser acolchoado. Aplique muito vapor para remover as rugas e higienizar as pe\u00e7as de vestu\u00e1rio. Complete o seu conjunto com a nossa capa de parede, saco de p\u00e3o, capuz e outros acess\u00f3rios em v\u00edbora rosa poeirenta para combinar.","og_url":"https:\/\/lespiculins.com\/pt-pt\/produto\/saco-carrycot-vichy-rosa-po\/","og_site_name":"Les Piculins","og_image":[{"width":1080,"height":902,"url":"https:\/\/lespiculins.com\/wp-content\/uploads\/2021\/12\/vichystaamilia2.jpg","type":"image\/jpeg"}],"twitter_card":"summary_large_image","schema":{"@context":"https:\/\/schema.org","@graph":[{"@type":"WebPage","@id":"https:\/\/lespiculins.com\/pt-pt\/produto\/saco-carrycot-vichy-rosa-po\/","url":"https:\/\/lespiculins.com\/pt-pt\/produto\/saco-carrycot-vichy-rosa-po\/","name":"Saco Alcofa Vichy Rosa Empoeirado - Les Piculins","isPartOf":{"@id":"https:\/\/lespiculins.com\/pt-pt\/#website"},"datePublished":"2022-01-27T10:29:39+00:00","dateModified":"2022-01-27T10:29:39+00:00","breadcrumb":{"@id":"https:\/\/lespiculins.com\/pt-pt\/produto\/saco-carrycot-vichy-rosa-po\/#breadcrumb"},"inLanguage":"pt-PT","potentialAction":[{"@type":"ReadAction","target":["https:\/\/lespiculins.com\/pt-pt\/produto\/saco-carrycot-vichy-rosa-po\/"]}]},{"@type":"BreadcrumbList","@id":"https:\/\/lespiculins.com\/pt-pt\/produto\/saco-carrycot-vichy-rosa-po\/#breadcrumb","itemListElement":[{"@type":"ListItem","position":1,"name":"Portada","item":"https:\/\/lespiculins.com\/pt-pt\/inicio\/"},{"@type":"ListItem","position":2,"name":"Loja","item":"https:\/\/lespiculins.com\/pt-pt\/loja\/"},{"@type":"ListItem","position":3,"name":"Saco Alcofa Vichy Rosa Empoeirado"}]},{"@type":"WebSite","@id":"https:\/\/lespiculins.com\/pt-pt\/#website","url":"https:\/\/lespiculins.com\/pt-pt\/","name":"Les Piculins","description":"Fundas para carritos, bugaboo, maclaren, icoo, bebecar, mima...","potentialAction":[{"@type":"SearchAction","target":{"@type":"EntryPoint","urlTemplate":"https:\/\/lespiculins.com\/pt-pt\/?s={search_term_string}"},"query-input":"required name=search_term_string"}],"inLanguage":"pt-PT"}]}},"_links":{"self":[{"href":"https:\/\/lespiculins.com\/pt-pt\/wp-json\/wp\/v2\/product\/34212"}],"collection":[{"href":"https:\/\/lespiculins.com\/pt-pt\/wp-json\/wp\/v2\/product"}],"about":[{"href":"https:\/\/lespiculins.com\/pt-pt\/wp-json\/wp\/v2\/types\/product"}],"wp:featuredmedia":[{"embeddable":true,"href":"https:\/\/lespiculins.com\/pt-pt\/wp-json\/wp\/v2\/media\/33545"}],"wp:attachment":[{"href":"https:\/\/lespiculins.com\/pt-pt\/wp-json\/wp\/v2\/media?parent=34212"}],"wp:term":[{"taxonomy":"product_cat","embeddable":true,"href":"https:\/\/lespiculins.com\/pt-pt\/wp-json\/wp\/v2\/product_cat?post=34212"},{"taxonomy":"product_tag","embeddable":true,"href":"https:\/\/lespiculins.com\/pt-pt\/wp-json\/wp\/v2\/product_tag?post=34212"}],"curies":[{"name":"wp","href":"https:\/\/api.w.org\/{rel}","templated":true}]}}