{"id":34209,"date":"2021-12-03T10:43:17","date_gmt":"2022-01-27T10:28:01","guid":{"rendered":"https:\/\/lespiculins.com\/producto\/saco-vichy-linho\/"},"modified":"2022-01-27T11:28:01","modified_gmt":"2022-01-27T10:28:01","slug":"saco-baby-vichy-linho","status":"publish","type":"product","link":"https:\/\/lespiculins.com\/pt-pt\/produto\/saco-baby-vichy-linho\/","title":{"rendered":"Saco Vichy Linho"},"content":{"rendered":"","protected":false},"excerpt":{"rendered":"<p>Vichy baby sack roupa universal para acoada, ber\u00e7o e para aqueles dias em que os mais pequenos preferem andar nos seus bra\u00e7os. Para manter o seu beb\u00e9 confort\u00e1vel, aquecido e protegido.<\/p>\n<p>Feito em um linho Vichy em tons de pedra muito leves, com interior em bambula branco macio. Com fechos de ambos os lados para que possa utilizar apenas a base, e com &#8220;capuz&#8221; para manter a cabe\u00e7a do seu beb\u00e9 a uma temperatura ideal.<\/p>\n<p>Receba-o em casa em 24 horas.<\/p>\n<p>Complete o conjunto de coc\u00f3 de transporte do seu beb\u00e9 com o resto dos acess\u00f3rios da cole\u00e7\u00e3o &#8220;Vichy Lino&#8221;.<\/p>\n<p>&nbsp;<\/p>\n","protected":false},"featured_media":33673,"template":"","meta":{"_joinchat":[]},"product_cat":[226],"product_tag":[329],"yoast_head":"<!-- This site is optimized with the Yoast SEO plugin v21.5 - https:\/\/yoast.com\/wordpress\/plugins\/seo\/ -->\n<title>Saco Vichy Linho - Les Piculins<\/title>\n<meta name=\"robots\" content=\"index, follow, max-snippet:-1, max-image-preview:large, max-video-preview:-1\" \/>\n<link rel=\"canonical\" href=\"https:\/\/lespiculins.com\/pt-pt\/produto\/saco-baby-vichy-linho\/\" \/>\n<meta property=\"og:locale\" content=\"pt_PT\" \/>\n<meta property=\"og:type\" content=\"article\" \/>\n<meta property=\"og:title\" content=\"Saco Vichy Linho - Les Piculins\" \/>\n<meta property=\"og:description\" content=\"Vichy baby sack roupa universal para acoada, ber\u00e7o e para aqueles dias em que os mais pequenos preferem andar nos seus bra\u00e7os. Para manter o seu beb\u00e9 confort\u00e1vel, aquecido e protegido. Feito em um linho Vichy em tons de pedra muito leves, com interior em bambula branco macio. Com fechos de ambos os lados para que possa utilizar apenas a base, e com &quot;capuz&quot; para manter a cabe\u00e7a do seu beb\u00e9 a uma temperatura ideal. Receba-o em casa em 24 horas. Complete o conjunto de coc\u00f3 de transporte do seu beb\u00e9 com o resto dos acess\u00f3rios da cole\u00e7\u00e3o &quot;Vichy Lino&quot;. &nbsp;\" \/>\n<meta property=\"og:url\" content=\"https:\/\/lespiculins.com\/pt-pt\/produto\/saco-baby-vichy-linho\/\" \/>\n<meta property=\"og:site_name\" content=\"Les Piculins\" \/>\n<meta property=\"og:image\" content=\"https:\/\/lespiculins.com\/wp-content\/uploads\/2021\/12\/Sacounipiedra.jpg\" \/>\n\t<meta property=\"og:image:width\" content=\"1080\" \/>\n\t<meta property=\"og:image:height\" content=\"1440\" \/>\n\t<meta property=\"og:image:type\" content=\"image\/jpeg\" \/>\n<meta name=\"twitter:card\" content=\"summary_large_image\" \/>\n<script type=\"application\/ld+json\" class=\"yoast-schema-graph\">{\"@context\":\"https:\/\/schema.org\",\"@graph\":[{\"@type\":\"WebPage\",\"@id\":\"https:\/\/lespiculins.com\/pt-pt\/produto\/saco-baby-vichy-linho\/\",\"url\":\"https:\/\/lespiculins.com\/pt-pt\/produto\/saco-baby-vichy-linho\/\",\"name\":\"Saco Vichy Linho - Les Piculins\",\"isPartOf\":{\"@id\":\"https:\/\/lespiculins.com\/pt-pt\/#website\"},\"datePublished\":\"2022-01-27T10:28:01+00:00\",\"dateModified\":\"2022-01-27T10:28:01+00:00\",\"breadcrumb\":{\"@id\":\"https:\/\/lespiculins.com\/pt-pt\/produto\/saco-baby-vichy-linho\/#breadcrumb\"},\"inLanguage\":\"pt-PT\",\"potentialAction\":[{\"@type\":\"ReadAction\",\"target\":[\"https:\/\/lespiculins.com\/pt-pt\/produto\/saco-baby-vichy-linho\/\"]}]},{\"@type\":\"BreadcrumbList\",\"@id\":\"https:\/\/lespiculins.com\/pt-pt\/produto\/saco-baby-vichy-linho\/#breadcrumb\",\"itemListElement\":[{\"@type\":\"ListItem\",\"position\":1,\"name\":\"Portada\",\"item\":\"https:\/\/lespiculins.com\/pt-pt\/inicio\/\"},{\"@type\":\"ListItem\",\"position\":2,\"name\":\"Loja\",\"item\":\"https:\/\/lespiculins.com\/pt-pt\/loja\/\"},{\"@type\":\"ListItem\",\"position\":3,\"name\":\"Saco Vichy Linho\"}]},{\"@type\":\"WebSite\",\"@id\":\"https:\/\/lespiculins.com\/pt-pt\/#website\",\"url\":\"https:\/\/lespiculins.com\/pt-pt\/\",\"name\":\"Les Piculins\",\"description\":\"Fundas para carritos, bugaboo, maclaren, icoo, bebecar, mima...\",\"potentialAction\":[{\"@type\":\"SearchAction\",\"target\":{\"@type\":\"EntryPoint\",\"urlTemplate\":\"https:\/\/lespiculins.com\/pt-pt\/?s={search_term_string}\"},\"query-input\":\"required name=search_term_string\"}],\"inLanguage\":\"pt-PT\"}]}<\/script>\n<!-- \/ Yoast SEO plugin. -->","yoast_head_json":{"title":"Saco Vichy Linho - Les Piculins","robots":{"index":"index","follow":"follow","max-snippet":"max-snippet:-1","max-image-preview":"max-image-preview:large","max-video-preview":"max-video-preview:-1"},"canonical":"https:\/\/lespiculins.com\/pt-pt\/produto\/saco-baby-vichy-linho\/","og_locale":"pt_PT","og_type":"article","og_title":"Saco Vichy Linho - Les Piculins","og_description":"Vichy baby sack roupa universal para acoada, ber\u00e7o e para aqueles dias em que os mais pequenos preferem andar nos seus bra\u00e7os. Para manter o seu beb\u00e9 confort\u00e1vel, aquecido e protegido. Feito em um linho Vichy em tons de pedra muito leves, com interior em bambula branco macio. Com fechos de ambos os lados para que possa utilizar apenas a base, e com \"capuz\" para manter a cabe\u00e7a do seu beb\u00e9 a uma temperatura ideal. Receba-o em casa em 24 horas. Complete o conjunto de coc\u00f3 de transporte do seu beb\u00e9 com o resto dos acess\u00f3rios da cole\u00e7\u00e3o \"Vichy Lino\". &nbsp;","og_url":"https:\/\/lespiculins.com\/pt-pt\/produto\/saco-baby-vichy-linho\/","og_site_name":"Les Piculins","og_image":[{"width":1080,"height":1440,"url":"https:\/\/lespiculins.com\/wp-content\/uploads\/2021\/12\/Sacounipiedra.jpg","type":"image\/jpeg"}],"twitter_card":"summary_large_image","schema":{"@context":"https:\/\/schema.org","@graph":[{"@type":"WebPage","@id":"https:\/\/lespiculins.com\/pt-pt\/produto\/saco-baby-vichy-linho\/","url":"https:\/\/lespiculins.com\/pt-pt\/produto\/saco-baby-vichy-linho\/","name":"Saco Vichy Linho - Les Piculins","isPartOf":{"@id":"https:\/\/lespiculins.com\/pt-pt\/#website"},"datePublished":"2022-01-27T10:28:01+00:00","dateModified":"2022-01-27T10:28:01+00:00","breadcrumb":{"@id":"https:\/\/lespiculins.com\/pt-pt\/produto\/saco-baby-vichy-linho\/#breadcrumb"},"inLanguage":"pt-PT","potentialAction":[{"@type":"ReadAction","target":["https:\/\/lespiculins.com\/pt-pt\/produto\/saco-baby-vichy-linho\/"]}]},{"@type":"BreadcrumbList","@id":"https:\/\/lespiculins.com\/pt-pt\/produto\/saco-baby-vichy-linho\/#breadcrumb","itemListElement":[{"@type":"ListItem","position":1,"name":"Portada","item":"https:\/\/lespiculins.com\/pt-pt\/inicio\/"},{"@type":"ListItem","position":2,"name":"Loja","item":"https:\/\/lespiculins.com\/pt-pt\/loja\/"},{"@type":"ListItem","position":3,"name":"Saco Vichy Linho"}]},{"@type":"WebSite","@id":"https:\/\/lespiculins.com\/pt-pt\/#website","url":"https:\/\/lespiculins.com\/pt-pt\/","name":"Les Piculins","description":"Fundas para carritos, bugaboo, maclaren, icoo, bebecar, mima...","potentialAction":[{"@type":"SearchAction","target":{"@type":"EntryPoint","urlTemplate":"https:\/\/lespiculins.com\/pt-pt\/?s={search_term_string}"},"query-input":"required name=search_term_string"}],"inLanguage":"pt-PT"}]}},"_links":{"self":[{"href":"https:\/\/lespiculins.com\/pt-pt\/wp-json\/wp\/v2\/product\/34209"}],"collection":[{"href":"https:\/\/lespiculins.com\/pt-pt\/wp-json\/wp\/v2\/product"}],"about":[{"href":"https:\/\/lespiculins.com\/pt-pt\/wp-json\/wp\/v2\/types\/product"}],"wp:featuredmedia":[{"embeddable":true,"href":"https:\/\/lespiculins.com\/pt-pt\/wp-json\/wp\/v2\/media\/33673"}],"wp:attachment":[{"href":"https:\/\/lespiculins.com\/pt-pt\/wp-json\/wp\/v2\/media?parent=34209"}],"wp:term":[{"taxonomy":"product_cat","embeddable":true,"href":"https:\/\/lespiculins.com\/pt-pt\/wp-json\/wp\/v2\/product_cat?post=34209"},{"taxonomy":"product_tag","embeddable":true,"href":"https:\/\/lespiculins.com\/pt-pt\/wp-json\/wp\/v2\/product_tag?post=34209"}],"curies":[{"name":"wp","href":"https:\/\/api.w.org\/{rel}","templated":true}]}}