{"id":34206,"date":"2021-12-07T13:11:25","date_gmt":"2022-01-27T10:26:34","guid":{"rendered":"https:\/\/lespiculins.com\/producto\/mala-combinada-vichy-liberty-aqua\/"},"modified":"2023-07-11T07:29:05","modified_gmt":"2023-07-11T05:29:05","slug":"bag-bread-combinado-vichy-liberty-aqua","status":"publish","type":"product","link":"https:\/\/lespiculins.com\/pt-pt\/produto\/bag-bread-combinado-vichy-liberty-aqua\/","title":{"rendered":"Mala Combinada Vichy-Liberty Aqua"},"content":{"rendered":"","protected":false},"excerpt":{"rendered":"<p>Bola panera em Vichy mini Aqua com loops em Liberty London de pequenas flores. Combina fenomenalmente com o capuz &#8220;Vapor Blue&#8221; do Bugaboo.<\/p>\n<p>Os nossos sacos de panera t\u00eam pegas &#8220;remover e colocar&#8221; para que possa lav\u00e1-las sem ter de lavar o saco inteiro. Tamb\u00e9m t\u00eam uma pega comprida para pendurar nos ombros.<\/p>\n<p>Combine-o com os nossos fundettes e outros acess\u00f3rios correspondentes das cole\u00e7\u00f5es Vichy e Liberty &#8220;Aqua&#8221;<\/p>\n","protected":false},"featured_media":33761,"template":"","meta":{"_joinchat":[]},"product_cat":[138],"product_tag":[307,326],"yoast_head":"<!-- This site is optimized with the Yoast SEO plugin v21.5 - https:\/\/yoast.com\/wordpress\/plugins\/seo\/ -->\n<title>Mala Combinada Vichy-Liberty Aqua - Les Piculins<\/title>\n<meta name=\"robots\" content=\"index, follow, max-snippet:-1, max-image-preview:large, max-video-preview:-1\" \/>\n<link rel=\"canonical\" href=\"https:\/\/lespiculins.com\/pt-pt\/produto\/bag-bread-combinado-vichy-liberty-aqua\/\" \/>\n<meta property=\"og:locale\" content=\"pt_PT\" \/>\n<meta property=\"og:type\" content=\"article\" \/>\n<meta property=\"og:title\" content=\"Mala Combinada Vichy-Liberty Aqua - Les Piculins\" \/>\n<meta property=\"og:description\" content=\"Bola panera em Vichy mini Aqua com loops em Liberty London de pequenas flores. Combina fenomenalmente com o capuz &quot;Vapor Blue&quot; do Bugaboo. Os nossos sacos de panera t\u00eam pegas &quot;remover e colocar&quot; para que possa lav\u00e1-las sem ter de lavar o saco inteiro. Tamb\u00e9m t\u00eam uma pega comprida para pendurar nos ombros. Combine-o com os nossos fundettes e outros acess\u00f3rios correspondentes das cole\u00e7\u00f5es Vichy e Liberty &quot;Aqua&quot;\" \/>\n<meta property=\"og:url\" content=\"https:\/\/lespiculins.com\/pt-pt\/produto\/bag-bread-combinado-vichy-liberty-aqua\/\" \/>\n<meta property=\"og:site_name\" content=\"Les Piculins\" \/>\n<meta property=\"article:modified_time\" content=\"2023-07-11T05:29:05+00:00\" \/>\n<meta property=\"og:image\" content=\"https:\/\/lespiculins.com\/wp-content\/uploads\/2021\/12\/vichynew2.jpg\" \/>\n\t<meta property=\"og:image:width\" content=\"1080\" \/>\n\t<meta property=\"og:image:height\" content=\"904\" \/>\n\t<meta property=\"og:image:type\" content=\"image\/jpeg\" \/>\n<meta name=\"twitter:card\" content=\"summary_large_image\" \/>\n<script type=\"application\/ld+json\" class=\"yoast-schema-graph\">{\"@context\":\"https:\/\/schema.org\",\"@graph\":[{\"@type\":\"WebPage\",\"@id\":\"https:\/\/lespiculins.com\/pt-pt\/produto\/bag-bread-combinado-vichy-liberty-aqua\/\",\"url\":\"https:\/\/lespiculins.com\/pt-pt\/produto\/bag-bread-combinado-vichy-liberty-aqua\/\",\"name\":\"Mala Combinada Vichy-Liberty Aqua - Les Piculins\",\"isPartOf\":{\"@id\":\"https:\/\/lespiculins.com\/pt-pt\/#website\"},\"datePublished\":\"2022-01-27T10:26:34+00:00\",\"dateModified\":\"2023-07-11T05:29:05+00:00\",\"breadcrumb\":{\"@id\":\"https:\/\/lespiculins.com\/pt-pt\/produto\/bag-bread-combinado-vichy-liberty-aqua\/#breadcrumb\"},\"inLanguage\":\"pt-PT\",\"potentialAction\":[{\"@type\":\"ReadAction\",\"target\":[\"https:\/\/lespiculins.com\/pt-pt\/produto\/bag-bread-combinado-vichy-liberty-aqua\/\"]}]},{\"@type\":\"BreadcrumbList\",\"@id\":\"https:\/\/lespiculins.com\/pt-pt\/produto\/bag-bread-combinado-vichy-liberty-aqua\/#breadcrumb\",\"itemListElement\":[{\"@type\":\"ListItem\",\"position\":1,\"name\":\"Portada\",\"item\":\"https:\/\/lespiculins.com\/pt-pt\/inicio\/\"},{\"@type\":\"ListItem\",\"position\":2,\"name\":\"Loja\",\"item\":\"https:\/\/lespiculins.com\/pt-pt\/loja\/\"},{\"@type\":\"ListItem\",\"position\":3,\"name\":\"Mala Combinada Vichy-Liberty Aqua\"}]},{\"@type\":\"WebSite\",\"@id\":\"https:\/\/lespiculins.com\/pt-pt\/#website\",\"url\":\"https:\/\/lespiculins.com\/pt-pt\/\",\"name\":\"Les Piculins\",\"description\":\"Fundas para carritos, bugaboo, maclaren, icoo, bebecar, mima...\",\"potentialAction\":[{\"@type\":\"SearchAction\",\"target\":{\"@type\":\"EntryPoint\",\"urlTemplate\":\"https:\/\/lespiculins.com\/pt-pt\/?s={search_term_string}\"},\"query-input\":\"required name=search_term_string\"}],\"inLanguage\":\"pt-PT\"}]}<\/script>\n<!-- \/ Yoast SEO plugin. -->","yoast_head_json":{"title":"Mala Combinada Vichy-Liberty Aqua - Les Piculins","robots":{"index":"index","follow":"follow","max-snippet":"max-snippet:-1","max-image-preview":"max-image-preview:large","max-video-preview":"max-video-preview:-1"},"canonical":"https:\/\/lespiculins.com\/pt-pt\/produto\/bag-bread-combinado-vichy-liberty-aqua\/","og_locale":"pt_PT","og_type":"article","og_title":"Mala Combinada Vichy-Liberty Aqua - Les Piculins","og_description":"Bola panera em Vichy mini Aqua com loops em Liberty London de pequenas flores. Combina fenomenalmente com o capuz \"Vapor Blue\" do Bugaboo. Os nossos sacos de panera t\u00eam pegas \"remover e colocar\" para que possa lav\u00e1-las sem ter de lavar o saco inteiro. Tamb\u00e9m t\u00eam uma pega comprida para pendurar nos ombros. Combine-o com os nossos fundettes e outros acess\u00f3rios correspondentes das cole\u00e7\u00f5es Vichy e Liberty \"Aqua\"","og_url":"https:\/\/lespiculins.com\/pt-pt\/produto\/bag-bread-combinado-vichy-liberty-aqua\/","og_site_name":"Les Piculins","article_modified_time":"2023-07-11T05:29:05+00:00","og_image":[{"width":1080,"height":904,"url":"https:\/\/lespiculins.com\/wp-content\/uploads\/2021\/12\/vichynew2.jpg","type":"image\/jpeg"}],"twitter_card":"summary_large_image","schema":{"@context":"https:\/\/schema.org","@graph":[{"@type":"WebPage","@id":"https:\/\/lespiculins.com\/pt-pt\/produto\/bag-bread-combinado-vichy-liberty-aqua\/","url":"https:\/\/lespiculins.com\/pt-pt\/produto\/bag-bread-combinado-vichy-liberty-aqua\/","name":"Mala Combinada Vichy-Liberty Aqua - Les Piculins","isPartOf":{"@id":"https:\/\/lespiculins.com\/pt-pt\/#website"},"datePublished":"2022-01-27T10:26:34+00:00","dateModified":"2023-07-11T05:29:05+00:00","breadcrumb":{"@id":"https:\/\/lespiculins.com\/pt-pt\/produto\/bag-bread-combinado-vichy-liberty-aqua\/#breadcrumb"},"inLanguage":"pt-PT","potentialAction":[{"@type":"ReadAction","target":["https:\/\/lespiculins.com\/pt-pt\/produto\/bag-bread-combinado-vichy-liberty-aqua\/"]}]},{"@type":"BreadcrumbList","@id":"https:\/\/lespiculins.com\/pt-pt\/produto\/bag-bread-combinado-vichy-liberty-aqua\/#breadcrumb","itemListElement":[{"@type":"ListItem","position":1,"name":"Portada","item":"https:\/\/lespiculins.com\/pt-pt\/inicio\/"},{"@type":"ListItem","position":2,"name":"Loja","item":"https:\/\/lespiculins.com\/pt-pt\/loja\/"},{"@type":"ListItem","position":3,"name":"Mala Combinada Vichy-Liberty Aqua"}]},{"@type":"WebSite","@id":"https:\/\/lespiculins.com\/pt-pt\/#website","url":"https:\/\/lespiculins.com\/pt-pt\/","name":"Les Piculins","description":"Fundas para carritos, bugaboo, maclaren, icoo, bebecar, mima...","potentialAction":[{"@type":"SearchAction","target":{"@type":"EntryPoint","urlTemplate":"https:\/\/lespiculins.com\/pt-pt\/?s={search_term_string}"},"query-input":"required name=search_term_string"}],"inLanguage":"pt-PT"}]}},"_links":{"self":[{"href":"https:\/\/lespiculins.com\/pt-pt\/wp-json\/wp\/v2\/product\/34206"}],"collection":[{"href":"https:\/\/lespiculins.com\/pt-pt\/wp-json\/wp\/v2\/product"}],"about":[{"href":"https:\/\/lespiculins.com\/pt-pt\/wp-json\/wp\/v2\/types\/product"}],"wp:featuredmedia":[{"embeddable":true,"href":"https:\/\/lespiculins.com\/pt-pt\/wp-json\/wp\/v2\/media\/33761"}],"wp:attachment":[{"href":"https:\/\/lespiculins.com\/pt-pt\/wp-json\/wp\/v2\/media?parent=34206"}],"wp:term":[{"taxonomy":"product_cat","embeddable":true,"href":"https:\/\/lespiculins.com\/pt-pt\/wp-json\/wp\/v2\/product_cat?post=34206"},{"taxonomy":"product_tag","embeddable":true,"href":"https:\/\/lespiculins.com\/pt-pt\/wp-json\/wp\/v2\/product_tag?post=34206"}],"curies":[{"name":"wp","href":"https:\/\/api.w.org\/{rel}","templated":true}]}}