{"id":34204,"date":"2021-12-17T14:25:47","date_gmt":"2022-01-27T10:25:48","guid":{"rendered":"https:\/\/lespiculins.com\/producto\/saco-alcofa-listras-rosas\/"},"modified":"2022-01-27T11:25:48","modified_gmt":"2022-01-27T10:25:48","slug":"saco-carrycot-listras-rosa","status":"publish","type":"product","link":"https:\/\/lespiculins.com\/pt-pt\/produto\/saco-carrycot-listras-rosa\/","title":{"rendered":"Saco Alcofa Listras Rosas"},"content":{"rendered":"","protected":false},"excerpt":{"rendered":"<p>Saco de cota em plumeti crudito combinado com uma lonetita rosa pastel e listra crua em relevo. O seu embozo remov\u00edvel\/pon tem rendas bordadas extra largas.<\/p>\n<p>Inclui quatro pe\u00e7as: colch\u00e3o \/ base em plumeti branco quebrado para colocar em cima do colch\u00e3o original do seu carrinho, almofada em plumeti branco quebrado com rendas encaracoladas em contorno, isto permite reservar seu colch\u00e3o das babitas, cobrir em listras de crudito rosa com recheio grosso ideal para o inverno e babete de &#8220;remover e colocar&#8221; em plumeti com um delicado e extra bordado rendas de algod\u00e3o bordado.<\/p>\n<p>A almofada \u00e9 revers\u00edvel, pode us\u00e1-la em ambos os lados.<\/p>\n<p>Como todos os nossos acess\u00f3rios, os sacos de alcoama s\u00e3o lav\u00e1veis numa m\u00e1quina de lavar roupa. Recomendamos uma lavagem para roupas delicadas no m\u00e1ximo 30\u00ba C com o detergente hipoalerg\u00e9nico do seu beb\u00e9. \u00c9 prefer\u00edvel n\u00e3o utilizar um secador, se em algum momento, \u00e9 necess\u00e1rio utiliz\u00e1-lo, sempre num programa delicado para algod\u00e3o e evitar secar com outras pe\u00e7as de vestu\u00e1rio. Ao passar a ferro, n\u00e3o pressione com o ferro de modo a que n\u00e3o baixe o recheio e permane\u00e7a acolchoado. Aplique vapor para remover rugas e higienizar.<\/p>\n<p>Combine \u00f3timo com capuz branco fresco do seu Bugaboo.<\/p>\n<p>Para levar o seu carrinho hiper-montado, voc\u00ea pode encontrar mais coisas da mesma cole\u00e7\u00e3o, como a Capa de <a href=\"https:\/\/lespiculins.com\/producto\/cubre-paredes-plumeti-crudo\/\">Parede Crua Plumeti,<\/a> <a href=\"https:\/\/lespiculins.com\/producto\/bolsa-panera-rayas-rosa\/\">Saco de p\u00e3o listrado rosa,<\/a> <a href=\"https:\/\/lespiculins.com\/producto\/cambiador-rayas-rosa\/\">muda de listra rosa<\/a> e <a href=\"https:\/\/lespiculins.com\/producto\/neceser-rayas-rosa\/\">Neceser listrado rosa.<\/a><\/p>\n","protected":false},"featured_media":34025,"template":"","meta":{"_joinchat":[]},"product_cat":[224],"product_tag":[356],"yoast_head":"<!-- This site is optimized with the Yoast SEO plugin v21.5 - https:\/\/yoast.com\/wordpress\/plugins\/seo\/ -->\n<title>Saco Alcofa Listras Rosas - Les Piculins<\/title>\n<meta name=\"robots\" content=\"index, follow, max-snippet:-1, max-image-preview:large, max-video-preview:-1\" \/>\n<link rel=\"canonical\" href=\"https:\/\/lespiculins.com\/pt-pt\/produto\/saco-carrycot-listras-rosa\/\" \/>\n<meta property=\"og:locale\" content=\"pt_PT\" \/>\n<meta property=\"og:type\" content=\"article\" \/>\n<meta property=\"og:title\" content=\"Saco Alcofa Listras Rosas - Les Piculins\" \/>\n<meta property=\"og:description\" content=\"Saco de cota em plumeti crudito combinado com uma lonetita rosa pastel e listra crua em relevo. O seu embozo remov\u00edvel\/pon tem rendas bordadas extra largas. Inclui quatro pe\u00e7as: colch\u00e3o \/ base em plumeti branco quebrado para colocar em cima do colch\u00e3o original do seu carrinho, almofada em plumeti branco quebrado com rendas encaracoladas em contorno, isto permite reservar seu colch\u00e3o das babitas, cobrir em listras de crudito rosa com recheio grosso ideal para o inverno e babete de &quot;remover e colocar&quot; em plumeti com um delicado e extra bordado rendas de algod\u00e3o bordado. A almofada \u00e9 revers\u00edvel, pode us\u00e1-la em ambos os lados. Como todos os nossos acess\u00f3rios, os sacos de alcoama s\u00e3o lav\u00e1veis numa m\u00e1quina de lavar roupa. Recomendamos uma lavagem para roupas delicadas no m\u00e1ximo 30\u00ba C com o detergente hipoalerg\u00e9nico do seu beb\u00e9. \u00c9 prefer\u00edvel n\u00e3o utilizar um secador, se em algum momento, \u00e9 necess\u00e1rio utiliz\u00e1-lo, sempre num programa delicado para algod\u00e3o e evitar secar com outras pe\u00e7as de vestu\u00e1rio. Ao passar a ferro, n\u00e3o pressione com o ferro de modo a que n\u00e3o baixe o recheio e permane\u00e7a acolchoado. Aplique vapor para remover rugas e higienizar. Combine \u00f3timo com capuz branco fresco do seu Bugaboo. Para levar o seu carrinho hiper-montado, voc\u00ea pode encontrar mais coisas da mesma cole\u00e7\u00e3o, como a Capa de Parede Crua Plumeti, Saco de p\u00e3o listrado rosa, muda de listra rosa e Neceser listrado rosa.\" \/>\n<meta property=\"og:url\" content=\"https:\/\/lespiculins.com\/pt-pt\/produto\/saco-carrycot-listras-rosa\/\" \/>\n<meta property=\"og:site_name\" content=\"Les Piculins\" \/>\n<meta property=\"og:image\" content=\"https:\/\/lespiculins.com\/wp-content\/uploads\/2021\/12\/saco-rosa-loneta-rayas-1-scaled.jpg\" \/>\n\t<meta property=\"og:image:width\" content=\"2560\" \/>\n\t<meta property=\"og:image:height\" content=\"2077\" \/>\n\t<meta property=\"og:image:type\" content=\"image\/jpeg\" \/>\n<meta name=\"twitter:card\" content=\"summary_large_image\" \/>\n<script type=\"application\/ld+json\" class=\"yoast-schema-graph\">{\"@context\":\"https:\/\/schema.org\",\"@graph\":[{\"@type\":\"WebPage\",\"@id\":\"https:\/\/lespiculins.com\/pt-pt\/produto\/saco-carrycot-listras-rosa\/\",\"url\":\"https:\/\/lespiculins.com\/pt-pt\/produto\/saco-carrycot-listras-rosa\/\",\"name\":\"Saco Alcofa Listras Rosas - Les Piculins\",\"isPartOf\":{\"@id\":\"https:\/\/lespiculins.com\/pt-pt\/#website\"},\"datePublished\":\"2022-01-27T10:25:48+00:00\",\"dateModified\":\"2022-01-27T10:25:48+00:00\",\"breadcrumb\":{\"@id\":\"https:\/\/lespiculins.com\/pt-pt\/produto\/saco-carrycot-listras-rosa\/#breadcrumb\"},\"inLanguage\":\"pt-PT\",\"potentialAction\":[{\"@type\":\"ReadAction\",\"target\":[\"https:\/\/lespiculins.com\/pt-pt\/produto\/saco-carrycot-listras-rosa\/\"]}]},{\"@type\":\"BreadcrumbList\",\"@id\":\"https:\/\/lespiculins.com\/pt-pt\/produto\/saco-carrycot-listras-rosa\/#breadcrumb\",\"itemListElement\":[{\"@type\":\"ListItem\",\"position\":1,\"name\":\"Portada\",\"item\":\"https:\/\/lespiculins.com\/pt-pt\/inicio\/\"},{\"@type\":\"ListItem\",\"position\":2,\"name\":\"Loja\",\"item\":\"https:\/\/lespiculins.com\/pt-pt\/loja\/\"},{\"@type\":\"ListItem\",\"position\":3,\"name\":\"Saco Alcofa Listras Rosas\"}]},{\"@type\":\"WebSite\",\"@id\":\"https:\/\/lespiculins.com\/pt-pt\/#website\",\"url\":\"https:\/\/lespiculins.com\/pt-pt\/\",\"name\":\"Les Piculins\",\"description\":\"Fundas para carritos, bugaboo, maclaren, icoo, bebecar, mima...\",\"potentialAction\":[{\"@type\":\"SearchAction\",\"target\":{\"@type\":\"EntryPoint\",\"urlTemplate\":\"https:\/\/lespiculins.com\/pt-pt\/?s={search_term_string}\"},\"query-input\":\"required name=search_term_string\"}],\"inLanguage\":\"pt-PT\"}]}<\/script>\n<!-- \/ Yoast SEO plugin. -->","yoast_head_json":{"title":"Saco Alcofa Listras Rosas - Les Piculins","robots":{"index":"index","follow":"follow","max-snippet":"max-snippet:-1","max-image-preview":"max-image-preview:large","max-video-preview":"max-video-preview:-1"},"canonical":"https:\/\/lespiculins.com\/pt-pt\/produto\/saco-carrycot-listras-rosa\/","og_locale":"pt_PT","og_type":"article","og_title":"Saco Alcofa Listras Rosas - Les Piculins","og_description":"Saco de cota em plumeti crudito combinado com uma lonetita rosa pastel e listra crua em relevo. O seu embozo remov\u00edvel\/pon tem rendas bordadas extra largas. Inclui quatro pe\u00e7as: colch\u00e3o \/ base em plumeti branco quebrado para colocar em cima do colch\u00e3o original do seu carrinho, almofada em plumeti branco quebrado com rendas encaracoladas em contorno, isto permite reservar seu colch\u00e3o das babitas, cobrir em listras de crudito rosa com recheio grosso ideal para o inverno e babete de \"remover e colocar\" em plumeti com um delicado e extra bordado rendas de algod\u00e3o bordado. A almofada \u00e9 revers\u00edvel, pode us\u00e1-la em ambos os lados. Como todos os nossos acess\u00f3rios, os sacos de alcoama s\u00e3o lav\u00e1veis numa m\u00e1quina de lavar roupa. Recomendamos uma lavagem para roupas delicadas no m\u00e1ximo 30\u00ba C com o detergente hipoalerg\u00e9nico do seu beb\u00e9. \u00c9 prefer\u00edvel n\u00e3o utilizar um secador, se em algum momento, \u00e9 necess\u00e1rio utiliz\u00e1-lo, sempre num programa delicado para algod\u00e3o e evitar secar com outras pe\u00e7as de vestu\u00e1rio. Ao passar a ferro, n\u00e3o pressione com o ferro de modo a que n\u00e3o baixe o recheio e permane\u00e7a acolchoado. Aplique vapor para remover rugas e higienizar. Combine \u00f3timo com capuz branco fresco do seu Bugaboo. Para levar o seu carrinho hiper-montado, voc\u00ea pode encontrar mais coisas da mesma cole\u00e7\u00e3o, como a Capa de Parede Crua Plumeti, Saco de p\u00e3o listrado rosa, muda de listra rosa e Neceser listrado rosa.","og_url":"https:\/\/lespiculins.com\/pt-pt\/produto\/saco-carrycot-listras-rosa\/","og_site_name":"Les Piculins","og_image":[{"width":2560,"height":2077,"url":"https:\/\/lespiculins.com\/wp-content\/uploads\/2021\/12\/saco-rosa-loneta-rayas-1-scaled.jpg","type":"image\/jpeg"}],"twitter_card":"summary_large_image","schema":{"@context":"https:\/\/schema.org","@graph":[{"@type":"WebPage","@id":"https:\/\/lespiculins.com\/pt-pt\/produto\/saco-carrycot-listras-rosa\/","url":"https:\/\/lespiculins.com\/pt-pt\/produto\/saco-carrycot-listras-rosa\/","name":"Saco Alcofa Listras Rosas - Les Piculins","isPartOf":{"@id":"https:\/\/lespiculins.com\/pt-pt\/#website"},"datePublished":"2022-01-27T10:25:48+00:00","dateModified":"2022-01-27T10:25:48+00:00","breadcrumb":{"@id":"https:\/\/lespiculins.com\/pt-pt\/produto\/saco-carrycot-listras-rosa\/#breadcrumb"},"inLanguage":"pt-PT","potentialAction":[{"@type":"ReadAction","target":["https:\/\/lespiculins.com\/pt-pt\/produto\/saco-carrycot-listras-rosa\/"]}]},{"@type":"BreadcrumbList","@id":"https:\/\/lespiculins.com\/pt-pt\/produto\/saco-carrycot-listras-rosa\/#breadcrumb","itemListElement":[{"@type":"ListItem","position":1,"name":"Portada","item":"https:\/\/lespiculins.com\/pt-pt\/inicio\/"},{"@type":"ListItem","position":2,"name":"Loja","item":"https:\/\/lespiculins.com\/pt-pt\/loja\/"},{"@type":"ListItem","position":3,"name":"Saco Alcofa Listras Rosas"}]},{"@type":"WebSite","@id":"https:\/\/lespiculins.com\/pt-pt\/#website","url":"https:\/\/lespiculins.com\/pt-pt\/","name":"Les Piculins","description":"Fundas para carritos, bugaboo, maclaren, icoo, bebecar, mima...","potentialAction":[{"@type":"SearchAction","target":{"@type":"EntryPoint","urlTemplate":"https:\/\/lespiculins.com\/pt-pt\/?s={search_term_string}"},"query-input":"required name=search_term_string"}],"inLanguage":"pt-PT"}]}},"_links":{"self":[{"href":"https:\/\/lespiculins.com\/pt-pt\/wp-json\/wp\/v2\/product\/34204"}],"collection":[{"href":"https:\/\/lespiculins.com\/pt-pt\/wp-json\/wp\/v2\/product"}],"about":[{"href":"https:\/\/lespiculins.com\/pt-pt\/wp-json\/wp\/v2\/types\/product"}],"wp:featuredmedia":[{"embeddable":true,"href":"https:\/\/lespiculins.com\/pt-pt\/wp-json\/wp\/v2\/media\/34025"}],"wp:attachment":[{"href":"https:\/\/lespiculins.com\/pt-pt\/wp-json\/wp\/v2\/media?parent=34204"}],"wp:term":[{"taxonomy":"product_cat","embeddable":true,"href":"https:\/\/lespiculins.com\/pt-pt\/wp-json\/wp\/v2\/product_cat?post=34204"},{"taxonomy":"product_tag","embeddable":true,"href":"https:\/\/lespiculins.com\/pt-pt\/wp-json\/wp\/v2\/product_tag?post=34204"}],"curies":[{"name":"wp","href":"https:\/\/api.w.org\/{rel}","templated":true}]}}