{"id":34200,"date":"2021-12-10T12:39:01","date_gmt":"2022-01-27T10:14:36","guid":{"rendered":"https:\/\/lespiculins.com\/producto\/capa-de-banho-liberty-aqua\/"},"modified":"2022-01-27T11:14:36","modified_gmt":"2022-01-27T10:14:36","slug":"camada-de-bano-liberdade-aqua","status":"publish","type":"product","link":"https:\/\/lespiculins.com\/pt-pt\/produto\/camada-de-bano-liberdade-aqua\/","title":{"rendered":"Capa de banho Liberty Aqua"},"content":{"rendered":"","protected":false},"excerpt":{"rendered":"<p>Camada de banho hiper saborosa para o seu beb\u00e9 gra\u00e7as ao seu toque de veludo. O seu caracol de bambu org\u00e2nico \u00e9 hipoalerg\u00e9nico, sendo este um tecido natural, ideal para pele sens\u00edvel. Com propriedades antibacterianas.<\/p>\n<p>Fita traserita para que possa pendur\u00e1-la.<\/p>\n<p>Combinada com um tecido 100% algod\u00e3o Liberty, esta camada de banho tornar\u00e1 o tempo de banho do seu beb\u00e9 ainda mais agrad\u00e1vel. Este capit\u00e3o usa a impress\u00e3o original da Liberty London com mini flores em aqua, cinza e mostarda.<\/p>\n<p>Com uma apresenta\u00e7\u00e3o desenhada para dar, ser\u00e1 um belo detalhe para o beb\u00e9.<\/p>\n<p>Medidas: 77 x 77 cm<\/p>\n<p>&nbsp;<\/p>\n<p>&nbsp;<\/p>\n","protected":false},"featured_media":33964,"template":"","meta":{"_joinchat":[]},"product_cat":[233],"product_tag":[307],"yoast_head":"<!-- This site is optimized with the Yoast SEO plugin v21.5 - https:\/\/yoast.com\/wordpress\/plugins\/seo\/ -->\n<title>Capa de banho Liberty Aqua - Les Piculins<\/title>\n<meta name=\"robots\" content=\"index, follow, max-snippet:-1, max-image-preview:large, max-video-preview:-1\" \/>\n<link rel=\"canonical\" href=\"https:\/\/lespiculins.com\/pt-pt\/produto\/camada-de-bano-liberdade-aqua\/\" \/>\n<meta property=\"og:locale\" content=\"pt_PT\" \/>\n<meta property=\"og:type\" content=\"article\" \/>\n<meta property=\"og:title\" content=\"Capa de banho Liberty Aqua - Les Piculins\" \/>\n<meta property=\"og:description\" content=\"Camada de banho hiper saborosa para o seu beb\u00e9 gra\u00e7as ao seu toque de veludo. O seu caracol de bambu org\u00e2nico \u00e9 hipoalerg\u00e9nico, sendo este um tecido natural, ideal para pele sens\u00edvel. Com propriedades antibacterianas. Fita traserita para que possa pendur\u00e1-la. Combinada com um tecido 100% algod\u00e3o Liberty, esta camada de banho tornar\u00e1 o tempo de banho do seu beb\u00e9 ainda mais agrad\u00e1vel. Este capit\u00e3o usa a impress\u00e3o original da Liberty London com mini flores em aqua, cinza e mostarda. Com uma apresenta\u00e7\u00e3o desenhada para dar, ser\u00e1 um belo detalhe para o beb\u00e9. Medidas: 77 x 77 cm &nbsp; &nbsp;\" \/>\n<meta property=\"og:url\" content=\"https:\/\/lespiculins.com\/pt-pt\/produto\/camada-de-bano-liberdade-aqua\/\" \/>\n<meta property=\"og:site_name\" content=\"Les Piculins\" \/>\n<meta name=\"twitter:card\" content=\"summary_large_image\" \/>\n<script type=\"application\/ld+json\" class=\"yoast-schema-graph\">{\"@context\":\"https:\/\/schema.org\",\"@graph\":[{\"@type\":\"WebPage\",\"@id\":\"https:\/\/lespiculins.com\/pt-pt\/produto\/camada-de-bano-liberdade-aqua\/\",\"url\":\"https:\/\/lespiculins.com\/pt-pt\/produto\/camada-de-bano-liberdade-aqua\/\",\"name\":\"Capa de banho Liberty Aqua - Les Piculins\",\"isPartOf\":{\"@id\":\"https:\/\/lespiculins.com\/pt-pt\/#website\"},\"datePublished\":\"2022-01-27T10:14:36+00:00\",\"dateModified\":\"2022-01-27T10:14:36+00:00\",\"breadcrumb\":{\"@id\":\"https:\/\/lespiculins.com\/pt-pt\/produto\/camada-de-bano-liberdade-aqua\/#breadcrumb\"},\"inLanguage\":\"pt-PT\",\"potentialAction\":[{\"@type\":\"ReadAction\",\"target\":[\"https:\/\/lespiculins.com\/pt-pt\/produto\/camada-de-bano-liberdade-aqua\/\"]}]},{\"@type\":\"BreadcrumbList\",\"@id\":\"https:\/\/lespiculins.com\/pt-pt\/produto\/camada-de-bano-liberdade-aqua\/#breadcrumb\",\"itemListElement\":[{\"@type\":\"ListItem\",\"position\":1,\"name\":\"Portada\",\"item\":\"https:\/\/lespiculins.com\/pt-pt\/inicio\/\"},{\"@type\":\"ListItem\",\"position\":2,\"name\":\"Loja\",\"item\":\"https:\/\/lespiculins.com\/pt-pt\/loja\/\"},{\"@type\":\"ListItem\",\"position\":3,\"name\":\"Capa de banho Liberty Aqua\"}]},{\"@type\":\"WebSite\",\"@id\":\"https:\/\/lespiculins.com\/pt-pt\/#website\",\"url\":\"https:\/\/lespiculins.com\/pt-pt\/\",\"name\":\"Les Piculins\",\"description\":\"Fundas para carritos, bugaboo, maclaren, icoo, bebecar, mima...\",\"potentialAction\":[{\"@type\":\"SearchAction\",\"target\":{\"@type\":\"EntryPoint\",\"urlTemplate\":\"https:\/\/lespiculins.com\/pt-pt\/?s={search_term_string}\"},\"query-input\":\"required name=search_term_string\"}],\"inLanguage\":\"pt-PT\"}]}<\/script>\n<!-- \/ Yoast SEO plugin. -->","yoast_head_json":{"title":"Capa de banho Liberty Aqua - Les Piculins","robots":{"index":"index","follow":"follow","max-snippet":"max-snippet:-1","max-image-preview":"max-image-preview:large","max-video-preview":"max-video-preview:-1"},"canonical":"https:\/\/lespiculins.com\/pt-pt\/produto\/camada-de-bano-liberdade-aqua\/","og_locale":"pt_PT","og_type":"article","og_title":"Capa de banho Liberty Aqua - Les Piculins","og_description":"Camada de banho hiper saborosa para o seu beb\u00e9 gra\u00e7as ao seu toque de veludo. O seu caracol de bambu org\u00e2nico \u00e9 hipoalerg\u00e9nico, sendo este um tecido natural, ideal para pele sens\u00edvel. Com propriedades antibacterianas. Fita traserita para que possa pendur\u00e1-la. Combinada com um tecido 100% algod\u00e3o Liberty, esta camada de banho tornar\u00e1 o tempo de banho do seu beb\u00e9 ainda mais agrad\u00e1vel. Este capit\u00e3o usa a impress\u00e3o original da Liberty London com mini flores em aqua, cinza e mostarda. Com uma apresenta\u00e7\u00e3o desenhada para dar, ser\u00e1 um belo detalhe para o beb\u00e9. Medidas: 77 x 77 cm &nbsp; &nbsp;","og_url":"https:\/\/lespiculins.com\/pt-pt\/produto\/camada-de-bano-liberdade-aqua\/","og_site_name":"Les Piculins","twitter_card":"summary_large_image","schema":{"@context":"https:\/\/schema.org","@graph":[{"@type":"WebPage","@id":"https:\/\/lespiculins.com\/pt-pt\/produto\/camada-de-bano-liberdade-aqua\/","url":"https:\/\/lespiculins.com\/pt-pt\/produto\/camada-de-bano-liberdade-aqua\/","name":"Capa de banho Liberty Aqua - Les Piculins","isPartOf":{"@id":"https:\/\/lespiculins.com\/pt-pt\/#website"},"datePublished":"2022-01-27T10:14:36+00:00","dateModified":"2022-01-27T10:14:36+00:00","breadcrumb":{"@id":"https:\/\/lespiculins.com\/pt-pt\/produto\/camada-de-bano-liberdade-aqua\/#breadcrumb"},"inLanguage":"pt-PT","potentialAction":[{"@type":"ReadAction","target":["https:\/\/lespiculins.com\/pt-pt\/produto\/camada-de-bano-liberdade-aqua\/"]}]},{"@type":"BreadcrumbList","@id":"https:\/\/lespiculins.com\/pt-pt\/produto\/camada-de-bano-liberdade-aqua\/#breadcrumb","itemListElement":[{"@type":"ListItem","position":1,"name":"Portada","item":"https:\/\/lespiculins.com\/pt-pt\/inicio\/"},{"@type":"ListItem","position":2,"name":"Loja","item":"https:\/\/lespiculins.com\/pt-pt\/loja\/"},{"@type":"ListItem","position":3,"name":"Capa de banho Liberty Aqua"}]},{"@type":"WebSite","@id":"https:\/\/lespiculins.com\/pt-pt\/#website","url":"https:\/\/lespiculins.com\/pt-pt\/","name":"Les Piculins","description":"Fundas para carritos, bugaboo, maclaren, icoo, bebecar, mima...","potentialAction":[{"@type":"SearchAction","target":{"@type":"EntryPoint","urlTemplate":"https:\/\/lespiculins.com\/pt-pt\/?s={search_term_string}"},"query-input":"required name=search_term_string"}],"inLanguage":"pt-PT"}]}},"_links":{"self":[{"href":"https:\/\/lespiculins.com\/pt-pt\/wp-json\/wp\/v2\/product\/34200"}],"collection":[{"href":"https:\/\/lespiculins.com\/pt-pt\/wp-json\/wp\/v2\/product"}],"about":[{"href":"https:\/\/lespiculins.com\/pt-pt\/wp-json\/wp\/v2\/types\/product"}],"wp:featuredmedia":[{"embeddable":true,"href":"https:\/\/lespiculins.com\/pt-pt\/wp-json\/wp\/v2\/media\/33964"}],"wp:attachment":[{"href":"https:\/\/lespiculins.com\/pt-pt\/wp-json\/wp\/v2\/media?parent=34200"}],"wp:term":[{"taxonomy":"product_cat","embeddable":true,"href":"https:\/\/lespiculins.com\/pt-pt\/wp-json\/wp\/v2\/product_cat?post=34200"},{"taxonomy":"product_tag","embeddable":true,"href":"https:\/\/lespiculins.com\/pt-pt\/wp-json\/wp\/v2\/product_tag?post=34200"}],"curies":[{"name":"wp","href":"https:\/\/api.w.org\/{rel}","templated":true}]}}