{"id":34198,"date":"2021-12-20T13:15:33","date_gmt":"2022-01-27T09:20:08","guid":{"rendered":"https:\/\/lespiculins.com\/producto\/mala-listras-rosa\/"},"modified":"2022-01-27T10:20:08","modified_gmt":"2022-01-27T09:20:08","slug":"saco-pao-listras-rosa","status":"publish","type":"product","link":"https:\/\/lespiculins.com\/pt-pt\/produto\/saco-pao-listras-rosa\/","title":{"rendered":"Mala Listras Rosa"},"content":{"rendered":"","protected":false},"excerpt":{"rendered":"<p>Saco de p\u00e3o em lonetita rosa com listras cruas em relevo. Com um delicado la\u00e7o bordado encaracolado em contorno, que lhe conferem um toque mais lingerie e cl\u00e1ssico.<\/p>\n<p>Reinventamos um cl\u00e1ssico: os nossos sacos de panera t\u00eam al\u00e7as &#8220;remover e colocar&#8221; para que possa lav\u00e1-las sem ter de lavar a mala inteira.<\/p>\n<p>Tamb\u00e9m tem uma pega comprida para pendurar no ombro.<\/p>\n<p>Lacas em plumeti cru, tamb\u00e9m de &#8220;remover e colocar&#8221;.<\/p>\n<p>O tom cru dos atacadores e listras do cesto de p\u00e3o, combinam \u00f3timo com o capuz original bugaboo branco fresco.<\/p>\n<p>Em Les Piculins tamb\u00e9m temos outros produtos para combinar com este saco de p\u00e3o, como o <a href=\"https:\/\/lespiculins.com\/producto\/saco-capazo-rayas-rosa\/\">Saco de Cesto Listrado Rosa,<\/a> <a href=\"https:\/\/lespiculins.com\/producto\/neceser-rayas-rosa\/\">Sanitas Listradas Cor-de-Rosa,<\/a> <a href=\"https:\/\/lespiculins.com\/producto\/cambiador-rayas-rosa\/\">Muda de Listrado Rosa.<\/a><\/p>\n","protected":false},"featured_media":34044,"template":"","meta":{"_joinchat":[]},"product_cat":[138],"product_tag":[356],"yoast_head":"<!-- This site is optimized with the Yoast SEO plugin v21.5 - https:\/\/yoast.com\/wordpress\/plugins\/seo\/ -->\n<title>Mala Listras Rosa - Les Piculins<\/title>\n<meta name=\"robots\" content=\"index, follow, max-snippet:-1, max-image-preview:large, max-video-preview:-1\" \/>\n<link rel=\"canonical\" href=\"https:\/\/lespiculins.com\/pt-pt\/produto\/saco-pao-listras-rosa\/\" \/>\n<meta property=\"og:locale\" content=\"pt_PT\" \/>\n<meta property=\"og:type\" content=\"article\" \/>\n<meta property=\"og:title\" content=\"Mala Listras Rosa - Les Piculins\" \/>\n<meta property=\"og:description\" content=\"Saco de p\u00e3o em lonetita rosa com listras cruas em relevo. Com um delicado la\u00e7o bordado encaracolado em contorno, que lhe conferem um toque mais lingerie e cl\u00e1ssico. Reinventamos um cl\u00e1ssico: os nossos sacos de panera t\u00eam al\u00e7as &quot;remover e colocar&quot; para que possa lav\u00e1-las sem ter de lavar a mala inteira. Tamb\u00e9m tem uma pega comprida para pendurar no ombro. Lacas em plumeti cru, tamb\u00e9m de &quot;remover e colocar&quot;. O tom cru dos atacadores e listras do cesto de p\u00e3o, combinam \u00f3timo com o capuz original bugaboo branco fresco. Em Les Piculins tamb\u00e9m temos outros produtos para combinar com este saco de p\u00e3o, como o Saco de Cesto Listrado Rosa, Sanitas Listradas Cor-de-Rosa, Muda de Listrado Rosa.\" \/>\n<meta property=\"og:url\" content=\"https:\/\/lespiculins.com\/pt-pt\/produto\/saco-pao-listras-rosa\/\" \/>\n<meta property=\"og:site_name\" content=\"Les Piculins\" \/>\n<meta property=\"og:image\" content=\"https:\/\/lespiculins.com\/wp-content\/uploads\/2021\/12\/bolso-rayas-rosa-0.jpg\" \/>\n\t<meta property=\"og:image:width\" content=\"1931\" \/>\n\t<meta property=\"og:image:height\" content=\"2095\" \/>\n\t<meta property=\"og:image:type\" content=\"image\/jpeg\" \/>\n<meta name=\"twitter:card\" content=\"summary_large_image\" \/>\n<script type=\"application\/ld+json\" class=\"yoast-schema-graph\">{\"@context\":\"https:\/\/schema.org\",\"@graph\":[{\"@type\":\"WebPage\",\"@id\":\"https:\/\/lespiculins.com\/pt-pt\/produto\/saco-pao-listras-rosa\/\",\"url\":\"https:\/\/lespiculins.com\/pt-pt\/produto\/saco-pao-listras-rosa\/\",\"name\":\"Mala Listras Rosa - Les Piculins\",\"isPartOf\":{\"@id\":\"https:\/\/lespiculins.com\/pt-pt\/#website\"},\"datePublished\":\"2022-01-27T09:20:08+00:00\",\"dateModified\":\"2022-01-27T09:20:08+00:00\",\"breadcrumb\":{\"@id\":\"https:\/\/lespiculins.com\/pt-pt\/produto\/saco-pao-listras-rosa\/#breadcrumb\"},\"inLanguage\":\"pt-PT\",\"potentialAction\":[{\"@type\":\"ReadAction\",\"target\":[\"https:\/\/lespiculins.com\/pt-pt\/produto\/saco-pao-listras-rosa\/\"]}]},{\"@type\":\"BreadcrumbList\",\"@id\":\"https:\/\/lespiculins.com\/pt-pt\/produto\/saco-pao-listras-rosa\/#breadcrumb\",\"itemListElement\":[{\"@type\":\"ListItem\",\"position\":1,\"name\":\"Portada\",\"item\":\"https:\/\/lespiculins.com\/pt-pt\/inicio\/\"},{\"@type\":\"ListItem\",\"position\":2,\"name\":\"Loja\",\"item\":\"https:\/\/lespiculins.com\/pt-pt\/loja\/\"},{\"@type\":\"ListItem\",\"position\":3,\"name\":\"Mala Listras Rosa\"}]},{\"@type\":\"WebSite\",\"@id\":\"https:\/\/lespiculins.com\/pt-pt\/#website\",\"url\":\"https:\/\/lespiculins.com\/pt-pt\/\",\"name\":\"Les Piculins\",\"description\":\"Fundas para carritos, bugaboo, maclaren, icoo, bebecar, mima...\",\"potentialAction\":[{\"@type\":\"SearchAction\",\"target\":{\"@type\":\"EntryPoint\",\"urlTemplate\":\"https:\/\/lespiculins.com\/pt-pt\/?s={search_term_string}\"},\"query-input\":\"required name=search_term_string\"}],\"inLanguage\":\"pt-PT\"}]}<\/script>\n<!-- \/ Yoast SEO plugin. -->","yoast_head_json":{"title":"Mala Listras Rosa - Les Piculins","robots":{"index":"index","follow":"follow","max-snippet":"max-snippet:-1","max-image-preview":"max-image-preview:large","max-video-preview":"max-video-preview:-1"},"canonical":"https:\/\/lespiculins.com\/pt-pt\/produto\/saco-pao-listras-rosa\/","og_locale":"pt_PT","og_type":"article","og_title":"Mala Listras Rosa - Les Piculins","og_description":"Saco de p\u00e3o em lonetita rosa com listras cruas em relevo. Com um delicado la\u00e7o bordado encaracolado em contorno, que lhe conferem um toque mais lingerie e cl\u00e1ssico. Reinventamos um cl\u00e1ssico: os nossos sacos de panera t\u00eam al\u00e7as \"remover e colocar\" para que possa lav\u00e1-las sem ter de lavar a mala inteira. Tamb\u00e9m tem uma pega comprida para pendurar no ombro. Lacas em plumeti cru, tamb\u00e9m de \"remover e colocar\". O tom cru dos atacadores e listras do cesto de p\u00e3o, combinam \u00f3timo com o capuz original bugaboo branco fresco. Em Les Piculins tamb\u00e9m temos outros produtos para combinar com este saco de p\u00e3o, como o Saco de Cesto Listrado Rosa, Sanitas Listradas Cor-de-Rosa, Muda de Listrado Rosa.","og_url":"https:\/\/lespiculins.com\/pt-pt\/produto\/saco-pao-listras-rosa\/","og_site_name":"Les Piculins","og_image":[{"width":1931,"height":2095,"url":"https:\/\/lespiculins.com\/wp-content\/uploads\/2021\/12\/bolso-rayas-rosa-0.jpg","type":"image\/jpeg"}],"twitter_card":"summary_large_image","schema":{"@context":"https:\/\/schema.org","@graph":[{"@type":"WebPage","@id":"https:\/\/lespiculins.com\/pt-pt\/produto\/saco-pao-listras-rosa\/","url":"https:\/\/lespiculins.com\/pt-pt\/produto\/saco-pao-listras-rosa\/","name":"Mala Listras Rosa - Les Piculins","isPartOf":{"@id":"https:\/\/lespiculins.com\/pt-pt\/#website"},"datePublished":"2022-01-27T09:20:08+00:00","dateModified":"2022-01-27T09:20:08+00:00","breadcrumb":{"@id":"https:\/\/lespiculins.com\/pt-pt\/produto\/saco-pao-listras-rosa\/#breadcrumb"},"inLanguage":"pt-PT","potentialAction":[{"@type":"ReadAction","target":["https:\/\/lespiculins.com\/pt-pt\/produto\/saco-pao-listras-rosa\/"]}]},{"@type":"BreadcrumbList","@id":"https:\/\/lespiculins.com\/pt-pt\/produto\/saco-pao-listras-rosa\/#breadcrumb","itemListElement":[{"@type":"ListItem","position":1,"name":"Portada","item":"https:\/\/lespiculins.com\/pt-pt\/inicio\/"},{"@type":"ListItem","position":2,"name":"Loja","item":"https:\/\/lespiculins.com\/pt-pt\/loja\/"},{"@type":"ListItem","position":3,"name":"Mala Listras Rosa"}]},{"@type":"WebSite","@id":"https:\/\/lespiculins.com\/pt-pt\/#website","url":"https:\/\/lespiculins.com\/pt-pt\/","name":"Les Piculins","description":"Fundas para carritos, bugaboo, maclaren, icoo, bebecar, mima...","potentialAction":[{"@type":"SearchAction","target":{"@type":"EntryPoint","urlTemplate":"https:\/\/lespiculins.com\/pt-pt\/?s={search_term_string}"},"query-input":"required name=search_term_string"}],"inLanguage":"pt-PT"}]}},"_links":{"self":[{"href":"https:\/\/lespiculins.com\/pt-pt\/wp-json\/wp\/v2\/product\/34198"}],"collection":[{"href":"https:\/\/lespiculins.com\/pt-pt\/wp-json\/wp\/v2\/product"}],"about":[{"href":"https:\/\/lespiculins.com\/pt-pt\/wp-json\/wp\/v2\/types\/product"}],"wp:featuredmedia":[{"embeddable":true,"href":"https:\/\/lespiculins.com\/pt-pt\/wp-json\/wp\/v2\/media\/34044"}],"wp:attachment":[{"href":"https:\/\/lespiculins.com\/pt-pt\/wp-json\/wp\/v2\/media?parent=34198"}],"wp:term":[{"taxonomy":"product_cat","embeddable":true,"href":"https:\/\/lespiculins.com\/pt-pt\/wp-json\/wp\/v2\/product_cat?post=34198"},{"taxonomy":"product_tag","embeddable":true,"href":"https:\/\/lespiculins.com\/pt-pt\/wp-json\/wp\/v2\/product_tag?post=34198"}],"curies":[{"name":"wp","href":"https:\/\/api.w.org\/{rel}","templated":true}]}}