{"id":34189,"date":"2021-11-26T13:45:52","date_gmt":"2022-01-25T13:49:58","guid":{"rendered":"https:\/\/lespiculins.com\/producto\/necessaire-vichy-lino\/"},"modified":"2022-01-25T14:49:58","modified_gmt":"2022-01-25T13:49:58","slug":"neceser-vichy-lino-2","status":"publish","type":"product","link":"https:\/\/lespiculins.com\/pt-pt\/produto\/neceser-vichy-lino-2\/","title":{"rendered":"N\u00e9cessaire Vichy Lino"},"content":{"rendered":"","protected":false},"excerpt":{"rendered":"<p>Um complemento que n\u00e3o pode faltar do cesto do seu beb\u00e9.<\/p>\n<p>Produtos de higiene pessoal para armazenar as fraldas, toalhetes, creme de fraldas e tudo o que \u00e9 essencial para o seu cuidado. E quando o seu beb\u00e9 n\u00e3o precisar, ser\u00e1 um lugar perfeito para guardar a sua maquilhagem e pequenos detalhes.<\/p>\n<p>Combine-o com a nossa mala e o trocador correspondente.<\/p>\n","protected":false},"featured_media":33416,"template":"","meta":{"_joinchat":[]},"product_cat":[109],"product_tag":[329],"yoast_head":"<!-- This site is optimized with the Yoast SEO plugin v21.5 - https:\/\/yoast.com\/wordpress\/plugins\/seo\/ -->\n<title>N\u00e9cessaire Vichy Lino - Les Piculins<\/title>\n<meta name=\"robots\" content=\"index, follow, max-snippet:-1, max-image-preview:large, max-video-preview:-1\" \/>\n<link rel=\"canonical\" href=\"https:\/\/lespiculins.com\/pt-pt\/produto\/neceser-vichy-lino-2\/\" \/>\n<meta property=\"og:locale\" content=\"pt_PT\" \/>\n<meta property=\"og:type\" content=\"article\" \/>\n<meta property=\"og:title\" content=\"N\u00e9cessaire Vichy Lino - Les Piculins\" \/>\n<meta property=\"og:description\" content=\"Um complemento que n\u00e3o pode faltar do cesto do seu beb\u00e9. Produtos de higiene pessoal para armazenar as fraldas, toalhetes, creme de fraldas e tudo o que \u00e9 essencial para o seu cuidado. E quando o seu beb\u00e9 n\u00e3o precisar, ser\u00e1 um lugar perfeito para guardar a sua maquilhagem e pequenos detalhes. Combine-o com a nossa mala e o trocador correspondente.\" \/>\n<meta property=\"og:url\" content=\"https:\/\/lespiculins.com\/pt-pt\/produto\/neceser-vichy-lino-2\/\" \/>\n<meta property=\"og:site_name\" content=\"Les Piculins\" \/>\n<meta property=\"og:image\" content=\"https:\/\/lespiculins.com\/wp-content\/uploads\/2021\/11\/Neceser-piedra.jpg\" \/>\n\t<meta property=\"og:image:width\" content=\"1080\" \/>\n\t<meta property=\"og:image:height\" content=\"810\" \/>\n\t<meta property=\"og:image:type\" content=\"image\/jpeg\" \/>\n<meta name=\"twitter:card\" content=\"summary_large_image\" \/>\n<script type=\"application\/ld+json\" class=\"yoast-schema-graph\">{\"@context\":\"https:\/\/schema.org\",\"@graph\":[{\"@type\":\"WebPage\",\"@id\":\"https:\/\/lespiculins.com\/pt-pt\/produto\/neceser-vichy-lino-2\/\",\"url\":\"https:\/\/lespiculins.com\/pt-pt\/produto\/neceser-vichy-lino-2\/\",\"name\":\"N\u00e9cessaire Vichy Lino - Les Piculins\",\"isPartOf\":{\"@id\":\"https:\/\/lespiculins.com\/pt-pt\/#website\"},\"datePublished\":\"2022-01-25T13:49:58+00:00\",\"dateModified\":\"2022-01-25T13:49:58+00:00\",\"breadcrumb\":{\"@id\":\"https:\/\/lespiculins.com\/pt-pt\/produto\/neceser-vichy-lino-2\/#breadcrumb\"},\"inLanguage\":\"pt-PT\",\"potentialAction\":[{\"@type\":\"ReadAction\",\"target\":[\"https:\/\/lespiculins.com\/pt-pt\/produto\/neceser-vichy-lino-2\/\"]}]},{\"@type\":\"BreadcrumbList\",\"@id\":\"https:\/\/lespiculins.com\/pt-pt\/produto\/neceser-vichy-lino-2\/#breadcrumb\",\"itemListElement\":[{\"@type\":\"ListItem\",\"position\":1,\"name\":\"Portada\",\"item\":\"https:\/\/lespiculins.com\/pt-pt\/inicio\/\"},{\"@type\":\"ListItem\",\"position\":2,\"name\":\"Loja\",\"item\":\"https:\/\/lespiculins.com\/pt-pt\/loja\/\"},{\"@type\":\"ListItem\",\"position\":3,\"name\":\"N\u00e9cessaire Vichy Lino\"}]},{\"@type\":\"WebSite\",\"@id\":\"https:\/\/lespiculins.com\/pt-pt\/#website\",\"url\":\"https:\/\/lespiculins.com\/pt-pt\/\",\"name\":\"Les Piculins\",\"description\":\"Fundas para carritos, bugaboo, maclaren, icoo, bebecar, mima...\",\"potentialAction\":[{\"@type\":\"SearchAction\",\"target\":{\"@type\":\"EntryPoint\",\"urlTemplate\":\"https:\/\/lespiculins.com\/pt-pt\/?s={search_term_string}\"},\"query-input\":\"required name=search_term_string\"}],\"inLanguage\":\"pt-PT\"}]}<\/script>\n<!-- \/ Yoast SEO plugin. -->","yoast_head_json":{"title":"N\u00e9cessaire Vichy Lino - Les Piculins","robots":{"index":"index","follow":"follow","max-snippet":"max-snippet:-1","max-image-preview":"max-image-preview:large","max-video-preview":"max-video-preview:-1"},"canonical":"https:\/\/lespiculins.com\/pt-pt\/produto\/neceser-vichy-lino-2\/","og_locale":"pt_PT","og_type":"article","og_title":"N\u00e9cessaire Vichy Lino - Les Piculins","og_description":"Um complemento que n\u00e3o pode faltar do cesto do seu beb\u00e9. Produtos de higiene pessoal para armazenar as fraldas, toalhetes, creme de fraldas e tudo o que \u00e9 essencial para o seu cuidado. E quando o seu beb\u00e9 n\u00e3o precisar, ser\u00e1 um lugar perfeito para guardar a sua maquilhagem e pequenos detalhes. Combine-o com a nossa mala e o trocador correspondente.","og_url":"https:\/\/lespiculins.com\/pt-pt\/produto\/neceser-vichy-lino-2\/","og_site_name":"Les Piculins","og_image":[{"width":1080,"height":810,"url":"https:\/\/lespiculins.com\/wp-content\/uploads\/2021\/11\/Neceser-piedra.jpg","type":"image\/jpeg"}],"twitter_card":"summary_large_image","schema":{"@context":"https:\/\/schema.org","@graph":[{"@type":"WebPage","@id":"https:\/\/lespiculins.com\/pt-pt\/produto\/neceser-vichy-lino-2\/","url":"https:\/\/lespiculins.com\/pt-pt\/produto\/neceser-vichy-lino-2\/","name":"N\u00e9cessaire Vichy Lino - Les Piculins","isPartOf":{"@id":"https:\/\/lespiculins.com\/pt-pt\/#website"},"datePublished":"2022-01-25T13:49:58+00:00","dateModified":"2022-01-25T13:49:58+00:00","breadcrumb":{"@id":"https:\/\/lespiculins.com\/pt-pt\/produto\/neceser-vichy-lino-2\/#breadcrumb"},"inLanguage":"pt-PT","potentialAction":[{"@type":"ReadAction","target":["https:\/\/lespiculins.com\/pt-pt\/produto\/neceser-vichy-lino-2\/"]}]},{"@type":"BreadcrumbList","@id":"https:\/\/lespiculins.com\/pt-pt\/produto\/neceser-vichy-lino-2\/#breadcrumb","itemListElement":[{"@type":"ListItem","position":1,"name":"Portada","item":"https:\/\/lespiculins.com\/pt-pt\/inicio\/"},{"@type":"ListItem","position":2,"name":"Loja","item":"https:\/\/lespiculins.com\/pt-pt\/loja\/"},{"@type":"ListItem","position":3,"name":"N\u00e9cessaire Vichy Lino"}]},{"@type":"WebSite","@id":"https:\/\/lespiculins.com\/pt-pt\/#website","url":"https:\/\/lespiculins.com\/pt-pt\/","name":"Les Piculins","description":"Fundas para carritos, bugaboo, maclaren, icoo, bebecar, mima...","potentialAction":[{"@type":"SearchAction","target":{"@type":"EntryPoint","urlTemplate":"https:\/\/lespiculins.com\/pt-pt\/?s={search_term_string}"},"query-input":"required name=search_term_string"}],"inLanguage":"pt-PT"}]}},"_links":{"self":[{"href":"https:\/\/lespiculins.com\/pt-pt\/wp-json\/wp\/v2\/product\/34189"}],"collection":[{"href":"https:\/\/lespiculins.com\/pt-pt\/wp-json\/wp\/v2\/product"}],"about":[{"href":"https:\/\/lespiculins.com\/pt-pt\/wp-json\/wp\/v2\/types\/product"}],"wp:featuredmedia":[{"embeddable":true,"href":"https:\/\/lespiculins.com\/pt-pt\/wp-json\/wp\/v2\/media\/33416"}],"wp:attachment":[{"href":"https:\/\/lespiculins.com\/pt-pt\/wp-json\/wp\/v2\/media?parent=34189"}],"wp:term":[{"taxonomy":"product_cat","embeddable":true,"href":"https:\/\/lespiculins.com\/pt-pt\/wp-json\/wp\/v2\/product_cat?post=34189"},{"taxonomy":"product_tag","embeddable":true,"href":"https:\/\/lespiculins.com\/pt-pt\/wp-json\/wp\/v2\/product_tag?post=34189"}],"curies":[{"name":"wp","href":"https:\/\/api.w.org\/{rel}","templated":true}]}}