{"id":34185,"date":"2021-12-20T13:30:26","date_gmt":"2022-01-25T13:48:04","guid":{"rendered":"https:\/\/lespiculins.com\/producto\/necessaire-riscas-rosa\/"},"modified":"2022-01-25T14:48:04","modified_gmt":"2022-01-25T13:48:04","slug":"neceser-listras-rosa","status":"publish","type":"product","link":"https:\/\/lespiculins.com\/pt-pt\/produto\/neceser-listras-rosa\/","title":{"rendered":"N\u00e9cessaire riscas rosa"},"content":{"rendered":"","protected":false},"excerpt":{"rendered":"<p>N\u00e9cessaire em lonetita rosa macia com listras cruas em relevo. Com detalhes de uma delicada tira bordada encaracolada e acabamento rosa.<\/p>\n<p>Tem um interior imperme\u00e1vel. Ideal para armazenar fraldas, toalhetes e sua cremita, bem como tudo o que \u00e9 essencial para o seu cuidado.<\/p>\n<p>Tamb\u00e9m quando o seu beb\u00e9 n\u00e3o precisa, pode us\u00e1-lo para si mesmo, \u00e9 ideal para armazenar a sua maquilhagem e pequenos detalhes.<\/p>\n<p>Voc\u00ea pode combin\u00e1-lo com outras coisas da mesma cole\u00e7\u00e3o, como o <a href=\"https:\/\/lespiculins.com\/producto\/saco-capazo-rayas-rosa\/\">saco de cesto listrado rosa,<\/a> saco de <a href=\"https:\/\/lespiculins.com\/producto\/bolsa-panera-rayas-rosa\/\">p\u00e3o listrado<\/a> rosa e <a href=\"https:\/\/lespiculins.com\/producto\/cambiador-rayas-rosa\/\">mudan\u00e7a de listrado rosa.<\/a><\/p>\n<p>Tamanho 28 x 15 x 8 cm<\/p>\n","protected":false},"featured_media":34085,"template":"","meta":{"_joinchat":[]},"product_cat":[109],"product_tag":[356],"yoast_head":"<!-- This site is optimized with the Yoast SEO plugin v21.5 - https:\/\/yoast.com\/wordpress\/plugins\/seo\/ -->\n<title>N\u00e9cessaire riscas rosa - Les Piculins<\/title>\n<meta name=\"robots\" content=\"index, follow, max-snippet:-1, max-image-preview:large, max-video-preview:-1\" \/>\n<link rel=\"canonical\" href=\"https:\/\/lespiculins.com\/pt-pt\/produto\/neceser-listras-rosa\/\" \/>\n<meta property=\"og:locale\" content=\"pt_PT\" \/>\n<meta property=\"og:type\" content=\"article\" \/>\n<meta property=\"og:title\" content=\"N\u00e9cessaire riscas rosa - Les Piculins\" \/>\n<meta property=\"og:description\" content=\"N\u00e9cessaire em lonetita rosa macia com listras cruas em relevo. Com detalhes de uma delicada tira bordada encaracolada e acabamento rosa. Tem um interior imperme\u00e1vel. Ideal para armazenar fraldas, toalhetes e sua cremita, bem como tudo o que \u00e9 essencial para o seu cuidado. Tamb\u00e9m quando o seu beb\u00e9 n\u00e3o precisa, pode us\u00e1-lo para si mesmo, \u00e9 ideal para armazenar a sua maquilhagem e pequenos detalhes. Voc\u00ea pode combin\u00e1-lo com outras coisas da mesma cole\u00e7\u00e3o, como o saco de cesto listrado rosa, saco de p\u00e3o listrado rosa e mudan\u00e7a de listrado rosa. Tamanho 28 x 15 x 8 cm\" \/>\n<meta property=\"og:url\" content=\"https:\/\/lespiculins.com\/pt-pt\/produto\/neceser-listras-rosa\/\" \/>\n<meta property=\"og:site_name\" content=\"Les Piculins\" \/>\n<meta property=\"og:image\" content=\"https:\/\/lespiculins.com\/wp-content\/uploads\/2021\/12\/neceser-rayas-rosa-2-scaled.jpg\" \/>\n\t<meta property=\"og:image:width\" content=\"2560\" \/>\n\t<meta property=\"og:image:height\" content=\"1816\" \/>\n\t<meta property=\"og:image:type\" content=\"image\/jpeg\" \/>\n<meta name=\"twitter:card\" content=\"summary_large_image\" \/>\n<script type=\"application\/ld+json\" class=\"yoast-schema-graph\">{\"@context\":\"https:\/\/schema.org\",\"@graph\":[{\"@type\":\"WebPage\",\"@id\":\"https:\/\/lespiculins.com\/pt-pt\/produto\/neceser-listras-rosa\/\",\"url\":\"https:\/\/lespiculins.com\/pt-pt\/produto\/neceser-listras-rosa\/\",\"name\":\"N\u00e9cessaire riscas rosa - Les Piculins\",\"isPartOf\":{\"@id\":\"https:\/\/lespiculins.com\/pt-pt\/#website\"},\"datePublished\":\"2022-01-25T13:48:04+00:00\",\"dateModified\":\"2022-01-25T13:48:04+00:00\",\"breadcrumb\":{\"@id\":\"https:\/\/lespiculins.com\/pt-pt\/produto\/neceser-listras-rosa\/#breadcrumb\"},\"inLanguage\":\"pt-PT\",\"potentialAction\":[{\"@type\":\"ReadAction\",\"target\":[\"https:\/\/lespiculins.com\/pt-pt\/produto\/neceser-listras-rosa\/\"]}]},{\"@type\":\"BreadcrumbList\",\"@id\":\"https:\/\/lespiculins.com\/pt-pt\/produto\/neceser-listras-rosa\/#breadcrumb\",\"itemListElement\":[{\"@type\":\"ListItem\",\"position\":1,\"name\":\"Portada\",\"item\":\"https:\/\/lespiculins.com\/pt-pt\/inicio\/\"},{\"@type\":\"ListItem\",\"position\":2,\"name\":\"Loja\",\"item\":\"https:\/\/lespiculins.com\/pt-pt\/loja\/\"},{\"@type\":\"ListItem\",\"position\":3,\"name\":\"N\u00e9cessaire riscas rosa\"}]},{\"@type\":\"WebSite\",\"@id\":\"https:\/\/lespiculins.com\/pt-pt\/#website\",\"url\":\"https:\/\/lespiculins.com\/pt-pt\/\",\"name\":\"Les Piculins\",\"description\":\"Fundas para carritos, bugaboo, maclaren, icoo, bebecar, mima...\",\"potentialAction\":[{\"@type\":\"SearchAction\",\"target\":{\"@type\":\"EntryPoint\",\"urlTemplate\":\"https:\/\/lespiculins.com\/pt-pt\/?s={search_term_string}\"},\"query-input\":\"required name=search_term_string\"}],\"inLanguage\":\"pt-PT\"}]}<\/script>\n<!-- \/ Yoast SEO plugin. -->","yoast_head_json":{"title":"N\u00e9cessaire riscas rosa - Les Piculins","robots":{"index":"index","follow":"follow","max-snippet":"max-snippet:-1","max-image-preview":"max-image-preview:large","max-video-preview":"max-video-preview:-1"},"canonical":"https:\/\/lespiculins.com\/pt-pt\/produto\/neceser-listras-rosa\/","og_locale":"pt_PT","og_type":"article","og_title":"N\u00e9cessaire riscas rosa - Les Piculins","og_description":"N\u00e9cessaire em lonetita rosa macia com listras cruas em relevo. Com detalhes de uma delicada tira bordada encaracolada e acabamento rosa. Tem um interior imperme\u00e1vel. Ideal para armazenar fraldas, toalhetes e sua cremita, bem como tudo o que \u00e9 essencial para o seu cuidado. Tamb\u00e9m quando o seu beb\u00e9 n\u00e3o precisa, pode us\u00e1-lo para si mesmo, \u00e9 ideal para armazenar a sua maquilhagem e pequenos detalhes. Voc\u00ea pode combin\u00e1-lo com outras coisas da mesma cole\u00e7\u00e3o, como o saco de cesto listrado rosa, saco de p\u00e3o listrado rosa e mudan\u00e7a de listrado rosa. Tamanho 28 x 15 x 8 cm","og_url":"https:\/\/lespiculins.com\/pt-pt\/produto\/neceser-listras-rosa\/","og_site_name":"Les Piculins","og_image":[{"width":2560,"height":1816,"url":"https:\/\/lespiculins.com\/wp-content\/uploads\/2021\/12\/neceser-rayas-rosa-2-scaled.jpg","type":"image\/jpeg"}],"twitter_card":"summary_large_image","schema":{"@context":"https:\/\/schema.org","@graph":[{"@type":"WebPage","@id":"https:\/\/lespiculins.com\/pt-pt\/produto\/neceser-listras-rosa\/","url":"https:\/\/lespiculins.com\/pt-pt\/produto\/neceser-listras-rosa\/","name":"N\u00e9cessaire riscas rosa - Les Piculins","isPartOf":{"@id":"https:\/\/lespiculins.com\/pt-pt\/#website"},"datePublished":"2022-01-25T13:48:04+00:00","dateModified":"2022-01-25T13:48:04+00:00","breadcrumb":{"@id":"https:\/\/lespiculins.com\/pt-pt\/produto\/neceser-listras-rosa\/#breadcrumb"},"inLanguage":"pt-PT","potentialAction":[{"@type":"ReadAction","target":["https:\/\/lespiculins.com\/pt-pt\/produto\/neceser-listras-rosa\/"]}]},{"@type":"BreadcrumbList","@id":"https:\/\/lespiculins.com\/pt-pt\/produto\/neceser-listras-rosa\/#breadcrumb","itemListElement":[{"@type":"ListItem","position":1,"name":"Portada","item":"https:\/\/lespiculins.com\/pt-pt\/inicio\/"},{"@type":"ListItem","position":2,"name":"Loja","item":"https:\/\/lespiculins.com\/pt-pt\/loja\/"},{"@type":"ListItem","position":3,"name":"N\u00e9cessaire riscas rosa"}]},{"@type":"WebSite","@id":"https:\/\/lespiculins.com\/pt-pt\/#website","url":"https:\/\/lespiculins.com\/pt-pt\/","name":"Les Piculins","description":"Fundas para carritos, bugaboo, maclaren, icoo, bebecar, mima...","potentialAction":[{"@type":"SearchAction","target":{"@type":"EntryPoint","urlTemplate":"https:\/\/lespiculins.com\/pt-pt\/?s={search_term_string}"},"query-input":"required name=search_term_string"}],"inLanguage":"pt-PT"}]}},"_links":{"self":[{"href":"https:\/\/lespiculins.com\/pt-pt\/wp-json\/wp\/v2\/product\/34185"}],"collection":[{"href":"https:\/\/lespiculins.com\/pt-pt\/wp-json\/wp\/v2\/product"}],"about":[{"href":"https:\/\/lespiculins.com\/pt-pt\/wp-json\/wp\/v2\/types\/product"}],"wp:featuredmedia":[{"embeddable":true,"href":"https:\/\/lespiculins.com\/pt-pt\/wp-json\/wp\/v2\/media\/34085"}],"wp:attachment":[{"href":"https:\/\/lespiculins.com\/pt-pt\/wp-json\/wp\/v2\/media?parent=34185"}],"wp:term":[{"taxonomy":"product_cat","embeddable":true,"href":"https:\/\/lespiculins.com\/pt-pt\/wp-json\/wp\/v2\/product_cat?post=34185"},{"taxonomy":"product_tag","embeddable":true,"href":"https:\/\/lespiculins.com\/pt-pt\/wp-json\/wp\/v2\/product_tag?post=34185"}],"curies":[{"name":"wp","href":"https:\/\/api.w.org\/{rel}","templated":true}]}}