{"id":34184,"date":"2021-12-02T13:03:41","date_gmt":"2022-01-25T13:30:40","guid":{"rendered":"https:\/\/lespiculins.com\/producto\/trocador-combinado-liberty-e-vichy-aqua\/"},"modified":"2023-07-11T07:29:21","modified_gmt":"2023-07-11T05:29:21","slug":"changer-combinado-liberdade-e-vichy-aqua","status":"publish","type":"product","link":"https:\/\/lespiculins.com\/pt-pt\/produto\/changer-combinado-liberdade-e-vichy-aqua\/","title":{"rendered":"Trocador Combinado Liberty e Vichy Aqua"},"content":{"rendered":"","protected":false},"excerpt":{"rendered":"<p>Trocador com interior imperme\u00e1vel macio e toque de veludo. O seu tamanho \u00e9 perfeito para ser usado tanto em casa como na rua quando vai dar um passeio com o seu beb\u00e9. Fa\u00e7a com que as fraldas do beb\u00e9 mudem de fraldas e se carreguem mais com a nossa saborosa mesa de mudan\u00e7as.<\/p>\n<p>Em Liberty London de pequenas flores combinadas com Vichy em tons Aqua, para que voc\u00ea possa combin\u00e1-lo com os acess\u00f3rios da cole\u00e7\u00e3o Liberty e os da cole\u00e7\u00e3o Vichy. Gostamos de cuidar dos detalhes para que as nossas mesas de troca tenham um bot\u00e3o de madeira e um bot\u00e3o de madeira que lhes d\u00e1 um toque muito especial.<\/p>\n","protected":false},"featured_media":33597,"template":"","meta":{"_joinchat":[]},"product_cat":[115],"product_tag":[307,326],"yoast_head":"<!-- This site is optimized with the Yoast SEO plugin v21.5 - https:\/\/yoast.com\/wordpress\/plugins\/seo\/ -->\n<title>Trocador Combinado Liberty e Vichy Aqua - Les Piculins<\/title>\n<meta name=\"robots\" content=\"index, follow, max-snippet:-1, max-image-preview:large, max-video-preview:-1\" \/>\n<link rel=\"canonical\" href=\"https:\/\/lespiculins.com\/pt-pt\/produto\/changer-combinado-liberdade-e-vichy-aqua\/\" \/>\n<meta property=\"og:locale\" content=\"pt_PT\" \/>\n<meta property=\"og:type\" content=\"article\" \/>\n<meta property=\"og:title\" content=\"Trocador Combinado Liberty e Vichy Aqua - Les Piculins\" \/>\n<meta property=\"og:description\" content=\"Trocador com interior imperme\u00e1vel macio e toque de veludo. O seu tamanho \u00e9 perfeito para ser usado tanto em casa como na rua quando vai dar um passeio com o seu beb\u00e9. Fa\u00e7a com que as fraldas do beb\u00e9 mudem de fraldas e se carreguem mais com a nossa saborosa mesa de mudan\u00e7as. Em Liberty London de pequenas flores combinadas com Vichy em tons Aqua, para que voc\u00ea possa combin\u00e1-lo com os acess\u00f3rios da cole\u00e7\u00e3o Liberty e os da cole\u00e7\u00e3o Vichy. Gostamos de cuidar dos detalhes para que as nossas mesas de troca tenham um bot\u00e3o de madeira e um bot\u00e3o de madeira que lhes d\u00e1 um toque muito especial.\" \/>\n<meta property=\"og:url\" content=\"https:\/\/lespiculins.com\/pt-pt\/produto\/changer-combinado-liberdade-e-vichy-aqua\/\" \/>\n<meta property=\"og:site_name\" content=\"Les Piculins\" \/>\n<meta property=\"article:modified_time\" content=\"2023-07-11T05:29:21+00:00\" \/>\n<meta name=\"twitter:card\" content=\"summary_large_image\" \/>\n<script type=\"application\/ld+json\" class=\"yoast-schema-graph\">{\"@context\":\"https:\/\/schema.org\",\"@graph\":[{\"@type\":\"WebPage\",\"@id\":\"https:\/\/lespiculins.com\/pt-pt\/produto\/changer-combinado-liberdade-e-vichy-aqua\/\",\"url\":\"https:\/\/lespiculins.com\/pt-pt\/produto\/changer-combinado-liberdade-e-vichy-aqua\/\",\"name\":\"Trocador Combinado Liberty e Vichy Aqua - Les Piculins\",\"isPartOf\":{\"@id\":\"https:\/\/lespiculins.com\/pt-pt\/#website\"},\"datePublished\":\"2022-01-25T13:30:40+00:00\",\"dateModified\":\"2023-07-11T05:29:21+00:00\",\"breadcrumb\":{\"@id\":\"https:\/\/lespiculins.com\/pt-pt\/produto\/changer-combinado-liberdade-e-vichy-aqua\/#breadcrumb\"},\"inLanguage\":\"pt-PT\",\"potentialAction\":[{\"@type\":\"ReadAction\",\"target\":[\"https:\/\/lespiculins.com\/pt-pt\/produto\/changer-combinado-liberdade-e-vichy-aqua\/\"]}]},{\"@type\":\"BreadcrumbList\",\"@id\":\"https:\/\/lespiculins.com\/pt-pt\/produto\/changer-combinado-liberdade-e-vichy-aqua\/#breadcrumb\",\"itemListElement\":[{\"@type\":\"ListItem\",\"position\":1,\"name\":\"Portada\",\"item\":\"https:\/\/lespiculins.com\/pt-pt\/inicio\/\"},{\"@type\":\"ListItem\",\"position\":2,\"name\":\"Loja\",\"item\":\"https:\/\/lespiculins.com\/pt-pt\/loja\/\"},{\"@type\":\"ListItem\",\"position\":3,\"name\":\"Trocador Combinado Liberty e Vichy Aqua\"}]},{\"@type\":\"WebSite\",\"@id\":\"https:\/\/lespiculins.com\/pt-pt\/#website\",\"url\":\"https:\/\/lespiculins.com\/pt-pt\/\",\"name\":\"Les Piculins\",\"description\":\"Fundas para carritos, bugaboo, maclaren, icoo, bebecar, mima...\",\"potentialAction\":[{\"@type\":\"SearchAction\",\"target\":{\"@type\":\"EntryPoint\",\"urlTemplate\":\"https:\/\/lespiculins.com\/pt-pt\/?s={search_term_string}\"},\"query-input\":\"required name=search_term_string\"}],\"inLanguage\":\"pt-PT\"}]}<\/script>\n<!-- \/ Yoast SEO plugin. -->","yoast_head_json":{"title":"Trocador Combinado Liberty e Vichy Aqua - Les Piculins","robots":{"index":"index","follow":"follow","max-snippet":"max-snippet:-1","max-image-preview":"max-image-preview:large","max-video-preview":"max-video-preview:-1"},"canonical":"https:\/\/lespiculins.com\/pt-pt\/produto\/changer-combinado-liberdade-e-vichy-aqua\/","og_locale":"pt_PT","og_type":"article","og_title":"Trocador Combinado Liberty e Vichy Aqua - Les Piculins","og_description":"Trocador com interior imperme\u00e1vel macio e toque de veludo. O seu tamanho \u00e9 perfeito para ser usado tanto em casa como na rua quando vai dar um passeio com o seu beb\u00e9. Fa\u00e7a com que as fraldas do beb\u00e9 mudem de fraldas e se carreguem mais com a nossa saborosa mesa de mudan\u00e7as. Em Liberty London de pequenas flores combinadas com Vichy em tons Aqua, para que voc\u00ea possa combin\u00e1-lo com os acess\u00f3rios da cole\u00e7\u00e3o Liberty e os da cole\u00e7\u00e3o Vichy. Gostamos de cuidar dos detalhes para que as nossas mesas de troca tenham um bot\u00e3o de madeira e um bot\u00e3o de madeira que lhes d\u00e1 um toque muito especial.","og_url":"https:\/\/lespiculins.com\/pt-pt\/produto\/changer-combinado-liberdade-e-vichy-aqua\/","og_site_name":"Les Piculins","article_modified_time":"2023-07-11T05:29:21+00:00","twitter_card":"summary_large_image","schema":{"@context":"https:\/\/schema.org","@graph":[{"@type":"WebPage","@id":"https:\/\/lespiculins.com\/pt-pt\/produto\/changer-combinado-liberdade-e-vichy-aqua\/","url":"https:\/\/lespiculins.com\/pt-pt\/produto\/changer-combinado-liberdade-e-vichy-aqua\/","name":"Trocador Combinado Liberty e Vichy Aqua - Les Piculins","isPartOf":{"@id":"https:\/\/lespiculins.com\/pt-pt\/#website"},"datePublished":"2022-01-25T13:30:40+00:00","dateModified":"2023-07-11T05:29:21+00:00","breadcrumb":{"@id":"https:\/\/lespiculins.com\/pt-pt\/produto\/changer-combinado-liberdade-e-vichy-aqua\/#breadcrumb"},"inLanguage":"pt-PT","potentialAction":[{"@type":"ReadAction","target":["https:\/\/lespiculins.com\/pt-pt\/produto\/changer-combinado-liberdade-e-vichy-aqua\/"]}]},{"@type":"BreadcrumbList","@id":"https:\/\/lespiculins.com\/pt-pt\/produto\/changer-combinado-liberdade-e-vichy-aqua\/#breadcrumb","itemListElement":[{"@type":"ListItem","position":1,"name":"Portada","item":"https:\/\/lespiculins.com\/pt-pt\/inicio\/"},{"@type":"ListItem","position":2,"name":"Loja","item":"https:\/\/lespiculins.com\/pt-pt\/loja\/"},{"@type":"ListItem","position":3,"name":"Trocador Combinado Liberty e Vichy Aqua"}]},{"@type":"WebSite","@id":"https:\/\/lespiculins.com\/pt-pt\/#website","url":"https:\/\/lespiculins.com\/pt-pt\/","name":"Les Piculins","description":"Fundas para carritos, bugaboo, maclaren, icoo, bebecar, mima...","potentialAction":[{"@type":"SearchAction","target":{"@type":"EntryPoint","urlTemplate":"https:\/\/lespiculins.com\/pt-pt\/?s={search_term_string}"},"query-input":"required name=search_term_string"}],"inLanguage":"pt-PT"}]}},"_links":{"self":[{"href":"https:\/\/lespiculins.com\/pt-pt\/wp-json\/wp\/v2\/product\/34184"}],"collection":[{"href":"https:\/\/lespiculins.com\/pt-pt\/wp-json\/wp\/v2\/product"}],"about":[{"href":"https:\/\/lespiculins.com\/pt-pt\/wp-json\/wp\/v2\/types\/product"}],"wp:featuredmedia":[{"embeddable":true,"href":"https:\/\/lespiculins.com\/pt-pt\/wp-json\/wp\/v2\/media\/33597"}],"wp:attachment":[{"href":"https:\/\/lespiculins.com\/pt-pt\/wp-json\/wp\/v2\/media?parent=34184"}],"wp:term":[{"taxonomy":"product_cat","embeddable":true,"href":"https:\/\/lespiculins.com\/pt-pt\/wp-json\/wp\/v2\/product_cat?post=34184"},{"taxonomy":"product_tag","embeddable":true,"href":"https:\/\/lespiculins.com\/pt-pt\/wp-json\/wp\/v2\/product_tag?post=34184"}],"curies":[{"name":"wp","href":"https:\/\/api.w.org\/{rel}","templated":true}]}}