{"id":34183,"date":"2021-12-02T13:10:58","date_gmt":"2022-01-25T13:29:43","guid":{"rendered":"https:\/\/lespiculins.com\/producto\/vichy-black-trocador\/"},"modified":"2022-01-25T14:30:25","modified_gmt":"2022-01-25T13:30:25","slug":"changer-vichy-black","status":"publish","type":"product","link":"https:\/\/lespiculins.com\/pt-pt\/produto\/changer-vichy-black\/","title":{"rendered":"Vichy Black Trocador"},"content":{"rendered":"","protected":false},"excerpt":{"rendered":"<p>Trocador com interior imperme\u00e1vel macio e toque de veludo. O seu tamanho \u00e9 perfeito para ser usado tanto em casa como na rua quando vai dar um passeio com o seu beb\u00e9. Torne a mudan\u00e7a de fraldas e o aliciamento do seu beb\u00e9 mais suport\u00e1vel com a nossa saborosa mesa de mudan\u00e7as.<\/p>\n<p>Em impress\u00e3o de vichy preto com finials bies pretos correspondentes e tira bordada estreita. Gostamos de cuidar dos detalhes para que as nossas mesas de mudan\u00e7a tenham um bot\u00e3o de madeira e volantito, o que lhes d\u00e1 um toque muito especial.<\/p>\n<p>Combine-o com o resto dos nossos acess\u00f3rios da cole\u00e7\u00e3o &#8220;Vichy black&#8221;<\/p>\n","protected":false},"featured_media":33619,"template":"","meta":{"_joinchat":[]},"product_cat":[115],"product_tag":[332],"yoast_head":"<!-- This site is optimized with the Yoast SEO plugin v21.5 - https:\/\/yoast.com\/wordpress\/plugins\/seo\/ -->\n<title>Vichy Black Trocador - Les Piculins<\/title>\n<meta name=\"robots\" content=\"index, follow, max-snippet:-1, max-image-preview:large, max-video-preview:-1\" \/>\n<link rel=\"canonical\" href=\"https:\/\/lespiculins.com\/pt-pt\/produto\/changer-vichy-black\/\" \/>\n<meta property=\"og:locale\" content=\"pt_PT\" \/>\n<meta property=\"og:type\" content=\"article\" \/>\n<meta property=\"og:title\" content=\"Vichy Black Trocador - Les Piculins\" \/>\n<meta property=\"og:description\" content=\"Trocador com interior imperme\u00e1vel macio e toque de veludo. O seu tamanho \u00e9 perfeito para ser usado tanto em casa como na rua quando vai dar um passeio com o seu beb\u00e9. Torne a mudan\u00e7a de fraldas e o aliciamento do seu beb\u00e9 mais suport\u00e1vel com a nossa saborosa mesa de mudan\u00e7as. Em impress\u00e3o de vichy preto com finials bies pretos correspondentes e tira bordada estreita. Gostamos de cuidar dos detalhes para que as nossas mesas de mudan\u00e7a tenham um bot\u00e3o de madeira e volantito, o que lhes d\u00e1 um toque muito especial. Combine-o com o resto dos nossos acess\u00f3rios da cole\u00e7\u00e3o &quot;Vichy black&quot;\" \/>\n<meta property=\"og:url\" content=\"https:\/\/lespiculins.com\/pt-pt\/produto\/changer-vichy-black\/\" \/>\n<meta property=\"og:site_name\" content=\"Les Piculins\" \/>\n<meta property=\"article:modified_time\" content=\"2022-01-25T13:30:25+00:00\" \/>\n<meta property=\"og:image\" content=\"https:\/\/lespiculins.com\/wp-content\/uploads\/2021\/12\/vichynegro3-1.jpg\" \/>\n\t<meta property=\"og:image:width\" content=\"1080\" \/>\n\t<meta property=\"og:image:height\" content=\"837\" \/>\n\t<meta property=\"og:image:type\" content=\"image\/jpeg\" \/>\n<meta name=\"twitter:card\" content=\"summary_large_image\" \/>\n<script type=\"application\/ld+json\" class=\"yoast-schema-graph\">{\"@context\":\"https:\/\/schema.org\",\"@graph\":[{\"@type\":\"WebPage\",\"@id\":\"https:\/\/lespiculins.com\/pt-pt\/produto\/changer-vichy-black\/\",\"url\":\"https:\/\/lespiculins.com\/pt-pt\/produto\/changer-vichy-black\/\",\"name\":\"Vichy Black Trocador - Les Piculins\",\"isPartOf\":{\"@id\":\"https:\/\/lespiculins.com\/pt-pt\/#website\"},\"datePublished\":\"2022-01-25T13:29:43+00:00\",\"dateModified\":\"2022-01-25T13:30:25+00:00\",\"breadcrumb\":{\"@id\":\"https:\/\/lespiculins.com\/pt-pt\/produto\/changer-vichy-black\/#breadcrumb\"},\"inLanguage\":\"pt-PT\",\"potentialAction\":[{\"@type\":\"ReadAction\",\"target\":[\"https:\/\/lespiculins.com\/pt-pt\/produto\/changer-vichy-black\/\"]}]},{\"@type\":\"BreadcrumbList\",\"@id\":\"https:\/\/lespiculins.com\/pt-pt\/produto\/changer-vichy-black\/#breadcrumb\",\"itemListElement\":[{\"@type\":\"ListItem\",\"position\":1,\"name\":\"Portada\",\"item\":\"https:\/\/lespiculins.com\/pt-pt\/inicio\/\"},{\"@type\":\"ListItem\",\"position\":2,\"name\":\"Loja\",\"item\":\"https:\/\/lespiculins.com\/pt-pt\/loja\/\"},{\"@type\":\"ListItem\",\"position\":3,\"name\":\"Vichy Black Trocador\"}]},{\"@type\":\"WebSite\",\"@id\":\"https:\/\/lespiculins.com\/pt-pt\/#website\",\"url\":\"https:\/\/lespiculins.com\/pt-pt\/\",\"name\":\"Les Piculins\",\"description\":\"Fundas para carritos, bugaboo, maclaren, icoo, bebecar, mima...\",\"potentialAction\":[{\"@type\":\"SearchAction\",\"target\":{\"@type\":\"EntryPoint\",\"urlTemplate\":\"https:\/\/lespiculins.com\/pt-pt\/?s={search_term_string}\"},\"query-input\":\"required name=search_term_string\"}],\"inLanguage\":\"pt-PT\"}]}<\/script>\n<!-- \/ Yoast SEO plugin. -->","yoast_head_json":{"title":"Vichy Black Trocador - Les Piculins","robots":{"index":"index","follow":"follow","max-snippet":"max-snippet:-1","max-image-preview":"max-image-preview:large","max-video-preview":"max-video-preview:-1"},"canonical":"https:\/\/lespiculins.com\/pt-pt\/produto\/changer-vichy-black\/","og_locale":"pt_PT","og_type":"article","og_title":"Vichy Black Trocador - Les Piculins","og_description":"Trocador com interior imperme\u00e1vel macio e toque de veludo. O seu tamanho \u00e9 perfeito para ser usado tanto em casa como na rua quando vai dar um passeio com o seu beb\u00e9. Torne a mudan\u00e7a de fraldas e o aliciamento do seu beb\u00e9 mais suport\u00e1vel com a nossa saborosa mesa de mudan\u00e7as. Em impress\u00e3o de vichy preto com finials bies pretos correspondentes e tira bordada estreita. Gostamos de cuidar dos detalhes para que as nossas mesas de mudan\u00e7a tenham um bot\u00e3o de madeira e volantito, o que lhes d\u00e1 um toque muito especial. Combine-o com o resto dos nossos acess\u00f3rios da cole\u00e7\u00e3o \"Vichy black\"","og_url":"https:\/\/lespiculins.com\/pt-pt\/produto\/changer-vichy-black\/","og_site_name":"Les Piculins","article_modified_time":"2022-01-25T13:30:25+00:00","og_image":[{"width":1080,"height":837,"url":"https:\/\/lespiculins.com\/wp-content\/uploads\/2021\/12\/vichynegro3-1.jpg","type":"image\/jpeg"}],"twitter_card":"summary_large_image","schema":{"@context":"https:\/\/schema.org","@graph":[{"@type":"WebPage","@id":"https:\/\/lespiculins.com\/pt-pt\/produto\/changer-vichy-black\/","url":"https:\/\/lespiculins.com\/pt-pt\/produto\/changer-vichy-black\/","name":"Vichy Black Trocador - Les Piculins","isPartOf":{"@id":"https:\/\/lespiculins.com\/pt-pt\/#website"},"datePublished":"2022-01-25T13:29:43+00:00","dateModified":"2022-01-25T13:30:25+00:00","breadcrumb":{"@id":"https:\/\/lespiculins.com\/pt-pt\/produto\/changer-vichy-black\/#breadcrumb"},"inLanguage":"pt-PT","potentialAction":[{"@type":"ReadAction","target":["https:\/\/lespiculins.com\/pt-pt\/produto\/changer-vichy-black\/"]}]},{"@type":"BreadcrumbList","@id":"https:\/\/lespiculins.com\/pt-pt\/produto\/changer-vichy-black\/#breadcrumb","itemListElement":[{"@type":"ListItem","position":1,"name":"Portada","item":"https:\/\/lespiculins.com\/pt-pt\/inicio\/"},{"@type":"ListItem","position":2,"name":"Loja","item":"https:\/\/lespiculins.com\/pt-pt\/loja\/"},{"@type":"ListItem","position":3,"name":"Vichy Black Trocador"}]},{"@type":"WebSite","@id":"https:\/\/lespiculins.com\/pt-pt\/#website","url":"https:\/\/lespiculins.com\/pt-pt\/","name":"Les Piculins","description":"Fundas para carritos, bugaboo, maclaren, icoo, bebecar, mima...","potentialAction":[{"@type":"SearchAction","target":{"@type":"EntryPoint","urlTemplate":"https:\/\/lespiculins.com\/pt-pt\/?s={search_term_string}"},"query-input":"required name=search_term_string"}],"inLanguage":"pt-PT"}]}},"_links":{"self":[{"href":"https:\/\/lespiculins.com\/pt-pt\/wp-json\/wp\/v2\/product\/34183"}],"collection":[{"href":"https:\/\/lespiculins.com\/pt-pt\/wp-json\/wp\/v2\/product"}],"about":[{"href":"https:\/\/lespiculins.com\/pt-pt\/wp-json\/wp\/v2\/types\/product"}],"wp:featuredmedia":[{"embeddable":true,"href":"https:\/\/lespiculins.com\/pt-pt\/wp-json\/wp\/v2\/media\/33619"}],"wp:attachment":[{"href":"https:\/\/lespiculins.com\/pt-pt\/wp-json\/wp\/v2\/media?parent=34183"}],"wp:term":[{"taxonomy":"product_cat","embeddable":true,"href":"https:\/\/lespiculins.com\/pt-pt\/wp-json\/wp\/v2\/product_cat?post=34183"},{"taxonomy":"product_tag","embeddable":true,"href":"https:\/\/lespiculins.com\/pt-pt\/wp-json\/wp\/v2\/product_tag?post=34183"}],"curies":[{"name":"wp","href":"https:\/\/api.w.org\/{rel}","templated":true}]}}