{"id":34180,"date":"2021-12-20T13:48:47","date_gmt":"2022-01-25T11:39:16","guid":{"rendered":"https:\/\/lespiculins.com\/producto\/mudador-listrado-rosa\/"},"modified":"2022-01-25T14:30:14","modified_gmt":"2022-01-25T13:30:14","slug":"changer-stripes-rosa","status":"publish","type":"product","link":"https:\/\/lespiculins.com\/pt-pt\/produto\/changer-stripes-rosa\/","title":{"rendered":"Trocador listrado rosa"},"content":{"rendered":"","protected":false},"excerpt":{"rendered":"<p>Trocador em lonetita rosa macia com listras cruas em relevo. O seu interior \u00e9 imperme\u00e1vel com um toque de veludo super macio e agrad\u00e1vel. O seu tamanho \u00e9 perfeito para usar tanto em casa como em passeios com o seu beb\u00e9.<\/p>\n<p>Com um volantito de tira delicada bordada em crudito e fecho com bot\u00e3o de madeira natural.<\/p>\n<p>Para levar o seu carrinho hiper-montado, voc\u00ea pode combinar esta bela mesa de mudan\u00e7as com outras coisas da mesma cole\u00e7\u00e3o, como o <a href=\"https:\/\/lespiculins.com\/producto\/neceser-rayas-rosa\/\">Saco de Peixe Listrado Rosa,<\/a> <a href=\"https:\/\/lespiculins.com\/producto\/saco-capazo-rayas-rosa\/\">Cesto Listrado<\/a> Rosa e Saco de <a href=\"https:\/\/lespiculins.com\/producto\/bolsa-panera-rayas-rosa\/\">P\u00e3o \u00c0s Riscas Rosa.<\/a><\/p>\n<p>&nbsp;<\/p>\n","protected":false},"featured_media":34067,"template":"","meta":{"_joinchat":[]},"product_cat":[115],"product_tag":[356],"yoast_head":"<!-- This site is optimized with the Yoast SEO plugin v21.5 - https:\/\/yoast.com\/wordpress\/plugins\/seo\/ -->\n<title>Trocador listrado rosa - Les Piculins<\/title>\n<meta name=\"robots\" content=\"index, follow, max-snippet:-1, max-image-preview:large, max-video-preview:-1\" \/>\n<link rel=\"canonical\" href=\"https:\/\/lespiculins.com\/pt-pt\/produto\/changer-stripes-rosa\/\" \/>\n<meta property=\"og:locale\" content=\"pt_PT\" \/>\n<meta property=\"og:type\" content=\"article\" \/>\n<meta property=\"og:title\" content=\"Trocador listrado rosa - Les Piculins\" \/>\n<meta property=\"og:description\" content=\"Trocador em lonetita rosa macia com listras cruas em relevo. O seu interior \u00e9 imperme\u00e1vel com um toque de veludo super macio e agrad\u00e1vel. O seu tamanho \u00e9 perfeito para usar tanto em casa como em passeios com o seu beb\u00e9. Com um volantito de tira delicada bordada em crudito e fecho com bot\u00e3o de madeira natural. Para levar o seu carrinho hiper-montado, voc\u00ea pode combinar esta bela mesa de mudan\u00e7as com outras coisas da mesma cole\u00e7\u00e3o, como o Saco de Peixe Listrado Rosa, Cesto Listrado Rosa e Saco de P\u00e3o \u00c0s Riscas Rosa. &nbsp;\" \/>\n<meta property=\"og:url\" content=\"https:\/\/lespiculins.com\/pt-pt\/produto\/changer-stripes-rosa\/\" \/>\n<meta property=\"og:site_name\" content=\"Les Piculins\" \/>\n<meta property=\"article:modified_time\" content=\"2022-01-25T13:30:14+00:00\" \/>\n<meta property=\"og:image\" content=\"https:\/\/lespiculins.com\/wp-content\/uploads\/2021\/12\/cambiador-rayas-rosa-2-scaled.jpg\" \/>\n\t<meta property=\"og:image:width\" content=\"2560\" \/>\n\t<meta property=\"og:image:height\" content=\"2134\" \/>\n\t<meta property=\"og:image:type\" content=\"image\/jpeg\" \/>\n<meta name=\"twitter:card\" content=\"summary_large_image\" \/>\n<script type=\"application\/ld+json\" class=\"yoast-schema-graph\">{\"@context\":\"https:\/\/schema.org\",\"@graph\":[{\"@type\":\"WebPage\",\"@id\":\"https:\/\/lespiculins.com\/pt-pt\/produto\/changer-stripes-rosa\/\",\"url\":\"https:\/\/lespiculins.com\/pt-pt\/produto\/changer-stripes-rosa\/\",\"name\":\"Trocador listrado rosa - Les Piculins\",\"isPartOf\":{\"@id\":\"https:\/\/lespiculins.com\/pt-pt\/#website\"},\"datePublished\":\"2022-01-25T11:39:16+00:00\",\"dateModified\":\"2022-01-25T13:30:14+00:00\",\"breadcrumb\":{\"@id\":\"https:\/\/lespiculins.com\/pt-pt\/produto\/changer-stripes-rosa\/#breadcrumb\"},\"inLanguage\":\"pt-PT\",\"potentialAction\":[{\"@type\":\"ReadAction\",\"target\":[\"https:\/\/lespiculins.com\/pt-pt\/produto\/changer-stripes-rosa\/\"]}]},{\"@type\":\"BreadcrumbList\",\"@id\":\"https:\/\/lespiculins.com\/pt-pt\/produto\/changer-stripes-rosa\/#breadcrumb\",\"itemListElement\":[{\"@type\":\"ListItem\",\"position\":1,\"name\":\"Portada\",\"item\":\"https:\/\/lespiculins.com\/pt-pt\/inicio\/\"},{\"@type\":\"ListItem\",\"position\":2,\"name\":\"Loja\",\"item\":\"https:\/\/lespiculins.com\/pt-pt\/loja\/\"},{\"@type\":\"ListItem\",\"position\":3,\"name\":\"Trocador listrado rosa\"}]},{\"@type\":\"WebSite\",\"@id\":\"https:\/\/lespiculins.com\/pt-pt\/#website\",\"url\":\"https:\/\/lespiculins.com\/pt-pt\/\",\"name\":\"Les Piculins\",\"description\":\"Fundas para carritos, bugaboo, maclaren, icoo, bebecar, mima...\",\"potentialAction\":[{\"@type\":\"SearchAction\",\"target\":{\"@type\":\"EntryPoint\",\"urlTemplate\":\"https:\/\/lespiculins.com\/pt-pt\/?s={search_term_string}\"},\"query-input\":\"required name=search_term_string\"}],\"inLanguage\":\"pt-PT\"}]}<\/script>\n<!-- \/ Yoast SEO plugin. -->","yoast_head_json":{"title":"Trocador listrado rosa - Les Piculins","robots":{"index":"index","follow":"follow","max-snippet":"max-snippet:-1","max-image-preview":"max-image-preview:large","max-video-preview":"max-video-preview:-1"},"canonical":"https:\/\/lespiculins.com\/pt-pt\/produto\/changer-stripes-rosa\/","og_locale":"pt_PT","og_type":"article","og_title":"Trocador listrado rosa - Les Piculins","og_description":"Trocador em lonetita rosa macia com listras cruas em relevo. O seu interior \u00e9 imperme\u00e1vel com um toque de veludo super macio e agrad\u00e1vel. O seu tamanho \u00e9 perfeito para usar tanto em casa como em passeios com o seu beb\u00e9. Com um volantito de tira delicada bordada em crudito e fecho com bot\u00e3o de madeira natural. Para levar o seu carrinho hiper-montado, voc\u00ea pode combinar esta bela mesa de mudan\u00e7as com outras coisas da mesma cole\u00e7\u00e3o, como o Saco de Peixe Listrado Rosa, Cesto Listrado Rosa e Saco de P\u00e3o \u00c0s Riscas Rosa. &nbsp;","og_url":"https:\/\/lespiculins.com\/pt-pt\/produto\/changer-stripes-rosa\/","og_site_name":"Les Piculins","article_modified_time":"2022-01-25T13:30:14+00:00","og_image":[{"width":2560,"height":2134,"url":"https:\/\/lespiculins.com\/wp-content\/uploads\/2021\/12\/cambiador-rayas-rosa-2-scaled.jpg","type":"image\/jpeg"}],"twitter_card":"summary_large_image","schema":{"@context":"https:\/\/schema.org","@graph":[{"@type":"WebPage","@id":"https:\/\/lespiculins.com\/pt-pt\/produto\/changer-stripes-rosa\/","url":"https:\/\/lespiculins.com\/pt-pt\/produto\/changer-stripes-rosa\/","name":"Trocador listrado rosa - Les Piculins","isPartOf":{"@id":"https:\/\/lespiculins.com\/pt-pt\/#website"},"datePublished":"2022-01-25T11:39:16+00:00","dateModified":"2022-01-25T13:30:14+00:00","breadcrumb":{"@id":"https:\/\/lespiculins.com\/pt-pt\/produto\/changer-stripes-rosa\/#breadcrumb"},"inLanguage":"pt-PT","potentialAction":[{"@type":"ReadAction","target":["https:\/\/lespiculins.com\/pt-pt\/produto\/changer-stripes-rosa\/"]}]},{"@type":"BreadcrumbList","@id":"https:\/\/lespiculins.com\/pt-pt\/produto\/changer-stripes-rosa\/#breadcrumb","itemListElement":[{"@type":"ListItem","position":1,"name":"Portada","item":"https:\/\/lespiculins.com\/pt-pt\/inicio\/"},{"@type":"ListItem","position":2,"name":"Loja","item":"https:\/\/lespiculins.com\/pt-pt\/loja\/"},{"@type":"ListItem","position":3,"name":"Trocador listrado rosa"}]},{"@type":"WebSite","@id":"https:\/\/lespiculins.com\/pt-pt\/#website","url":"https:\/\/lespiculins.com\/pt-pt\/","name":"Les Piculins","description":"Fundas para carritos, bugaboo, maclaren, icoo, bebecar, mima...","potentialAction":[{"@type":"SearchAction","target":{"@type":"EntryPoint","urlTemplate":"https:\/\/lespiculins.com\/pt-pt\/?s={search_term_string}"},"query-input":"required name=search_term_string"}],"inLanguage":"pt-PT"}]}},"_links":{"self":[{"href":"https:\/\/lespiculins.com\/pt-pt\/wp-json\/wp\/v2\/product\/34180"}],"collection":[{"href":"https:\/\/lespiculins.com\/pt-pt\/wp-json\/wp\/v2\/product"}],"about":[{"href":"https:\/\/lespiculins.com\/pt-pt\/wp-json\/wp\/v2\/types\/product"}],"wp:featuredmedia":[{"embeddable":true,"href":"https:\/\/lespiculins.com\/pt-pt\/wp-json\/wp\/v2\/media\/34067"}],"wp:attachment":[{"href":"https:\/\/lespiculins.com\/pt-pt\/wp-json\/wp\/v2\/media?parent=34180"}],"wp:term":[{"taxonomy":"product_cat","embeddable":true,"href":"https:\/\/lespiculins.com\/pt-pt\/wp-json\/wp\/v2\/product_cat?post=34180"},{"taxonomy":"product_tag","embeddable":true,"href":"https:\/\/lespiculins.com\/pt-pt\/wp-json\/wp\/v2\/product_tag?post=34180"}],"curies":[{"name":"wp","href":"https:\/\/api.w.org\/{rel}","templated":true}]}}