{"id":33262,"date":"2021-10-28T13:44:43","date_gmt":"2021-11-22T12:22:12","guid":{"rendered":"https:\/\/lespiculins.com\/producto\/colcha-interior-liberty-floresta\/"},"modified":"2021-11-22T13:22:12","modified_gmt":"2021-11-22T12:22:12","slug":"colcha-interior-liberdade-floresta","status":"publish","type":"product","link":"https:\/\/lespiculins.com\/pt-pt\/produto\/colcha-interior-liberdade-floresta\/","title":{"rendered":"Colcha Interior Liberty Floresta"},"content":{"rendered":"","protected":false},"excerpt":{"rendered":"<p>PRAZO DE ENTREGA 7-10 DIAS<\/p>\n<p>Medidas 70 x 90 cm<\/p>\n<p>Cabide revers\u00edvel para Interior de carrycot em Liberdade em tons revers\u00edveis de outono com tela de camelo, detalhe de volantito no embozo.<\/p>\n<p>Vista o carrinho do beb\u00ea e embrulhe-o ao mesmo tempo. E quando o seu pequenino j\u00e1 n\u00e3o usa a bagagem de m\u00e3o, pode us\u00e1-la como cobertor para o carrinho de passeio ou embrulh\u00e1-la em casa.<\/p>\n<p>Combine-o com o resto dos addons correspondentes.<\/p>\n","protected":false},"featured_media":32610,"template":"","meta":{"_joinchat":[]},"product_cat":[222],"product_tag":[310],"yoast_head":"<!-- This site is optimized with the Yoast SEO plugin v21.5 - https:\/\/yoast.com\/wordpress\/plugins\/seo\/ -->\n<title>Colcha Interior Liberty Floresta - Les Piculins<\/title>\n<meta name=\"robots\" content=\"index, follow, max-snippet:-1, max-image-preview:large, max-video-preview:-1\" \/>\n<link rel=\"canonical\" href=\"https:\/\/lespiculins.com\/pt-pt\/produto\/colcha-interior-liberdade-floresta\/\" \/>\n<meta property=\"og:locale\" content=\"pt_PT\" \/>\n<meta property=\"og:type\" content=\"article\" \/>\n<meta property=\"og:title\" content=\"Colcha Interior Liberty Floresta - Les Piculins\" \/>\n<meta property=\"og:description\" content=\"PRAZO DE ENTREGA 7-10 DIAS Medidas 70 x 90 cm Cabide revers\u00edvel para Interior de carrycot em Liberdade em tons revers\u00edveis de outono com tela de camelo, detalhe de volantito no embozo. Vista o carrinho do beb\u00ea e embrulhe-o ao mesmo tempo. E quando o seu pequenino j\u00e1 n\u00e3o usa a bagagem de m\u00e3o, pode us\u00e1-la como cobertor para o carrinho de passeio ou embrulh\u00e1-la em casa. Combine-o com o resto dos addons correspondentes.\" \/>\n<meta property=\"og:url\" content=\"https:\/\/lespiculins.com\/pt-pt\/produto\/colcha-interior-liberdade-floresta\/\" \/>\n<meta property=\"og:site_name\" content=\"Les Piculins\" \/>\n<meta property=\"og:image\" content=\"https:\/\/lespiculins.com\/wp-content\/uploads\/2021\/10\/Forest.jpg\" \/>\n\t<meta property=\"og:image:width\" content=\"1080\" \/>\n\t<meta property=\"og:image:height\" content=\"1021\" \/>\n\t<meta property=\"og:image:type\" content=\"image\/jpeg\" \/>\n<meta name=\"twitter:card\" content=\"summary_large_image\" \/>\n<script type=\"application\/ld+json\" class=\"yoast-schema-graph\">{\"@context\":\"https:\/\/schema.org\",\"@graph\":[{\"@type\":\"WebPage\",\"@id\":\"https:\/\/lespiculins.com\/pt-pt\/produto\/colcha-interior-liberdade-floresta\/\",\"url\":\"https:\/\/lespiculins.com\/pt-pt\/produto\/colcha-interior-liberdade-floresta\/\",\"name\":\"Colcha Interior Liberty Floresta - Les Piculins\",\"isPartOf\":{\"@id\":\"https:\/\/lespiculins.com\/pt-pt\/#website\"},\"datePublished\":\"2021-11-22T12:22:12+00:00\",\"dateModified\":\"2021-11-22T12:22:12+00:00\",\"breadcrumb\":{\"@id\":\"https:\/\/lespiculins.com\/pt-pt\/produto\/colcha-interior-liberdade-floresta\/#breadcrumb\"},\"inLanguage\":\"pt-PT\",\"potentialAction\":[{\"@type\":\"ReadAction\",\"target\":[\"https:\/\/lespiculins.com\/pt-pt\/produto\/colcha-interior-liberdade-floresta\/\"]}]},{\"@type\":\"BreadcrumbList\",\"@id\":\"https:\/\/lespiculins.com\/pt-pt\/produto\/colcha-interior-liberdade-floresta\/#breadcrumb\",\"itemListElement\":[{\"@type\":\"ListItem\",\"position\":1,\"name\":\"Portada\",\"item\":\"https:\/\/lespiculins.com\/pt-pt\/inicio\/\"},{\"@type\":\"ListItem\",\"position\":2,\"name\":\"Loja\",\"item\":\"https:\/\/lespiculins.com\/pt-pt\/loja\/\"},{\"@type\":\"ListItem\",\"position\":3,\"name\":\"Colcha Interior Liberty Floresta\"}]},{\"@type\":\"WebSite\",\"@id\":\"https:\/\/lespiculins.com\/pt-pt\/#website\",\"url\":\"https:\/\/lespiculins.com\/pt-pt\/\",\"name\":\"Les Piculins\",\"description\":\"Fundas para carritos, bugaboo, maclaren, icoo, bebecar, mima...\",\"potentialAction\":[{\"@type\":\"SearchAction\",\"target\":{\"@type\":\"EntryPoint\",\"urlTemplate\":\"https:\/\/lespiculins.com\/pt-pt\/?s={search_term_string}\"},\"query-input\":\"required name=search_term_string\"}],\"inLanguage\":\"pt-PT\"}]}<\/script>\n<!-- \/ Yoast SEO plugin. -->","yoast_head_json":{"title":"Colcha Interior Liberty Floresta - Les Piculins","robots":{"index":"index","follow":"follow","max-snippet":"max-snippet:-1","max-image-preview":"max-image-preview:large","max-video-preview":"max-video-preview:-1"},"canonical":"https:\/\/lespiculins.com\/pt-pt\/produto\/colcha-interior-liberdade-floresta\/","og_locale":"pt_PT","og_type":"article","og_title":"Colcha Interior Liberty Floresta - Les Piculins","og_description":"PRAZO DE ENTREGA 7-10 DIAS Medidas 70 x 90 cm Cabide revers\u00edvel para Interior de carrycot em Liberdade em tons revers\u00edveis de outono com tela de camelo, detalhe de volantito no embozo. Vista o carrinho do beb\u00ea e embrulhe-o ao mesmo tempo. E quando o seu pequenino j\u00e1 n\u00e3o usa a bagagem de m\u00e3o, pode us\u00e1-la como cobertor para o carrinho de passeio ou embrulh\u00e1-la em casa. Combine-o com o resto dos addons correspondentes.","og_url":"https:\/\/lespiculins.com\/pt-pt\/produto\/colcha-interior-liberdade-floresta\/","og_site_name":"Les Piculins","og_image":[{"width":1080,"height":1021,"url":"https:\/\/lespiculins.com\/wp-content\/uploads\/2021\/10\/Forest.jpg","type":"image\/jpeg"}],"twitter_card":"summary_large_image","schema":{"@context":"https:\/\/schema.org","@graph":[{"@type":"WebPage","@id":"https:\/\/lespiculins.com\/pt-pt\/produto\/colcha-interior-liberdade-floresta\/","url":"https:\/\/lespiculins.com\/pt-pt\/produto\/colcha-interior-liberdade-floresta\/","name":"Colcha Interior Liberty Floresta - Les Piculins","isPartOf":{"@id":"https:\/\/lespiculins.com\/pt-pt\/#website"},"datePublished":"2021-11-22T12:22:12+00:00","dateModified":"2021-11-22T12:22:12+00:00","breadcrumb":{"@id":"https:\/\/lespiculins.com\/pt-pt\/produto\/colcha-interior-liberdade-floresta\/#breadcrumb"},"inLanguage":"pt-PT","potentialAction":[{"@type":"ReadAction","target":["https:\/\/lespiculins.com\/pt-pt\/produto\/colcha-interior-liberdade-floresta\/"]}]},{"@type":"BreadcrumbList","@id":"https:\/\/lespiculins.com\/pt-pt\/produto\/colcha-interior-liberdade-floresta\/#breadcrumb","itemListElement":[{"@type":"ListItem","position":1,"name":"Portada","item":"https:\/\/lespiculins.com\/pt-pt\/inicio\/"},{"@type":"ListItem","position":2,"name":"Loja","item":"https:\/\/lespiculins.com\/pt-pt\/loja\/"},{"@type":"ListItem","position":3,"name":"Colcha Interior Liberty Floresta"}]},{"@type":"WebSite","@id":"https:\/\/lespiculins.com\/pt-pt\/#website","url":"https:\/\/lespiculins.com\/pt-pt\/","name":"Les Piculins","description":"Fundas para carritos, bugaboo, maclaren, icoo, bebecar, mima...","potentialAction":[{"@type":"SearchAction","target":{"@type":"EntryPoint","urlTemplate":"https:\/\/lespiculins.com\/pt-pt\/?s={search_term_string}"},"query-input":"required name=search_term_string"}],"inLanguage":"pt-PT"}]}},"_links":{"self":[{"href":"https:\/\/lespiculins.com\/pt-pt\/wp-json\/wp\/v2\/product\/33262"}],"collection":[{"href":"https:\/\/lespiculins.com\/pt-pt\/wp-json\/wp\/v2\/product"}],"about":[{"href":"https:\/\/lespiculins.com\/pt-pt\/wp-json\/wp\/v2\/types\/product"}],"wp:featuredmedia":[{"embeddable":true,"href":"https:\/\/lespiculins.com\/pt-pt\/wp-json\/wp\/v2\/media\/32610"}],"wp:attachment":[{"href":"https:\/\/lespiculins.com\/pt-pt\/wp-json\/wp\/v2\/media?parent=33262"}],"wp:term":[{"taxonomy":"product_cat","embeddable":true,"href":"https:\/\/lespiculins.com\/pt-pt\/wp-json\/wp\/v2\/product_cat?post=33262"},{"taxonomy":"product_tag","embeddable":true,"href":"https:\/\/lespiculins.com\/pt-pt\/wp-json\/wp\/v2\/product_tag?post=33262"}],"curies":[{"name":"wp","href":"https:\/\/api.w.org\/{rel}","templated":true}]}}