{"id":33213,"date":"2021-09-01T12:33:52","date_gmt":"2021-11-19T12:28:45","guid":{"rendered":"https:\/\/lespiculins.com\/producto\/saco-bugaboo-liberty-animaizinhos-pastel-vichy\/"},"modified":"2021-11-19T13:36:22","modified_gmt":"2021-11-19T12:36:22","slug":"saco-bugaboo-liberty-animais-bolo-vichy","status":"publish","type":"product","link":"https:\/\/lespiculins.com\/pt-pt\/produto\/saco-bugaboo-liberty-animais-bolo-vichy\/","title":{"rendered":"Saco Bugaboo Liberty Animaizinhos Pastel-Vichy"},"content":{"rendered":"","protected":false},"excerpt":{"rendered":"<p>PRAZO DE ENTREGA 7-10 DIAS<\/p>\n<p>Saco de cadeira universal com cobertura em Liberty animalitos pastel e volantito em torno do assento. Pode usar a capa durante todo o ano apenas removendo a tampa. Isto \u00e9 desmontado com dois fechos.<\/p>\n<p>Cubra em vichy rosa com embozo em liberdade, detalhes de bot\u00f5es em madeira natural.<\/p>\n<p>Inclui tampas de arn\u00eas correspondentes para que o seu pequenino n\u00e3o esfregue nas correias do carrinho.<\/p>\n<p>Pode combinar a sua mala com outros acess\u00f3rios da mesma cole\u00e7\u00e3o.<\/p>\n","protected":false},"featured_media":32121,"template":"","meta":{"_joinchat":[]},"product_cat":[214],"product_tag":[304],"yoast_head":"<!-- This site is optimized with the Yoast SEO plugin v21.5 - https:\/\/yoast.com\/wordpress\/plugins\/seo\/ -->\n<title>Saco Bugaboo Liberty Animaizinhos Pastel-Vichy - Les Piculins<\/title>\n<meta name=\"robots\" content=\"index, follow, max-snippet:-1, max-image-preview:large, max-video-preview:-1\" \/>\n<link rel=\"canonical\" href=\"https:\/\/lespiculins.com\/pt-pt\/produto\/saco-bugaboo-liberty-animais-bolo-vichy\/\" \/>\n<meta property=\"og:locale\" content=\"pt_PT\" \/>\n<meta property=\"og:type\" content=\"article\" \/>\n<meta property=\"og:title\" content=\"Saco Bugaboo Liberty Animaizinhos Pastel-Vichy - Les Piculins\" \/>\n<meta property=\"og:description\" content=\"PRAZO DE ENTREGA 7-10 DIAS Saco de cadeira universal com cobertura em Liberty animalitos pastel e volantito em torno do assento. Pode usar a capa durante todo o ano apenas removendo a tampa. Isto \u00e9 desmontado com dois fechos. Cubra em vichy rosa com embozo em liberdade, detalhes de bot\u00f5es em madeira natural. Inclui tampas de arn\u00eas correspondentes para que o seu pequenino n\u00e3o esfregue nas correias do carrinho. Pode combinar a sua mala com outros acess\u00f3rios da mesma cole\u00e7\u00e3o.\" \/>\n<meta property=\"og:url\" content=\"https:\/\/lespiculins.com\/pt-pt\/produto\/saco-bugaboo-liberty-animais-bolo-vichy\/\" \/>\n<meta property=\"og:site_name\" content=\"Les Piculins\" \/>\n<meta property=\"article:modified_time\" content=\"2021-11-19T12:36:22+00:00\" \/>\n<meta property=\"og:image\" content=\"https:\/\/lespiculins.com\/wp-content\/uploads\/2021\/09\/theo5.jpg\" \/>\n\t<meta property=\"og:image:width\" content=\"1080\" \/>\n\t<meta property=\"og:image:height\" content=\"1019\" \/>\n\t<meta property=\"og:image:type\" content=\"image\/jpeg\" \/>\n<meta name=\"twitter:card\" content=\"summary_large_image\" \/>\n<script type=\"application\/ld+json\" class=\"yoast-schema-graph\">{\"@context\":\"https:\/\/schema.org\",\"@graph\":[{\"@type\":\"WebPage\",\"@id\":\"https:\/\/lespiculins.com\/pt-pt\/produto\/saco-bugaboo-liberty-animais-bolo-vichy\/\",\"url\":\"https:\/\/lespiculins.com\/pt-pt\/produto\/saco-bugaboo-liberty-animais-bolo-vichy\/\",\"name\":\"Saco Bugaboo Liberty Animaizinhos Pastel-Vichy - Les Piculins\",\"isPartOf\":{\"@id\":\"https:\/\/lespiculins.com\/pt-pt\/#website\"},\"datePublished\":\"2021-11-19T12:28:45+00:00\",\"dateModified\":\"2021-11-19T12:36:22+00:00\",\"breadcrumb\":{\"@id\":\"https:\/\/lespiculins.com\/pt-pt\/produto\/saco-bugaboo-liberty-animais-bolo-vichy\/#breadcrumb\"},\"inLanguage\":\"pt-PT\",\"potentialAction\":[{\"@type\":\"ReadAction\",\"target\":[\"https:\/\/lespiculins.com\/pt-pt\/produto\/saco-bugaboo-liberty-animais-bolo-vichy\/\"]}]},{\"@type\":\"BreadcrumbList\",\"@id\":\"https:\/\/lespiculins.com\/pt-pt\/produto\/saco-bugaboo-liberty-animais-bolo-vichy\/#breadcrumb\",\"itemListElement\":[{\"@type\":\"ListItem\",\"position\":1,\"name\":\"Portada\",\"item\":\"https:\/\/lespiculins.com\/pt-pt\/inicio\/\"},{\"@type\":\"ListItem\",\"position\":2,\"name\":\"Loja\",\"item\":\"https:\/\/lespiculins.com\/pt-pt\/loja\/\"},{\"@type\":\"ListItem\",\"position\":3,\"name\":\"Saco Bugaboo Liberty Animaizinhos Pastel-Vichy\"}]},{\"@type\":\"WebSite\",\"@id\":\"https:\/\/lespiculins.com\/pt-pt\/#website\",\"url\":\"https:\/\/lespiculins.com\/pt-pt\/\",\"name\":\"Les Piculins\",\"description\":\"Fundas para carritos, bugaboo, maclaren, icoo, bebecar, mima...\",\"potentialAction\":[{\"@type\":\"SearchAction\",\"target\":{\"@type\":\"EntryPoint\",\"urlTemplate\":\"https:\/\/lespiculins.com\/pt-pt\/?s={search_term_string}\"},\"query-input\":\"required name=search_term_string\"}],\"inLanguage\":\"pt-PT\"}]}<\/script>\n<!-- \/ Yoast SEO plugin. -->","yoast_head_json":{"title":"Saco Bugaboo Liberty Animaizinhos Pastel-Vichy - Les Piculins","robots":{"index":"index","follow":"follow","max-snippet":"max-snippet:-1","max-image-preview":"max-image-preview:large","max-video-preview":"max-video-preview:-1"},"canonical":"https:\/\/lespiculins.com\/pt-pt\/produto\/saco-bugaboo-liberty-animais-bolo-vichy\/","og_locale":"pt_PT","og_type":"article","og_title":"Saco Bugaboo Liberty Animaizinhos Pastel-Vichy - Les Piculins","og_description":"PRAZO DE ENTREGA 7-10 DIAS Saco de cadeira universal com cobertura em Liberty animalitos pastel e volantito em torno do assento. Pode usar a capa durante todo o ano apenas removendo a tampa. Isto \u00e9 desmontado com dois fechos. Cubra em vichy rosa com embozo em liberdade, detalhes de bot\u00f5es em madeira natural. Inclui tampas de arn\u00eas correspondentes para que o seu pequenino n\u00e3o esfregue nas correias do carrinho. Pode combinar a sua mala com outros acess\u00f3rios da mesma cole\u00e7\u00e3o.","og_url":"https:\/\/lespiculins.com\/pt-pt\/produto\/saco-bugaboo-liberty-animais-bolo-vichy\/","og_site_name":"Les Piculins","article_modified_time":"2021-11-19T12:36:22+00:00","og_image":[{"width":1080,"height":1019,"url":"https:\/\/lespiculins.com\/wp-content\/uploads\/2021\/09\/theo5.jpg","type":"image\/jpeg"}],"twitter_card":"summary_large_image","schema":{"@context":"https:\/\/schema.org","@graph":[{"@type":"WebPage","@id":"https:\/\/lespiculins.com\/pt-pt\/produto\/saco-bugaboo-liberty-animais-bolo-vichy\/","url":"https:\/\/lespiculins.com\/pt-pt\/produto\/saco-bugaboo-liberty-animais-bolo-vichy\/","name":"Saco Bugaboo Liberty Animaizinhos Pastel-Vichy - Les Piculins","isPartOf":{"@id":"https:\/\/lespiculins.com\/pt-pt\/#website"},"datePublished":"2021-11-19T12:28:45+00:00","dateModified":"2021-11-19T12:36:22+00:00","breadcrumb":{"@id":"https:\/\/lespiculins.com\/pt-pt\/produto\/saco-bugaboo-liberty-animais-bolo-vichy\/#breadcrumb"},"inLanguage":"pt-PT","potentialAction":[{"@type":"ReadAction","target":["https:\/\/lespiculins.com\/pt-pt\/produto\/saco-bugaboo-liberty-animais-bolo-vichy\/"]}]},{"@type":"BreadcrumbList","@id":"https:\/\/lespiculins.com\/pt-pt\/produto\/saco-bugaboo-liberty-animais-bolo-vichy\/#breadcrumb","itemListElement":[{"@type":"ListItem","position":1,"name":"Portada","item":"https:\/\/lespiculins.com\/pt-pt\/inicio\/"},{"@type":"ListItem","position":2,"name":"Loja","item":"https:\/\/lespiculins.com\/pt-pt\/loja\/"},{"@type":"ListItem","position":3,"name":"Saco Bugaboo Liberty Animaizinhos Pastel-Vichy"}]},{"@type":"WebSite","@id":"https:\/\/lespiculins.com\/pt-pt\/#website","url":"https:\/\/lespiculins.com\/pt-pt\/","name":"Les Piculins","description":"Fundas para carritos, bugaboo, maclaren, icoo, bebecar, mima...","potentialAction":[{"@type":"SearchAction","target":{"@type":"EntryPoint","urlTemplate":"https:\/\/lespiculins.com\/pt-pt\/?s={search_term_string}"},"query-input":"required name=search_term_string"}],"inLanguage":"pt-PT"}]}},"_links":{"self":[{"href":"https:\/\/lespiculins.com\/pt-pt\/wp-json\/wp\/v2\/product\/33213"}],"collection":[{"href":"https:\/\/lespiculins.com\/pt-pt\/wp-json\/wp\/v2\/product"}],"about":[{"href":"https:\/\/lespiculins.com\/pt-pt\/wp-json\/wp\/v2\/types\/product"}],"wp:featuredmedia":[{"embeddable":true,"href":"https:\/\/lespiculins.com\/pt-pt\/wp-json\/wp\/v2\/media\/32121"}],"wp:attachment":[{"href":"https:\/\/lespiculins.com\/pt-pt\/wp-json\/wp\/v2\/media?parent=33213"}],"wp:term":[{"taxonomy":"product_cat","embeddable":true,"href":"https:\/\/lespiculins.com\/pt-pt\/wp-json\/wp\/v2\/product_cat?post=33213"},{"taxonomy":"product_tag","embeddable":true,"href":"https:\/\/lespiculins.com\/pt-pt\/wp-json\/wp\/v2\/product_tag?post=33213"}],"curies":[{"name":"wp","href":"https:\/\/api.w.org\/{rel}","templated":true}]}}