{"id":33211,"date":"2021-09-06T13:59:41","date_gmt":"2021-11-19T12:27:49","guid":{"rendered":"https:\/\/lespiculins.com\/producto\/saco-bugaboo-liberty-rosa-e-trico\/"},"modified":"2023-07-11T07:35:01","modified_gmt":"2023-07-11T05:35:01","slug":"saco-bugaboo-liberdade-rosa-e-knth","status":"publish","type":"product","link":"https:\/\/lespiculins.com\/pt-pt\/produto\/saco-bugaboo-liberdade-rosa-e-knth\/","title":{"rendered":"Saco Bugaboo Liberty Rosa e Tric\u00f4"},"content":{"rendered":"","protected":false},"excerpt":{"rendered":"<p>Saco universal com capa em liberty impress\u00e3o de flores cor-de-rosa macias combinadas com um ponto de algod\u00e3o rosa &#8220;baby&#8221; em tran\u00e7as. A tampa \u00e9 desmontada para que possa utilizar a cadeira como cobertura durante os meses mais quentes.<\/p>\n<p>Detalhes cuidadosos do volantito em torno do assento e no embozo, bot\u00f5es de madeira, cobre arneses correspondentes (para que o seu beb\u00e9 n\u00e3o esfregue com as corre\u00edllas), transforme nossos sacos em roupas muito especiais.<\/p>\n<p>Combine-o com o resto dos nossos addons em liberdade correspondente.<\/p>\n","protected":false},"featured_media":32128,"template":"","meta":{"_joinchat":[]},"product_cat":[214],"product_tag":[320,324],"yoast_head":"<!-- This site is optimized with the Yoast SEO plugin v21.5 - https:\/\/yoast.com\/wordpress\/plugins\/seo\/ -->\n<title>Saco Bugaboo Liberty Rosa e Tric\u00f4 - Les Piculins<\/title>\n<meta name=\"robots\" content=\"index, follow, max-snippet:-1, max-image-preview:large, max-video-preview:-1\" \/>\n<link rel=\"canonical\" href=\"https:\/\/lespiculins.com\/pt-pt\/produto\/saco-bugaboo-liberdade-rosa-e-knth\/\" \/>\n<meta property=\"og:locale\" content=\"pt_PT\" \/>\n<meta property=\"og:type\" content=\"article\" \/>\n<meta property=\"og:title\" content=\"Saco Bugaboo Liberty Rosa e Tric\u00f4 - Les Piculins\" \/>\n<meta property=\"og:description\" content=\"Saco universal com capa em liberty impress\u00e3o de flores cor-de-rosa macias combinadas com um ponto de algod\u00e3o rosa &quot;baby&quot; em tran\u00e7as. A tampa \u00e9 desmontada para que possa utilizar a cadeira como cobertura durante os meses mais quentes. Detalhes cuidadosos do volantito em torno do assento e no embozo, bot\u00f5es de madeira, cobre arneses correspondentes (para que o seu beb\u00e9 n\u00e3o esfregue com as corre\u00edllas), transforme nossos sacos em roupas muito especiais. Combine-o com o resto dos nossos addons em liberdade correspondente.\" \/>\n<meta property=\"og:url\" content=\"https:\/\/lespiculins.com\/pt-pt\/produto\/saco-bugaboo-liberdade-rosa-e-knth\/\" \/>\n<meta property=\"og:site_name\" content=\"Les Piculins\" \/>\n<meta property=\"article:modified_time\" content=\"2023-07-11T05:35:01+00:00\" \/>\n<meta property=\"og:image\" content=\"https:\/\/lespiculins.com\/wp-content\/uploads\/2021\/09\/Saco-michelle-portada.jpg\" \/>\n\t<meta property=\"og:image:width\" content=\"1080\" \/>\n\t<meta property=\"og:image:height\" content=\"934\" \/>\n\t<meta property=\"og:image:type\" content=\"image\/jpeg\" \/>\n<meta name=\"twitter:card\" content=\"summary_large_image\" \/>\n<script type=\"application\/ld+json\" class=\"yoast-schema-graph\">{\"@context\":\"https:\/\/schema.org\",\"@graph\":[{\"@type\":\"WebPage\",\"@id\":\"https:\/\/lespiculins.com\/pt-pt\/produto\/saco-bugaboo-liberdade-rosa-e-knth\/\",\"url\":\"https:\/\/lespiculins.com\/pt-pt\/produto\/saco-bugaboo-liberdade-rosa-e-knth\/\",\"name\":\"Saco Bugaboo Liberty Rosa e Tric\u00f4 - Les Piculins\",\"isPartOf\":{\"@id\":\"https:\/\/lespiculins.com\/pt-pt\/#website\"},\"datePublished\":\"2021-11-19T12:27:49+00:00\",\"dateModified\":\"2023-07-11T05:35:01+00:00\",\"breadcrumb\":{\"@id\":\"https:\/\/lespiculins.com\/pt-pt\/produto\/saco-bugaboo-liberdade-rosa-e-knth\/#breadcrumb\"},\"inLanguage\":\"pt-PT\",\"potentialAction\":[{\"@type\":\"ReadAction\",\"target\":[\"https:\/\/lespiculins.com\/pt-pt\/produto\/saco-bugaboo-liberdade-rosa-e-knth\/\"]}]},{\"@type\":\"BreadcrumbList\",\"@id\":\"https:\/\/lespiculins.com\/pt-pt\/produto\/saco-bugaboo-liberdade-rosa-e-knth\/#breadcrumb\",\"itemListElement\":[{\"@type\":\"ListItem\",\"position\":1,\"name\":\"Portada\",\"item\":\"https:\/\/lespiculins.com\/pt-pt\/inicio\/\"},{\"@type\":\"ListItem\",\"position\":2,\"name\":\"Loja\",\"item\":\"https:\/\/lespiculins.com\/pt-pt\/loja\/\"},{\"@type\":\"ListItem\",\"position\":3,\"name\":\"Saco Bugaboo Liberty Rosa e Tric\u00f4\"}]},{\"@type\":\"WebSite\",\"@id\":\"https:\/\/lespiculins.com\/pt-pt\/#website\",\"url\":\"https:\/\/lespiculins.com\/pt-pt\/\",\"name\":\"Les Piculins\",\"description\":\"Fundas para carritos, bugaboo, maclaren, icoo, bebecar, mima...\",\"potentialAction\":[{\"@type\":\"SearchAction\",\"target\":{\"@type\":\"EntryPoint\",\"urlTemplate\":\"https:\/\/lespiculins.com\/pt-pt\/?s={search_term_string}\"},\"query-input\":\"required name=search_term_string\"}],\"inLanguage\":\"pt-PT\"}]}<\/script>\n<!-- \/ Yoast SEO plugin. -->","yoast_head_json":{"title":"Saco Bugaboo Liberty Rosa e Tric\u00f4 - Les Piculins","robots":{"index":"index","follow":"follow","max-snippet":"max-snippet:-1","max-image-preview":"max-image-preview:large","max-video-preview":"max-video-preview:-1"},"canonical":"https:\/\/lespiculins.com\/pt-pt\/produto\/saco-bugaboo-liberdade-rosa-e-knth\/","og_locale":"pt_PT","og_type":"article","og_title":"Saco Bugaboo Liberty Rosa e Tric\u00f4 - Les Piculins","og_description":"Saco universal com capa em liberty impress\u00e3o de flores cor-de-rosa macias combinadas com um ponto de algod\u00e3o rosa \"baby\" em tran\u00e7as. A tampa \u00e9 desmontada para que possa utilizar a cadeira como cobertura durante os meses mais quentes. Detalhes cuidadosos do volantito em torno do assento e no embozo, bot\u00f5es de madeira, cobre arneses correspondentes (para que o seu beb\u00e9 n\u00e3o esfregue com as corre\u00edllas), transforme nossos sacos em roupas muito especiais. Combine-o com o resto dos nossos addons em liberdade correspondente.","og_url":"https:\/\/lespiculins.com\/pt-pt\/produto\/saco-bugaboo-liberdade-rosa-e-knth\/","og_site_name":"Les Piculins","article_modified_time":"2023-07-11T05:35:01+00:00","og_image":[{"width":1080,"height":934,"url":"https:\/\/lespiculins.com\/wp-content\/uploads\/2021\/09\/Saco-michelle-portada.jpg","type":"image\/jpeg"}],"twitter_card":"summary_large_image","schema":{"@context":"https:\/\/schema.org","@graph":[{"@type":"WebPage","@id":"https:\/\/lespiculins.com\/pt-pt\/produto\/saco-bugaboo-liberdade-rosa-e-knth\/","url":"https:\/\/lespiculins.com\/pt-pt\/produto\/saco-bugaboo-liberdade-rosa-e-knth\/","name":"Saco Bugaboo Liberty Rosa e Tric\u00f4 - Les Piculins","isPartOf":{"@id":"https:\/\/lespiculins.com\/pt-pt\/#website"},"datePublished":"2021-11-19T12:27:49+00:00","dateModified":"2023-07-11T05:35:01+00:00","breadcrumb":{"@id":"https:\/\/lespiculins.com\/pt-pt\/produto\/saco-bugaboo-liberdade-rosa-e-knth\/#breadcrumb"},"inLanguage":"pt-PT","potentialAction":[{"@type":"ReadAction","target":["https:\/\/lespiculins.com\/pt-pt\/produto\/saco-bugaboo-liberdade-rosa-e-knth\/"]}]},{"@type":"BreadcrumbList","@id":"https:\/\/lespiculins.com\/pt-pt\/produto\/saco-bugaboo-liberdade-rosa-e-knth\/#breadcrumb","itemListElement":[{"@type":"ListItem","position":1,"name":"Portada","item":"https:\/\/lespiculins.com\/pt-pt\/inicio\/"},{"@type":"ListItem","position":2,"name":"Loja","item":"https:\/\/lespiculins.com\/pt-pt\/loja\/"},{"@type":"ListItem","position":3,"name":"Saco Bugaboo Liberty Rosa e Tric\u00f4"}]},{"@type":"WebSite","@id":"https:\/\/lespiculins.com\/pt-pt\/#website","url":"https:\/\/lespiculins.com\/pt-pt\/","name":"Les Piculins","description":"Fundas para carritos, bugaboo, maclaren, icoo, bebecar, mima...","potentialAction":[{"@type":"SearchAction","target":{"@type":"EntryPoint","urlTemplate":"https:\/\/lespiculins.com\/pt-pt\/?s={search_term_string}"},"query-input":"required name=search_term_string"}],"inLanguage":"pt-PT"}]}},"_links":{"self":[{"href":"https:\/\/lespiculins.com\/pt-pt\/wp-json\/wp\/v2\/product\/33211"}],"collection":[{"href":"https:\/\/lespiculins.com\/pt-pt\/wp-json\/wp\/v2\/product"}],"about":[{"href":"https:\/\/lespiculins.com\/pt-pt\/wp-json\/wp\/v2\/types\/product"}],"wp:featuredmedia":[{"embeddable":true,"href":"https:\/\/lespiculins.com\/pt-pt\/wp-json\/wp\/v2\/media\/32128"}],"wp:attachment":[{"href":"https:\/\/lespiculins.com\/pt-pt\/wp-json\/wp\/v2\/media?parent=33211"}],"wp:term":[{"taxonomy":"product_cat","embeddable":true,"href":"https:\/\/lespiculins.com\/pt-pt\/wp-json\/wp\/v2\/product_cat?post=33211"},{"taxonomy":"product_tag","embeddable":true,"href":"https:\/\/lespiculins.com\/pt-pt\/wp-json\/wp\/v2\/product_tag?post=33211"}],"curies":[{"name":"wp","href":"https:\/\/api.w.org\/{rel}","templated":true}]}}