{"id":33209,"date":"2021-09-06T14:08:43","date_gmt":"2021-11-19T12:27:12","guid":{"rendered":"https:\/\/lespiculins.com\/producto\/saco-bugaboo-liberty-rosa-macio-e-vichy\/"},"modified":"2021-11-19T13:27:12","modified_gmt":"2021-11-19T12:27:12","slug":"saco-bugaboo-liberdade-rosa-soft-e-vichy","status":"publish","type":"product","link":"https:\/\/lespiculins.com\/pt-pt\/produto\/saco-bugaboo-liberdade-rosa-soft-e-vichy\/","title":{"rendered":"Saco Bugaboo Liberty Rosa Macio e Vichy"},"content":{"rendered":"","protected":false},"excerpt":{"rendered":"<p>PRAZO DE ENTREGA 7-10 DIAS<\/p>\n<p>Saco de cadeira universal em liberdade rosa combinado com quadrados de vichy nas mesmas tonalidades. A tampa \u00e9 desmontada por fechos, para que possa utilizar a parte do assento como cobertura, durante os meses mais quentes.<\/p>\n<p>Detalhes cuidadosos como o volante \u00e0 volta do assento e da boca, bot\u00f5es de madeira e tampas de arn\u00eas (para que o seu beb\u00e9 n\u00e3o esfregue contra os n\u00facleos) tornam as nossas malas muito especiais.<\/p>\n<p>Combine-o com o resto dos nossos complementos em Liberty.<\/p>\n","protected":false},"featured_media":32148,"template":"","meta":{"_joinchat":[]},"product_cat":[214],"product_tag":[320,336],"yoast_head":"<!-- This site is optimized with the Yoast SEO plugin v21.5 - https:\/\/yoast.com\/wordpress\/plugins\/seo\/ -->\n<title>Saco Bugaboo Liberty Rosa Macio e Vichy - Les Piculins<\/title>\n<meta name=\"robots\" content=\"index, follow, max-snippet:-1, max-image-preview:large, max-video-preview:-1\" \/>\n<link rel=\"canonical\" href=\"https:\/\/lespiculins.com\/pt-pt\/produto\/saco-bugaboo-liberdade-rosa-soft-e-vichy\/\" \/>\n<meta property=\"og:locale\" content=\"pt_PT\" \/>\n<meta property=\"og:type\" content=\"article\" \/>\n<meta property=\"og:title\" content=\"Saco Bugaboo Liberty Rosa Macio e Vichy - Les Piculins\" \/>\n<meta property=\"og:description\" content=\"PRAZO DE ENTREGA 7-10 DIAS Saco de cadeira universal em liberdade rosa combinado com quadrados de vichy nas mesmas tonalidades. A tampa \u00e9 desmontada por fechos, para que possa utilizar a parte do assento como cobertura, durante os meses mais quentes. Detalhes cuidadosos como o volante \u00e0 volta do assento e da boca, bot\u00f5es de madeira e tampas de arn\u00eas (para que o seu beb\u00e9 n\u00e3o esfregue contra os n\u00facleos) tornam as nossas malas muito especiais. Combine-o com o resto dos nossos complementos em Liberty.\" \/>\n<meta property=\"og:url\" content=\"https:\/\/lespiculins.com\/pt-pt\/produto\/saco-bugaboo-liberdade-rosa-soft-e-vichy\/\" \/>\n<meta property=\"og:site_name\" content=\"Les Piculins\" \/>\n<meta property=\"og:image\" content=\"https:\/\/lespiculins.com\/wp-content\/uploads\/2021\/09\/Portada-Michelle-y-vichy.jpg\" \/>\n\t<meta property=\"og:image:width\" content=\"1080\" \/>\n\t<meta property=\"og:image:height\" content=\"1055\" \/>\n\t<meta property=\"og:image:type\" content=\"image\/jpeg\" \/>\n<meta name=\"twitter:card\" content=\"summary_large_image\" \/>\n<script type=\"application\/ld+json\" class=\"yoast-schema-graph\">{\"@context\":\"https:\/\/schema.org\",\"@graph\":[{\"@type\":\"WebPage\",\"@id\":\"https:\/\/lespiculins.com\/pt-pt\/produto\/saco-bugaboo-liberdade-rosa-soft-e-vichy\/\",\"url\":\"https:\/\/lespiculins.com\/pt-pt\/produto\/saco-bugaboo-liberdade-rosa-soft-e-vichy\/\",\"name\":\"Saco Bugaboo Liberty Rosa Macio e Vichy - Les Piculins\",\"isPartOf\":{\"@id\":\"https:\/\/lespiculins.com\/pt-pt\/#website\"},\"datePublished\":\"2021-11-19T12:27:12+00:00\",\"dateModified\":\"2021-11-19T12:27:12+00:00\",\"breadcrumb\":{\"@id\":\"https:\/\/lespiculins.com\/pt-pt\/produto\/saco-bugaboo-liberdade-rosa-soft-e-vichy\/#breadcrumb\"},\"inLanguage\":\"pt-PT\",\"potentialAction\":[{\"@type\":\"ReadAction\",\"target\":[\"https:\/\/lespiculins.com\/pt-pt\/produto\/saco-bugaboo-liberdade-rosa-soft-e-vichy\/\"]}]},{\"@type\":\"BreadcrumbList\",\"@id\":\"https:\/\/lespiculins.com\/pt-pt\/produto\/saco-bugaboo-liberdade-rosa-soft-e-vichy\/#breadcrumb\",\"itemListElement\":[{\"@type\":\"ListItem\",\"position\":1,\"name\":\"Portada\",\"item\":\"https:\/\/lespiculins.com\/pt-pt\/inicio\/\"},{\"@type\":\"ListItem\",\"position\":2,\"name\":\"Loja\",\"item\":\"https:\/\/lespiculins.com\/pt-pt\/loja\/\"},{\"@type\":\"ListItem\",\"position\":3,\"name\":\"Saco Bugaboo Liberty Rosa Macio e Vichy\"}]},{\"@type\":\"WebSite\",\"@id\":\"https:\/\/lespiculins.com\/pt-pt\/#website\",\"url\":\"https:\/\/lespiculins.com\/pt-pt\/\",\"name\":\"Les Piculins\",\"description\":\"Fundas para carritos, bugaboo, maclaren, icoo, bebecar, mima...\",\"potentialAction\":[{\"@type\":\"SearchAction\",\"target\":{\"@type\":\"EntryPoint\",\"urlTemplate\":\"https:\/\/lespiculins.com\/pt-pt\/?s={search_term_string}\"},\"query-input\":\"required name=search_term_string\"}],\"inLanguage\":\"pt-PT\"}]}<\/script>\n<!-- \/ Yoast SEO plugin. -->","yoast_head_json":{"title":"Saco Bugaboo Liberty Rosa Macio e Vichy - Les Piculins","robots":{"index":"index","follow":"follow","max-snippet":"max-snippet:-1","max-image-preview":"max-image-preview:large","max-video-preview":"max-video-preview:-1"},"canonical":"https:\/\/lespiculins.com\/pt-pt\/produto\/saco-bugaboo-liberdade-rosa-soft-e-vichy\/","og_locale":"pt_PT","og_type":"article","og_title":"Saco Bugaboo Liberty Rosa Macio e Vichy - Les Piculins","og_description":"PRAZO DE ENTREGA 7-10 DIAS Saco de cadeira universal em liberdade rosa combinado com quadrados de vichy nas mesmas tonalidades. A tampa \u00e9 desmontada por fechos, para que possa utilizar a parte do assento como cobertura, durante os meses mais quentes. Detalhes cuidadosos como o volante \u00e0 volta do assento e da boca, bot\u00f5es de madeira e tampas de arn\u00eas (para que o seu beb\u00e9 n\u00e3o esfregue contra os n\u00facleos) tornam as nossas malas muito especiais. Combine-o com o resto dos nossos complementos em Liberty.","og_url":"https:\/\/lespiculins.com\/pt-pt\/produto\/saco-bugaboo-liberdade-rosa-soft-e-vichy\/","og_site_name":"Les Piculins","og_image":[{"width":1080,"height":1055,"url":"https:\/\/lespiculins.com\/wp-content\/uploads\/2021\/09\/Portada-Michelle-y-vichy.jpg","type":"image\/jpeg"}],"twitter_card":"summary_large_image","schema":{"@context":"https:\/\/schema.org","@graph":[{"@type":"WebPage","@id":"https:\/\/lespiculins.com\/pt-pt\/produto\/saco-bugaboo-liberdade-rosa-soft-e-vichy\/","url":"https:\/\/lespiculins.com\/pt-pt\/produto\/saco-bugaboo-liberdade-rosa-soft-e-vichy\/","name":"Saco Bugaboo Liberty Rosa Macio e Vichy - Les Piculins","isPartOf":{"@id":"https:\/\/lespiculins.com\/pt-pt\/#website"},"datePublished":"2021-11-19T12:27:12+00:00","dateModified":"2021-11-19T12:27:12+00:00","breadcrumb":{"@id":"https:\/\/lespiculins.com\/pt-pt\/produto\/saco-bugaboo-liberdade-rosa-soft-e-vichy\/#breadcrumb"},"inLanguage":"pt-PT","potentialAction":[{"@type":"ReadAction","target":["https:\/\/lespiculins.com\/pt-pt\/produto\/saco-bugaboo-liberdade-rosa-soft-e-vichy\/"]}]},{"@type":"BreadcrumbList","@id":"https:\/\/lespiculins.com\/pt-pt\/produto\/saco-bugaboo-liberdade-rosa-soft-e-vichy\/#breadcrumb","itemListElement":[{"@type":"ListItem","position":1,"name":"Portada","item":"https:\/\/lespiculins.com\/pt-pt\/inicio\/"},{"@type":"ListItem","position":2,"name":"Loja","item":"https:\/\/lespiculins.com\/pt-pt\/loja\/"},{"@type":"ListItem","position":3,"name":"Saco Bugaboo Liberty Rosa Macio e Vichy"}]},{"@type":"WebSite","@id":"https:\/\/lespiculins.com\/pt-pt\/#website","url":"https:\/\/lespiculins.com\/pt-pt\/","name":"Les Piculins","description":"Fundas para carritos, bugaboo, maclaren, icoo, bebecar, mima...","potentialAction":[{"@type":"SearchAction","target":{"@type":"EntryPoint","urlTemplate":"https:\/\/lespiculins.com\/pt-pt\/?s={search_term_string}"},"query-input":"required name=search_term_string"}],"inLanguage":"pt-PT"}]}},"_links":{"self":[{"href":"https:\/\/lespiculins.com\/pt-pt\/wp-json\/wp\/v2\/product\/33209"}],"collection":[{"href":"https:\/\/lespiculins.com\/pt-pt\/wp-json\/wp\/v2\/product"}],"about":[{"href":"https:\/\/lespiculins.com\/pt-pt\/wp-json\/wp\/v2\/types\/product"}],"wp:featuredmedia":[{"embeddable":true,"href":"https:\/\/lespiculins.com\/pt-pt\/wp-json\/wp\/v2\/media\/32148"}],"wp:attachment":[{"href":"https:\/\/lespiculins.com\/pt-pt\/wp-json\/wp\/v2\/media?parent=33209"}],"wp:term":[{"taxonomy":"product_cat","embeddable":true,"href":"https:\/\/lespiculins.com\/pt-pt\/wp-json\/wp\/v2\/product_cat?post=33209"},{"taxonomy":"product_tag","embeddable":true,"href":"https:\/\/lespiculins.com\/pt-pt\/wp-json\/wp\/v2\/product_tag?post=33209"}],"curies":[{"name":"wp","href":"https:\/\/api.w.org\/{rel}","templated":true}]}}