{"id":33201,"date":"2021-10-21T10:27:31","date_gmt":"2021-11-19T12:23:46","guid":{"rendered":"https:\/\/lespiculins.com\/producto\/saco-universal-plumeti-vichy-aqua\/"},"modified":"2025-08-05T02:19:53","modified_gmt":"2025-08-05T00:19:53","slug":"saco-universal-plumeti-vichy-aqua-2","status":"publish","type":"product","link":"https:\/\/lespiculins.com\/pt-pt\/produto\/saco-universal-plumeti-vichy-aqua-2\/","title":{"rendered":"Saco universal Plumeti &#8211; Vichy Aqua"},"content":{"rendered":"","protected":false},"excerpt":{"rendered":"<p>Saco de cadeira universal em Plumeti branco com cobertura em Vichy Aqua mini.<\/p>\n<p>PRAZO DE ENTREGA 7-10 DIAS<\/p>\n<p>O saco pode ser usado como cobertura removendo a tampa atrav\u00e9s dos fechos laterais. Inclui tampas de arn\u00eas correspondentes para que o seu pequenino n\u00e3o esfregue nas correias do carrinho.<\/p>\n<p>Volantito termina em torno da tampa e na boca da capa. Bot\u00f5es de madeira.<\/p>\n<p>Combine-o com o nosso capuz e saco correspondentes na impress\u00e3o Vichy Aqua.<\/p>\n<p>&nbsp;<\/p>\n","protected":false},"featured_media":32351,"template":"","meta":{"_joinchat":[]},"product_cat":[214],"product_tag":[326],"yoast_head":"<!-- This site is optimized with the Yoast SEO plugin v21.5 - https:\/\/yoast.com\/wordpress\/plugins\/seo\/ -->\n<title>Saco universal Plumeti - Vichy Aqua - Les Piculins<\/title>\n<meta name=\"robots\" content=\"index, follow, max-snippet:-1, max-image-preview:large, max-video-preview:-1\" \/>\n<link rel=\"canonical\" href=\"https:\/\/lespiculins.com\/pt-pt\/produto\/saco-universal-plumeti-vichy-aqua-2\/\" \/>\n<meta property=\"og:locale\" content=\"pt_PT\" \/>\n<meta property=\"og:type\" content=\"article\" \/>\n<meta property=\"og:title\" content=\"Saco universal Plumeti - Vichy Aqua - Les Piculins\" \/>\n<meta property=\"og:description\" content=\"Saco de cadeira universal em Plumeti branco com cobertura em Vichy Aqua mini. PRAZO DE ENTREGA 7-10 DIAS O saco pode ser usado como cobertura removendo a tampa atrav\u00e9s dos fechos laterais. Inclui tampas de arn\u00eas correspondentes para que o seu pequenino n\u00e3o esfregue nas correias do carrinho. Volantito termina em torno da tampa e na boca da capa. Bot\u00f5es de madeira. Combine-o com o nosso capuz e saco correspondentes na impress\u00e3o Vichy Aqua. &nbsp;\" \/>\n<meta property=\"og:url\" content=\"https:\/\/lespiculins.com\/pt-pt\/produto\/saco-universal-plumeti-vichy-aqua-2\/\" \/>\n<meta property=\"og:site_name\" content=\"Les Piculins\" \/>\n<meta property=\"article:modified_time\" content=\"2025-08-05T00:19:53+00:00\" \/>\n<meta property=\"og:image\" content=\"https:\/\/lespiculins.com\/wp-content\/uploads\/2021\/10\/Saco-vichy-plumeti3.jpg\" \/>\n\t<meta property=\"og:image:width\" content=\"1080\" \/>\n\t<meta property=\"og:image:height\" content=\"989\" \/>\n\t<meta property=\"og:image:type\" content=\"image\/jpeg\" \/>\n<meta name=\"twitter:card\" content=\"summary_large_image\" \/>\n<script type=\"application\/ld+json\" class=\"yoast-schema-graph\">{\"@context\":\"https:\/\/schema.org\",\"@graph\":[{\"@type\":\"WebPage\",\"@id\":\"https:\/\/lespiculins.com\/pt-pt\/produto\/saco-universal-plumeti-vichy-aqua-2\/\",\"url\":\"https:\/\/lespiculins.com\/pt-pt\/produto\/saco-universal-plumeti-vichy-aqua-2\/\",\"name\":\"Saco universal Plumeti - Vichy Aqua - Les Piculins\",\"isPartOf\":{\"@id\":\"https:\/\/lespiculins.com\/pt-pt\/#website\"},\"datePublished\":\"2021-11-19T12:23:46+00:00\",\"dateModified\":\"2025-08-05T00:19:53+00:00\",\"breadcrumb\":{\"@id\":\"https:\/\/lespiculins.com\/pt-pt\/produto\/saco-universal-plumeti-vichy-aqua-2\/#breadcrumb\"},\"inLanguage\":\"pt-PT\",\"potentialAction\":[{\"@type\":\"ReadAction\",\"target\":[\"https:\/\/lespiculins.com\/pt-pt\/produto\/saco-universal-plumeti-vichy-aqua-2\/\"]}]},{\"@type\":\"BreadcrumbList\",\"@id\":\"https:\/\/lespiculins.com\/pt-pt\/produto\/saco-universal-plumeti-vichy-aqua-2\/#breadcrumb\",\"itemListElement\":[{\"@type\":\"ListItem\",\"position\":1,\"name\":\"Portada\",\"item\":\"https:\/\/lespiculins.com\/pt-pt\/inicio\/\"},{\"@type\":\"ListItem\",\"position\":2,\"name\":\"Loja\",\"item\":\"https:\/\/lespiculins.com\/pt-pt\/loja\/\"},{\"@type\":\"ListItem\",\"position\":3,\"name\":\"Saco universal Plumeti &#8211; Vichy Aqua\"}]},{\"@type\":\"WebSite\",\"@id\":\"https:\/\/lespiculins.com\/pt-pt\/#website\",\"url\":\"https:\/\/lespiculins.com\/pt-pt\/\",\"name\":\"Les Piculins\",\"description\":\"Fundas para carritos, bugaboo, maclaren, icoo, bebecar, mima...\",\"potentialAction\":[{\"@type\":\"SearchAction\",\"target\":{\"@type\":\"EntryPoint\",\"urlTemplate\":\"https:\/\/lespiculins.com\/pt-pt\/?s={search_term_string}\"},\"query-input\":\"required name=search_term_string\"}],\"inLanguage\":\"pt-PT\"}]}<\/script>\n<!-- \/ Yoast SEO plugin. -->","yoast_head_json":{"title":"Saco universal Plumeti - Vichy Aqua - Les Piculins","robots":{"index":"index","follow":"follow","max-snippet":"max-snippet:-1","max-image-preview":"max-image-preview:large","max-video-preview":"max-video-preview:-1"},"canonical":"https:\/\/lespiculins.com\/pt-pt\/produto\/saco-universal-plumeti-vichy-aqua-2\/","og_locale":"pt_PT","og_type":"article","og_title":"Saco universal Plumeti - Vichy Aqua - Les Piculins","og_description":"Saco de cadeira universal em Plumeti branco com cobertura em Vichy Aqua mini. PRAZO DE ENTREGA 7-10 DIAS O saco pode ser usado como cobertura removendo a tampa atrav\u00e9s dos fechos laterais. Inclui tampas de arn\u00eas correspondentes para que o seu pequenino n\u00e3o esfregue nas correias do carrinho. Volantito termina em torno da tampa e na boca da capa. Bot\u00f5es de madeira. Combine-o com o nosso capuz e saco correspondentes na impress\u00e3o Vichy Aqua. &nbsp;","og_url":"https:\/\/lespiculins.com\/pt-pt\/produto\/saco-universal-plumeti-vichy-aqua-2\/","og_site_name":"Les Piculins","article_modified_time":"2025-08-05T00:19:53+00:00","og_image":[{"width":1080,"height":989,"url":"https:\/\/lespiculins.com\/wp-content\/uploads\/2021\/10\/Saco-vichy-plumeti3.jpg","type":"image\/jpeg"}],"twitter_card":"summary_large_image","schema":{"@context":"https:\/\/schema.org","@graph":[{"@type":"WebPage","@id":"https:\/\/lespiculins.com\/pt-pt\/produto\/saco-universal-plumeti-vichy-aqua-2\/","url":"https:\/\/lespiculins.com\/pt-pt\/produto\/saco-universal-plumeti-vichy-aqua-2\/","name":"Saco universal Plumeti - Vichy Aqua - Les Piculins","isPartOf":{"@id":"https:\/\/lespiculins.com\/pt-pt\/#website"},"datePublished":"2021-11-19T12:23:46+00:00","dateModified":"2025-08-05T00:19:53+00:00","breadcrumb":{"@id":"https:\/\/lespiculins.com\/pt-pt\/produto\/saco-universal-plumeti-vichy-aqua-2\/#breadcrumb"},"inLanguage":"pt-PT","potentialAction":[{"@type":"ReadAction","target":["https:\/\/lespiculins.com\/pt-pt\/produto\/saco-universal-plumeti-vichy-aqua-2\/"]}]},{"@type":"BreadcrumbList","@id":"https:\/\/lespiculins.com\/pt-pt\/produto\/saco-universal-plumeti-vichy-aqua-2\/#breadcrumb","itemListElement":[{"@type":"ListItem","position":1,"name":"Portada","item":"https:\/\/lespiculins.com\/pt-pt\/inicio\/"},{"@type":"ListItem","position":2,"name":"Loja","item":"https:\/\/lespiculins.com\/pt-pt\/loja\/"},{"@type":"ListItem","position":3,"name":"Saco universal Plumeti &#8211; Vichy Aqua"}]},{"@type":"WebSite","@id":"https:\/\/lespiculins.com\/pt-pt\/#website","url":"https:\/\/lespiculins.com\/pt-pt\/","name":"Les Piculins","description":"Fundas para carritos, bugaboo, maclaren, icoo, bebecar, mima...","potentialAction":[{"@type":"SearchAction","target":{"@type":"EntryPoint","urlTemplate":"https:\/\/lespiculins.com\/pt-pt\/?s={search_term_string}"},"query-input":"required name=search_term_string"}],"inLanguage":"pt-PT"}]}},"_links":{"self":[{"href":"https:\/\/lespiculins.com\/pt-pt\/wp-json\/wp\/v2\/product\/33201"}],"collection":[{"href":"https:\/\/lespiculins.com\/pt-pt\/wp-json\/wp\/v2\/product"}],"about":[{"href":"https:\/\/lespiculins.com\/pt-pt\/wp-json\/wp\/v2\/types\/product"}],"wp:featuredmedia":[{"embeddable":true,"href":"https:\/\/lespiculins.com\/pt-pt\/wp-json\/wp\/v2\/media\/32351"}],"wp:attachment":[{"href":"https:\/\/lespiculins.com\/pt-pt\/wp-json\/wp\/v2\/media?parent=33201"}],"wp:term":[{"taxonomy":"product_cat","embeddable":true,"href":"https:\/\/lespiculins.com\/pt-pt\/wp-json\/wp\/v2\/product_cat?post=33201"},{"taxonomy":"product_tag","embeddable":true,"href":"https:\/\/lespiculins.com\/pt-pt\/wp-json\/wp\/v2\/product_tag?post=33201"}],"curies":[{"name":"wp","href":"https:\/\/api.w.org\/{rel}","templated":true}]}}