{"id":33189,"date":"2021-10-31T11:00:17","date_gmt":"2021-11-19T12:18:45","guid":{"rendered":"https:\/\/lespiculins.com\/producto\/saco-alcofa-liberty-aqua\/"},"modified":"2023-07-11T07:46:35","modified_gmt":"2023-07-11T05:46:35","slug":"saco-carrycot-liberdade-aqua","status":"publish","type":"product","link":"https:\/\/lespiculins.com\/pt-pt\/produto\/saco-carrycot-liberdade-aqua\/","title":{"rendered":"Saco alcofa Liberty Aqua"},"content":{"rendered":"","protected":false},"excerpt":{"rendered":"<p>PRAZO DE ENTREGA 7-10 DIAS<\/p>\n<p>Saco para cesto em liberty Londres impress\u00e3o de pequenas flores em tons aqua combinado com Plumeti White. Embozo com tira bordada extra larga em flores. O Liberty combina fenomenalmente com os t\u00eaxteis &#8220;Aqua&#8221; originais dos carros Bugaboo e Babyzen.<\/p>\n<p>Este saco de cota \u00e9 composto por quatro pe\u00e7as: base ou colch\u00e3o, cobertura amov\u00edvel que \u00e9 levada para a base por dois fechos laterais, almofada de lodo que reserva o colch\u00e3o de poss\u00edveis manchas e embozo amov\u00edvel que pode remover por dois bot\u00f5es.<\/p>\n<p>Como todos os nossos acess\u00f3rios, os sacos de bagagem s\u00e3o lav\u00e1veis. Recomendamos a lavagem para roupas delicadas, m\u00e1x. 30\u00ba C com o detergente hipoalerg\u00e9nico que normalmente utiliza para o seu beb\u00e9, \u00e9 prefer\u00edvel n\u00e3o utilizar um secador. Ao passar a ferro, n\u00e3o pressione as pe\u00e7as com o ferro de modo a que n\u00e3o baixe os recheios e continue a ser acolchoado. Aplique muito vapor para remover rugas e higienizar as pe\u00e7as de vestu\u00e1rio.<\/p>\n<p>Combine os sacos de bagagem do seu beb\u00e9 com o resto dos nossos acess\u00f3rios na Liberty London ou na Vichy.<\/p>\n<p>&nbsp;<\/p>\n","protected":false},"featured_media":32680,"template":"","meta":{"_joinchat":[]},"product_cat":[224],"product_tag":[307],"yoast_head":"<!-- This site is optimized with the Yoast SEO plugin v21.5 - https:\/\/yoast.com\/wordpress\/plugins\/seo\/ -->\n<title>Saco alcofa Liberty Aqua - Les Piculins<\/title>\n<meta name=\"robots\" content=\"index, follow, max-snippet:-1, max-image-preview:large, max-video-preview:-1\" \/>\n<link rel=\"canonical\" href=\"https:\/\/lespiculins.com\/pt-pt\/produto\/saco-carrycot-liberdade-aqua\/\" \/>\n<meta property=\"og:locale\" content=\"pt_PT\" \/>\n<meta property=\"og:type\" content=\"article\" \/>\n<meta property=\"og:title\" content=\"Saco alcofa Liberty Aqua - Les Piculins\" \/>\n<meta property=\"og:description\" content=\"PRAZO DE ENTREGA 7-10 DIAS Saco para cesto em liberty Londres impress\u00e3o de pequenas flores em tons aqua combinado com Plumeti White. Embozo com tira bordada extra larga em flores. O Liberty combina fenomenalmente com os t\u00eaxteis &quot;Aqua&quot; originais dos carros Bugaboo e Babyzen. Este saco de cota \u00e9 composto por quatro pe\u00e7as: base ou colch\u00e3o, cobertura amov\u00edvel que \u00e9 levada para a base por dois fechos laterais, almofada de lodo que reserva o colch\u00e3o de poss\u00edveis manchas e embozo amov\u00edvel que pode remover por dois bot\u00f5es. Como todos os nossos acess\u00f3rios, os sacos de bagagem s\u00e3o lav\u00e1veis. Recomendamos a lavagem para roupas delicadas, m\u00e1x. 30\u00ba C com o detergente hipoalerg\u00e9nico que normalmente utiliza para o seu beb\u00e9, \u00e9 prefer\u00edvel n\u00e3o utilizar um secador. Ao passar a ferro, n\u00e3o pressione as pe\u00e7as com o ferro de modo a que n\u00e3o baixe os recheios e continue a ser acolchoado. Aplique muito vapor para remover rugas e higienizar as pe\u00e7as de vestu\u00e1rio. Combine os sacos de bagagem do seu beb\u00e9 com o resto dos nossos acess\u00f3rios na Liberty London ou na Vichy. &nbsp;\" \/>\n<meta property=\"og:url\" content=\"https:\/\/lespiculins.com\/pt-pt\/produto\/saco-carrycot-liberdade-aqua\/\" \/>\n<meta property=\"og:site_name\" content=\"Les Piculins\" \/>\n<meta property=\"article:modified_time\" content=\"2023-07-11T05:46:35+00:00\" \/>\n<meta name=\"twitter:card\" content=\"summary_large_image\" \/>\n<script type=\"application\/ld+json\" class=\"yoast-schema-graph\">{\"@context\":\"https:\/\/schema.org\",\"@graph\":[{\"@type\":\"WebPage\",\"@id\":\"https:\/\/lespiculins.com\/pt-pt\/produto\/saco-carrycot-liberdade-aqua\/\",\"url\":\"https:\/\/lespiculins.com\/pt-pt\/produto\/saco-carrycot-liberdade-aqua\/\",\"name\":\"Saco alcofa Liberty Aqua - Les Piculins\",\"isPartOf\":{\"@id\":\"https:\/\/lespiculins.com\/pt-pt\/#website\"},\"datePublished\":\"2021-11-19T12:18:45+00:00\",\"dateModified\":\"2023-07-11T05:46:35+00:00\",\"breadcrumb\":{\"@id\":\"https:\/\/lespiculins.com\/pt-pt\/produto\/saco-carrycot-liberdade-aqua\/#breadcrumb\"},\"inLanguage\":\"pt-PT\",\"potentialAction\":[{\"@type\":\"ReadAction\",\"target\":[\"https:\/\/lespiculins.com\/pt-pt\/produto\/saco-carrycot-liberdade-aqua\/\"]}]},{\"@type\":\"BreadcrumbList\",\"@id\":\"https:\/\/lespiculins.com\/pt-pt\/produto\/saco-carrycot-liberdade-aqua\/#breadcrumb\",\"itemListElement\":[{\"@type\":\"ListItem\",\"position\":1,\"name\":\"Portada\",\"item\":\"https:\/\/lespiculins.com\/pt-pt\/inicio\/\"},{\"@type\":\"ListItem\",\"position\":2,\"name\":\"Loja\",\"item\":\"https:\/\/lespiculins.com\/pt-pt\/loja\/\"},{\"@type\":\"ListItem\",\"position\":3,\"name\":\"Saco alcofa Liberty Aqua\"}]},{\"@type\":\"WebSite\",\"@id\":\"https:\/\/lespiculins.com\/pt-pt\/#website\",\"url\":\"https:\/\/lespiculins.com\/pt-pt\/\",\"name\":\"Les Piculins\",\"description\":\"Fundas para carritos, bugaboo, maclaren, icoo, bebecar, mima...\",\"potentialAction\":[{\"@type\":\"SearchAction\",\"target\":{\"@type\":\"EntryPoint\",\"urlTemplate\":\"https:\/\/lespiculins.com\/pt-pt\/?s={search_term_string}\"},\"query-input\":\"required name=search_term_string\"}],\"inLanguage\":\"pt-PT\"}]}<\/script>\n<!-- \/ Yoast SEO plugin. -->","yoast_head_json":{"title":"Saco alcofa Liberty Aqua - Les Piculins","robots":{"index":"index","follow":"follow","max-snippet":"max-snippet:-1","max-image-preview":"max-image-preview:large","max-video-preview":"max-video-preview:-1"},"canonical":"https:\/\/lespiculins.com\/pt-pt\/produto\/saco-carrycot-liberdade-aqua\/","og_locale":"pt_PT","og_type":"article","og_title":"Saco alcofa Liberty Aqua - Les Piculins","og_description":"PRAZO DE ENTREGA 7-10 DIAS Saco para cesto em liberty Londres impress\u00e3o de pequenas flores em tons aqua combinado com Plumeti White. Embozo com tira bordada extra larga em flores. O Liberty combina fenomenalmente com os t\u00eaxteis \"Aqua\" originais dos carros Bugaboo e Babyzen. Este saco de cota \u00e9 composto por quatro pe\u00e7as: base ou colch\u00e3o, cobertura amov\u00edvel que \u00e9 levada para a base por dois fechos laterais, almofada de lodo que reserva o colch\u00e3o de poss\u00edveis manchas e embozo amov\u00edvel que pode remover por dois bot\u00f5es. Como todos os nossos acess\u00f3rios, os sacos de bagagem s\u00e3o lav\u00e1veis. Recomendamos a lavagem para roupas delicadas, m\u00e1x. 30\u00ba C com o detergente hipoalerg\u00e9nico que normalmente utiliza para o seu beb\u00e9, \u00e9 prefer\u00edvel n\u00e3o utilizar um secador. Ao passar a ferro, n\u00e3o pressione as pe\u00e7as com o ferro de modo a que n\u00e3o baixe os recheios e continue a ser acolchoado. Aplique muito vapor para remover rugas e higienizar as pe\u00e7as de vestu\u00e1rio. Combine os sacos de bagagem do seu beb\u00e9 com o resto dos nossos acess\u00f3rios na Liberty London ou na Vichy. &nbsp;","og_url":"https:\/\/lespiculins.com\/pt-pt\/produto\/saco-carrycot-liberdade-aqua\/","og_site_name":"Les Piculins","article_modified_time":"2023-07-11T05:46:35+00:00","twitter_card":"summary_large_image","schema":{"@context":"https:\/\/schema.org","@graph":[{"@type":"WebPage","@id":"https:\/\/lespiculins.com\/pt-pt\/produto\/saco-carrycot-liberdade-aqua\/","url":"https:\/\/lespiculins.com\/pt-pt\/produto\/saco-carrycot-liberdade-aqua\/","name":"Saco alcofa Liberty Aqua - Les Piculins","isPartOf":{"@id":"https:\/\/lespiculins.com\/pt-pt\/#website"},"datePublished":"2021-11-19T12:18:45+00:00","dateModified":"2023-07-11T05:46:35+00:00","breadcrumb":{"@id":"https:\/\/lespiculins.com\/pt-pt\/produto\/saco-carrycot-liberdade-aqua\/#breadcrumb"},"inLanguage":"pt-PT","potentialAction":[{"@type":"ReadAction","target":["https:\/\/lespiculins.com\/pt-pt\/produto\/saco-carrycot-liberdade-aqua\/"]}]},{"@type":"BreadcrumbList","@id":"https:\/\/lespiculins.com\/pt-pt\/produto\/saco-carrycot-liberdade-aqua\/#breadcrumb","itemListElement":[{"@type":"ListItem","position":1,"name":"Portada","item":"https:\/\/lespiculins.com\/pt-pt\/inicio\/"},{"@type":"ListItem","position":2,"name":"Loja","item":"https:\/\/lespiculins.com\/pt-pt\/loja\/"},{"@type":"ListItem","position":3,"name":"Saco alcofa Liberty Aqua"}]},{"@type":"WebSite","@id":"https:\/\/lespiculins.com\/pt-pt\/#website","url":"https:\/\/lespiculins.com\/pt-pt\/","name":"Les Piculins","description":"Fundas para carritos, bugaboo, maclaren, icoo, bebecar, mima...","potentialAction":[{"@type":"SearchAction","target":{"@type":"EntryPoint","urlTemplate":"https:\/\/lespiculins.com\/pt-pt\/?s={search_term_string}"},"query-input":"required name=search_term_string"}],"inLanguage":"pt-PT"}]}},"_links":{"self":[{"href":"https:\/\/lespiculins.com\/pt-pt\/wp-json\/wp\/v2\/product\/33189"}],"collection":[{"href":"https:\/\/lespiculins.com\/pt-pt\/wp-json\/wp\/v2\/product"}],"about":[{"href":"https:\/\/lespiculins.com\/pt-pt\/wp-json\/wp\/v2\/types\/product"}],"wp:featuredmedia":[{"embeddable":true,"href":"https:\/\/lespiculins.com\/pt-pt\/wp-json\/wp\/v2\/media\/32680"}],"wp:attachment":[{"href":"https:\/\/lespiculins.com\/pt-pt\/wp-json\/wp\/v2\/media?parent=33189"}],"wp:term":[{"taxonomy":"product_cat","embeddable":true,"href":"https:\/\/lespiculins.com\/pt-pt\/wp-json\/wp\/v2\/product_cat?post=33189"},{"taxonomy":"product_tag","embeddable":true,"href":"https:\/\/lespiculins.com\/pt-pt\/wp-json\/wp\/v2\/product_tag?post=33189"}],"curies":[{"name":"wp","href":"https:\/\/api.w.org\/{rel}","templated":true}]}}