{"id":33187,"date":"2021-10-31T11:11:44","date_gmt":"2021-11-19T12:18:30","guid":{"rendered":"https:\/\/lespiculins.com\/producto\/saco-alcofa-trico-rosa-macio\/"},"modified":"2021-11-19T13:18:34","modified_gmt":"2021-11-19T12:18:34","slug":"saco-carrycot-dot-rosa-soft","status":"publish","type":"product","link":"https:\/\/lespiculins.com\/pt-pt\/produto\/saco-carrycot-dot-rosa-soft\/","title":{"rendered":"Saco Alcofa Tric\u00f4 Rosa Macio"},"content":{"rendered":"","protected":false},"excerpt":{"rendered":"<p>PRAZO DE ENTREGA 7-10 DIAS<\/p>\n<p>Saco para Carrycot em um beb\u00ea muito doce Ponto Rosa combinado com plumeti branco. Embozo com duas jaretas e acabamentos de ponta dos p\u00e9s.<\/p>\n<p>Podemos bordar o nome inicial\/nome do seu beb\u00e9, se desejar, ou mant\u00ea-lo em branco (se o vai usar para outro beb\u00e9 mais tarde).<\/p>\n<p>Este saco de cota \u00e9 composto por quatro pe\u00e7as: base ou colch\u00e3o, cobertura amov\u00edvel que \u00e9 levada para a base por dois fechos laterais, almofada de lodo que reserva o colch\u00e3o de poss\u00edveis manchas e embozo amov\u00edvel que pode remover por dois bot\u00f5es.<\/p>\n<p>Como todos os nossos acess\u00f3rios, os sacos de bagagem s\u00e3o lav\u00e1veis. Recomendamos a lavagem para roupas delicadas, m\u00e1x. 30\u00ba C com o detergente hipoalerg\u00e9nico que normalmente utiliza para o seu beb\u00e9, \u00e9 prefer\u00edvel n\u00e3o utilizar um secador. Ao passar a ferro, n\u00e3o pressione as pe\u00e7as com o ferro de modo a que n\u00e3o baixe os recheios e continue a ser acolchoado. Aplique muito vapor para remover rugas e higienizar as pe\u00e7as de vestu\u00e1rio.<\/p>\n<p>Combine os sacos de bagagem do seu beb\u00e9 com o resto dos nossos acess\u00f3rios na Liberty London ou na Vichy.<\/p>\n<p>&nbsp;<\/p>\n","protected":false},"featured_media":32691,"template":"","meta":{"_joinchat":[]},"product_cat":[224],"product_tag":[324],"yoast_head":"<!-- This site is optimized with the Yoast SEO plugin v21.5 - https:\/\/yoast.com\/wordpress\/plugins\/seo\/ -->\n<title>Saco Alcofa Tric\u00f4 Rosa Macio - Les Piculins<\/title>\n<meta name=\"robots\" content=\"index, follow, max-snippet:-1, max-image-preview:large, max-video-preview:-1\" \/>\n<link rel=\"canonical\" href=\"https:\/\/lespiculins.com\/pt-pt\/produto\/saco-carrycot-dot-rosa-soft\/\" \/>\n<meta property=\"og:locale\" content=\"pt_PT\" \/>\n<meta property=\"og:type\" content=\"article\" \/>\n<meta property=\"og:title\" content=\"Saco Alcofa Tric\u00f4 Rosa Macio - Les Piculins\" \/>\n<meta property=\"og:description\" content=\"PRAZO DE ENTREGA 7-10 DIAS Saco para Carrycot em um beb\u00ea muito doce Ponto Rosa combinado com plumeti branco. Embozo com duas jaretas e acabamentos de ponta dos p\u00e9s. Podemos bordar o nome inicial\/nome do seu beb\u00e9, se desejar, ou mant\u00ea-lo em branco (se o vai usar para outro beb\u00e9 mais tarde). Este saco de cota \u00e9 composto por quatro pe\u00e7as: base ou colch\u00e3o, cobertura amov\u00edvel que \u00e9 levada para a base por dois fechos laterais, almofada de lodo que reserva o colch\u00e3o de poss\u00edveis manchas e embozo amov\u00edvel que pode remover por dois bot\u00f5es. Como todos os nossos acess\u00f3rios, os sacos de bagagem s\u00e3o lav\u00e1veis. Recomendamos a lavagem para roupas delicadas, m\u00e1x. 30\u00ba C com o detergente hipoalerg\u00e9nico que normalmente utiliza para o seu beb\u00e9, \u00e9 prefer\u00edvel n\u00e3o utilizar um secador. Ao passar a ferro, n\u00e3o pressione as pe\u00e7as com o ferro de modo a que n\u00e3o baixe os recheios e continue a ser acolchoado. Aplique muito vapor para remover rugas e higienizar as pe\u00e7as de vestu\u00e1rio. Combine os sacos de bagagem do seu beb\u00e9 com o resto dos nossos acess\u00f3rios na Liberty London ou na Vichy. &nbsp;\" \/>\n<meta property=\"og:url\" content=\"https:\/\/lespiculins.com\/pt-pt\/produto\/saco-carrycot-dot-rosa-soft\/\" \/>\n<meta property=\"og:site_name\" content=\"Les Piculins\" \/>\n<meta property=\"article:modified_time\" content=\"2021-11-19T12:18:34+00:00\" \/>\n<meta property=\"og:image\" content=\"https:\/\/lespiculins.com\/wp-content\/uploads\/2021\/10\/Punto-rosa-y-plumeti-1.png\" \/>\n\t<meta property=\"og:image:width\" content=\"1080\" \/>\n\t<meta property=\"og:image:height\" content=\"1080\" \/>\n\t<meta property=\"og:image:type\" content=\"image\/png\" \/>\n<meta name=\"twitter:card\" content=\"summary_large_image\" \/>\n<script type=\"application\/ld+json\" class=\"yoast-schema-graph\">{\"@context\":\"https:\/\/schema.org\",\"@graph\":[{\"@type\":\"WebPage\",\"@id\":\"https:\/\/lespiculins.com\/pt-pt\/produto\/saco-carrycot-dot-rosa-soft\/\",\"url\":\"https:\/\/lespiculins.com\/pt-pt\/produto\/saco-carrycot-dot-rosa-soft\/\",\"name\":\"Saco Alcofa Tric\u00f4 Rosa Macio - Les Piculins\",\"isPartOf\":{\"@id\":\"https:\/\/lespiculins.com\/pt-pt\/#website\"},\"datePublished\":\"2021-11-19T12:18:30+00:00\",\"dateModified\":\"2021-11-19T12:18:34+00:00\",\"breadcrumb\":{\"@id\":\"https:\/\/lespiculins.com\/pt-pt\/produto\/saco-carrycot-dot-rosa-soft\/#breadcrumb\"},\"inLanguage\":\"pt-PT\",\"potentialAction\":[{\"@type\":\"ReadAction\",\"target\":[\"https:\/\/lespiculins.com\/pt-pt\/produto\/saco-carrycot-dot-rosa-soft\/\"]}]},{\"@type\":\"BreadcrumbList\",\"@id\":\"https:\/\/lespiculins.com\/pt-pt\/produto\/saco-carrycot-dot-rosa-soft\/#breadcrumb\",\"itemListElement\":[{\"@type\":\"ListItem\",\"position\":1,\"name\":\"Portada\",\"item\":\"https:\/\/lespiculins.com\/pt-pt\/inicio\/\"},{\"@type\":\"ListItem\",\"position\":2,\"name\":\"Loja\",\"item\":\"https:\/\/lespiculins.com\/pt-pt\/loja\/\"},{\"@type\":\"ListItem\",\"position\":3,\"name\":\"Saco Alcofa Tric\u00f4 Rosa Macio\"}]},{\"@type\":\"WebSite\",\"@id\":\"https:\/\/lespiculins.com\/pt-pt\/#website\",\"url\":\"https:\/\/lespiculins.com\/pt-pt\/\",\"name\":\"Les Piculins\",\"description\":\"Fundas para carritos, bugaboo, maclaren, icoo, bebecar, mima...\",\"potentialAction\":[{\"@type\":\"SearchAction\",\"target\":{\"@type\":\"EntryPoint\",\"urlTemplate\":\"https:\/\/lespiculins.com\/pt-pt\/?s={search_term_string}\"},\"query-input\":\"required name=search_term_string\"}],\"inLanguage\":\"pt-PT\"}]}<\/script>\n<!-- \/ Yoast SEO plugin. -->","yoast_head_json":{"title":"Saco Alcofa Tric\u00f4 Rosa Macio - Les Piculins","robots":{"index":"index","follow":"follow","max-snippet":"max-snippet:-1","max-image-preview":"max-image-preview:large","max-video-preview":"max-video-preview:-1"},"canonical":"https:\/\/lespiculins.com\/pt-pt\/produto\/saco-carrycot-dot-rosa-soft\/","og_locale":"pt_PT","og_type":"article","og_title":"Saco Alcofa Tric\u00f4 Rosa Macio - Les Piculins","og_description":"PRAZO DE ENTREGA 7-10 DIAS Saco para Carrycot em um beb\u00ea muito doce Ponto Rosa combinado com plumeti branco. Embozo com duas jaretas e acabamentos de ponta dos p\u00e9s. Podemos bordar o nome inicial\/nome do seu beb\u00e9, se desejar, ou mant\u00ea-lo em branco (se o vai usar para outro beb\u00e9 mais tarde). Este saco de cota \u00e9 composto por quatro pe\u00e7as: base ou colch\u00e3o, cobertura amov\u00edvel que \u00e9 levada para a base por dois fechos laterais, almofada de lodo que reserva o colch\u00e3o de poss\u00edveis manchas e embozo amov\u00edvel que pode remover por dois bot\u00f5es. Como todos os nossos acess\u00f3rios, os sacos de bagagem s\u00e3o lav\u00e1veis. Recomendamos a lavagem para roupas delicadas, m\u00e1x. 30\u00ba C com o detergente hipoalerg\u00e9nico que normalmente utiliza para o seu beb\u00e9, \u00e9 prefer\u00edvel n\u00e3o utilizar um secador. Ao passar a ferro, n\u00e3o pressione as pe\u00e7as com o ferro de modo a que n\u00e3o baixe os recheios e continue a ser acolchoado. Aplique muito vapor para remover rugas e higienizar as pe\u00e7as de vestu\u00e1rio. Combine os sacos de bagagem do seu beb\u00e9 com o resto dos nossos acess\u00f3rios na Liberty London ou na Vichy. &nbsp;","og_url":"https:\/\/lespiculins.com\/pt-pt\/produto\/saco-carrycot-dot-rosa-soft\/","og_site_name":"Les Piculins","article_modified_time":"2021-11-19T12:18:34+00:00","og_image":[{"width":1080,"height":1080,"url":"https:\/\/lespiculins.com\/wp-content\/uploads\/2021\/10\/Punto-rosa-y-plumeti-1.png","type":"image\/png"}],"twitter_card":"summary_large_image","schema":{"@context":"https:\/\/schema.org","@graph":[{"@type":"WebPage","@id":"https:\/\/lespiculins.com\/pt-pt\/produto\/saco-carrycot-dot-rosa-soft\/","url":"https:\/\/lespiculins.com\/pt-pt\/produto\/saco-carrycot-dot-rosa-soft\/","name":"Saco Alcofa Tric\u00f4 Rosa Macio - Les Piculins","isPartOf":{"@id":"https:\/\/lespiculins.com\/pt-pt\/#website"},"datePublished":"2021-11-19T12:18:30+00:00","dateModified":"2021-11-19T12:18:34+00:00","breadcrumb":{"@id":"https:\/\/lespiculins.com\/pt-pt\/produto\/saco-carrycot-dot-rosa-soft\/#breadcrumb"},"inLanguage":"pt-PT","potentialAction":[{"@type":"ReadAction","target":["https:\/\/lespiculins.com\/pt-pt\/produto\/saco-carrycot-dot-rosa-soft\/"]}]},{"@type":"BreadcrumbList","@id":"https:\/\/lespiculins.com\/pt-pt\/produto\/saco-carrycot-dot-rosa-soft\/#breadcrumb","itemListElement":[{"@type":"ListItem","position":1,"name":"Portada","item":"https:\/\/lespiculins.com\/pt-pt\/inicio\/"},{"@type":"ListItem","position":2,"name":"Loja","item":"https:\/\/lespiculins.com\/pt-pt\/loja\/"},{"@type":"ListItem","position":3,"name":"Saco Alcofa Tric\u00f4 Rosa Macio"}]},{"@type":"WebSite","@id":"https:\/\/lespiculins.com\/pt-pt\/#website","url":"https:\/\/lespiculins.com\/pt-pt\/","name":"Les Piculins","description":"Fundas para carritos, bugaboo, maclaren, icoo, bebecar, mima...","potentialAction":[{"@type":"SearchAction","target":{"@type":"EntryPoint","urlTemplate":"https:\/\/lespiculins.com\/pt-pt\/?s={search_term_string}"},"query-input":"required name=search_term_string"}],"inLanguage":"pt-PT"}]}},"_links":{"self":[{"href":"https:\/\/lespiculins.com\/pt-pt\/wp-json\/wp\/v2\/product\/33187"}],"collection":[{"href":"https:\/\/lespiculins.com\/pt-pt\/wp-json\/wp\/v2\/product"}],"about":[{"href":"https:\/\/lespiculins.com\/pt-pt\/wp-json\/wp\/v2\/types\/product"}],"wp:featuredmedia":[{"embeddable":true,"href":"https:\/\/lespiculins.com\/pt-pt\/wp-json\/wp\/v2\/media\/32691"}],"wp:attachment":[{"href":"https:\/\/lespiculins.com\/pt-pt\/wp-json\/wp\/v2\/media?parent=33187"}],"wp:term":[{"taxonomy":"product_cat","embeddable":true,"href":"https:\/\/lespiculins.com\/pt-pt\/wp-json\/wp\/v2\/product_cat?post=33187"},{"taxonomy":"product_tag","embeddable":true,"href":"https:\/\/lespiculins.com\/pt-pt\/wp-json\/wp\/v2\/product_tag?post=33187"}],"curies":[{"name":"wp","href":"https:\/\/api.w.org\/{rel}","templated":true}]}}