{"id":33181,"date":"2021-11-04T11:27:21","date_gmt":"2021-11-19T12:15:03","guid":{"rendered":"https:\/\/lespiculins.com\/producto\/saco-alcofa-trico-cru\/"},"modified":"2021-11-19T13:16:25","modified_gmt":"2021-11-19T12:16:25","slug":"saco-carrycot-ponto-crude","status":"publish","type":"product","link":"https:\/\/lespiculins.com\/pt-pt\/produto\/saco-carrycot-ponto-crude\/","title":{"rendered":"Saco Alcofa Tric\u00f4 Cru"},"content":{"rendered":"","protected":false},"excerpt":{"rendered":"<p>PRAZO DE ENTREGA 7-10 DIAS<\/p>\n<p>Saco para cesto em Plumeti Crudo com cobertura em Point e baberito tipo embozo com jaretas e pontas dos p\u00e9s. Este saco combina fenomenalmente com o marfim do Bugaboo e o capuz branco fresco.<\/p>\n<p>O Saco \u00e9 composto por quatro pe\u00e7as: base ou colch\u00e3o, cobertura amov\u00edvel por dois fechos laterais, almofada que poupa lodo que reserva o colch\u00e3o de poss\u00edveis manchas e tamb\u00e9m embozo amov\u00edvel.<\/p>\n<p>Como todos os nossos acess\u00f3rios, os sacos de bagagem s\u00e3o lav\u00e1veis. Recomendamos a lavagem para roupas delicadas, m\u00e1x. 30\u00baC com o detergente hipoalerg\u00e9nico que normalmente utiliza para o seu beb\u00e9, \u00e9 prefer\u00edvel n\u00e3o utilizar um secador. Ao passar a ferro, n\u00e3o pressione as pe\u00e7as com o ferro de modo a que n\u00e3o baixe os recheios e continue a ser acolchoado. Aplique muito vapor para remover rugas e higienizar as pe\u00e7as de vestu\u00e1rio.<\/p>\n<p>Combine os sacos de bagagem do seu beb\u00e9 com o resto dos nossos acess\u00f3rios na Liberty London.<\/p>\n","protected":false},"featured_media":32776,"template":"","meta":{"_joinchat":[]},"product_cat":[224],"product_tag":[322],"yoast_head":"<!-- This site is optimized with the Yoast SEO plugin v21.5 - https:\/\/yoast.com\/wordpress\/plugins\/seo\/ -->\n<title>Saco Alcofa Tric\u00f4 Cru - Les Piculins<\/title>\n<meta name=\"robots\" content=\"index, follow, max-snippet:-1, max-image-preview:large, max-video-preview:-1\" \/>\n<link rel=\"canonical\" href=\"https:\/\/lespiculins.com\/pt-pt\/produto\/saco-carrycot-ponto-crude\/\" \/>\n<meta property=\"og:locale\" content=\"pt_PT\" \/>\n<meta property=\"og:type\" content=\"article\" \/>\n<meta property=\"og:title\" content=\"Saco Alcofa Tric\u00f4 Cru - Les Piculins\" \/>\n<meta property=\"og:description\" content=\"PRAZO DE ENTREGA 7-10 DIAS Saco para cesto em Plumeti Crudo com cobertura em Point e baberito tipo embozo com jaretas e pontas dos p\u00e9s. Este saco combina fenomenalmente com o marfim do Bugaboo e o capuz branco fresco. O Saco \u00e9 composto por quatro pe\u00e7as: base ou colch\u00e3o, cobertura amov\u00edvel por dois fechos laterais, almofada que poupa lodo que reserva o colch\u00e3o de poss\u00edveis manchas e tamb\u00e9m embozo amov\u00edvel. Como todos os nossos acess\u00f3rios, os sacos de bagagem s\u00e3o lav\u00e1veis. Recomendamos a lavagem para roupas delicadas, m\u00e1x. 30\u00baC com o detergente hipoalerg\u00e9nico que normalmente utiliza para o seu beb\u00e9, \u00e9 prefer\u00edvel n\u00e3o utilizar um secador. Ao passar a ferro, n\u00e3o pressione as pe\u00e7as com o ferro de modo a que n\u00e3o baixe os recheios e continue a ser acolchoado. Aplique muito vapor para remover rugas e higienizar as pe\u00e7as de vestu\u00e1rio. Combine os sacos de bagagem do seu beb\u00e9 com o resto dos nossos acess\u00f3rios na Liberty London.\" \/>\n<meta property=\"og:url\" content=\"https:\/\/lespiculins.com\/pt-pt\/produto\/saco-carrycot-ponto-crude\/\" \/>\n<meta property=\"og:site_name\" content=\"Les Piculins\" \/>\n<meta property=\"article:modified_time\" content=\"2021-11-19T12:16:25+00:00\" \/>\n<meta property=\"og:image\" content=\"https:\/\/lespiculins.com\/wp-content\/uploads\/2021\/11\/Punto-crudo-nu2-1.jpg\" \/>\n\t<meta property=\"og:image:width\" content=\"1080\" \/>\n\t<meta property=\"og:image:height\" content=\"810\" \/>\n\t<meta property=\"og:image:type\" content=\"image\/jpeg\" \/>\n<meta name=\"twitter:card\" content=\"summary_large_image\" \/>\n<script type=\"application\/ld+json\" class=\"yoast-schema-graph\">{\"@context\":\"https:\/\/schema.org\",\"@graph\":[{\"@type\":\"WebPage\",\"@id\":\"https:\/\/lespiculins.com\/pt-pt\/produto\/saco-carrycot-ponto-crude\/\",\"url\":\"https:\/\/lespiculins.com\/pt-pt\/produto\/saco-carrycot-ponto-crude\/\",\"name\":\"Saco Alcofa Tric\u00f4 Cru - Les Piculins\",\"isPartOf\":{\"@id\":\"https:\/\/lespiculins.com\/pt-pt\/#website\"},\"datePublished\":\"2021-11-19T12:15:03+00:00\",\"dateModified\":\"2021-11-19T12:16:25+00:00\",\"breadcrumb\":{\"@id\":\"https:\/\/lespiculins.com\/pt-pt\/produto\/saco-carrycot-ponto-crude\/#breadcrumb\"},\"inLanguage\":\"pt-PT\",\"potentialAction\":[{\"@type\":\"ReadAction\",\"target\":[\"https:\/\/lespiculins.com\/pt-pt\/produto\/saco-carrycot-ponto-crude\/\"]}]},{\"@type\":\"BreadcrumbList\",\"@id\":\"https:\/\/lespiculins.com\/pt-pt\/produto\/saco-carrycot-ponto-crude\/#breadcrumb\",\"itemListElement\":[{\"@type\":\"ListItem\",\"position\":1,\"name\":\"Portada\",\"item\":\"https:\/\/lespiculins.com\/pt-pt\/inicio\/\"},{\"@type\":\"ListItem\",\"position\":2,\"name\":\"Loja\",\"item\":\"https:\/\/lespiculins.com\/pt-pt\/loja\/\"},{\"@type\":\"ListItem\",\"position\":3,\"name\":\"Saco Alcofa Tric\u00f4 Cru\"}]},{\"@type\":\"WebSite\",\"@id\":\"https:\/\/lespiculins.com\/pt-pt\/#website\",\"url\":\"https:\/\/lespiculins.com\/pt-pt\/\",\"name\":\"Les Piculins\",\"description\":\"Fundas para carritos, bugaboo, maclaren, icoo, bebecar, mima...\",\"potentialAction\":[{\"@type\":\"SearchAction\",\"target\":{\"@type\":\"EntryPoint\",\"urlTemplate\":\"https:\/\/lespiculins.com\/pt-pt\/?s={search_term_string}\"},\"query-input\":\"required name=search_term_string\"}],\"inLanguage\":\"pt-PT\"}]}<\/script>\n<!-- \/ Yoast SEO plugin. -->","yoast_head_json":{"title":"Saco Alcofa Tric\u00f4 Cru - Les Piculins","robots":{"index":"index","follow":"follow","max-snippet":"max-snippet:-1","max-image-preview":"max-image-preview:large","max-video-preview":"max-video-preview:-1"},"canonical":"https:\/\/lespiculins.com\/pt-pt\/produto\/saco-carrycot-ponto-crude\/","og_locale":"pt_PT","og_type":"article","og_title":"Saco Alcofa Tric\u00f4 Cru - Les Piculins","og_description":"PRAZO DE ENTREGA 7-10 DIAS Saco para cesto em Plumeti Crudo com cobertura em Point e baberito tipo embozo com jaretas e pontas dos p\u00e9s. Este saco combina fenomenalmente com o marfim do Bugaboo e o capuz branco fresco. O Saco \u00e9 composto por quatro pe\u00e7as: base ou colch\u00e3o, cobertura amov\u00edvel por dois fechos laterais, almofada que poupa lodo que reserva o colch\u00e3o de poss\u00edveis manchas e tamb\u00e9m embozo amov\u00edvel. Como todos os nossos acess\u00f3rios, os sacos de bagagem s\u00e3o lav\u00e1veis. Recomendamos a lavagem para roupas delicadas, m\u00e1x. 30\u00baC com o detergente hipoalerg\u00e9nico que normalmente utiliza para o seu beb\u00e9, \u00e9 prefer\u00edvel n\u00e3o utilizar um secador. Ao passar a ferro, n\u00e3o pressione as pe\u00e7as com o ferro de modo a que n\u00e3o baixe os recheios e continue a ser acolchoado. Aplique muito vapor para remover rugas e higienizar as pe\u00e7as de vestu\u00e1rio. Combine os sacos de bagagem do seu beb\u00e9 com o resto dos nossos acess\u00f3rios na Liberty London.","og_url":"https:\/\/lespiculins.com\/pt-pt\/produto\/saco-carrycot-ponto-crude\/","og_site_name":"Les Piculins","article_modified_time":"2021-11-19T12:16:25+00:00","og_image":[{"width":1080,"height":810,"url":"https:\/\/lespiculins.com\/wp-content\/uploads\/2021\/11\/Punto-crudo-nu2-1.jpg","type":"image\/jpeg"}],"twitter_card":"summary_large_image","schema":{"@context":"https:\/\/schema.org","@graph":[{"@type":"WebPage","@id":"https:\/\/lespiculins.com\/pt-pt\/produto\/saco-carrycot-ponto-crude\/","url":"https:\/\/lespiculins.com\/pt-pt\/produto\/saco-carrycot-ponto-crude\/","name":"Saco Alcofa Tric\u00f4 Cru - Les Piculins","isPartOf":{"@id":"https:\/\/lespiculins.com\/pt-pt\/#website"},"datePublished":"2021-11-19T12:15:03+00:00","dateModified":"2021-11-19T12:16:25+00:00","breadcrumb":{"@id":"https:\/\/lespiculins.com\/pt-pt\/produto\/saco-carrycot-ponto-crude\/#breadcrumb"},"inLanguage":"pt-PT","potentialAction":[{"@type":"ReadAction","target":["https:\/\/lespiculins.com\/pt-pt\/produto\/saco-carrycot-ponto-crude\/"]}]},{"@type":"BreadcrumbList","@id":"https:\/\/lespiculins.com\/pt-pt\/produto\/saco-carrycot-ponto-crude\/#breadcrumb","itemListElement":[{"@type":"ListItem","position":1,"name":"Portada","item":"https:\/\/lespiculins.com\/pt-pt\/inicio\/"},{"@type":"ListItem","position":2,"name":"Loja","item":"https:\/\/lespiculins.com\/pt-pt\/loja\/"},{"@type":"ListItem","position":3,"name":"Saco Alcofa Tric\u00f4 Cru"}]},{"@type":"WebSite","@id":"https:\/\/lespiculins.com\/pt-pt\/#website","url":"https:\/\/lespiculins.com\/pt-pt\/","name":"Les Piculins","description":"Fundas para carritos, bugaboo, maclaren, icoo, bebecar, mima...","potentialAction":[{"@type":"SearchAction","target":{"@type":"EntryPoint","urlTemplate":"https:\/\/lespiculins.com\/pt-pt\/?s={search_term_string}"},"query-input":"required name=search_term_string"}],"inLanguage":"pt-PT"}]}},"_links":{"self":[{"href":"https:\/\/lespiculins.com\/pt-pt\/wp-json\/wp\/v2\/product\/33181"}],"collection":[{"href":"https:\/\/lespiculins.com\/pt-pt\/wp-json\/wp\/v2\/product"}],"about":[{"href":"https:\/\/lespiculins.com\/pt-pt\/wp-json\/wp\/v2\/types\/product"}],"wp:featuredmedia":[{"embeddable":true,"href":"https:\/\/lespiculins.com\/pt-pt\/wp-json\/wp\/v2\/media\/32776"}],"wp:attachment":[{"href":"https:\/\/lespiculins.com\/pt-pt\/wp-json\/wp\/v2\/media?parent=33181"}],"wp:term":[{"taxonomy":"product_cat","embeddable":true,"href":"https:\/\/lespiculins.com\/pt-pt\/wp-json\/wp\/v2\/product_cat?post=33181"},{"taxonomy":"product_tag","embeddable":true,"href":"https:\/\/lespiculins.com\/pt-pt\/wp-json\/wp\/v2\/product_tag?post=33181"}],"curies":[{"name":"wp","href":"https:\/\/api.w.org\/{rel}","templated":true}]}}