{"id":33179,"date":"2021-11-11T12:30:51","date_gmt":"2021-11-19T12:12:15","guid":{"rendered":"https:\/\/lespiculins.com\/producto\/saco-alcofa-punto-arena\/"},"modified":"2021-11-19T13:16:25","modified_gmt":"2021-11-19T12:16:25","slug":"saco-carrycot-ponto-areia","status":"publish","type":"product","link":"https:\/\/lespiculins.com\/pt-pt\/produto\/saco-carrycot-ponto-areia\/","title":{"rendered":"Saco alcofa Tric\u00f4 Arena"},"content":{"rendered":"","protected":false},"excerpt":{"rendered":"<p>PRAZO DE ENTREGA 7-10 DIAS<\/p>\n<p>Saco para alcofa em Plumeti Branco com cobertura em um ponto de areia muito macio; e baberito tipo embozo com jaretas e ponta dos p\u00e9s. Se preferir a nossa boca com volant\u00f3n, indique-a apenas em observa\u00e7\u00f5es.<\/p>\n<p>O saco \u00e9 composto por quatro pe\u00e7as: base ou colch\u00e3o, cobertura amov\u00edvel por dois fechos laterais, almofada que poupa lodo que reserva o colch\u00e3o de poss\u00edveis manchas e tamb\u00e9m embozo amov\u00edvel.<\/p>\n<p>Como todos os nossos acess\u00f3rios, os sacos de bagagem s\u00e3o lav\u00e1veis. Recomendamos a lavagem para roupas delicadas, m\u00e1x. 30\u00baC com o detergente hipoalerg\u00e9nico que normalmente utiliza para o seu beb\u00e9. \u00c9 prefer\u00edvel n\u00e3o utilizar um secador. Ao passar a ferro, n\u00e3o pressione as pe\u00e7as com o ferro de modo a que n\u00e3o baixe o recheio e continue a ser acolchoado. Aplique muito vapor para remover as rugas e higienizar as pe\u00e7as de vestu\u00e1rio.<\/p>\n<p>Combine os sacos de bagagem do seu beb\u00e9 com o resto dos nossos acess\u00f3rios na Liberty London e na Vichy.<\/p>\n","protected":false},"featured_media":32887,"template":"","meta":{"_joinchat":[]},"product_cat":[224],"product_tag":[321],"yoast_head":"<!-- This site is optimized with the Yoast SEO plugin v21.5 - https:\/\/yoast.com\/wordpress\/plugins\/seo\/ -->\n<title>Saco alcofa Tric\u00f4 Arena - Les Piculins<\/title>\n<meta name=\"robots\" content=\"index, follow, max-snippet:-1, max-image-preview:large, max-video-preview:-1\" \/>\n<link rel=\"canonical\" href=\"https:\/\/lespiculins.com\/pt-pt\/produto\/saco-carrycot-ponto-areia\/\" \/>\n<meta property=\"og:locale\" content=\"pt_PT\" \/>\n<meta property=\"og:type\" content=\"article\" \/>\n<meta property=\"og:title\" content=\"Saco alcofa Tric\u00f4 Arena - Les Piculins\" \/>\n<meta property=\"og:description\" content=\"PRAZO DE ENTREGA 7-10 DIAS Saco para alcofa em Plumeti Branco com cobertura em um ponto de areia muito macio; e baberito tipo embozo com jaretas e ponta dos p\u00e9s. Se preferir a nossa boca com volant\u00f3n, indique-a apenas em observa\u00e7\u00f5es. O saco \u00e9 composto por quatro pe\u00e7as: base ou colch\u00e3o, cobertura amov\u00edvel por dois fechos laterais, almofada que poupa lodo que reserva o colch\u00e3o de poss\u00edveis manchas e tamb\u00e9m embozo amov\u00edvel. Como todos os nossos acess\u00f3rios, os sacos de bagagem s\u00e3o lav\u00e1veis. Recomendamos a lavagem para roupas delicadas, m\u00e1x. 30\u00baC com o detergente hipoalerg\u00e9nico que normalmente utiliza para o seu beb\u00e9. \u00c9 prefer\u00edvel n\u00e3o utilizar um secador. Ao passar a ferro, n\u00e3o pressione as pe\u00e7as com o ferro de modo a que n\u00e3o baixe o recheio e continue a ser acolchoado. Aplique muito vapor para remover as rugas e higienizar as pe\u00e7as de vestu\u00e1rio. Combine os sacos de bagagem do seu beb\u00e9 com o resto dos nossos acess\u00f3rios na Liberty London e na Vichy.\" \/>\n<meta property=\"og:url\" content=\"https:\/\/lespiculins.com\/pt-pt\/produto\/saco-carrycot-ponto-areia\/\" \/>\n<meta property=\"og:site_name\" content=\"Les Piculins\" \/>\n<meta property=\"article:modified_time\" content=\"2021-11-19T12:16:25+00:00\" \/>\n<meta property=\"og:image\" content=\"https:\/\/lespiculins.com\/wp-content\/uploads\/2021\/11\/Punto-arena1.jpg\" \/>\n\t<meta property=\"og:image:width\" content=\"1080\" \/>\n\t<meta property=\"og:image:height\" content=\"914\" \/>\n\t<meta property=\"og:image:type\" content=\"image\/jpeg\" \/>\n<meta name=\"twitter:card\" content=\"summary_large_image\" \/>\n<script type=\"application\/ld+json\" class=\"yoast-schema-graph\">{\"@context\":\"https:\/\/schema.org\",\"@graph\":[{\"@type\":\"WebPage\",\"@id\":\"https:\/\/lespiculins.com\/pt-pt\/produto\/saco-carrycot-ponto-areia\/\",\"url\":\"https:\/\/lespiculins.com\/pt-pt\/produto\/saco-carrycot-ponto-areia\/\",\"name\":\"Saco alcofa Tric\u00f4 Arena - Les Piculins\",\"isPartOf\":{\"@id\":\"https:\/\/lespiculins.com\/pt-pt\/#website\"},\"datePublished\":\"2021-11-19T12:12:15+00:00\",\"dateModified\":\"2021-11-19T12:16:25+00:00\",\"breadcrumb\":{\"@id\":\"https:\/\/lespiculins.com\/pt-pt\/produto\/saco-carrycot-ponto-areia\/#breadcrumb\"},\"inLanguage\":\"pt-PT\",\"potentialAction\":[{\"@type\":\"ReadAction\",\"target\":[\"https:\/\/lespiculins.com\/pt-pt\/produto\/saco-carrycot-ponto-areia\/\"]}]},{\"@type\":\"BreadcrumbList\",\"@id\":\"https:\/\/lespiculins.com\/pt-pt\/produto\/saco-carrycot-ponto-areia\/#breadcrumb\",\"itemListElement\":[{\"@type\":\"ListItem\",\"position\":1,\"name\":\"Portada\",\"item\":\"https:\/\/lespiculins.com\/pt-pt\/inicio\/\"},{\"@type\":\"ListItem\",\"position\":2,\"name\":\"Loja\",\"item\":\"https:\/\/lespiculins.com\/pt-pt\/loja\/\"},{\"@type\":\"ListItem\",\"position\":3,\"name\":\"Saco alcofa Tric\u00f4 Arena\"}]},{\"@type\":\"WebSite\",\"@id\":\"https:\/\/lespiculins.com\/pt-pt\/#website\",\"url\":\"https:\/\/lespiculins.com\/pt-pt\/\",\"name\":\"Les Piculins\",\"description\":\"Fundas para carritos, bugaboo, maclaren, icoo, bebecar, mima...\",\"potentialAction\":[{\"@type\":\"SearchAction\",\"target\":{\"@type\":\"EntryPoint\",\"urlTemplate\":\"https:\/\/lespiculins.com\/pt-pt\/?s={search_term_string}\"},\"query-input\":\"required name=search_term_string\"}],\"inLanguage\":\"pt-PT\"}]}<\/script>\n<!-- \/ Yoast SEO plugin. -->","yoast_head_json":{"title":"Saco alcofa Tric\u00f4 Arena - Les Piculins","robots":{"index":"index","follow":"follow","max-snippet":"max-snippet:-1","max-image-preview":"max-image-preview:large","max-video-preview":"max-video-preview:-1"},"canonical":"https:\/\/lespiculins.com\/pt-pt\/produto\/saco-carrycot-ponto-areia\/","og_locale":"pt_PT","og_type":"article","og_title":"Saco alcofa Tric\u00f4 Arena - Les Piculins","og_description":"PRAZO DE ENTREGA 7-10 DIAS Saco para alcofa em Plumeti Branco com cobertura em um ponto de areia muito macio; e baberito tipo embozo com jaretas e ponta dos p\u00e9s. Se preferir a nossa boca com volant\u00f3n, indique-a apenas em observa\u00e7\u00f5es. O saco \u00e9 composto por quatro pe\u00e7as: base ou colch\u00e3o, cobertura amov\u00edvel por dois fechos laterais, almofada que poupa lodo que reserva o colch\u00e3o de poss\u00edveis manchas e tamb\u00e9m embozo amov\u00edvel. Como todos os nossos acess\u00f3rios, os sacos de bagagem s\u00e3o lav\u00e1veis. Recomendamos a lavagem para roupas delicadas, m\u00e1x. 30\u00baC com o detergente hipoalerg\u00e9nico que normalmente utiliza para o seu beb\u00e9. \u00c9 prefer\u00edvel n\u00e3o utilizar um secador. Ao passar a ferro, n\u00e3o pressione as pe\u00e7as com o ferro de modo a que n\u00e3o baixe o recheio e continue a ser acolchoado. Aplique muito vapor para remover as rugas e higienizar as pe\u00e7as de vestu\u00e1rio. Combine os sacos de bagagem do seu beb\u00e9 com o resto dos nossos acess\u00f3rios na Liberty London e na Vichy.","og_url":"https:\/\/lespiculins.com\/pt-pt\/produto\/saco-carrycot-ponto-areia\/","og_site_name":"Les Piculins","article_modified_time":"2021-11-19T12:16:25+00:00","og_image":[{"width":1080,"height":914,"url":"https:\/\/lespiculins.com\/wp-content\/uploads\/2021\/11\/Punto-arena1.jpg","type":"image\/jpeg"}],"twitter_card":"summary_large_image","schema":{"@context":"https:\/\/schema.org","@graph":[{"@type":"WebPage","@id":"https:\/\/lespiculins.com\/pt-pt\/produto\/saco-carrycot-ponto-areia\/","url":"https:\/\/lespiculins.com\/pt-pt\/produto\/saco-carrycot-ponto-areia\/","name":"Saco alcofa Tric\u00f4 Arena - Les Piculins","isPartOf":{"@id":"https:\/\/lespiculins.com\/pt-pt\/#website"},"datePublished":"2021-11-19T12:12:15+00:00","dateModified":"2021-11-19T12:16:25+00:00","breadcrumb":{"@id":"https:\/\/lespiculins.com\/pt-pt\/produto\/saco-carrycot-ponto-areia\/#breadcrumb"},"inLanguage":"pt-PT","potentialAction":[{"@type":"ReadAction","target":["https:\/\/lespiculins.com\/pt-pt\/produto\/saco-carrycot-ponto-areia\/"]}]},{"@type":"BreadcrumbList","@id":"https:\/\/lespiculins.com\/pt-pt\/produto\/saco-carrycot-ponto-areia\/#breadcrumb","itemListElement":[{"@type":"ListItem","position":1,"name":"Portada","item":"https:\/\/lespiculins.com\/pt-pt\/inicio\/"},{"@type":"ListItem","position":2,"name":"Loja","item":"https:\/\/lespiculins.com\/pt-pt\/loja\/"},{"@type":"ListItem","position":3,"name":"Saco alcofa Tric\u00f4 Arena"}]},{"@type":"WebSite","@id":"https:\/\/lespiculins.com\/pt-pt\/#website","url":"https:\/\/lespiculins.com\/pt-pt\/","name":"Les Piculins","description":"Fundas para carritos, bugaboo, maclaren, icoo, bebecar, mima...","potentialAction":[{"@type":"SearchAction","target":{"@type":"EntryPoint","urlTemplate":"https:\/\/lespiculins.com\/pt-pt\/?s={search_term_string}"},"query-input":"required name=search_term_string"}],"inLanguage":"pt-PT"}]}},"_links":{"self":[{"href":"https:\/\/lespiculins.com\/pt-pt\/wp-json\/wp\/v2\/product\/33179"}],"collection":[{"href":"https:\/\/lespiculins.com\/pt-pt\/wp-json\/wp\/v2\/product"}],"about":[{"href":"https:\/\/lespiculins.com\/pt-pt\/wp-json\/wp\/v2\/types\/product"}],"wp:featuredmedia":[{"embeddable":true,"href":"https:\/\/lespiculins.com\/pt-pt\/wp-json\/wp\/v2\/media\/32887"}],"wp:attachment":[{"href":"https:\/\/lespiculins.com\/pt-pt\/wp-json\/wp\/v2\/media?parent=33179"}],"wp:term":[{"taxonomy":"product_cat","embeddable":true,"href":"https:\/\/lespiculins.com\/pt-pt\/wp-json\/wp\/v2\/product_cat?post=33179"},{"taxonomy":"product_tag","embeddable":true,"href":"https:\/\/lespiculins.com\/pt-pt\/wp-json\/wp\/v2\/product_tag?post=33179"}],"curies":[{"name":"wp","href":"https:\/\/api.w.org\/{rel}","templated":true}]}}