{"id":33173,"date":"2021-11-04T13:32:47","date_gmt":"2021-11-19T11:56:06","guid":{"rendered":"https:\/\/lespiculins.com\/producto\/mala-liberty-de-chumbo\/"},"modified":"2025-11-18T21:35:32","modified_gmt":"2025-11-18T20:35:32","slug":"bag-bread-liberty-lead","status":"publish","type":"product","link":"https:\/\/lespiculins.com\/pt-pt\/produto\/bag-bread-liberty-lead\/","title":{"rendered":"Mala Liberty de chumbo"},"content":{"rendered":"","protected":false},"excerpt":{"rendered":"<p>Mala em Liberty London lidera tons com loops em Vichy. Combina fenomenalmente com o t\u00eaxtil &#8220;Aqua&#8221; da Bugaboo. Se preferir arcos em plumeti ou poplin em vez de vichy, s\u00f3 tem que nos contactar para nos avisar.<\/p>\n<p>Os nossos sacos de p\u00e3o t\u00eam pegas &#8220;remover e colocar&#8221; para que possa lav\u00e1-las sem ter de lavar o saco inteiro. Tamb\u00e9m t\u00eam uma pega comprida para pendurar nos ombros.<\/p>\n<p>Tecido Liberty London forrado para consist\u00eancia e bot\u00f5es de madeira natural.<\/p>\n<p>Combine-o com os nossos sacos e sacos dispon\u00edveis aqui na web.<\/p>\n","protected":false},"featured_media":32781,"template":"","meta":{"_joinchat":[]},"product_cat":[138],"product_tag":[309],"yoast_head":"<!-- This site is optimized with the Yoast SEO plugin v21.5 - https:\/\/yoast.com\/wordpress\/plugins\/seo\/ -->\n<title>Mala Liberty de chumbo - Les Piculins<\/title>\n<meta name=\"robots\" content=\"index, follow, max-snippet:-1, max-image-preview:large, max-video-preview:-1\" \/>\n<link rel=\"canonical\" href=\"https:\/\/lespiculins.com\/pt-pt\/produto\/bag-bread-liberty-lead\/\" \/>\n<meta property=\"og:locale\" content=\"pt_PT\" \/>\n<meta property=\"og:type\" content=\"article\" \/>\n<meta property=\"og:title\" content=\"Mala Liberty de chumbo - Les Piculins\" \/>\n<meta property=\"og:description\" content=\"Mala em Liberty London lidera tons com loops em Vichy. Combina fenomenalmente com o t\u00eaxtil &quot;Aqua&quot; da Bugaboo. Se preferir arcos em plumeti ou poplin em vez de vichy, s\u00f3 tem que nos contactar para nos avisar. Os nossos sacos de p\u00e3o t\u00eam pegas &quot;remover e colocar&quot; para que possa lav\u00e1-las sem ter de lavar o saco inteiro. Tamb\u00e9m t\u00eam uma pega comprida para pendurar nos ombros. Tecido Liberty London forrado para consist\u00eancia e bot\u00f5es de madeira natural. Combine-o com os nossos sacos e sacos dispon\u00edveis aqui na web.\" \/>\n<meta property=\"og:url\" content=\"https:\/\/lespiculins.com\/pt-pt\/produto\/bag-bread-liberty-lead\/\" \/>\n<meta property=\"og:site_name\" content=\"Les Piculins\" \/>\n<meta property=\"article:modified_time\" content=\"2025-11-18T20:35:32+00:00\" \/>\n<meta property=\"og:image\" content=\"https:\/\/lespiculins.com\/wp-content\/uploads\/2021\/11\/Betsy-lazadas-vichy.jpg\" \/>\n\t<meta property=\"og:image:width\" content=\"1080\" \/>\n\t<meta property=\"og:image:height\" content=\"810\" \/>\n\t<meta property=\"og:image:type\" content=\"image\/jpeg\" \/>\n<meta name=\"twitter:card\" content=\"summary_large_image\" \/>\n<script type=\"application\/ld+json\" class=\"yoast-schema-graph\">{\"@context\":\"https:\/\/schema.org\",\"@graph\":[{\"@type\":\"WebPage\",\"@id\":\"https:\/\/lespiculins.com\/pt-pt\/produto\/bag-bread-liberty-lead\/\",\"url\":\"https:\/\/lespiculins.com\/pt-pt\/produto\/bag-bread-liberty-lead\/\",\"name\":\"Mala Liberty de chumbo - Les Piculins\",\"isPartOf\":{\"@id\":\"https:\/\/lespiculins.com\/pt-pt\/#website\"},\"datePublished\":\"2021-11-19T11:56:06+00:00\",\"dateModified\":\"2025-11-18T20:35:32+00:00\",\"breadcrumb\":{\"@id\":\"https:\/\/lespiculins.com\/pt-pt\/produto\/bag-bread-liberty-lead\/#breadcrumb\"},\"inLanguage\":\"pt-PT\",\"potentialAction\":[{\"@type\":\"ReadAction\",\"target\":[\"https:\/\/lespiculins.com\/pt-pt\/produto\/bag-bread-liberty-lead\/\"]}]},{\"@type\":\"BreadcrumbList\",\"@id\":\"https:\/\/lespiculins.com\/pt-pt\/produto\/bag-bread-liberty-lead\/#breadcrumb\",\"itemListElement\":[{\"@type\":\"ListItem\",\"position\":1,\"name\":\"Portada\",\"item\":\"https:\/\/lespiculins.com\/pt-pt\/inicio\/\"},{\"@type\":\"ListItem\",\"position\":2,\"name\":\"Loja\",\"item\":\"https:\/\/lespiculins.com\/pt-pt\/loja\/\"},{\"@type\":\"ListItem\",\"position\":3,\"name\":\"Mala Liberty de chumbo\"}]},{\"@type\":\"WebSite\",\"@id\":\"https:\/\/lespiculins.com\/pt-pt\/#website\",\"url\":\"https:\/\/lespiculins.com\/pt-pt\/\",\"name\":\"Les Piculins\",\"description\":\"Fundas para carritos, bugaboo, maclaren, icoo, bebecar, mima...\",\"potentialAction\":[{\"@type\":\"SearchAction\",\"target\":{\"@type\":\"EntryPoint\",\"urlTemplate\":\"https:\/\/lespiculins.com\/pt-pt\/?s={search_term_string}\"},\"query-input\":\"required name=search_term_string\"}],\"inLanguage\":\"pt-PT\"}]}<\/script>\n<!-- \/ Yoast SEO plugin. -->","yoast_head_json":{"title":"Mala Liberty de chumbo - Les Piculins","robots":{"index":"index","follow":"follow","max-snippet":"max-snippet:-1","max-image-preview":"max-image-preview:large","max-video-preview":"max-video-preview:-1"},"canonical":"https:\/\/lespiculins.com\/pt-pt\/produto\/bag-bread-liberty-lead\/","og_locale":"pt_PT","og_type":"article","og_title":"Mala Liberty de chumbo - Les Piculins","og_description":"Mala em Liberty London lidera tons com loops em Vichy. Combina fenomenalmente com o t\u00eaxtil \"Aqua\" da Bugaboo. Se preferir arcos em plumeti ou poplin em vez de vichy, s\u00f3 tem que nos contactar para nos avisar. Os nossos sacos de p\u00e3o t\u00eam pegas \"remover e colocar\" para que possa lav\u00e1-las sem ter de lavar o saco inteiro. Tamb\u00e9m t\u00eam uma pega comprida para pendurar nos ombros. Tecido Liberty London forrado para consist\u00eancia e bot\u00f5es de madeira natural. Combine-o com os nossos sacos e sacos dispon\u00edveis aqui na web.","og_url":"https:\/\/lespiculins.com\/pt-pt\/produto\/bag-bread-liberty-lead\/","og_site_name":"Les Piculins","article_modified_time":"2025-11-18T20:35:32+00:00","og_image":[{"width":1080,"height":810,"url":"https:\/\/lespiculins.com\/wp-content\/uploads\/2021\/11\/Betsy-lazadas-vichy.jpg","type":"image\/jpeg"}],"twitter_card":"summary_large_image","schema":{"@context":"https:\/\/schema.org","@graph":[{"@type":"WebPage","@id":"https:\/\/lespiculins.com\/pt-pt\/produto\/bag-bread-liberty-lead\/","url":"https:\/\/lespiculins.com\/pt-pt\/produto\/bag-bread-liberty-lead\/","name":"Mala Liberty de chumbo - Les Piculins","isPartOf":{"@id":"https:\/\/lespiculins.com\/pt-pt\/#website"},"datePublished":"2021-11-19T11:56:06+00:00","dateModified":"2025-11-18T20:35:32+00:00","breadcrumb":{"@id":"https:\/\/lespiculins.com\/pt-pt\/produto\/bag-bread-liberty-lead\/#breadcrumb"},"inLanguage":"pt-PT","potentialAction":[{"@type":"ReadAction","target":["https:\/\/lespiculins.com\/pt-pt\/produto\/bag-bread-liberty-lead\/"]}]},{"@type":"BreadcrumbList","@id":"https:\/\/lespiculins.com\/pt-pt\/produto\/bag-bread-liberty-lead\/#breadcrumb","itemListElement":[{"@type":"ListItem","position":1,"name":"Portada","item":"https:\/\/lespiculins.com\/pt-pt\/inicio\/"},{"@type":"ListItem","position":2,"name":"Loja","item":"https:\/\/lespiculins.com\/pt-pt\/loja\/"},{"@type":"ListItem","position":3,"name":"Mala Liberty de chumbo"}]},{"@type":"WebSite","@id":"https:\/\/lespiculins.com\/pt-pt\/#website","url":"https:\/\/lespiculins.com\/pt-pt\/","name":"Les Piculins","description":"Fundas para carritos, bugaboo, maclaren, icoo, bebecar, mima...","potentialAction":[{"@type":"SearchAction","target":{"@type":"EntryPoint","urlTemplate":"https:\/\/lespiculins.com\/pt-pt\/?s={search_term_string}"},"query-input":"required name=search_term_string"}],"inLanguage":"pt-PT"}]}},"_links":{"self":[{"href":"https:\/\/lespiculins.com\/pt-pt\/wp-json\/wp\/v2\/product\/33173"}],"collection":[{"href":"https:\/\/lespiculins.com\/pt-pt\/wp-json\/wp\/v2\/product"}],"about":[{"href":"https:\/\/lespiculins.com\/pt-pt\/wp-json\/wp\/v2\/types\/product"}],"wp:featuredmedia":[{"embeddable":true,"href":"https:\/\/lespiculins.com\/pt-pt\/wp-json\/wp\/v2\/media\/32781"}],"wp:attachment":[{"href":"https:\/\/lespiculins.com\/pt-pt\/wp-json\/wp\/v2\/media?parent=33173"}],"wp:term":[{"taxonomy":"product_cat","embeddable":true,"href":"https:\/\/lespiculins.com\/pt-pt\/wp-json\/wp\/v2\/product_cat?post=33173"},{"taxonomy":"product_tag","embeddable":true,"href":"https:\/\/lespiculins.com\/pt-pt\/wp-json\/wp\/v2\/product_tag?post=33173"}],"curies":[{"name":"wp","href":"https:\/\/api.w.org\/{rel}","templated":true}]}}