{"id":33148,"date":"2021-10-22T13:46:53","date_gmt":"2021-11-19T10:17:14","guid":{"rendered":"https:\/\/lespiculins.com\/producto\/capota-vichy-preto-rosa-velho\/"},"modified":"2021-11-19T11:17:16","modified_gmt":"2021-11-19T10:17:16","slug":"hood-vichy-black-rosa-idade","status":"publish","type":"product","link":"https:\/\/lespiculins.com\/pt-pt\/produto\/hood-vichy-black-rosa-idade\/","title":{"rendered":"Capota Vichy Preto-Rosa Velho"},"content":{"rendered":"","protected":false},"excerpt":{"rendered":"<p>Capota em Vichy Preto e Rosa Velho com interior rosa liso<\/p>\n<p>PRAZO DE ENTREGA 7-10 DIAS<\/p>\n<p>Os nossos capuzes substituem o carro original uma vez que s\u00e3o baseados nos padr\u00f5es de cada uma das marcas com quem trabalhamos. Para coloc\u00e1-lo, s\u00f3 tem que remover as barras e introduzi-las nos trilhos. Tamb\u00e9m s\u00e3o lav\u00e1veis como o resto dos nossos produtos.<\/p>\n<p>Combine-o com os nossos tapetes, sacos e sacos.<\/p>\n","protected":false},"featured_media":32548,"template":"","meta":{"_joinchat":[]},"product_cat":[217,208],"product_tag":[334],"yoast_head":"<!-- This site is optimized with the Yoast SEO plugin v21.5 - https:\/\/yoast.com\/wordpress\/plugins\/seo\/ -->\n<title>Capota Vichy Preto-Rosa Velho - Les Piculins<\/title>\n<meta name=\"robots\" content=\"index, follow, max-snippet:-1, max-image-preview:large, max-video-preview:-1\" \/>\n<link rel=\"canonical\" href=\"https:\/\/lespiculins.com\/pt-pt\/produto\/hood-vichy-black-rosa-idade\/\" \/>\n<meta property=\"og:locale\" content=\"pt_PT\" \/>\n<meta property=\"og:type\" content=\"article\" \/>\n<meta property=\"og:title\" content=\"Capota Vichy Preto-Rosa Velho - Les Piculins\" \/>\n<meta property=\"og:description\" content=\"Capota em Vichy Preto e Rosa Velho com interior rosa liso PRAZO DE ENTREGA 7-10 DIAS Os nossos capuzes substituem o carro original uma vez que s\u00e3o baseados nos padr\u00f5es de cada uma das marcas com quem trabalhamos. Para coloc\u00e1-lo, s\u00f3 tem que remover as barras e introduzi-las nos trilhos. Tamb\u00e9m s\u00e3o lav\u00e1veis como o resto dos nossos produtos. Combine-o com os nossos tapetes, sacos e sacos.\" \/>\n<meta property=\"og:url\" content=\"https:\/\/lespiculins.com\/pt-pt\/produto\/hood-vichy-black-rosa-idade\/\" \/>\n<meta property=\"og:site_name\" content=\"Les Piculins\" \/>\n<meta property=\"article:modified_time\" content=\"2021-11-19T10:17:16+00:00\" \/>\n<meta property=\"og:image\" content=\"https:\/\/lespiculins.com\/wp-content\/uploads\/2021\/10\/CapotaMaria.jpg\" \/>\n\t<meta property=\"og:image:width\" content=\"1080\" \/>\n\t<meta property=\"og:image:height\" content=\"1173\" \/>\n\t<meta property=\"og:image:type\" content=\"image\/jpeg\" \/>\n<meta name=\"twitter:card\" content=\"summary_large_image\" \/>\n<script type=\"application\/ld+json\" class=\"yoast-schema-graph\">{\"@context\":\"https:\/\/schema.org\",\"@graph\":[{\"@type\":\"WebPage\",\"@id\":\"https:\/\/lespiculins.com\/pt-pt\/produto\/hood-vichy-black-rosa-idade\/\",\"url\":\"https:\/\/lespiculins.com\/pt-pt\/produto\/hood-vichy-black-rosa-idade\/\",\"name\":\"Capota Vichy Preto-Rosa Velho - Les Piculins\",\"isPartOf\":{\"@id\":\"https:\/\/lespiculins.com\/pt-pt\/#website\"},\"datePublished\":\"2021-11-19T10:17:14+00:00\",\"dateModified\":\"2021-11-19T10:17:16+00:00\",\"breadcrumb\":{\"@id\":\"https:\/\/lespiculins.com\/pt-pt\/produto\/hood-vichy-black-rosa-idade\/#breadcrumb\"},\"inLanguage\":\"pt-PT\",\"potentialAction\":[{\"@type\":\"ReadAction\",\"target\":[\"https:\/\/lespiculins.com\/pt-pt\/produto\/hood-vichy-black-rosa-idade\/\"]}]},{\"@type\":\"BreadcrumbList\",\"@id\":\"https:\/\/lespiculins.com\/pt-pt\/produto\/hood-vichy-black-rosa-idade\/#breadcrumb\",\"itemListElement\":[{\"@type\":\"ListItem\",\"position\":1,\"name\":\"Portada\",\"item\":\"https:\/\/lespiculins.com\/pt-pt\/inicio\/\"},{\"@type\":\"ListItem\",\"position\":2,\"name\":\"Loja\",\"item\":\"https:\/\/lespiculins.com\/pt-pt\/loja\/\"},{\"@type\":\"ListItem\",\"position\":3,\"name\":\"Capota Vichy Preto-Rosa Velho\"}]},{\"@type\":\"WebSite\",\"@id\":\"https:\/\/lespiculins.com\/pt-pt\/#website\",\"url\":\"https:\/\/lespiculins.com\/pt-pt\/\",\"name\":\"Les Piculins\",\"description\":\"Fundas para carritos, bugaboo, maclaren, icoo, bebecar, mima...\",\"potentialAction\":[{\"@type\":\"SearchAction\",\"target\":{\"@type\":\"EntryPoint\",\"urlTemplate\":\"https:\/\/lespiculins.com\/pt-pt\/?s={search_term_string}\"},\"query-input\":\"required name=search_term_string\"}],\"inLanguage\":\"pt-PT\"}]}<\/script>\n<!-- \/ Yoast SEO plugin. -->","yoast_head_json":{"title":"Capota Vichy Preto-Rosa Velho - Les Piculins","robots":{"index":"index","follow":"follow","max-snippet":"max-snippet:-1","max-image-preview":"max-image-preview:large","max-video-preview":"max-video-preview:-1"},"canonical":"https:\/\/lespiculins.com\/pt-pt\/produto\/hood-vichy-black-rosa-idade\/","og_locale":"pt_PT","og_type":"article","og_title":"Capota Vichy Preto-Rosa Velho - Les Piculins","og_description":"Capota em Vichy Preto e Rosa Velho com interior rosa liso PRAZO DE ENTREGA 7-10 DIAS Os nossos capuzes substituem o carro original uma vez que s\u00e3o baseados nos padr\u00f5es de cada uma das marcas com quem trabalhamos. Para coloc\u00e1-lo, s\u00f3 tem que remover as barras e introduzi-las nos trilhos. Tamb\u00e9m s\u00e3o lav\u00e1veis como o resto dos nossos produtos. Combine-o com os nossos tapetes, sacos e sacos.","og_url":"https:\/\/lespiculins.com\/pt-pt\/produto\/hood-vichy-black-rosa-idade\/","og_site_name":"Les Piculins","article_modified_time":"2021-11-19T10:17:16+00:00","og_image":[{"width":1080,"height":1173,"url":"https:\/\/lespiculins.com\/wp-content\/uploads\/2021\/10\/CapotaMaria.jpg","type":"image\/jpeg"}],"twitter_card":"summary_large_image","schema":{"@context":"https:\/\/schema.org","@graph":[{"@type":"WebPage","@id":"https:\/\/lespiculins.com\/pt-pt\/produto\/hood-vichy-black-rosa-idade\/","url":"https:\/\/lespiculins.com\/pt-pt\/produto\/hood-vichy-black-rosa-idade\/","name":"Capota Vichy Preto-Rosa Velho - Les Piculins","isPartOf":{"@id":"https:\/\/lespiculins.com\/pt-pt\/#website"},"datePublished":"2021-11-19T10:17:14+00:00","dateModified":"2021-11-19T10:17:16+00:00","breadcrumb":{"@id":"https:\/\/lespiculins.com\/pt-pt\/produto\/hood-vichy-black-rosa-idade\/#breadcrumb"},"inLanguage":"pt-PT","potentialAction":[{"@type":"ReadAction","target":["https:\/\/lespiculins.com\/pt-pt\/produto\/hood-vichy-black-rosa-idade\/"]}]},{"@type":"BreadcrumbList","@id":"https:\/\/lespiculins.com\/pt-pt\/produto\/hood-vichy-black-rosa-idade\/#breadcrumb","itemListElement":[{"@type":"ListItem","position":1,"name":"Portada","item":"https:\/\/lespiculins.com\/pt-pt\/inicio\/"},{"@type":"ListItem","position":2,"name":"Loja","item":"https:\/\/lespiculins.com\/pt-pt\/loja\/"},{"@type":"ListItem","position":3,"name":"Capota Vichy Preto-Rosa Velho"}]},{"@type":"WebSite","@id":"https:\/\/lespiculins.com\/pt-pt\/#website","url":"https:\/\/lespiculins.com\/pt-pt\/","name":"Les Piculins","description":"Fundas para carritos, bugaboo, maclaren, icoo, bebecar, mima...","potentialAction":[{"@type":"SearchAction","target":{"@type":"EntryPoint","urlTemplate":"https:\/\/lespiculins.com\/pt-pt\/?s={search_term_string}"},"query-input":"required name=search_term_string"}],"inLanguage":"pt-PT"}]}},"_links":{"self":[{"href":"https:\/\/lespiculins.com\/pt-pt\/wp-json\/wp\/v2\/product\/33148"}],"collection":[{"href":"https:\/\/lespiculins.com\/pt-pt\/wp-json\/wp\/v2\/product"}],"about":[{"href":"https:\/\/lespiculins.com\/pt-pt\/wp-json\/wp\/v2\/types\/product"}],"wp:featuredmedia":[{"embeddable":true,"href":"https:\/\/lespiculins.com\/pt-pt\/wp-json\/wp\/v2\/media\/32548"}],"wp:attachment":[{"href":"https:\/\/lespiculins.com\/pt-pt\/wp-json\/wp\/v2\/media?parent=33148"}],"wp:term":[{"taxonomy":"product_cat","embeddable":true,"href":"https:\/\/lespiculins.com\/pt-pt\/wp-json\/wp\/v2\/product_cat?post=33148"},{"taxonomy":"product_tag","embeddable":true,"href":"https:\/\/lespiculins.com\/pt-pt\/wp-json\/wp\/v2\/product_tag?post=33148"}],"curies":[{"name":"wp","href":"https:\/\/api.w.org\/{rel}","templated":true}]}}