{"id":33113,"date":"2021-11-05T13:48:12","date_gmt":"2021-11-19T08:58:39","guid":{"rendered":"https:\/\/lespiculins.com\/producto\/cobertura-de-parede-plumeti-cru\/"},"modified":"2021-11-19T09:58:39","modified_gmt":"2021-11-19T08:58:39","slug":"cobertura-paredes-plumeti-crude","status":"publish","type":"product","link":"https:\/\/lespiculins.com\/pt-pt\/produto\/cobertura-paredes-plumeti-crude\/","title":{"rendered":"Cobertura de parede plumeti cru"},"content":{"rendered":"","protected":false},"excerpt":{"rendered":"<p>PRAZO DE ENTREGA 7-10 DIAS<\/p>\n<p>Cubra para forrar a alcoa do seu beb\u00e9 em Plumeti cru com detalhes de renda em contorno.<\/p>\n<p>Est\u00e1 forrado e enrolado para que o seu beb\u00e9 se sinta mais embrulhado. Inclui o fundita para o colch\u00e3o correspondente.<\/p>\n<p>Combine-o com as nossas colchas e sacos para combinar com a cama.<\/p>\n","protected":false},"featured_media":32793,"template":"","meta":{"_joinchat":[]},"product_cat":[147],"product_tag":[376],"yoast_head":"<!-- This site is optimized with the Yoast SEO plugin v21.5 - https:\/\/yoast.com\/wordpress\/plugins\/seo\/ -->\n<title>Cobertura de parede plumeti cru - Les Piculins<\/title>\n<meta name=\"robots\" content=\"index, follow, max-snippet:-1, max-image-preview:large, max-video-preview:-1\" \/>\n<link rel=\"canonical\" href=\"https:\/\/lespiculins.com\/pt-pt\/produto\/cobertura-paredes-plumeti-crude\/\" \/>\n<meta property=\"og:locale\" content=\"pt_PT\" \/>\n<meta property=\"og:type\" content=\"article\" \/>\n<meta property=\"og:title\" content=\"Cobertura de parede plumeti cru - Les Piculins\" \/>\n<meta property=\"og:description\" content=\"PRAZO DE ENTREGA 7-10 DIAS Cubra para forrar a alcoa do seu beb\u00e9 em Plumeti cru com detalhes de renda em contorno. Est\u00e1 forrado e enrolado para que o seu beb\u00e9 se sinta mais embrulhado. Inclui o fundita para o colch\u00e3o correspondente. Combine-o com as nossas colchas e sacos para combinar com a cama.\" \/>\n<meta property=\"og:url\" content=\"https:\/\/lespiculins.com\/pt-pt\/produto\/cobertura-paredes-plumeti-crude\/\" \/>\n<meta property=\"og:site_name\" content=\"Les Piculins\" \/>\n<meta property=\"og:image\" content=\"https:\/\/lespiculins.com\/wp-content\/uploads\/2021\/11\/Cubre-plumeti-crudo.jpg\" \/>\n\t<meta property=\"og:image:width\" content=\"1080\" \/>\n\t<meta property=\"og:image:height\" content=\"1053\" \/>\n\t<meta property=\"og:image:type\" content=\"image\/jpeg\" \/>\n<meta name=\"twitter:card\" content=\"summary_large_image\" \/>\n<script type=\"application\/ld+json\" class=\"yoast-schema-graph\">{\"@context\":\"https:\/\/schema.org\",\"@graph\":[{\"@type\":\"WebPage\",\"@id\":\"https:\/\/lespiculins.com\/pt-pt\/produto\/cobertura-paredes-plumeti-crude\/\",\"url\":\"https:\/\/lespiculins.com\/pt-pt\/produto\/cobertura-paredes-plumeti-crude\/\",\"name\":\"Cobertura de parede plumeti cru - Les Piculins\",\"isPartOf\":{\"@id\":\"https:\/\/lespiculins.com\/pt-pt\/#website\"},\"datePublished\":\"2021-11-19T08:58:39+00:00\",\"dateModified\":\"2021-11-19T08:58:39+00:00\",\"breadcrumb\":{\"@id\":\"https:\/\/lespiculins.com\/pt-pt\/produto\/cobertura-paredes-plumeti-crude\/#breadcrumb\"},\"inLanguage\":\"pt-PT\",\"potentialAction\":[{\"@type\":\"ReadAction\",\"target\":[\"https:\/\/lespiculins.com\/pt-pt\/produto\/cobertura-paredes-plumeti-crude\/\"]}]},{\"@type\":\"BreadcrumbList\",\"@id\":\"https:\/\/lespiculins.com\/pt-pt\/produto\/cobertura-paredes-plumeti-crude\/#breadcrumb\",\"itemListElement\":[{\"@type\":\"ListItem\",\"position\":1,\"name\":\"Portada\",\"item\":\"https:\/\/lespiculins.com\/pt-pt\/inicio\/\"},{\"@type\":\"ListItem\",\"position\":2,\"name\":\"Loja\",\"item\":\"https:\/\/lespiculins.com\/pt-pt\/loja\/\"},{\"@type\":\"ListItem\",\"position\":3,\"name\":\"Cobertura de parede plumeti cru\"}]},{\"@type\":\"WebSite\",\"@id\":\"https:\/\/lespiculins.com\/pt-pt\/#website\",\"url\":\"https:\/\/lespiculins.com\/pt-pt\/\",\"name\":\"Les Piculins\",\"description\":\"Fundas para carritos, bugaboo, maclaren, icoo, bebecar, mima...\",\"potentialAction\":[{\"@type\":\"SearchAction\",\"target\":{\"@type\":\"EntryPoint\",\"urlTemplate\":\"https:\/\/lespiculins.com\/pt-pt\/?s={search_term_string}\"},\"query-input\":\"required name=search_term_string\"}],\"inLanguage\":\"pt-PT\"}]}<\/script>\n<!-- \/ Yoast SEO plugin. -->","yoast_head_json":{"title":"Cobertura de parede plumeti cru - Les Piculins","robots":{"index":"index","follow":"follow","max-snippet":"max-snippet:-1","max-image-preview":"max-image-preview:large","max-video-preview":"max-video-preview:-1"},"canonical":"https:\/\/lespiculins.com\/pt-pt\/produto\/cobertura-paredes-plumeti-crude\/","og_locale":"pt_PT","og_type":"article","og_title":"Cobertura de parede plumeti cru - Les Piculins","og_description":"PRAZO DE ENTREGA 7-10 DIAS Cubra para forrar a alcoa do seu beb\u00e9 em Plumeti cru com detalhes de renda em contorno. Est\u00e1 forrado e enrolado para que o seu beb\u00e9 se sinta mais embrulhado. Inclui o fundita para o colch\u00e3o correspondente. Combine-o com as nossas colchas e sacos para combinar com a cama.","og_url":"https:\/\/lespiculins.com\/pt-pt\/produto\/cobertura-paredes-plumeti-crude\/","og_site_name":"Les Piculins","og_image":[{"width":1080,"height":1053,"url":"https:\/\/lespiculins.com\/wp-content\/uploads\/2021\/11\/Cubre-plumeti-crudo.jpg","type":"image\/jpeg"}],"twitter_card":"summary_large_image","schema":{"@context":"https:\/\/schema.org","@graph":[{"@type":"WebPage","@id":"https:\/\/lespiculins.com\/pt-pt\/produto\/cobertura-paredes-plumeti-crude\/","url":"https:\/\/lespiculins.com\/pt-pt\/produto\/cobertura-paredes-plumeti-crude\/","name":"Cobertura de parede plumeti cru - Les Piculins","isPartOf":{"@id":"https:\/\/lespiculins.com\/pt-pt\/#website"},"datePublished":"2021-11-19T08:58:39+00:00","dateModified":"2021-11-19T08:58:39+00:00","breadcrumb":{"@id":"https:\/\/lespiculins.com\/pt-pt\/produto\/cobertura-paredes-plumeti-crude\/#breadcrumb"},"inLanguage":"pt-PT","potentialAction":[{"@type":"ReadAction","target":["https:\/\/lespiculins.com\/pt-pt\/produto\/cobertura-paredes-plumeti-crude\/"]}]},{"@type":"BreadcrumbList","@id":"https:\/\/lespiculins.com\/pt-pt\/produto\/cobertura-paredes-plumeti-crude\/#breadcrumb","itemListElement":[{"@type":"ListItem","position":1,"name":"Portada","item":"https:\/\/lespiculins.com\/pt-pt\/inicio\/"},{"@type":"ListItem","position":2,"name":"Loja","item":"https:\/\/lespiculins.com\/pt-pt\/loja\/"},{"@type":"ListItem","position":3,"name":"Cobertura de parede plumeti cru"}]},{"@type":"WebSite","@id":"https:\/\/lespiculins.com\/pt-pt\/#website","url":"https:\/\/lespiculins.com\/pt-pt\/","name":"Les Piculins","description":"Fundas para carritos, bugaboo, maclaren, icoo, bebecar, mima...","potentialAction":[{"@type":"SearchAction","target":{"@type":"EntryPoint","urlTemplate":"https:\/\/lespiculins.com\/pt-pt\/?s={search_term_string}"},"query-input":"required name=search_term_string"}],"inLanguage":"pt-PT"}]}},"_links":{"self":[{"href":"https:\/\/lespiculins.com\/pt-pt\/wp-json\/wp\/v2\/product\/33113"}],"collection":[{"href":"https:\/\/lespiculins.com\/pt-pt\/wp-json\/wp\/v2\/product"}],"about":[{"href":"https:\/\/lespiculins.com\/pt-pt\/wp-json\/wp\/v2\/types\/product"}],"wp:featuredmedia":[{"embeddable":true,"href":"https:\/\/lespiculins.com\/pt-pt\/wp-json\/wp\/v2\/media\/32793"}],"wp:attachment":[{"href":"https:\/\/lespiculins.com\/pt-pt\/wp-json\/wp\/v2\/media?parent=33113"}],"wp:term":[{"taxonomy":"product_cat","embeddable":true,"href":"https:\/\/lespiculins.com\/pt-pt\/wp-json\/wp\/v2\/product_cat?post=33113"},{"taxonomy":"product_tag","embeddable":true,"href":"https:\/\/lespiculins.com\/pt-pt\/wp-json\/wp\/v2\/product_tag?post=33113"}],"curies":[{"name":"wp","href":"https:\/\/api.w.org\/{rel}","templated":true}]}}