{"id":33090,"date":"2021-11-18T11:37:17","date_gmt":"2021-11-18T13:37:15","guid":{"rendered":"https:\/\/lespiculins.com\/producto\/trocador-de-fraldas-portatil-vichy-rosa-macia\/"},"modified":"2022-01-25T14:30:55","modified_gmt":"2022-01-25T13:30:55","slug":"changer-vichy-rosa-soft","status":"publish","type":"product","link":"https:\/\/lespiculins.com\/pt-pt\/produto\/changer-vichy-rosa-soft\/","title":{"rendered":"Trocador de Fraldas Port\u00e1til Vichy rosa macia"},"content":{"rendered":"","protected":false},"excerpt":{"rendered":"<p>Beb\u00e9 rosa Vichy mudando de mesa com interior imperme\u00e1vel macio e toque de veludo. Com volantito na frente e bot\u00e3o de madeira.<\/p>\n<p>O seu tamanho \u00e9 perfeito para ser usado tanto em casa como na rua quando vai dar um passeio com o seu beb\u00e9. Torne a fralda do seu beb\u00e9 e o aliciamento mais suport\u00e1vel com a nossa confort\u00e1vel mesa de mudan\u00e7as.<\/p>\n<p>Combine-o com o resto dos nossos acess\u00f3rios correspondentes.<\/p>\n<p>&nbsp;<\/p>\n","protected":false},"featured_media":32985,"template":"","meta":{"_joinchat":[]},"product_cat":[115],"product_tag":[336],"yoast_head":"<!-- This site is optimized with the Yoast SEO plugin v21.5 - https:\/\/yoast.com\/wordpress\/plugins\/seo\/ -->\n<title>Trocador de Fraldas Port\u00e1til Vichy rosa macia - Les Piculins<\/title>\n<meta name=\"robots\" content=\"index, follow, max-snippet:-1, max-image-preview:large, max-video-preview:-1\" \/>\n<link rel=\"canonical\" href=\"https:\/\/lespiculins.com\/pt-pt\/produto\/changer-vichy-rosa-soft\/\" \/>\n<meta property=\"og:locale\" content=\"pt_PT\" \/>\n<meta property=\"og:type\" content=\"article\" \/>\n<meta property=\"og:title\" content=\"Trocador de Fraldas Port\u00e1til Vichy rosa macia - Les Piculins\" \/>\n<meta property=\"og:description\" content=\"Beb\u00e9 rosa Vichy mudando de mesa com interior imperme\u00e1vel macio e toque de veludo. Com volantito na frente e bot\u00e3o de madeira. O seu tamanho \u00e9 perfeito para ser usado tanto em casa como na rua quando vai dar um passeio com o seu beb\u00e9. Torne a fralda do seu beb\u00e9 e o aliciamento mais suport\u00e1vel com a nossa confort\u00e1vel mesa de mudan\u00e7as. Combine-o com o resto dos nossos acess\u00f3rios correspondentes. &nbsp;\" \/>\n<meta property=\"og:url\" content=\"https:\/\/lespiculins.com\/pt-pt\/produto\/changer-vichy-rosa-soft\/\" \/>\n<meta property=\"og:site_name\" content=\"Les Piculins\" \/>\n<meta property=\"article:modified_time\" content=\"2022-01-25T13:30:55+00:00\" \/>\n<meta property=\"og:image\" content=\"https:\/\/lespiculins.com\/wp-content\/uploads\/2021\/11\/Cambiador-vichy-rosa1.jpg\" \/>\n\t<meta property=\"og:image:width\" content=\"1080\" \/>\n\t<meta property=\"og:image:height\" content=\"907\" \/>\n\t<meta property=\"og:image:type\" content=\"image\/jpeg\" \/>\n<meta name=\"twitter:card\" content=\"summary_large_image\" \/>\n<script type=\"application\/ld+json\" class=\"yoast-schema-graph\">{\"@context\":\"https:\/\/schema.org\",\"@graph\":[{\"@type\":\"WebPage\",\"@id\":\"https:\/\/lespiculins.com\/pt-pt\/produto\/changer-vichy-rosa-soft\/\",\"url\":\"https:\/\/lespiculins.com\/pt-pt\/produto\/changer-vichy-rosa-soft\/\",\"name\":\"Trocador de Fraldas Port\u00e1til Vichy rosa macia - Les Piculins\",\"isPartOf\":{\"@id\":\"https:\/\/lespiculins.com\/pt-pt\/#website\"},\"datePublished\":\"2021-11-18T13:37:15+00:00\",\"dateModified\":\"2022-01-25T13:30:55+00:00\",\"breadcrumb\":{\"@id\":\"https:\/\/lespiculins.com\/pt-pt\/produto\/changer-vichy-rosa-soft\/#breadcrumb\"},\"inLanguage\":\"pt-PT\",\"potentialAction\":[{\"@type\":\"ReadAction\",\"target\":[\"https:\/\/lespiculins.com\/pt-pt\/produto\/changer-vichy-rosa-soft\/\"]}]},{\"@type\":\"BreadcrumbList\",\"@id\":\"https:\/\/lespiculins.com\/pt-pt\/produto\/changer-vichy-rosa-soft\/#breadcrumb\",\"itemListElement\":[{\"@type\":\"ListItem\",\"position\":1,\"name\":\"Portada\",\"item\":\"https:\/\/lespiculins.com\/pt-pt\/inicio\/\"},{\"@type\":\"ListItem\",\"position\":2,\"name\":\"Loja\",\"item\":\"https:\/\/lespiculins.com\/pt-pt\/loja\/\"},{\"@type\":\"ListItem\",\"position\":3,\"name\":\"Trocador de Fraldas Port\u00e1til Vichy rosa macia\"}]},{\"@type\":\"WebSite\",\"@id\":\"https:\/\/lespiculins.com\/pt-pt\/#website\",\"url\":\"https:\/\/lespiculins.com\/pt-pt\/\",\"name\":\"Les Piculins\",\"description\":\"Fundas para carritos, bugaboo, maclaren, icoo, bebecar, mima...\",\"potentialAction\":[{\"@type\":\"SearchAction\",\"target\":{\"@type\":\"EntryPoint\",\"urlTemplate\":\"https:\/\/lespiculins.com\/pt-pt\/?s={search_term_string}\"},\"query-input\":\"required name=search_term_string\"}],\"inLanguage\":\"pt-PT\"}]}<\/script>\n<!-- \/ Yoast SEO plugin. -->","yoast_head_json":{"title":"Trocador de Fraldas Port\u00e1til Vichy rosa macia - Les Piculins","robots":{"index":"index","follow":"follow","max-snippet":"max-snippet:-1","max-image-preview":"max-image-preview:large","max-video-preview":"max-video-preview:-1"},"canonical":"https:\/\/lespiculins.com\/pt-pt\/produto\/changer-vichy-rosa-soft\/","og_locale":"pt_PT","og_type":"article","og_title":"Trocador de Fraldas Port\u00e1til Vichy rosa macia - Les Piculins","og_description":"Beb\u00e9 rosa Vichy mudando de mesa com interior imperme\u00e1vel macio e toque de veludo. Com volantito na frente e bot\u00e3o de madeira. O seu tamanho \u00e9 perfeito para ser usado tanto em casa como na rua quando vai dar um passeio com o seu beb\u00e9. Torne a fralda do seu beb\u00e9 e o aliciamento mais suport\u00e1vel com a nossa confort\u00e1vel mesa de mudan\u00e7as. Combine-o com o resto dos nossos acess\u00f3rios correspondentes. &nbsp;","og_url":"https:\/\/lespiculins.com\/pt-pt\/produto\/changer-vichy-rosa-soft\/","og_site_name":"Les Piculins","article_modified_time":"2022-01-25T13:30:55+00:00","og_image":[{"width":1080,"height":907,"url":"https:\/\/lespiculins.com\/wp-content\/uploads\/2021\/11\/Cambiador-vichy-rosa1.jpg","type":"image\/jpeg"}],"twitter_card":"summary_large_image","schema":{"@context":"https:\/\/schema.org","@graph":[{"@type":"WebPage","@id":"https:\/\/lespiculins.com\/pt-pt\/produto\/changer-vichy-rosa-soft\/","url":"https:\/\/lespiculins.com\/pt-pt\/produto\/changer-vichy-rosa-soft\/","name":"Trocador de Fraldas Port\u00e1til Vichy rosa macia - Les Piculins","isPartOf":{"@id":"https:\/\/lespiculins.com\/pt-pt\/#website"},"datePublished":"2021-11-18T13:37:15+00:00","dateModified":"2022-01-25T13:30:55+00:00","breadcrumb":{"@id":"https:\/\/lespiculins.com\/pt-pt\/produto\/changer-vichy-rosa-soft\/#breadcrumb"},"inLanguage":"pt-PT","potentialAction":[{"@type":"ReadAction","target":["https:\/\/lespiculins.com\/pt-pt\/produto\/changer-vichy-rosa-soft\/"]}]},{"@type":"BreadcrumbList","@id":"https:\/\/lespiculins.com\/pt-pt\/produto\/changer-vichy-rosa-soft\/#breadcrumb","itemListElement":[{"@type":"ListItem","position":1,"name":"Portada","item":"https:\/\/lespiculins.com\/pt-pt\/inicio\/"},{"@type":"ListItem","position":2,"name":"Loja","item":"https:\/\/lespiculins.com\/pt-pt\/loja\/"},{"@type":"ListItem","position":3,"name":"Trocador de Fraldas Port\u00e1til Vichy rosa macia"}]},{"@type":"WebSite","@id":"https:\/\/lespiculins.com\/pt-pt\/#website","url":"https:\/\/lespiculins.com\/pt-pt\/","name":"Les Piculins","description":"Fundas para carritos, bugaboo, maclaren, icoo, bebecar, mima...","potentialAction":[{"@type":"SearchAction","target":{"@type":"EntryPoint","urlTemplate":"https:\/\/lespiculins.com\/pt-pt\/?s={search_term_string}"},"query-input":"required name=search_term_string"}],"inLanguage":"pt-PT"}]}},"_links":{"self":[{"href":"https:\/\/lespiculins.com\/pt-pt\/wp-json\/wp\/v2\/product\/33090"}],"collection":[{"href":"https:\/\/lespiculins.com\/pt-pt\/wp-json\/wp\/v2\/product"}],"about":[{"href":"https:\/\/lespiculins.com\/pt-pt\/wp-json\/wp\/v2\/types\/product"}],"wp:featuredmedia":[{"embeddable":true,"href":"https:\/\/lespiculins.com\/pt-pt\/wp-json\/wp\/v2\/media\/32985"}],"wp:attachment":[{"href":"https:\/\/lespiculins.com\/pt-pt\/wp-json\/wp\/v2\/media?parent=33090"}],"wp:term":[{"taxonomy":"product_cat","embeddable":true,"href":"https:\/\/lespiculins.com\/pt-pt\/wp-json\/wp\/v2\/product_cat?post=33090"},{"taxonomy":"product_tag","embeddable":true,"href":"https:\/\/lespiculins.com\/pt-pt\/wp-json\/wp\/v2\/product_tag?post=33090"}],"curies":[{"name":"wp","href":"https:\/\/api.w.org\/{rel}","templated":true}]}}