{"id":33085,"date":"2021-11-18T11:52:07","date_gmt":"2021-11-18T13:17:02","guid":{"rendered":"https:\/\/lespiculins.com\/producto\/talega-vichy-aqua-mini\/"},"modified":"2023-07-11T07:35:24","modified_gmt":"2023-07-11T05:35:24","slug":"talega-vichy-aqua-mini","status":"publish","type":"product","link":"https:\/\/lespiculins.com\/pt-pt\/produto\/talega-vichy-aqua-mini\/","title":{"rendered":"Talega Vichy Aqua mini"},"content":{"rendered":"","protected":false},"excerpt":{"rendered":"<p>Com o seu interior imperme\u00e1vel \u00e9 ideal para armazenar as roupas que o nosso beb\u00e9 sujou ou o &#8220;molt&#8221; sobressalente que sempre usamos nos seus passeios.<\/p>\n<p>Tantos usos como pode imaginar: como refor\u00e7o quando o saco vai para &#8220;top&#8221;, para a mudan\u00e7a do seu beb\u00e9, para os seus brinquedos&#8230; E quando o seu beb\u00e9 cresce, \u00e9 o complemento ideal para levar o pequeno-almo\u00e7o \u00e0 escola ou o lanche para o parque.<\/p>\n<p>Combine-o com o resto dos nossos addons correspondentes.<\/p>\n","protected":false},"featured_media":33010,"template":"","meta":{"_joinchat":[]},"product_cat":[141],"product_tag":[326],"yoast_head":"<!-- This site is optimized with the Yoast SEO plugin v21.5 - https:\/\/yoast.com\/wordpress\/plugins\/seo\/ -->\n<title>Talega Vichy Aqua mini - Les Piculins<\/title>\n<meta name=\"robots\" content=\"index, follow, max-snippet:-1, max-image-preview:large, max-video-preview:-1\" \/>\n<link rel=\"canonical\" href=\"https:\/\/lespiculins.com\/pt-pt\/produto\/talega-vichy-aqua-mini\/\" \/>\n<meta property=\"og:locale\" content=\"pt_PT\" \/>\n<meta property=\"og:type\" content=\"article\" \/>\n<meta property=\"og:title\" content=\"Talega Vichy Aqua mini - Les Piculins\" \/>\n<meta property=\"og:description\" content=\"Com o seu interior imperme\u00e1vel \u00e9 ideal para armazenar as roupas que o nosso beb\u00e9 sujou ou o &quot;molt&quot; sobressalente que sempre usamos nos seus passeios. Tantos usos como pode imaginar: como refor\u00e7o quando o saco vai para &quot;top&quot;, para a mudan\u00e7a do seu beb\u00e9, para os seus brinquedos... E quando o seu beb\u00e9 cresce, \u00e9 o complemento ideal para levar o pequeno-almo\u00e7o \u00e0 escola ou o lanche para o parque. Combine-o com o resto dos nossos addons correspondentes.\" \/>\n<meta property=\"og:url\" content=\"https:\/\/lespiculins.com\/pt-pt\/produto\/talega-vichy-aqua-mini\/\" \/>\n<meta property=\"og:site_name\" content=\"Les Piculins\" \/>\n<meta property=\"article:modified_time\" content=\"2023-07-11T05:35:24+00:00\" \/>\n<meta property=\"og:image\" content=\"https:\/\/lespiculins.com\/wp-content\/uploads\/2021\/11\/Talega-vichy-aqua.jpg\" \/>\n\t<meta property=\"og:image:width\" content=\"1080\" \/>\n\t<meta property=\"og:image:height\" content=\"810\" \/>\n\t<meta property=\"og:image:type\" content=\"image\/jpeg\" \/>\n<meta name=\"twitter:card\" content=\"summary_large_image\" \/>\n<script type=\"application\/ld+json\" class=\"yoast-schema-graph\">{\"@context\":\"https:\/\/schema.org\",\"@graph\":[{\"@type\":\"WebPage\",\"@id\":\"https:\/\/lespiculins.com\/pt-pt\/produto\/talega-vichy-aqua-mini\/\",\"url\":\"https:\/\/lespiculins.com\/pt-pt\/produto\/talega-vichy-aqua-mini\/\",\"name\":\"Talega Vichy Aqua mini - Les Piculins\",\"isPartOf\":{\"@id\":\"https:\/\/lespiculins.com\/pt-pt\/#website\"},\"datePublished\":\"2021-11-18T13:17:02+00:00\",\"dateModified\":\"2023-07-11T05:35:24+00:00\",\"breadcrumb\":{\"@id\":\"https:\/\/lespiculins.com\/pt-pt\/produto\/talega-vichy-aqua-mini\/#breadcrumb\"},\"inLanguage\":\"pt-PT\",\"potentialAction\":[{\"@type\":\"ReadAction\",\"target\":[\"https:\/\/lespiculins.com\/pt-pt\/produto\/talega-vichy-aqua-mini\/\"]}]},{\"@type\":\"BreadcrumbList\",\"@id\":\"https:\/\/lespiculins.com\/pt-pt\/produto\/talega-vichy-aqua-mini\/#breadcrumb\",\"itemListElement\":[{\"@type\":\"ListItem\",\"position\":1,\"name\":\"Portada\",\"item\":\"https:\/\/lespiculins.com\/pt-pt\/inicio\/\"},{\"@type\":\"ListItem\",\"position\":2,\"name\":\"Loja\",\"item\":\"https:\/\/lespiculins.com\/pt-pt\/loja\/\"},{\"@type\":\"ListItem\",\"position\":3,\"name\":\"Talega Vichy Aqua mini\"}]},{\"@type\":\"WebSite\",\"@id\":\"https:\/\/lespiculins.com\/pt-pt\/#website\",\"url\":\"https:\/\/lespiculins.com\/pt-pt\/\",\"name\":\"Les Piculins\",\"description\":\"Fundas para carritos, bugaboo, maclaren, icoo, bebecar, mima...\",\"potentialAction\":[{\"@type\":\"SearchAction\",\"target\":{\"@type\":\"EntryPoint\",\"urlTemplate\":\"https:\/\/lespiculins.com\/pt-pt\/?s={search_term_string}\"},\"query-input\":\"required name=search_term_string\"}],\"inLanguage\":\"pt-PT\"}]}<\/script>\n<!-- \/ Yoast SEO plugin. -->","yoast_head_json":{"title":"Talega Vichy Aqua mini - Les Piculins","robots":{"index":"index","follow":"follow","max-snippet":"max-snippet:-1","max-image-preview":"max-image-preview:large","max-video-preview":"max-video-preview:-1"},"canonical":"https:\/\/lespiculins.com\/pt-pt\/produto\/talega-vichy-aqua-mini\/","og_locale":"pt_PT","og_type":"article","og_title":"Talega Vichy Aqua mini - Les Piculins","og_description":"Com o seu interior imperme\u00e1vel \u00e9 ideal para armazenar as roupas que o nosso beb\u00e9 sujou ou o \"molt\" sobressalente que sempre usamos nos seus passeios. Tantos usos como pode imaginar: como refor\u00e7o quando o saco vai para \"top\", para a mudan\u00e7a do seu beb\u00e9, para os seus brinquedos... E quando o seu beb\u00e9 cresce, \u00e9 o complemento ideal para levar o pequeno-almo\u00e7o \u00e0 escola ou o lanche para o parque. Combine-o com o resto dos nossos addons correspondentes.","og_url":"https:\/\/lespiculins.com\/pt-pt\/produto\/talega-vichy-aqua-mini\/","og_site_name":"Les Piculins","article_modified_time":"2023-07-11T05:35:24+00:00","og_image":[{"width":1080,"height":810,"url":"https:\/\/lespiculins.com\/wp-content\/uploads\/2021\/11\/Talega-vichy-aqua.jpg","type":"image\/jpeg"}],"twitter_card":"summary_large_image","schema":{"@context":"https:\/\/schema.org","@graph":[{"@type":"WebPage","@id":"https:\/\/lespiculins.com\/pt-pt\/produto\/talega-vichy-aqua-mini\/","url":"https:\/\/lespiculins.com\/pt-pt\/produto\/talega-vichy-aqua-mini\/","name":"Talega Vichy Aqua mini - Les Piculins","isPartOf":{"@id":"https:\/\/lespiculins.com\/pt-pt\/#website"},"datePublished":"2021-11-18T13:17:02+00:00","dateModified":"2023-07-11T05:35:24+00:00","breadcrumb":{"@id":"https:\/\/lespiculins.com\/pt-pt\/produto\/talega-vichy-aqua-mini\/#breadcrumb"},"inLanguage":"pt-PT","potentialAction":[{"@type":"ReadAction","target":["https:\/\/lespiculins.com\/pt-pt\/produto\/talega-vichy-aqua-mini\/"]}]},{"@type":"BreadcrumbList","@id":"https:\/\/lespiculins.com\/pt-pt\/produto\/talega-vichy-aqua-mini\/#breadcrumb","itemListElement":[{"@type":"ListItem","position":1,"name":"Portada","item":"https:\/\/lespiculins.com\/pt-pt\/inicio\/"},{"@type":"ListItem","position":2,"name":"Loja","item":"https:\/\/lespiculins.com\/pt-pt\/loja\/"},{"@type":"ListItem","position":3,"name":"Talega Vichy Aqua mini"}]},{"@type":"WebSite","@id":"https:\/\/lespiculins.com\/pt-pt\/#website","url":"https:\/\/lespiculins.com\/pt-pt\/","name":"Les Piculins","description":"Fundas para carritos, bugaboo, maclaren, icoo, bebecar, mima...","potentialAction":[{"@type":"SearchAction","target":{"@type":"EntryPoint","urlTemplate":"https:\/\/lespiculins.com\/pt-pt\/?s={search_term_string}"},"query-input":"required name=search_term_string"}],"inLanguage":"pt-PT"}]}},"_links":{"self":[{"href":"https:\/\/lespiculins.com\/pt-pt\/wp-json\/wp\/v2\/product\/33085"}],"collection":[{"href":"https:\/\/lespiculins.com\/pt-pt\/wp-json\/wp\/v2\/product"}],"about":[{"href":"https:\/\/lespiculins.com\/pt-pt\/wp-json\/wp\/v2\/types\/product"}],"wp:featuredmedia":[{"embeddable":true,"href":"https:\/\/lespiculins.com\/pt-pt\/wp-json\/wp\/v2\/media\/33010"}],"wp:attachment":[{"href":"https:\/\/lespiculins.com\/pt-pt\/wp-json\/wp\/v2\/media?parent=33085"}],"wp:term":[{"taxonomy":"product_cat","embeddable":true,"href":"https:\/\/lespiculins.com\/pt-pt\/wp-json\/wp\/v2\/product_cat?post=33085"},{"taxonomy":"product_tag","embeddable":true,"href":"https:\/\/lespiculins.com\/pt-pt\/wp-json\/wp\/v2\/product_tag?post=33085"}],"curies":[{"name":"wp","href":"https:\/\/api.w.org\/{rel}","templated":true}]}}