{"id":33083,"date":"2021-11-18T12:04:45","date_gmt":"2021-11-18T13:14:38","guid":{"rendered":"https:\/\/lespiculins.com\/producto\/manta-reversivel-liberty-lead\/"},"modified":"2021-11-18T14:14:38","modified_gmt":"2021-11-18T13:14:38","slug":"manta-reversivel-liberdade-chumbo","status":"publish","type":"product","link":"https:\/\/lespiculins.com\/pt-pt\/produto\/manta-reversivel-liberdade-chumbo\/","title":{"rendered":"Manta revers\u00edvel Liberty Lead"},"content":{"rendered":"","protected":false},"excerpt":{"rendered":"<p>Manta revers\u00edvel com impress\u00e3o de flor liberty londres de um lado e tecido polar branco do outro. Os acabamentos de bies feitos em Vichy aqua em nossa oficina, d\u00e3o-lhe um acabamento muito especial.<\/p>\n<p>Medidas 75 cm x 75 cm<\/p>\n<p>Pode us\u00e1-lo para embrulhar o seu beb\u00e9 dentro do carrinho de beb\u00e9 e tamb\u00e9m quando tiver que lev\u00e1-lo para amamentar, engarrafar ou lev\u00e1-lo nos bra\u00e7os. \u00c9 tamb\u00e9m um complemento ideal para as suas sestas em casa, e quando crescer, use-a nas suas cadeiras para crian\u00e7as para os passeios que s\u00e3o alongados.<\/p>\n<p>Combine-o com o resto dos nossos acess\u00f3rios na mesma impress\u00e3o.<\/p>\n","protected":false},"featured_media":33035,"template":"","meta":{"_joinchat":[]},"product_cat":[111],"product_tag":[309],"yoast_head":"<!-- This site is optimized with the Yoast SEO plugin v21.5 - https:\/\/yoast.com\/wordpress\/plugins\/seo\/ -->\n<title>Manta revers\u00edvel Liberty Lead - Les Piculins<\/title>\n<meta name=\"robots\" content=\"index, follow, max-snippet:-1, max-image-preview:large, max-video-preview:-1\" \/>\n<link rel=\"canonical\" href=\"https:\/\/lespiculins.com\/pt-pt\/produto\/manta-reversivel-liberdade-chumbo\/\" \/>\n<meta property=\"og:locale\" content=\"pt_PT\" \/>\n<meta property=\"og:type\" content=\"article\" \/>\n<meta property=\"og:title\" content=\"Manta revers\u00edvel Liberty Lead - Les Piculins\" \/>\n<meta property=\"og:description\" content=\"Manta revers\u00edvel com impress\u00e3o de flor liberty londres de um lado e tecido polar branco do outro. Os acabamentos de bies feitos em Vichy aqua em nossa oficina, d\u00e3o-lhe um acabamento muito especial. Medidas 75 cm x 75 cm Pode us\u00e1-lo para embrulhar o seu beb\u00e9 dentro do carrinho de beb\u00e9 e tamb\u00e9m quando tiver que lev\u00e1-lo para amamentar, engarrafar ou lev\u00e1-lo nos bra\u00e7os. \u00c9 tamb\u00e9m um complemento ideal para as suas sestas em casa, e quando crescer, use-a nas suas cadeiras para crian\u00e7as para os passeios que s\u00e3o alongados. Combine-o com o resto dos nossos acess\u00f3rios na mesma impress\u00e3o.\" \/>\n<meta property=\"og:url\" content=\"https:\/\/lespiculins.com\/pt-pt\/produto\/manta-reversivel-liberdade-chumbo\/\" \/>\n<meta property=\"og:site_name\" content=\"Les Piculins\" \/>\n<meta property=\"og:image\" content=\"https:\/\/lespiculins.com\/wp-content\/uploads\/2021\/11\/Mantita-reversiblebetsy1.jpg\" \/>\n\t<meta property=\"og:image:width\" content=\"1080\" \/>\n\t<meta property=\"og:image:height\" content=\"887\" \/>\n\t<meta property=\"og:image:type\" content=\"image\/jpeg\" \/>\n<meta name=\"twitter:card\" content=\"summary_large_image\" \/>\n<script type=\"application\/ld+json\" class=\"yoast-schema-graph\">{\"@context\":\"https:\/\/schema.org\",\"@graph\":[{\"@type\":\"WebPage\",\"@id\":\"https:\/\/lespiculins.com\/pt-pt\/produto\/manta-reversivel-liberdade-chumbo\/\",\"url\":\"https:\/\/lespiculins.com\/pt-pt\/produto\/manta-reversivel-liberdade-chumbo\/\",\"name\":\"Manta revers\u00edvel Liberty Lead - Les Piculins\",\"isPartOf\":{\"@id\":\"https:\/\/lespiculins.com\/pt-pt\/#website\"},\"datePublished\":\"2021-11-18T13:14:38+00:00\",\"dateModified\":\"2021-11-18T13:14:38+00:00\",\"breadcrumb\":{\"@id\":\"https:\/\/lespiculins.com\/pt-pt\/produto\/manta-reversivel-liberdade-chumbo\/#breadcrumb\"},\"inLanguage\":\"pt-PT\",\"potentialAction\":[{\"@type\":\"ReadAction\",\"target\":[\"https:\/\/lespiculins.com\/pt-pt\/produto\/manta-reversivel-liberdade-chumbo\/\"]}]},{\"@type\":\"BreadcrumbList\",\"@id\":\"https:\/\/lespiculins.com\/pt-pt\/produto\/manta-reversivel-liberdade-chumbo\/#breadcrumb\",\"itemListElement\":[{\"@type\":\"ListItem\",\"position\":1,\"name\":\"Portada\",\"item\":\"https:\/\/lespiculins.com\/pt-pt\/inicio\/\"},{\"@type\":\"ListItem\",\"position\":2,\"name\":\"Loja\",\"item\":\"https:\/\/lespiculins.com\/pt-pt\/loja\/\"},{\"@type\":\"ListItem\",\"position\":3,\"name\":\"Manta revers\u00edvel Liberty Lead\"}]},{\"@type\":\"WebSite\",\"@id\":\"https:\/\/lespiculins.com\/pt-pt\/#website\",\"url\":\"https:\/\/lespiculins.com\/pt-pt\/\",\"name\":\"Les Piculins\",\"description\":\"Fundas para carritos, bugaboo, maclaren, icoo, bebecar, mima...\",\"potentialAction\":[{\"@type\":\"SearchAction\",\"target\":{\"@type\":\"EntryPoint\",\"urlTemplate\":\"https:\/\/lespiculins.com\/pt-pt\/?s={search_term_string}\"},\"query-input\":\"required name=search_term_string\"}],\"inLanguage\":\"pt-PT\"}]}<\/script>\n<!-- \/ Yoast SEO plugin. -->","yoast_head_json":{"title":"Manta revers\u00edvel Liberty Lead - Les Piculins","robots":{"index":"index","follow":"follow","max-snippet":"max-snippet:-1","max-image-preview":"max-image-preview:large","max-video-preview":"max-video-preview:-1"},"canonical":"https:\/\/lespiculins.com\/pt-pt\/produto\/manta-reversivel-liberdade-chumbo\/","og_locale":"pt_PT","og_type":"article","og_title":"Manta revers\u00edvel Liberty Lead - Les Piculins","og_description":"Manta revers\u00edvel com impress\u00e3o de flor liberty londres de um lado e tecido polar branco do outro. Os acabamentos de bies feitos em Vichy aqua em nossa oficina, d\u00e3o-lhe um acabamento muito especial. Medidas 75 cm x 75 cm Pode us\u00e1-lo para embrulhar o seu beb\u00e9 dentro do carrinho de beb\u00e9 e tamb\u00e9m quando tiver que lev\u00e1-lo para amamentar, engarrafar ou lev\u00e1-lo nos bra\u00e7os. \u00c9 tamb\u00e9m um complemento ideal para as suas sestas em casa, e quando crescer, use-a nas suas cadeiras para crian\u00e7as para os passeios que s\u00e3o alongados. Combine-o com o resto dos nossos acess\u00f3rios na mesma impress\u00e3o.","og_url":"https:\/\/lespiculins.com\/pt-pt\/produto\/manta-reversivel-liberdade-chumbo\/","og_site_name":"Les Piculins","og_image":[{"width":1080,"height":887,"url":"https:\/\/lespiculins.com\/wp-content\/uploads\/2021\/11\/Mantita-reversiblebetsy1.jpg","type":"image\/jpeg"}],"twitter_card":"summary_large_image","schema":{"@context":"https:\/\/schema.org","@graph":[{"@type":"WebPage","@id":"https:\/\/lespiculins.com\/pt-pt\/produto\/manta-reversivel-liberdade-chumbo\/","url":"https:\/\/lespiculins.com\/pt-pt\/produto\/manta-reversivel-liberdade-chumbo\/","name":"Manta revers\u00edvel Liberty Lead - Les Piculins","isPartOf":{"@id":"https:\/\/lespiculins.com\/pt-pt\/#website"},"datePublished":"2021-11-18T13:14:38+00:00","dateModified":"2021-11-18T13:14:38+00:00","breadcrumb":{"@id":"https:\/\/lespiculins.com\/pt-pt\/produto\/manta-reversivel-liberdade-chumbo\/#breadcrumb"},"inLanguage":"pt-PT","potentialAction":[{"@type":"ReadAction","target":["https:\/\/lespiculins.com\/pt-pt\/produto\/manta-reversivel-liberdade-chumbo\/"]}]},{"@type":"BreadcrumbList","@id":"https:\/\/lespiculins.com\/pt-pt\/produto\/manta-reversivel-liberdade-chumbo\/#breadcrumb","itemListElement":[{"@type":"ListItem","position":1,"name":"Portada","item":"https:\/\/lespiculins.com\/pt-pt\/inicio\/"},{"@type":"ListItem","position":2,"name":"Loja","item":"https:\/\/lespiculins.com\/pt-pt\/loja\/"},{"@type":"ListItem","position":3,"name":"Manta revers\u00edvel Liberty Lead"}]},{"@type":"WebSite","@id":"https:\/\/lespiculins.com\/pt-pt\/#website","url":"https:\/\/lespiculins.com\/pt-pt\/","name":"Les Piculins","description":"Fundas para carritos, bugaboo, maclaren, icoo, bebecar, mima...","potentialAction":[{"@type":"SearchAction","target":{"@type":"EntryPoint","urlTemplate":"https:\/\/lespiculins.com\/pt-pt\/?s={search_term_string}"},"query-input":"required name=search_term_string"}],"inLanguage":"pt-PT"}]}},"_links":{"self":[{"href":"https:\/\/lespiculins.com\/pt-pt\/wp-json\/wp\/v2\/product\/33083"}],"collection":[{"href":"https:\/\/lespiculins.com\/pt-pt\/wp-json\/wp\/v2\/product"}],"about":[{"href":"https:\/\/lespiculins.com\/pt-pt\/wp-json\/wp\/v2\/types\/product"}],"wp:featuredmedia":[{"embeddable":true,"href":"https:\/\/lespiculins.com\/pt-pt\/wp-json\/wp\/v2\/media\/33035"}],"wp:attachment":[{"href":"https:\/\/lespiculins.com\/pt-pt\/wp-json\/wp\/v2\/media?parent=33083"}],"wp:term":[{"taxonomy":"product_cat","embeddable":true,"href":"https:\/\/lespiculins.com\/pt-pt\/wp-json\/wp\/v2\/product_cat?post=33083"},{"taxonomy":"product_tag","embeddable":true,"href":"https:\/\/lespiculins.com\/pt-pt\/wp-json\/wp\/v2\/product_tag?post=33083"}],"curies":[{"name":"wp","href":"https:\/\/api.w.org\/{rel}","templated":true}]}}