{"id":33075,"date":"2021-11-18T13:03:27","date_gmt":"2021-11-18T12:57:55","guid":{"rendered":"https:\/\/lespiculins.com\/producto\/reversivel-lullaby-liberty-aqua\/"},"modified":"2023-07-11T07:29:10","modified_gmt":"2023-07-11T05:29:10","slug":"lullaby-reversivel-liberdade-aqua","status":"publish","type":"product","link":"https:\/\/lespiculins.com\/pt-pt\/produto\/lullaby-reversivel-liberdade-aqua\/","title":{"rendered":"Revers\u00edvel lullaby Liberty Aqua"},"content":{"rendered":"","protected":false},"excerpt":{"rendered":"<p>Revers\u00edvel lullaby com um lado em Liberdade de pequenas flores em tons Aqua e Bambula do outro lado, com volantito em Vichy Aqua.<\/p>\n<p>Medidas 75 cm x 75 cm<\/p>\n<p>Pode us\u00e1-lo para embrulhar o seu beb\u00e9 dentro do carrinho de beb\u00e9 e tamb\u00e9m quando tiver que lev\u00e1-lo para amamentar, engarrafar ou lev\u00e1-lo nos bra\u00e7os. \u00c9 tamb\u00e9m um complemento ideal para as suas sestas em casa, e quando crescer, use-a na sua cadeira para os passeios que duram at\u00e9 \u00e0 noite nos dias de primavera e ver\u00e3o.<\/p>\n<p>E se o teu beb\u00e9 nascer em meses mais frios e queres que ele seja mais &#8220;quente&#8221;, s\u00f3 tens de nos escrever e vamos substituir a bambula por tecido polar branco.<\/p>\n<p>Combine-o com o resto dos nossos addons correspondentes.<\/p>\n","protected":false},"featured_media":33063,"template":"","meta":{"_joinchat":[]},"product_cat":[111],"product_tag":[307],"yoast_head":"<!-- This site is optimized with the Yoast SEO plugin v21.5 - https:\/\/yoast.com\/wordpress\/plugins\/seo\/ -->\n<title>Revers\u00edvel lullaby Liberty Aqua - Les Piculins<\/title>\n<meta name=\"robots\" content=\"index, follow, max-snippet:-1, max-image-preview:large, max-video-preview:-1\" \/>\n<link rel=\"canonical\" href=\"https:\/\/lespiculins.com\/pt-pt\/produto\/lullaby-reversivel-liberdade-aqua\/\" \/>\n<meta property=\"og:locale\" content=\"pt_PT\" \/>\n<meta property=\"og:type\" content=\"article\" \/>\n<meta property=\"og:title\" content=\"Revers\u00edvel lullaby Liberty Aqua - Les Piculins\" \/>\n<meta property=\"og:description\" content=\"Revers\u00edvel lullaby com um lado em Liberdade de pequenas flores em tons Aqua e Bambula do outro lado, com volantito em Vichy Aqua. Medidas 75 cm x 75 cm Pode us\u00e1-lo para embrulhar o seu beb\u00e9 dentro do carrinho de beb\u00e9 e tamb\u00e9m quando tiver que lev\u00e1-lo para amamentar, engarrafar ou lev\u00e1-lo nos bra\u00e7os. \u00c9 tamb\u00e9m um complemento ideal para as suas sestas em casa, e quando crescer, use-a na sua cadeira para os passeios que duram at\u00e9 \u00e0 noite nos dias de primavera e ver\u00e3o. E se o teu beb\u00e9 nascer em meses mais frios e queres que ele seja mais &quot;quente&quot;, s\u00f3 tens de nos escrever e vamos substituir a bambula por tecido polar branco. Combine-o com o resto dos nossos addons correspondentes.\" \/>\n<meta property=\"og:url\" content=\"https:\/\/lespiculins.com\/pt-pt\/produto\/lullaby-reversivel-liberdade-aqua\/\" \/>\n<meta property=\"og:site_name\" content=\"Les Piculins\" \/>\n<meta property=\"article:modified_time\" content=\"2023-07-11T05:29:10+00:00\" \/>\n<meta name=\"twitter:card\" content=\"summary_large_image\" \/>\n<script type=\"application\/ld+json\" class=\"yoast-schema-graph\">{\"@context\":\"https:\/\/schema.org\",\"@graph\":[{\"@type\":\"WebPage\",\"@id\":\"https:\/\/lespiculins.com\/pt-pt\/produto\/lullaby-reversivel-liberdade-aqua\/\",\"url\":\"https:\/\/lespiculins.com\/pt-pt\/produto\/lullaby-reversivel-liberdade-aqua\/\",\"name\":\"Revers\u00edvel lullaby Liberty Aqua - Les Piculins\",\"isPartOf\":{\"@id\":\"https:\/\/lespiculins.com\/pt-pt\/#website\"},\"datePublished\":\"2021-11-18T12:57:55+00:00\",\"dateModified\":\"2023-07-11T05:29:10+00:00\",\"breadcrumb\":{\"@id\":\"https:\/\/lespiculins.com\/pt-pt\/produto\/lullaby-reversivel-liberdade-aqua\/#breadcrumb\"},\"inLanguage\":\"pt-PT\",\"potentialAction\":[{\"@type\":\"ReadAction\",\"target\":[\"https:\/\/lespiculins.com\/pt-pt\/produto\/lullaby-reversivel-liberdade-aqua\/\"]}]},{\"@type\":\"BreadcrumbList\",\"@id\":\"https:\/\/lespiculins.com\/pt-pt\/produto\/lullaby-reversivel-liberdade-aqua\/#breadcrumb\",\"itemListElement\":[{\"@type\":\"ListItem\",\"position\":1,\"name\":\"Portada\",\"item\":\"https:\/\/lespiculins.com\/pt-pt\/inicio\/\"},{\"@type\":\"ListItem\",\"position\":2,\"name\":\"Loja\",\"item\":\"https:\/\/lespiculins.com\/pt-pt\/loja\/\"},{\"@type\":\"ListItem\",\"position\":3,\"name\":\"Revers\u00edvel lullaby Liberty Aqua\"}]},{\"@type\":\"WebSite\",\"@id\":\"https:\/\/lespiculins.com\/pt-pt\/#website\",\"url\":\"https:\/\/lespiculins.com\/pt-pt\/\",\"name\":\"Les Piculins\",\"description\":\"Fundas para carritos, bugaboo, maclaren, icoo, bebecar, mima...\",\"potentialAction\":[{\"@type\":\"SearchAction\",\"target\":{\"@type\":\"EntryPoint\",\"urlTemplate\":\"https:\/\/lespiculins.com\/pt-pt\/?s={search_term_string}\"},\"query-input\":\"required name=search_term_string\"}],\"inLanguage\":\"pt-PT\"}]}<\/script>\n<!-- \/ Yoast SEO plugin. -->","yoast_head_json":{"title":"Revers\u00edvel lullaby Liberty Aqua - Les Piculins","robots":{"index":"index","follow":"follow","max-snippet":"max-snippet:-1","max-image-preview":"max-image-preview:large","max-video-preview":"max-video-preview:-1"},"canonical":"https:\/\/lespiculins.com\/pt-pt\/produto\/lullaby-reversivel-liberdade-aqua\/","og_locale":"pt_PT","og_type":"article","og_title":"Revers\u00edvel lullaby Liberty Aqua - Les Piculins","og_description":"Revers\u00edvel lullaby com um lado em Liberdade de pequenas flores em tons Aqua e Bambula do outro lado, com volantito em Vichy Aqua. Medidas 75 cm x 75 cm Pode us\u00e1-lo para embrulhar o seu beb\u00e9 dentro do carrinho de beb\u00e9 e tamb\u00e9m quando tiver que lev\u00e1-lo para amamentar, engarrafar ou lev\u00e1-lo nos bra\u00e7os. \u00c9 tamb\u00e9m um complemento ideal para as suas sestas em casa, e quando crescer, use-a na sua cadeira para os passeios que duram at\u00e9 \u00e0 noite nos dias de primavera e ver\u00e3o. E se o teu beb\u00e9 nascer em meses mais frios e queres que ele seja mais \"quente\", s\u00f3 tens de nos escrever e vamos substituir a bambula por tecido polar branco. Combine-o com o resto dos nossos addons correspondentes.","og_url":"https:\/\/lespiculins.com\/pt-pt\/produto\/lullaby-reversivel-liberdade-aqua\/","og_site_name":"Les Piculins","article_modified_time":"2023-07-11T05:29:10+00:00","twitter_card":"summary_large_image","schema":{"@context":"https:\/\/schema.org","@graph":[{"@type":"WebPage","@id":"https:\/\/lespiculins.com\/pt-pt\/produto\/lullaby-reversivel-liberdade-aqua\/","url":"https:\/\/lespiculins.com\/pt-pt\/produto\/lullaby-reversivel-liberdade-aqua\/","name":"Revers\u00edvel lullaby Liberty Aqua - Les Piculins","isPartOf":{"@id":"https:\/\/lespiculins.com\/pt-pt\/#website"},"datePublished":"2021-11-18T12:57:55+00:00","dateModified":"2023-07-11T05:29:10+00:00","breadcrumb":{"@id":"https:\/\/lespiculins.com\/pt-pt\/produto\/lullaby-reversivel-liberdade-aqua\/#breadcrumb"},"inLanguage":"pt-PT","potentialAction":[{"@type":"ReadAction","target":["https:\/\/lespiculins.com\/pt-pt\/produto\/lullaby-reversivel-liberdade-aqua\/"]}]},{"@type":"BreadcrumbList","@id":"https:\/\/lespiculins.com\/pt-pt\/produto\/lullaby-reversivel-liberdade-aqua\/#breadcrumb","itemListElement":[{"@type":"ListItem","position":1,"name":"Portada","item":"https:\/\/lespiculins.com\/pt-pt\/inicio\/"},{"@type":"ListItem","position":2,"name":"Loja","item":"https:\/\/lespiculins.com\/pt-pt\/loja\/"},{"@type":"ListItem","position":3,"name":"Revers\u00edvel lullaby Liberty Aqua"}]},{"@type":"WebSite","@id":"https:\/\/lespiculins.com\/pt-pt\/#website","url":"https:\/\/lespiculins.com\/pt-pt\/","name":"Les Piculins","description":"Fundas para carritos, bugaboo, maclaren, icoo, bebecar, mima...","potentialAction":[{"@type":"SearchAction","target":{"@type":"EntryPoint","urlTemplate":"https:\/\/lespiculins.com\/pt-pt\/?s={search_term_string}"},"query-input":"required name=search_term_string"}],"inLanguage":"pt-PT"}]}},"_links":{"self":[{"href":"https:\/\/lespiculins.com\/pt-pt\/wp-json\/wp\/v2\/product\/33075"}],"collection":[{"href":"https:\/\/lespiculins.com\/pt-pt\/wp-json\/wp\/v2\/product"}],"about":[{"href":"https:\/\/lespiculins.com\/pt-pt\/wp-json\/wp\/v2\/types\/product"}],"wp:featuredmedia":[{"embeddable":true,"href":"https:\/\/lespiculins.com\/pt-pt\/wp-json\/wp\/v2\/media\/33063"}],"wp:attachment":[{"href":"https:\/\/lespiculins.com\/pt-pt\/wp-json\/wp\/v2\/media?parent=33075"}],"wp:term":[{"taxonomy":"product_cat","embeddable":true,"href":"https:\/\/lespiculins.com\/pt-pt\/wp-json\/wp\/v2\/product_cat?post=33075"},{"taxonomy":"product_tag","embeddable":true,"href":"https:\/\/lespiculins.com\/pt-pt\/wp-json\/wp\/v2\/product_tag?post=33075"}],"curies":[{"name":"wp","href":"https:\/\/api.w.org\/{rel}","templated":true}]}}