{"id":33073,"date":"2021-11-18T13:09:13","date_gmt":"2021-11-18T12:50:45","guid":{"rendered":"https:\/\/lespiculins.com\/producto\/lullabies-reversivel-liberty-soft-pink\/"},"modified":"2021-11-18T13:50:45","modified_gmt":"2021-11-18T12:50:45","slug":"lullaby-reversivel-liberdade-rosa-suave","status":"publish","type":"product","link":"https:\/\/lespiculins.com\/pt-pt\/produto\/lullaby-reversivel-liberdade-rosa-suave\/","title":{"rendered":"Lullabies Revers\u00edvel Liberty soft pink"},"content":{"rendered":"","protected":false},"excerpt":{"rendered":"<p>Lullaby revers\u00edvel em Liberty London imprimir rosa macio de um lado e bambula branco do outro com contorno volantito.<\/p>\n<p>Medidas 75 cm x 75 cm<\/p>\n<p>Pode us\u00e1-lo para embrulhar o seu beb\u00e9 dentro do carrinho de beb\u00e9 e tamb\u00e9m quando tiver que lev\u00e1-lo para amamentar, engarrafar ou lev\u00e1-lo nos bra\u00e7os. \u00c9 tamb\u00e9m um complemento ideal para as suas sestas em casa, e quando crescer, use-a na sua cadeira para os passeios que duram at\u00e9 \u00e0 noite nos dias de primavera e ver\u00e3o.<\/p>\n<p>E se o teu beb\u00e9 nascer em meses mais frios e queres que ele seja mais &#8220;quente&#8221;, s\u00f3 tens de nos escrever e vamos substituir a bambula por tecido polar branco.<\/p>\n<p>Combine-o com o resto dos nossos acess\u00f3rios em Liberty soft pink.<\/p>\n<p>Mantenha o seu lullaby como novo seguindo as nossas dicas de lavagem. M\u00e1quina com detergente hipoalerg\u00e9nico do seu beb\u00e9, m\u00e1x. 30\u00ba C. Plachar a temperatura m\u00e9dia<\/p>\n","protected":false},"featured_media":33068,"template":"","meta":{"_joinchat":[]},"product_cat":[111],"product_tag":[320],"yoast_head":"<!-- This site is optimized with the Yoast SEO plugin v21.5 - https:\/\/yoast.com\/wordpress\/plugins\/seo\/ -->\n<title>Lullabies Revers\u00edvel Liberty soft pink - Les Piculins<\/title>\n<meta name=\"robots\" content=\"index, follow, max-snippet:-1, max-image-preview:large, max-video-preview:-1\" \/>\n<link rel=\"canonical\" href=\"https:\/\/lespiculins.com\/pt-pt\/produto\/lullaby-reversivel-liberdade-rosa-suave\/\" \/>\n<meta property=\"og:locale\" content=\"pt_PT\" \/>\n<meta property=\"og:type\" content=\"article\" \/>\n<meta property=\"og:title\" content=\"Lullabies Revers\u00edvel Liberty soft pink - Les Piculins\" \/>\n<meta property=\"og:description\" content=\"Lullaby revers\u00edvel em Liberty London imprimir rosa macio de um lado e bambula branco do outro com contorno volantito. Medidas 75 cm x 75 cm Pode us\u00e1-lo para embrulhar o seu beb\u00e9 dentro do carrinho de beb\u00e9 e tamb\u00e9m quando tiver que lev\u00e1-lo para amamentar, engarrafar ou lev\u00e1-lo nos bra\u00e7os. \u00c9 tamb\u00e9m um complemento ideal para as suas sestas em casa, e quando crescer, use-a na sua cadeira para os passeios que duram at\u00e9 \u00e0 noite nos dias de primavera e ver\u00e3o. E se o teu beb\u00e9 nascer em meses mais frios e queres que ele seja mais &quot;quente&quot;, s\u00f3 tens de nos escrever e vamos substituir a bambula por tecido polar branco. Combine-o com o resto dos nossos acess\u00f3rios em Liberty soft pink. Mantenha o seu lullaby como novo seguindo as nossas dicas de lavagem. M\u00e1quina com detergente hipoalerg\u00e9nico do seu beb\u00e9, m\u00e1x. 30\u00ba C. Plachar a temperatura m\u00e9dia\" \/>\n<meta property=\"og:url\" content=\"https:\/\/lespiculins.com\/pt-pt\/produto\/lullaby-reversivel-liberdade-rosa-suave\/\" \/>\n<meta property=\"og:site_name\" content=\"Les Piculins\" \/>\n<meta property=\"og:image\" content=\"https:\/\/lespiculins.com\/wp-content\/uploads\/2021\/11\/Arrullorevermichelle.jpg\" \/>\n\t<meta property=\"og:image:width\" content=\"1080\" \/>\n\t<meta property=\"og:image:height\" content=\"1009\" \/>\n\t<meta property=\"og:image:type\" content=\"image\/jpeg\" \/>\n<meta name=\"twitter:card\" content=\"summary_large_image\" \/>\n<script type=\"application\/ld+json\" class=\"yoast-schema-graph\">{\"@context\":\"https:\/\/schema.org\",\"@graph\":[{\"@type\":\"WebPage\",\"@id\":\"https:\/\/lespiculins.com\/pt-pt\/produto\/lullaby-reversivel-liberdade-rosa-suave\/\",\"url\":\"https:\/\/lespiculins.com\/pt-pt\/produto\/lullaby-reversivel-liberdade-rosa-suave\/\",\"name\":\"Lullabies Revers\u00edvel Liberty soft pink - Les Piculins\",\"isPartOf\":{\"@id\":\"https:\/\/lespiculins.com\/pt-pt\/#website\"},\"datePublished\":\"2021-11-18T12:50:45+00:00\",\"dateModified\":\"2021-11-18T12:50:45+00:00\",\"breadcrumb\":{\"@id\":\"https:\/\/lespiculins.com\/pt-pt\/produto\/lullaby-reversivel-liberdade-rosa-suave\/#breadcrumb\"},\"inLanguage\":\"pt-PT\",\"potentialAction\":[{\"@type\":\"ReadAction\",\"target\":[\"https:\/\/lespiculins.com\/pt-pt\/produto\/lullaby-reversivel-liberdade-rosa-suave\/\"]}]},{\"@type\":\"BreadcrumbList\",\"@id\":\"https:\/\/lespiculins.com\/pt-pt\/produto\/lullaby-reversivel-liberdade-rosa-suave\/#breadcrumb\",\"itemListElement\":[{\"@type\":\"ListItem\",\"position\":1,\"name\":\"Portada\",\"item\":\"https:\/\/lespiculins.com\/pt-pt\/inicio\/\"},{\"@type\":\"ListItem\",\"position\":2,\"name\":\"Loja\",\"item\":\"https:\/\/lespiculins.com\/pt-pt\/loja\/\"},{\"@type\":\"ListItem\",\"position\":3,\"name\":\"Lullabies Revers\u00edvel Liberty soft pink\"}]},{\"@type\":\"WebSite\",\"@id\":\"https:\/\/lespiculins.com\/pt-pt\/#website\",\"url\":\"https:\/\/lespiculins.com\/pt-pt\/\",\"name\":\"Les Piculins\",\"description\":\"Fundas para carritos, bugaboo, maclaren, icoo, bebecar, mima...\",\"potentialAction\":[{\"@type\":\"SearchAction\",\"target\":{\"@type\":\"EntryPoint\",\"urlTemplate\":\"https:\/\/lespiculins.com\/pt-pt\/?s={search_term_string}\"},\"query-input\":\"required name=search_term_string\"}],\"inLanguage\":\"pt-PT\"}]}<\/script>\n<!-- \/ Yoast SEO plugin. -->","yoast_head_json":{"title":"Lullabies Revers\u00edvel Liberty soft pink - Les Piculins","robots":{"index":"index","follow":"follow","max-snippet":"max-snippet:-1","max-image-preview":"max-image-preview:large","max-video-preview":"max-video-preview:-1"},"canonical":"https:\/\/lespiculins.com\/pt-pt\/produto\/lullaby-reversivel-liberdade-rosa-suave\/","og_locale":"pt_PT","og_type":"article","og_title":"Lullabies Revers\u00edvel Liberty soft pink - Les Piculins","og_description":"Lullaby revers\u00edvel em Liberty London imprimir rosa macio de um lado e bambula branco do outro com contorno volantito. Medidas 75 cm x 75 cm Pode us\u00e1-lo para embrulhar o seu beb\u00e9 dentro do carrinho de beb\u00e9 e tamb\u00e9m quando tiver que lev\u00e1-lo para amamentar, engarrafar ou lev\u00e1-lo nos bra\u00e7os. \u00c9 tamb\u00e9m um complemento ideal para as suas sestas em casa, e quando crescer, use-a na sua cadeira para os passeios que duram at\u00e9 \u00e0 noite nos dias de primavera e ver\u00e3o. E se o teu beb\u00e9 nascer em meses mais frios e queres que ele seja mais \"quente\", s\u00f3 tens de nos escrever e vamos substituir a bambula por tecido polar branco. Combine-o com o resto dos nossos acess\u00f3rios em Liberty soft pink. Mantenha o seu lullaby como novo seguindo as nossas dicas de lavagem. M\u00e1quina com detergente hipoalerg\u00e9nico do seu beb\u00e9, m\u00e1x. 30\u00ba C. Plachar a temperatura m\u00e9dia","og_url":"https:\/\/lespiculins.com\/pt-pt\/produto\/lullaby-reversivel-liberdade-rosa-suave\/","og_site_name":"Les Piculins","og_image":[{"width":1080,"height":1009,"url":"https:\/\/lespiculins.com\/wp-content\/uploads\/2021\/11\/Arrullorevermichelle.jpg","type":"image\/jpeg"}],"twitter_card":"summary_large_image","schema":{"@context":"https:\/\/schema.org","@graph":[{"@type":"WebPage","@id":"https:\/\/lespiculins.com\/pt-pt\/produto\/lullaby-reversivel-liberdade-rosa-suave\/","url":"https:\/\/lespiculins.com\/pt-pt\/produto\/lullaby-reversivel-liberdade-rosa-suave\/","name":"Lullabies Revers\u00edvel Liberty soft pink - Les Piculins","isPartOf":{"@id":"https:\/\/lespiculins.com\/pt-pt\/#website"},"datePublished":"2021-11-18T12:50:45+00:00","dateModified":"2021-11-18T12:50:45+00:00","breadcrumb":{"@id":"https:\/\/lespiculins.com\/pt-pt\/produto\/lullaby-reversivel-liberdade-rosa-suave\/#breadcrumb"},"inLanguage":"pt-PT","potentialAction":[{"@type":"ReadAction","target":["https:\/\/lespiculins.com\/pt-pt\/produto\/lullaby-reversivel-liberdade-rosa-suave\/"]}]},{"@type":"BreadcrumbList","@id":"https:\/\/lespiculins.com\/pt-pt\/produto\/lullaby-reversivel-liberdade-rosa-suave\/#breadcrumb","itemListElement":[{"@type":"ListItem","position":1,"name":"Portada","item":"https:\/\/lespiculins.com\/pt-pt\/inicio\/"},{"@type":"ListItem","position":2,"name":"Loja","item":"https:\/\/lespiculins.com\/pt-pt\/loja\/"},{"@type":"ListItem","position":3,"name":"Lullabies Revers\u00edvel Liberty soft pink"}]},{"@type":"WebSite","@id":"https:\/\/lespiculins.com\/pt-pt\/#website","url":"https:\/\/lespiculins.com\/pt-pt\/","name":"Les Piculins","description":"Fundas para carritos, bugaboo, maclaren, icoo, bebecar, mima...","potentialAction":[{"@type":"SearchAction","target":{"@type":"EntryPoint","urlTemplate":"https:\/\/lespiculins.com\/pt-pt\/?s={search_term_string}"},"query-input":"required name=search_term_string"}],"inLanguage":"pt-PT"}]}},"_links":{"self":[{"href":"https:\/\/lespiculins.com\/pt-pt\/wp-json\/wp\/v2\/product\/33073"}],"collection":[{"href":"https:\/\/lespiculins.com\/pt-pt\/wp-json\/wp\/v2\/product"}],"about":[{"href":"https:\/\/lespiculins.com\/pt-pt\/wp-json\/wp\/v2\/types\/product"}],"wp:featuredmedia":[{"embeddable":true,"href":"https:\/\/lespiculins.com\/pt-pt\/wp-json\/wp\/v2\/media\/33068"}],"wp:attachment":[{"href":"https:\/\/lespiculins.com\/pt-pt\/wp-json\/wp\/v2\/media?parent=33073"}],"wp:term":[{"taxonomy":"product_cat","embeddable":true,"href":"https:\/\/lespiculins.com\/pt-pt\/wp-json\/wp\/v2\/product_cat?post=33073"},{"taxonomy":"product_tag","embeddable":true,"href":"https:\/\/lespiculins.com\/pt-pt\/wp-json\/wp\/v2\/product_tag?post=33073"}],"curies":[{"name":"wp","href":"https:\/\/api.w.org\/{rel}","templated":true}]}}