{"id":32103,"date":"2021-08-19T09:58:38","date_gmt":"2021-08-27T12:45:14","guid":{"rendered":"https:\/\/lespiculins.com\/producto\/bugaboo-liberty-animalitos-blue-vichy-sack\/"},"modified":"2023-07-11T08:13:56","modified_gmt":"2023-07-11T06:13:56","slug":"saco-cadeira-liberdade-animais-azul","status":"publish","type":"product","link":"https:\/\/lespiculins.com\/pt-pt\/produto\/saco-cadeira-liberdade-animais-azul\/","title":{"rendered":"Bugaboo Liberty Animalitos Blue-Vichy Sack"},"content":{"rendered":"","protected":false},"excerpt":{"rendered":"<p>Saco de cadeira universal com cobertura em Liberty animalitos azul e volantito em vichy celeste. A capa pode ser utilizada durante todo o ano apenas removendo a tampa. Isto \u00e9 desmontado com dois fechos.<\/p>\n<p>Cubra em vichy com embozo em Liberty animalitos azul, detalhe de bot\u00f5es em madeira natural.<\/p>\n<p>Inclui tampas de arn\u00eas correspondentes para que o seu pequenino n\u00e3o esfregue nas correias do carrinho.<\/p>\n<p>Pode combinar a sua mala com outros acess\u00f3rios da mesma cole\u00e7\u00e3o.<\/p>\n<p>&nbsp;<\/p>\n<p>&nbsp;<\/p>\n","protected":false},"featured_media":35079,"template":"","meta":{"_joinchat":[]},"product_cat":[214],"product_tag":[305,326],"yoast_head":"<!-- This site is optimized with the Yoast SEO plugin v21.5 - https:\/\/yoast.com\/wordpress\/plugins\/seo\/ -->\n<title>Bugaboo Liberty Animalitos Blue-Vichy Sack - Les Piculins<\/title>\n<meta name=\"robots\" content=\"index, follow, max-snippet:-1, max-image-preview:large, max-video-preview:-1\" \/>\n<link rel=\"canonical\" href=\"https:\/\/lespiculins.com\/pt-pt\/produto\/saco-cadeira-liberdade-animais-azul\/\" \/>\n<meta property=\"og:locale\" content=\"pt_PT\" \/>\n<meta property=\"og:type\" content=\"article\" \/>\n<meta property=\"og:title\" content=\"Bugaboo Liberty Animalitos Blue-Vichy Sack - Les Piculins\" \/>\n<meta property=\"og:description\" content=\"Saco de cadeira universal com cobertura em Liberty animalitos azul e volantito em vichy celeste. A capa pode ser utilizada durante todo o ano apenas removendo a tampa. Isto \u00e9 desmontado com dois fechos. Cubra em vichy com embozo em Liberty animalitos azul, detalhe de bot\u00f5es em madeira natural. Inclui tampas de arn\u00eas correspondentes para que o seu pequenino n\u00e3o esfregue nas correias do carrinho. Pode combinar a sua mala com outros acess\u00f3rios da mesma cole\u00e7\u00e3o. &nbsp; &nbsp;\" \/>\n<meta property=\"og:url\" content=\"https:\/\/lespiculins.com\/pt-pt\/produto\/saco-cadeira-liberdade-animais-azul\/\" \/>\n<meta property=\"og:site_name\" content=\"Les Piculins\" \/>\n<meta property=\"article:modified_time\" content=\"2023-07-11T06:13:56+00:00\" \/>\n<meta property=\"og:image\" content=\"https:\/\/lespiculins.com\/wp-content\/uploads\/2021\/08\/dd2bb471-2389-4b39-8f3a-d6f21930b49b.jpeg\" \/>\n\t<meta property=\"og:image:width\" content=\"1536\" \/>\n\t<meta property=\"og:image:height\" content=\"2048\" \/>\n\t<meta property=\"og:image:type\" content=\"image\/jpeg\" \/>\n<meta name=\"twitter:card\" content=\"summary_large_image\" \/>\n<script type=\"application\/ld+json\" class=\"yoast-schema-graph\">{\"@context\":\"https:\/\/schema.org\",\"@graph\":[{\"@type\":\"WebPage\",\"@id\":\"https:\/\/lespiculins.com\/pt-pt\/produto\/saco-cadeira-liberdade-animais-azul\/\",\"url\":\"https:\/\/lespiculins.com\/pt-pt\/produto\/saco-cadeira-liberdade-animais-azul\/\",\"name\":\"Bugaboo Liberty Animalitos Blue-Vichy Sack - Les Piculins\",\"isPartOf\":{\"@id\":\"https:\/\/lespiculins.com\/pt-pt\/#website\"},\"datePublished\":\"2021-08-27T12:45:14+00:00\",\"dateModified\":\"2023-07-11T06:13:56+00:00\",\"breadcrumb\":{\"@id\":\"https:\/\/lespiculins.com\/pt-pt\/produto\/saco-cadeira-liberdade-animais-azul\/#breadcrumb\"},\"inLanguage\":\"pt-PT\",\"potentialAction\":[{\"@type\":\"ReadAction\",\"target\":[\"https:\/\/lespiculins.com\/pt-pt\/produto\/saco-cadeira-liberdade-animais-azul\/\"]}]},{\"@type\":\"BreadcrumbList\",\"@id\":\"https:\/\/lespiculins.com\/pt-pt\/produto\/saco-cadeira-liberdade-animais-azul\/#breadcrumb\",\"itemListElement\":[{\"@type\":\"ListItem\",\"position\":1,\"name\":\"Portada\",\"item\":\"https:\/\/lespiculins.com\/pt-pt\/inicio\/\"},{\"@type\":\"ListItem\",\"position\":2,\"name\":\"Loja\",\"item\":\"https:\/\/lespiculins.com\/pt-pt\/loja\/\"},{\"@type\":\"ListItem\",\"position\":3,\"name\":\"Bugaboo Liberty Animalitos Blue-Vichy Sack\"}]},{\"@type\":\"WebSite\",\"@id\":\"https:\/\/lespiculins.com\/pt-pt\/#website\",\"url\":\"https:\/\/lespiculins.com\/pt-pt\/\",\"name\":\"Les Piculins\",\"description\":\"Fundas para carritos, bugaboo, maclaren, icoo, bebecar, mima...\",\"potentialAction\":[{\"@type\":\"SearchAction\",\"target\":{\"@type\":\"EntryPoint\",\"urlTemplate\":\"https:\/\/lespiculins.com\/pt-pt\/?s={search_term_string}\"},\"query-input\":\"required name=search_term_string\"}],\"inLanguage\":\"pt-PT\"}]}<\/script>\n<!-- \/ Yoast SEO plugin. -->","yoast_head_json":{"title":"Bugaboo Liberty Animalitos Blue-Vichy Sack - Les Piculins","robots":{"index":"index","follow":"follow","max-snippet":"max-snippet:-1","max-image-preview":"max-image-preview:large","max-video-preview":"max-video-preview:-1"},"canonical":"https:\/\/lespiculins.com\/pt-pt\/produto\/saco-cadeira-liberdade-animais-azul\/","og_locale":"pt_PT","og_type":"article","og_title":"Bugaboo Liberty Animalitos Blue-Vichy Sack - Les Piculins","og_description":"Saco de cadeira universal com cobertura em Liberty animalitos azul e volantito em vichy celeste. A capa pode ser utilizada durante todo o ano apenas removendo a tampa. Isto \u00e9 desmontado com dois fechos. Cubra em vichy com embozo em Liberty animalitos azul, detalhe de bot\u00f5es em madeira natural. Inclui tampas de arn\u00eas correspondentes para que o seu pequenino n\u00e3o esfregue nas correias do carrinho. Pode combinar a sua mala com outros acess\u00f3rios da mesma cole\u00e7\u00e3o. &nbsp; &nbsp;","og_url":"https:\/\/lespiculins.com\/pt-pt\/produto\/saco-cadeira-liberdade-animais-azul\/","og_site_name":"Les Piculins","article_modified_time":"2023-07-11T06:13:56+00:00","og_image":[{"width":1536,"height":2048,"url":"https:\/\/lespiculins.com\/wp-content\/uploads\/2021\/08\/dd2bb471-2389-4b39-8f3a-d6f21930b49b.jpeg","type":"image\/jpeg"}],"twitter_card":"summary_large_image","schema":{"@context":"https:\/\/schema.org","@graph":[{"@type":"WebPage","@id":"https:\/\/lespiculins.com\/pt-pt\/produto\/saco-cadeira-liberdade-animais-azul\/","url":"https:\/\/lespiculins.com\/pt-pt\/produto\/saco-cadeira-liberdade-animais-azul\/","name":"Bugaboo Liberty Animalitos Blue-Vichy Sack - Les Piculins","isPartOf":{"@id":"https:\/\/lespiculins.com\/pt-pt\/#website"},"datePublished":"2021-08-27T12:45:14+00:00","dateModified":"2023-07-11T06:13:56+00:00","breadcrumb":{"@id":"https:\/\/lespiculins.com\/pt-pt\/produto\/saco-cadeira-liberdade-animais-azul\/#breadcrumb"},"inLanguage":"pt-PT","potentialAction":[{"@type":"ReadAction","target":["https:\/\/lespiculins.com\/pt-pt\/produto\/saco-cadeira-liberdade-animais-azul\/"]}]},{"@type":"BreadcrumbList","@id":"https:\/\/lespiculins.com\/pt-pt\/produto\/saco-cadeira-liberdade-animais-azul\/#breadcrumb","itemListElement":[{"@type":"ListItem","position":1,"name":"Portada","item":"https:\/\/lespiculins.com\/pt-pt\/inicio\/"},{"@type":"ListItem","position":2,"name":"Loja","item":"https:\/\/lespiculins.com\/pt-pt\/loja\/"},{"@type":"ListItem","position":3,"name":"Bugaboo Liberty Animalitos Blue-Vichy Sack"}]},{"@type":"WebSite","@id":"https:\/\/lespiculins.com\/pt-pt\/#website","url":"https:\/\/lespiculins.com\/pt-pt\/","name":"Les Piculins","description":"Fundas para carritos, bugaboo, maclaren, icoo, bebecar, mima...","potentialAction":[{"@type":"SearchAction","target":{"@type":"EntryPoint","urlTemplate":"https:\/\/lespiculins.com\/pt-pt\/?s={search_term_string}"},"query-input":"required name=search_term_string"}],"inLanguage":"pt-PT"}]}},"_links":{"self":[{"href":"https:\/\/lespiculins.com\/pt-pt\/wp-json\/wp\/v2\/product\/32103"}],"collection":[{"href":"https:\/\/lespiculins.com\/pt-pt\/wp-json\/wp\/v2\/product"}],"about":[{"href":"https:\/\/lespiculins.com\/pt-pt\/wp-json\/wp\/v2\/types\/product"}],"wp:featuredmedia":[{"embeddable":true,"href":"https:\/\/lespiculins.com\/pt-pt\/wp-json\/wp\/v2\/media\/35079"}],"wp:attachment":[{"href":"https:\/\/lespiculins.com\/pt-pt\/wp-json\/wp\/v2\/media?parent=32103"}],"wp:term":[{"taxonomy":"product_cat","embeddable":true,"href":"https:\/\/lespiculins.com\/pt-pt\/wp-json\/wp\/v2\/product_cat?post=32103"},{"taxonomy":"product_tag","embeddable":true,"href":"https:\/\/lespiculins.com\/pt-pt\/wp-json\/wp\/v2\/product_tag?post=32103"}],"curies":[{"name":"wp","href":"https:\/\/api.w.org\/{rel}","templated":true}]}}