{"id":32100,"date":"2021-07-03T11:14:36","date_gmt":"2021-08-27T12:44:59","guid":{"rendered":"https:\/\/lespiculins.com\/producto\/sanita-vichy-aqua\/"},"modified":"2023-07-11T07:35:21","modified_gmt":"2023-07-11T05:35:21","slug":"neceser-vichy-aqua","status":"publish","type":"product","link":"https:\/\/lespiculins.com\/pt-pt\/produto\/neceser-vichy-aqua\/","title":{"rendered":"N\u00e9cessaire Vichy Aqua"},"content":{"rendered":"","protected":false},"excerpt":{"rendered":"<p>Caso &#8211; necess\u00e1rio para fraldas e toalhetes. Tem uma impress\u00e3o Vichy Aqua combinando dois tamanhos de vichy na mesma tonalidade. \u00c9 tamb\u00e9m forrado e tem um interior imperme\u00e1vel.<\/p>\n<p>Com a chegada do seu beb\u00e9, a sua vida e a sua casa s\u00e3o revolucionadas. \u00c9 por isso que propomos esta bela sanita, para ter em ordem todas as suas coisas de higiene e casa de banho. Tamb\u00e9m pr\u00e1tico para qualquer viagem ou como organizador para a sua mala.<\/p>\n<p>Com detalhes de volume, pode combinar com o mudador e outros acess\u00f3rios da mesma cole\u00e7\u00e3o.<\/p>\n<p>&nbsp;<\/p>\n","protected":false},"featured_media":31951,"template":"","meta":{"_joinchat":[]},"product_cat":[109],"product_tag":[326],"yoast_head":"<!-- This site is optimized with the Yoast SEO plugin v21.5 - https:\/\/yoast.com\/wordpress\/plugins\/seo\/ -->\n<title>N\u00e9cessaire Vichy Aqua - Les Piculins<\/title>\n<meta name=\"robots\" content=\"index, follow, max-snippet:-1, max-image-preview:large, max-video-preview:-1\" \/>\n<link rel=\"canonical\" href=\"https:\/\/lespiculins.com\/pt-pt\/produto\/neceser-vichy-aqua\/\" \/>\n<meta property=\"og:locale\" content=\"pt_PT\" \/>\n<meta property=\"og:type\" content=\"article\" \/>\n<meta property=\"og:title\" content=\"N\u00e9cessaire Vichy Aqua - Les Piculins\" \/>\n<meta property=\"og:description\" content=\"Caso - necess\u00e1rio para fraldas e toalhetes. Tem uma impress\u00e3o Vichy Aqua combinando dois tamanhos de vichy na mesma tonalidade. \u00c9 tamb\u00e9m forrado e tem um interior imperme\u00e1vel. Com a chegada do seu beb\u00e9, a sua vida e a sua casa s\u00e3o revolucionadas. \u00c9 por isso que propomos esta bela sanita, para ter em ordem todas as suas coisas de higiene e casa de banho. Tamb\u00e9m pr\u00e1tico para qualquer viagem ou como organizador para a sua mala. Com detalhes de volume, pode combinar com o mudador e outros acess\u00f3rios da mesma cole\u00e7\u00e3o. &nbsp;\" \/>\n<meta property=\"og:url\" content=\"https:\/\/lespiculins.com\/pt-pt\/produto\/neceser-vichy-aqua\/\" \/>\n<meta property=\"og:site_name\" content=\"Les Piculins\" \/>\n<meta property=\"article:modified_time\" content=\"2023-07-11T05:35:21+00:00\" \/>\n<meta property=\"og:image\" content=\"https:\/\/lespiculins.com\/wp-content\/uploads\/2021\/07\/neceser-aqua-2-scaled.jpg\" \/>\n\t<meta property=\"og:image:width\" content=\"2560\" \/>\n\t<meta property=\"og:image:height\" content=\"2201\" \/>\n\t<meta property=\"og:image:type\" content=\"image\/jpeg\" \/>\n<meta name=\"twitter:card\" content=\"summary_large_image\" \/>\n<script type=\"application\/ld+json\" class=\"yoast-schema-graph\">{\"@context\":\"https:\/\/schema.org\",\"@graph\":[{\"@type\":\"WebPage\",\"@id\":\"https:\/\/lespiculins.com\/pt-pt\/produto\/neceser-vichy-aqua\/\",\"url\":\"https:\/\/lespiculins.com\/pt-pt\/produto\/neceser-vichy-aqua\/\",\"name\":\"N\u00e9cessaire Vichy Aqua - Les Piculins\",\"isPartOf\":{\"@id\":\"https:\/\/lespiculins.com\/pt-pt\/#website\"},\"datePublished\":\"2021-08-27T12:44:59+00:00\",\"dateModified\":\"2023-07-11T05:35:21+00:00\",\"breadcrumb\":{\"@id\":\"https:\/\/lespiculins.com\/pt-pt\/produto\/neceser-vichy-aqua\/#breadcrumb\"},\"inLanguage\":\"pt-PT\",\"potentialAction\":[{\"@type\":\"ReadAction\",\"target\":[\"https:\/\/lespiculins.com\/pt-pt\/produto\/neceser-vichy-aqua\/\"]}]},{\"@type\":\"BreadcrumbList\",\"@id\":\"https:\/\/lespiculins.com\/pt-pt\/produto\/neceser-vichy-aqua\/#breadcrumb\",\"itemListElement\":[{\"@type\":\"ListItem\",\"position\":1,\"name\":\"Portada\",\"item\":\"https:\/\/lespiculins.com\/pt-pt\/inicio\/\"},{\"@type\":\"ListItem\",\"position\":2,\"name\":\"Loja\",\"item\":\"https:\/\/lespiculins.com\/pt-pt\/loja\/\"},{\"@type\":\"ListItem\",\"position\":3,\"name\":\"N\u00e9cessaire Vichy Aqua\"}]},{\"@type\":\"WebSite\",\"@id\":\"https:\/\/lespiculins.com\/pt-pt\/#website\",\"url\":\"https:\/\/lespiculins.com\/pt-pt\/\",\"name\":\"Les Piculins\",\"description\":\"Fundas para carritos, bugaboo, maclaren, icoo, bebecar, mima...\",\"potentialAction\":[{\"@type\":\"SearchAction\",\"target\":{\"@type\":\"EntryPoint\",\"urlTemplate\":\"https:\/\/lespiculins.com\/pt-pt\/?s={search_term_string}\"},\"query-input\":\"required name=search_term_string\"}],\"inLanguage\":\"pt-PT\"}]}<\/script>\n<!-- \/ Yoast SEO plugin. -->","yoast_head_json":{"title":"N\u00e9cessaire Vichy Aqua - Les Piculins","robots":{"index":"index","follow":"follow","max-snippet":"max-snippet:-1","max-image-preview":"max-image-preview:large","max-video-preview":"max-video-preview:-1"},"canonical":"https:\/\/lespiculins.com\/pt-pt\/produto\/neceser-vichy-aqua\/","og_locale":"pt_PT","og_type":"article","og_title":"N\u00e9cessaire Vichy Aqua - Les Piculins","og_description":"Caso - necess\u00e1rio para fraldas e toalhetes. Tem uma impress\u00e3o Vichy Aqua combinando dois tamanhos de vichy na mesma tonalidade. \u00c9 tamb\u00e9m forrado e tem um interior imperme\u00e1vel. Com a chegada do seu beb\u00e9, a sua vida e a sua casa s\u00e3o revolucionadas. \u00c9 por isso que propomos esta bela sanita, para ter em ordem todas as suas coisas de higiene e casa de banho. Tamb\u00e9m pr\u00e1tico para qualquer viagem ou como organizador para a sua mala. Com detalhes de volume, pode combinar com o mudador e outros acess\u00f3rios da mesma cole\u00e7\u00e3o. &nbsp;","og_url":"https:\/\/lespiculins.com\/pt-pt\/produto\/neceser-vichy-aqua\/","og_site_name":"Les Piculins","article_modified_time":"2023-07-11T05:35:21+00:00","og_image":[{"width":2560,"height":2201,"url":"https:\/\/lespiculins.com\/wp-content\/uploads\/2021\/07\/neceser-aqua-2-scaled.jpg","type":"image\/jpeg"}],"twitter_card":"summary_large_image","schema":{"@context":"https:\/\/schema.org","@graph":[{"@type":"WebPage","@id":"https:\/\/lespiculins.com\/pt-pt\/produto\/neceser-vichy-aqua\/","url":"https:\/\/lespiculins.com\/pt-pt\/produto\/neceser-vichy-aqua\/","name":"N\u00e9cessaire Vichy Aqua - Les Piculins","isPartOf":{"@id":"https:\/\/lespiculins.com\/pt-pt\/#website"},"datePublished":"2021-08-27T12:44:59+00:00","dateModified":"2023-07-11T05:35:21+00:00","breadcrumb":{"@id":"https:\/\/lespiculins.com\/pt-pt\/produto\/neceser-vichy-aqua\/#breadcrumb"},"inLanguage":"pt-PT","potentialAction":[{"@type":"ReadAction","target":["https:\/\/lespiculins.com\/pt-pt\/produto\/neceser-vichy-aqua\/"]}]},{"@type":"BreadcrumbList","@id":"https:\/\/lespiculins.com\/pt-pt\/produto\/neceser-vichy-aqua\/#breadcrumb","itemListElement":[{"@type":"ListItem","position":1,"name":"Portada","item":"https:\/\/lespiculins.com\/pt-pt\/inicio\/"},{"@type":"ListItem","position":2,"name":"Loja","item":"https:\/\/lespiculins.com\/pt-pt\/loja\/"},{"@type":"ListItem","position":3,"name":"N\u00e9cessaire Vichy Aqua"}]},{"@type":"WebSite","@id":"https:\/\/lespiculins.com\/pt-pt\/#website","url":"https:\/\/lespiculins.com\/pt-pt\/","name":"Les Piculins","description":"Fundas para carritos, bugaboo, maclaren, icoo, bebecar, mima...","potentialAction":[{"@type":"SearchAction","target":{"@type":"EntryPoint","urlTemplate":"https:\/\/lespiculins.com\/pt-pt\/?s={search_term_string}"},"query-input":"required name=search_term_string"}],"inLanguage":"pt-PT"}]}},"_links":{"self":[{"href":"https:\/\/lespiculins.com\/pt-pt\/wp-json\/wp\/v2\/product\/32100"}],"collection":[{"href":"https:\/\/lespiculins.com\/pt-pt\/wp-json\/wp\/v2\/product"}],"about":[{"href":"https:\/\/lespiculins.com\/pt-pt\/wp-json\/wp\/v2\/types\/product"}],"wp:featuredmedia":[{"embeddable":true,"href":"https:\/\/lespiculins.com\/pt-pt\/wp-json\/wp\/v2\/media\/31951"}],"wp:attachment":[{"href":"https:\/\/lespiculins.com\/pt-pt\/wp-json\/wp\/v2\/media?parent=32100"}],"wp:term":[{"taxonomy":"product_cat","embeddable":true,"href":"https:\/\/lespiculins.com\/pt-pt\/wp-json\/wp\/v2\/product_cat?post=32100"},{"taxonomy":"product_tag","embeddable":true,"href":"https:\/\/lespiculins.com\/pt-pt\/wp-json\/wp\/v2\/product_tag?post=32100"}],"curies":[{"name":"wp","href":"https:\/\/api.w.org\/{rel}","templated":true}]}}