{"id":32099,"date":"2021-07-03T11:08:58","date_gmt":"2021-08-27T12:44:48","guid":{"rendered":"https:\/\/lespiculins.com\/producto\/vichy-aqua-changer\/"},"modified":"2023-07-11T07:28:49","modified_gmt":"2023-07-11T05:28:49","slug":"changer-vichy-aqua","status":"publish","type":"product","link":"https:\/\/lespiculins.com\/pt-pt\/produto\/changer-vichy-aqua\/","title":{"rendered":"Vichy Aqua Trocador"},"content":{"rendered":"","protected":false},"excerpt":{"rendered":"<p>Trocador confort\u00e1vel para a casa de banho do seu beb\u00e9 ou para trocar a fralda. O seu tamanho \u00e9 ideal para uso tanto em casa como nos seus passeios. Com suave toque de veludo imperme\u00e1vel interior.<\/p>\n<p>A sua impress\u00e3o em Vichy Aqua e branco combina perfeitamente com o t\u00eaxtil azul a vapor do Bugaboo, uma vez que carrega o mesmo tom para que possa usar tudo hiper juntos.<\/p>\n<p>Combine-o com o resto dos nossos acess\u00f3rios Vichy Aqua.<\/p>\n","protected":false},"featured_media":31942,"template":"","meta":{"_joinchat":[]},"product_cat":[115],"product_tag":[326],"yoast_head":"<!-- This site is optimized with the Yoast SEO plugin v21.5 - https:\/\/yoast.com\/wordpress\/plugins\/seo\/ -->\n<title>Vichy Aqua Trocador - Les Piculins<\/title>\n<meta name=\"robots\" content=\"index, follow, max-snippet:-1, max-image-preview:large, max-video-preview:-1\" \/>\n<link rel=\"canonical\" href=\"https:\/\/lespiculins.com\/pt-pt\/produto\/changer-vichy-aqua\/\" \/>\n<meta property=\"og:locale\" content=\"pt_PT\" \/>\n<meta property=\"og:type\" content=\"article\" \/>\n<meta property=\"og:title\" content=\"Vichy Aqua Trocador - Les Piculins\" \/>\n<meta property=\"og:description\" content=\"Trocador confort\u00e1vel para a casa de banho do seu beb\u00e9 ou para trocar a fralda. O seu tamanho \u00e9 ideal para uso tanto em casa como nos seus passeios. Com suave toque de veludo imperme\u00e1vel interior. A sua impress\u00e3o em Vichy Aqua e branco combina perfeitamente com o t\u00eaxtil azul a vapor do Bugaboo, uma vez que carrega o mesmo tom para que possa usar tudo hiper juntos. Combine-o com o resto dos nossos acess\u00f3rios Vichy Aqua.\" \/>\n<meta property=\"og:url\" content=\"https:\/\/lespiculins.com\/pt-pt\/produto\/changer-vichy-aqua\/\" \/>\n<meta property=\"og:site_name\" content=\"Les Piculins\" \/>\n<meta property=\"article:modified_time\" content=\"2023-07-11T05:28:49+00:00\" \/>\n<meta property=\"og:image\" content=\"https:\/\/lespiculins.com\/wp-content\/uploads\/2021\/07\/cambiador-vichy-aqua-1-scaled.jpg\" \/>\n\t<meta property=\"og:image:width\" content=\"2560\" \/>\n\t<meta property=\"og:image:height\" content=\"2368\" \/>\n\t<meta property=\"og:image:type\" content=\"image\/jpeg\" \/>\n<meta name=\"twitter:card\" content=\"summary_large_image\" \/>\n<script type=\"application\/ld+json\" class=\"yoast-schema-graph\">{\"@context\":\"https:\/\/schema.org\",\"@graph\":[{\"@type\":\"WebPage\",\"@id\":\"https:\/\/lespiculins.com\/pt-pt\/produto\/changer-vichy-aqua\/\",\"url\":\"https:\/\/lespiculins.com\/pt-pt\/produto\/changer-vichy-aqua\/\",\"name\":\"Vichy Aqua Trocador - Les Piculins\",\"isPartOf\":{\"@id\":\"https:\/\/lespiculins.com\/pt-pt\/#website\"},\"datePublished\":\"2021-08-27T12:44:48+00:00\",\"dateModified\":\"2023-07-11T05:28:49+00:00\",\"breadcrumb\":{\"@id\":\"https:\/\/lespiculins.com\/pt-pt\/produto\/changer-vichy-aqua\/#breadcrumb\"},\"inLanguage\":\"pt-PT\",\"potentialAction\":[{\"@type\":\"ReadAction\",\"target\":[\"https:\/\/lespiculins.com\/pt-pt\/produto\/changer-vichy-aqua\/\"]}]},{\"@type\":\"BreadcrumbList\",\"@id\":\"https:\/\/lespiculins.com\/pt-pt\/produto\/changer-vichy-aqua\/#breadcrumb\",\"itemListElement\":[{\"@type\":\"ListItem\",\"position\":1,\"name\":\"Portada\",\"item\":\"https:\/\/lespiculins.com\/pt-pt\/inicio\/\"},{\"@type\":\"ListItem\",\"position\":2,\"name\":\"Loja\",\"item\":\"https:\/\/lespiculins.com\/pt-pt\/loja\/\"},{\"@type\":\"ListItem\",\"position\":3,\"name\":\"Vichy Aqua Trocador\"}]},{\"@type\":\"WebSite\",\"@id\":\"https:\/\/lespiculins.com\/pt-pt\/#website\",\"url\":\"https:\/\/lespiculins.com\/pt-pt\/\",\"name\":\"Les Piculins\",\"description\":\"Fundas para carritos, bugaboo, maclaren, icoo, bebecar, mima...\",\"potentialAction\":[{\"@type\":\"SearchAction\",\"target\":{\"@type\":\"EntryPoint\",\"urlTemplate\":\"https:\/\/lespiculins.com\/pt-pt\/?s={search_term_string}\"},\"query-input\":\"required name=search_term_string\"}],\"inLanguage\":\"pt-PT\"}]}<\/script>\n<!-- \/ Yoast SEO plugin. -->","yoast_head_json":{"title":"Vichy Aqua Trocador - Les Piculins","robots":{"index":"index","follow":"follow","max-snippet":"max-snippet:-1","max-image-preview":"max-image-preview:large","max-video-preview":"max-video-preview:-1"},"canonical":"https:\/\/lespiculins.com\/pt-pt\/produto\/changer-vichy-aqua\/","og_locale":"pt_PT","og_type":"article","og_title":"Vichy Aqua Trocador - Les Piculins","og_description":"Trocador confort\u00e1vel para a casa de banho do seu beb\u00e9 ou para trocar a fralda. O seu tamanho \u00e9 ideal para uso tanto em casa como nos seus passeios. Com suave toque de veludo imperme\u00e1vel interior. A sua impress\u00e3o em Vichy Aqua e branco combina perfeitamente com o t\u00eaxtil azul a vapor do Bugaboo, uma vez que carrega o mesmo tom para que possa usar tudo hiper juntos. Combine-o com o resto dos nossos acess\u00f3rios Vichy Aqua.","og_url":"https:\/\/lespiculins.com\/pt-pt\/produto\/changer-vichy-aqua\/","og_site_name":"Les Piculins","article_modified_time":"2023-07-11T05:28:49+00:00","og_image":[{"width":2560,"height":2368,"url":"https:\/\/lespiculins.com\/wp-content\/uploads\/2021\/07\/cambiador-vichy-aqua-1-scaled.jpg","type":"image\/jpeg"}],"twitter_card":"summary_large_image","schema":{"@context":"https:\/\/schema.org","@graph":[{"@type":"WebPage","@id":"https:\/\/lespiculins.com\/pt-pt\/produto\/changer-vichy-aqua\/","url":"https:\/\/lespiculins.com\/pt-pt\/produto\/changer-vichy-aqua\/","name":"Vichy Aqua Trocador - Les Piculins","isPartOf":{"@id":"https:\/\/lespiculins.com\/pt-pt\/#website"},"datePublished":"2021-08-27T12:44:48+00:00","dateModified":"2023-07-11T05:28:49+00:00","breadcrumb":{"@id":"https:\/\/lespiculins.com\/pt-pt\/produto\/changer-vichy-aqua\/#breadcrumb"},"inLanguage":"pt-PT","potentialAction":[{"@type":"ReadAction","target":["https:\/\/lespiculins.com\/pt-pt\/produto\/changer-vichy-aqua\/"]}]},{"@type":"BreadcrumbList","@id":"https:\/\/lespiculins.com\/pt-pt\/produto\/changer-vichy-aqua\/#breadcrumb","itemListElement":[{"@type":"ListItem","position":1,"name":"Portada","item":"https:\/\/lespiculins.com\/pt-pt\/inicio\/"},{"@type":"ListItem","position":2,"name":"Loja","item":"https:\/\/lespiculins.com\/pt-pt\/loja\/"},{"@type":"ListItem","position":3,"name":"Vichy Aqua Trocador"}]},{"@type":"WebSite","@id":"https:\/\/lespiculins.com\/pt-pt\/#website","url":"https:\/\/lespiculins.com\/pt-pt\/","name":"Les Piculins","description":"Fundas para carritos, bugaboo, maclaren, icoo, bebecar, mima...","potentialAction":[{"@type":"SearchAction","target":{"@type":"EntryPoint","urlTemplate":"https:\/\/lespiculins.com\/pt-pt\/?s={search_term_string}"},"query-input":"required name=search_term_string"}],"inLanguage":"pt-PT"}]}},"_links":{"self":[{"href":"https:\/\/lespiculins.com\/pt-pt\/wp-json\/wp\/v2\/product\/32099"}],"collection":[{"href":"https:\/\/lespiculins.com\/pt-pt\/wp-json\/wp\/v2\/product"}],"about":[{"href":"https:\/\/lespiculins.com\/pt-pt\/wp-json\/wp\/v2\/types\/product"}],"wp:featuredmedia":[{"embeddable":true,"href":"https:\/\/lespiculins.com\/pt-pt\/wp-json\/wp\/v2\/media\/31942"}],"wp:attachment":[{"href":"https:\/\/lespiculins.com\/pt-pt\/wp-json\/wp\/v2\/media?parent=32099"}],"wp:term":[{"taxonomy":"product_cat","embeddable":true,"href":"https:\/\/lespiculins.com\/pt-pt\/wp-json\/wp\/v2\/product_cat?post=32099"},{"taxonomy":"product_tag","embeddable":true,"href":"https:\/\/lespiculins.com\/pt-pt\/wp-json\/wp\/v2\/product_tag?post=32099"}],"curies":[{"name":"wp","href":"https:\/\/api.w.org\/{rel}","templated":true}]}}