{"id":31892,"date":"2021-06-15T10:35:08","date_gmt":"2021-06-21T10:16:02","guid":{"rendered":"https:\/\/lespiculins.com\/producto\/mala-de-maternidade-vichy-aqua\/"},"modified":"2024-09-10T21:04:18","modified_gmt":"2024-09-10T19:04:18","slug":"mala-maternidade-vichy-aqua","status":"publish","type":"product","link":"https:\/\/lespiculins.com\/pt-pt\/produto\/mala-maternidade-vichy-aqua\/","title":{"rendered":"Mala de maternidade Vichy Aqua"},"content":{"rendered":"","protected":false},"excerpt":{"rendered":"<p>Colocamos muito amor nas nossas pastas, este em tom aqu\u00e1tica m\u00e9dio vichy com interior imperme\u00e1vel, bolsos laterais e borrachas para que tudo esteja no lugar. Voc\u00ea pode manter nele todas as suas pequenas coisas para a sua chegada ao hospital: corpos de algod\u00e3o, pijama, embalar ou saco de beb\u00ea, chap\u00e9u &#8230; seu primeiro conjunto, fraldas&#8230;  <\/p>\n<p>Pode continuar a ser usado quando o seu beb\u00e9 j\u00e1 n\u00e3o for um rec\u00e9m-nascido. O seu tamanho \u00e9 ideal para ser usado nessas viagens curtas ou fins de semana na casa dos av\u00f3s. <\/p>\n<p>Mantenha a sua mala de maternidade como nova seguindo estas dicas de lavagem. Por m\u00e1quina, com o detergente hipoalerg\u00e9nico do seu beb\u00e9, no m\u00e1ximo 30\u00ba.<\/p>\n<p>N\u00e3o utilize secador, ao passar a ferro, n\u00e3o pressione demasiado para que o recheio n\u00e3o sofra varia\u00e7\u00f5es.  <\/p>\n","protected":false},"featured_media":31843,"template":"","meta":{"_joinchat":[]},"product_cat":[119],"product_tag":[326],"yoast_head":"<!-- This site is optimized with the Yoast SEO plugin v21.5 - https:\/\/yoast.com\/wordpress\/plugins\/seo\/ -->\n<title>Mala de maternidade Vichy Aqua - Les Piculins<\/title>\n<meta name=\"robots\" content=\"index, follow, max-snippet:-1, max-image-preview:large, max-video-preview:-1\" \/>\n<link rel=\"canonical\" href=\"https:\/\/lespiculins.com\/pt-pt\/produto\/mala-maternidade-vichy-aqua\/\" \/>\n<meta property=\"og:locale\" content=\"pt_PT\" \/>\n<meta property=\"og:type\" content=\"article\" \/>\n<meta property=\"og:title\" content=\"Mala de maternidade Vichy Aqua - Les Piculins\" \/>\n<meta property=\"og:description\" content=\"Colocamos muito amor nas nossas pastas, este em tom aqu\u00e1tica m\u00e9dio vichy com interior imperme\u00e1vel, bolsos laterais e borrachas para que tudo esteja no lugar. Voc\u00ea pode manter nele todas as suas pequenas coisas para a sua chegada ao hospital: corpos de algod\u00e3o, pijama, embalar ou saco de beb\u00ea, chap\u00e9u ... seu primeiro conjunto, fraldas...  Pode continuar a ser usado quando o seu beb\u00e9 j\u00e1 n\u00e3o for um rec\u00e9m-nascido. O seu tamanho \u00e9 ideal para ser usado nessas viagens curtas ou fins de semana na casa dos av\u00f3s.  Mantenha a sua mala de maternidade como nova seguindo estas dicas de lavagem. Por m\u00e1quina, com o detergente hipoalerg\u00e9nico do seu beb\u00e9, no m\u00e1ximo 30\u00ba. N\u00e3o utilize secador, ao passar a ferro, n\u00e3o pressione demasiado para que o recheio n\u00e3o sofra varia\u00e7\u00f5es.\" \/>\n<meta property=\"og:url\" content=\"https:\/\/lespiculins.com\/pt-pt\/produto\/mala-maternidade-vichy-aqua\/\" \/>\n<meta property=\"og:site_name\" content=\"Les Piculins\" \/>\n<meta property=\"article:modified_time\" content=\"2024-09-10T19:04:18+00:00\" \/>\n<meta property=\"og:image\" content=\"https:\/\/lespiculins.com\/wp-content\/uploads\/2021\/06\/maleta-vichy-aqua-2-scaled.jpg\" \/>\n\t<meta property=\"og:image:width\" content=\"2560\" \/>\n\t<meta property=\"og:image:height\" content=\"1920\" \/>\n\t<meta property=\"og:image:type\" content=\"image\/jpeg\" \/>\n<meta name=\"twitter:card\" content=\"summary_large_image\" \/>\n<script type=\"application\/ld+json\" class=\"yoast-schema-graph\">{\"@context\":\"https:\/\/schema.org\",\"@graph\":[{\"@type\":\"WebPage\",\"@id\":\"https:\/\/lespiculins.com\/pt-pt\/produto\/mala-maternidade-vichy-aqua\/\",\"url\":\"https:\/\/lespiculins.com\/pt-pt\/produto\/mala-maternidade-vichy-aqua\/\",\"name\":\"Mala de maternidade Vichy Aqua - Les Piculins\",\"isPartOf\":{\"@id\":\"https:\/\/lespiculins.com\/pt-pt\/#website\"},\"datePublished\":\"2021-06-21T10:16:02+00:00\",\"dateModified\":\"2024-09-10T19:04:18+00:00\",\"breadcrumb\":{\"@id\":\"https:\/\/lespiculins.com\/pt-pt\/produto\/mala-maternidade-vichy-aqua\/#breadcrumb\"},\"inLanguage\":\"pt-PT\",\"potentialAction\":[{\"@type\":\"ReadAction\",\"target\":[\"https:\/\/lespiculins.com\/pt-pt\/produto\/mala-maternidade-vichy-aqua\/\"]}]},{\"@type\":\"BreadcrumbList\",\"@id\":\"https:\/\/lespiculins.com\/pt-pt\/produto\/mala-maternidade-vichy-aqua\/#breadcrumb\",\"itemListElement\":[{\"@type\":\"ListItem\",\"position\":1,\"name\":\"Portada\",\"item\":\"https:\/\/lespiculins.com\/pt-pt\/inicio\/\"},{\"@type\":\"ListItem\",\"position\":2,\"name\":\"Loja\",\"item\":\"https:\/\/lespiculins.com\/pt-pt\/loja\/\"},{\"@type\":\"ListItem\",\"position\":3,\"name\":\"Mala de maternidade Vichy Aqua\"}]},{\"@type\":\"WebSite\",\"@id\":\"https:\/\/lespiculins.com\/pt-pt\/#website\",\"url\":\"https:\/\/lespiculins.com\/pt-pt\/\",\"name\":\"Les Piculins\",\"description\":\"Fundas para carritos, bugaboo, maclaren, icoo, bebecar, mima...\",\"potentialAction\":[{\"@type\":\"SearchAction\",\"target\":{\"@type\":\"EntryPoint\",\"urlTemplate\":\"https:\/\/lespiculins.com\/pt-pt\/?s={search_term_string}\"},\"query-input\":\"required name=search_term_string\"}],\"inLanguage\":\"pt-PT\"}]}<\/script>\n<!-- \/ Yoast SEO plugin. -->","yoast_head_json":{"title":"Mala de maternidade Vichy Aqua - Les Piculins","robots":{"index":"index","follow":"follow","max-snippet":"max-snippet:-1","max-image-preview":"max-image-preview:large","max-video-preview":"max-video-preview:-1"},"canonical":"https:\/\/lespiculins.com\/pt-pt\/produto\/mala-maternidade-vichy-aqua\/","og_locale":"pt_PT","og_type":"article","og_title":"Mala de maternidade Vichy Aqua - Les Piculins","og_description":"Colocamos muito amor nas nossas pastas, este em tom aqu\u00e1tica m\u00e9dio vichy com interior imperme\u00e1vel, bolsos laterais e borrachas para que tudo esteja no lugar. Voc\u00ea pode manter nele todas as suas pequenas coisas para a sua chegada ao hospital: corpos de algod\u00e3o, pijama, embalar ou saco de beb\u00ea, chap\u00e9u ... seu primeiro conjunto, fraldas...  Pode continuar a ser usado quando o seu beb\u00e9 j\u00e1 n\u00e3o for um rec\u00e9m-nascido. O seu tamanho \u00e9 ideal para ser usado nessas viagens curtas ou fins de semana na casa dos av\u00f3s.  Mantenha a sua mala de maternidade como nova seguindo estas dicas de lavagem. Por m\u00e1quina, com o detergente hipoalerg\u00e9nico do seu beb\u00e9, no m\u00e1ximo 30\u00ba. N\u00e3o utilize secador, ao passar a ferro, n\u00e3o pressione demasiado para que o recheio n\u00e3o sofra varia\u00e7\u00f5es.","og_url":"https:\/\/lespiculins.com\/pt-pt\/produto\/mala-maternidade-vichy-aqua\/","og_site_name":"Les Piculins","article_modified_time":"2024-09-10T19:04:18+00:00","og_image":[{"width":2560,"height":1920,"url":"https:\/\/lespiculins.com\/wp-content\/uploads\/2021\/06\/maleta-vichy-aqua-2-scaled.jpg","type":"image\/jpeg"}],"twitter_card":"summary_large_image","schema":{"@context":"https:\/\/schema.org","@graph":[{"@type":"WebPage","@id":"https:\/\/lespiculins.com\/pt-pt\/produto\/mala-maternidade-vichy-aqua\/","url":"https:\/\/lespiculins.com\/pt-pt\/produto\/mala-maternidade-vichy-aqua\/","name":"Mala de maternidade Vichy Aqua - Les Piculins","isPartOf":{"@id":"https:\/\/lespiculins.com\/pt-pt\/#website"},"datePublished":"2021-06-21T10:16:02+00:00","dateModified":"2024-09-10T19:04:18+00:00","breadcrumb":{"@id":"https:\/\/lespiculins.com\/pt-pt\/produto\/mala-maternidade-vichy-aqua\/#breadcrumb"},"inLanguage":"pt-PT","potentialAction":[{"@type":"ReadAction","target":["https:\/\/lespiculins.com\/pt-pt\/produto\/mala-maternidade-vichy-aqua\/"]}]},{"@type":"BreadcrumbList","@id":"https:\/\/lespiculins.com\/pt-pt\/produto\/mala-maternidade-vichy-aqua\/#breadcrumb","itemListElement":[{"@type":"ListItem","position":1,"name":"Portada","item":"https:\/\/lespiculins.com\/pt-pt\/inicio\/"},{"@type":"ListItem","position":2,"name":"Loja","item":"https:\/\/lespiculins.com\/pt-pt\/loja\/"},{"@type":"ListItem","position":3,"name":"Mala de maternidade Vichy Aqua"}]},{"@type":"WebSite","@id":"https:\/\/lespiculins.com\/pt-pt\/#website","url":"https:\/\/lespiculins.com\/pt-pt\/","name":"Les Piculins","description":"Fundas para carritos, bugaboo, maclaren, icoo, bebecar, mima...","potentialAction":[{"@type":"SearchAction","target":{"@type":"EntryPoint","urlTemplate":"https:\/\/lespiculins.com\/pt-pt\/?s={search_term_string}"},"query-input":"required name=search_term_string"}],"inLanguage":"pt-PT"}]}},"_links":{"self":[{"href":"https:\/\/lespiculins.com\/pt-pt\/wp-json\/wp\/v2\/product\/31892"}],"collection":[{"href":"https:\/\/lespiculins.com\/pt-pt\/wp-json\/wp\/v2\/product"}],"about":[{"href":"https:\/\/lespiculins.com\/pt-pt\/wp-json\/wp\/v2\/types\/product"}],"wp:featuredmedia":[{"embeddable":true,"href":"https:\/\/lespiculins.com\/pt-pt\/wp-json\/wp\/v2\/media\/31843"}],"wp:attachment":[{"href":"https:\/\/lespiculins.com\/pt-pt\/wp-json\/wp\/v2\/media?parent=31892"}],"wp:term":[{"taxonomy":"product_cat","embeddable":true,"href":"https:\/\/lespiculins.com\/pt-pt\/wp-json\/wp\/v2\/product_cat?post=31892"},{"taxonomy":"product_tag","embeddable":true,"href":"https:\/\/lespiculins.com\/pt-pt\/wp-json\/wp\/v2\/product_tag?post=31892"}],"curies":[{"name":"wp","href":"https:\/\/api.w.org\/{rel}","templated":true}]}}