{"id":31890,"date":"2021-06-08T11:08:49","date_gmt":"2021-06-21T10:14:57","guid":{"rendered":"https:\/\/lespiculins.com\/producto\/bolo-de-animais-da-maternidade-da-mala-da-liberdade\/"},"modified":"2025-08-05T01:13:05","modified_gmt":"2025-08-04T23:13:05","slug":"mala-maternidade-liberdade-animais-bolo","status":"publish","type":"product","link":"https:\/\/lespiculins.com\/pt-pt\/produto\/mala-maternidade-liberdade-animais-bolo\/","title":{"rendered":"Bolo de animais da maternidade da mala da liberdade"},"content":{"rendered":"","protected":false},"excerpt":{"rendered":"<p>Pusemos muito amor nos nossos cal\u00e7\u00f5es liberty london. T\u00eam interiores imperme\u00e1veis, bolsos laterais e borrachas para que tudo fique no lugar. Voc\u00ea pode manter nele todas as suas pequenas coisas para a sua chegada ao hospital: corpos de algod\u00e3o, saco de embalar ou saco de beb\u00ea, pijamas, chap\u00e9us&#8230; seu primeiro conjunto, fraldas&#8230;<\/p>\n<p>Pode continuar a ser usado quando o seu beb\u00e9 j\u00e1 n\u00e3o for um rec\u00e9m-nascido. O seu tamanho \u00e9 ideal para ser usado nessas viagens curtas ou fins de semana na casa dos av\u00f3s.<\/p>\n<p>Mantenha a sua caixa de maternidade como nova,seguindo as nossas dicas de lavagem. Maquinado, com o detergente hipoalerg\u00e9nico do seu beb\u00e9, no m\u00e1ximo 30\u00baC.<\/p>\n<p>N\u00e3o utilize secador, ao passar a ferro, n\u00e3o pressione muito com o ferro para que o recheio n\u00e3o sofra varia\u00e7\u00f5es.<\/p>\n<p>&nbsp;<\/p>\n","protected":false},"featured_media":31762,"template":"","meta":{"_joinchat":[]},"product_cat":[119],"product_tag":[304],"yoast_head":"<!-- This site is optimized with the Yoast SEO plugin v21.5 - https:\/\/yoast.com\/wordpress\/plugins\/seo\/ -->\n<title>Bolo de animais da maternidade da mala da liberdade - Les Piculins<\/title>\n<meta name=\"robots\" content=\"index, follow, max-snippet:-1, max-image-preview:large, max-video-preview:-1\" \/>\n<link rel=\"canonical\" href=\"https:\/\/lespiculins.com\/pt-pt\/produto\/mala-maternidade-liberdade-animais-bolo\/\" \/>\n<meta property=\"og:locale\" content=\"pt_PT\" \/>\n<meta property=\"og:type\" content=\"article\" \/>\n<meta property=\"og:title\" content=\"Bolo de animais da maternidade da mala da liberdade - Les Piculins\" \/>\n<meta property=\"og:description\" content=\"Pusemos muito amor nos nossos cal\u00e7\u00f5es liberty london. T\u00eam interiores imperme\u00e1veis, bolsos laterais e borrachas para que tudo fique no lugar. Voc\u00ea pode manter nele todas as suas pequenas coisas para a sua chegada ao hospital: corpos de algod\u00e3o, saco de embalar ou saco de beb\u00ea, pijamas, chap\u00e9us... seu primeiro conjunto, fraldas... Pode continuar a ser usado quando o seu beb\u00e9 j\u00e1 n\u00e3o for um rec\u00e9m-nascido. O seu tamanho \u00e9 ideal para ser usado nessas viagens curtas ou fins de semana na casa dos av\u00f3s. Mantenha a sua caixa de maternidade como nova,seguindo as nossas dicas de lavagem. Maquinado, com o detergente hipoalerg\u00e9nico do seu beb\u00e9, no m\u00e1ximo 30\u00baC. N\u00e3o utilize secador, ao passar a ferro, n\u00e3o pressione muito com o ferro para que o recheio n\u00e3o sofra varia\u00e7\u00f5es. &nbsp;\" \/>\n<meta property=\"og:url\" content=\"https:\/\/lespiculins.com\/pt-pt\/produto\/mala-maternidade-liberdade-animais-bolo\/\" \/>\n<meta property=\"og:site_name\" content=\"Les Piculins\" \/>\n<meta property=\"article:modified_time\" content=\"2025-08-04T23:13:05+00:00\" \/>\n<meta property=\"og:image\" content=\"https:\/\/lespiculins.com\/wp-content\/uploads\/2021\/06\/maleta-maternidad-animalitos-pastel-1.jpg\" \/>\n\t<meta property=\"og:image:width\" content=\"1824\" \/>\n\t<meta property=\"og:image:height\" content=\"1737\" \/>\n\t<meta property=\"og:image:type\" content=\"image\/jpeg\" \/>\n<meta name=\"twitter:card\" content=\"summary_large_image\" \/>\n<script type=\"application\/ld+json\" class=\"yoast-schema-graph\">{\"@context\":\"https:\/\/schema.org\",\"@graph\":[{\"@type\":\"WebPage\",\"@id\":\"https:\/\/lespiculins.com\/pt-pt\/produto\/mala-maternidade-liberdade-animais-bolo\/\",\"url\":\"https:\/\/lespiculins.com\/pt-pt\/produto\/mala-maternidade-liberdade-animais-bolo\/\",\"name\":\"Bolo de animais da maternidade da mala da liberdade - Les Piculins\",\"isPartOf\":{\"@id\":\"https:\/\/lespiculins.com\/pt-pt\/#website\"},\"datePublished\":\"2021-06-21T10:14:57+00:00\",\"dateModified\":\"2025-08-04T23:13:05+00:00\",\"breadcrumb\":{\"@id\":\"https:\/\/lespiculins.com\/pt-pt\/produto\/mala-maternidade-liberdade-animais-bolo\/#breadcrumb\"},\"inLanguage\":\"pt-PT\",\"potentialAction\":[{\"@type\":\"ReadAction\",\"target\":[\"https:\/\/lespiculins.com\/pt-pt\/produto\/mala-maternidade-liberdade-animais-bolo\/\"]}]},{\"@type\":\"BreadcrumbList\",\"@id\":\"https:\/\/lespiculins.com\/pt-pt\/produto\/mala-maternidade-liberdade-animais-bolo\/#breadcrumb\",\"itemListElement\":[{\"@type\":\"ListItem\",\"position\":1,\"name\":\"Portada\",\"item\":\"https:\/\/lespiculins.com\/pt-pt\/inicio\/\"},{\"@type\":\"ListItem\",\"position\":2,\"name\":\"Loja\",\"item\":\"https:\/\/lespiculins.com\/pt-pt\/loja\/\"},{\"@type\":\"ListItem\",\"position\":3,\"name\":\"Bolo de animais da maternidade da mala da liberdade\"}]},{\"@type\":\"WebSite\",\"@id\":\"https:\/\/lespiculins.com\/pt-pt\/#website\",\"url\":\"https:\/\/lespiculins.com\/pt-pt\/\",\"name\":\"Les Piculins\",\"description\":\"Fundas para carritos, bugaboo, maclaren, icoo, bebecar, mima...\",\"potentialAction\":[{\"@type\":\"SearchAction\",\"target\":{\"@type\":\"EntryPoint\",\"urlTemplate\":\"https:\/\/lespiculins.com\/pt-pt\/?s={search_term_string}\"},\"query-input\":\"required name=search_term_string\"}],\"inLanguage\":\"pt-PT\"}]}<\/script>\n<!-- \/ Yoast SEO plugin. -->","yoast_head_json":{"title":"Bolo de animais da maternidade da mala da liberdade - Les Piculins","robots":{"index":"index","follow":"follow","max-snippet":"max-snippet:-1","max-image-preview":"max-image-preview:large","max-video-preview":"max-video-preview:-1"},"canonical":"https:\/\/lespiculins.com\/pt-pt\/produto\/mala-maternidade-liberdade-animais-bolo\/","og_locale":"pt_PT","og_type":"article","og_title":"Bolo de animais da maternidade da mala da liberdade - Les Piculins","og_description":"Pusemos muito amor nos nossos cal\u00e7\u00f5es liberty london. T\u00eam interiores imperme\u00e1veis, bolsos laterais e borrachas para que tudo fique no lugar. Voc\u00ea pode manter nele todas as suas pequenas coisas para a sua chegada ao hospital: corpos de algod\u00e3o, saco de embalar ou saco de beb\u00ea, pijamas, chap\u00e9us... seu primeiro conjunto, fraldas... Pode continuar a ser usado quando o seu beb\u00e9 j\u00e1 n\u00e3o for um rec\u00e9m-nascido. O seu tamanho \u00e9 ideal para ser usado nessas viagens curtas ou fins de semana na casa dos av\u00f3s. Mantenha a sua caixa de maternidade como nova,seguindo as nossas dicas de lavagem. Maquinado, com o detergente hipoalerg\u00e9nico do seu beb\u00e9, no m\u00e1ximo 30\u00baC. N\u00e3o utilize secador, ao passar a ferro, n\u00e3o pressione muito com o ferro para que o recheio n\u00e3o sofra varia\u00e7\u00f5es. &nbsp;","og_url":"https:\/\/lespiculins.com\/pt-pt\/produto\/mala-maternidade-liberdade-animais-bolo\/","og_site_name":"Les Piculins","article_modified_time":"2025-08-04T23:13:05+00:00","og_image":[{"width":1824,"height":1737,"url":"https:\/\/lespiculins.com\/wp-content\/uploads\/2021\/06\/maleta-maternidad-animalitos-pastel-1.jpg","type":"image\/jpeg"}],"twitter_card":"summary_large_image","schema":{"@context":"https:\/\/schema.org","@graph":[{"@type":"WebPage","@id":"https:\/\/lespiculins.com\/pt-pt\/produto\/mala-maternidade-liberdade-animais-bolo\/","url":"https:\/\/lespiculins.com\/pt-pt\/produto\/mala-maternidade-liberdade-animais-bolo\/","name":"Bolo de animais da maternidade da mala da liberdade - Les Piculins","isPartOf":{"@id":"https:\/\/lespiculins.com\/pt-pt\/#website"},"datePublished":"2021-06-21T10:14:57+00:00","dateModified":"2025-08-04T23:13:05+00:00","breadcrumb":{"@id":"https:\/\/lespiculins.com\/pt-pt\/produto\/mala-maternidade-liberdade-animais-bolo\/#breadcrumb"},"inLanguage":"pt-PT","potentialAction":[{"@type":"ReadAction","target":["https:\/\/lespiculins.com\/pt-pt\/produto\/mala-maternidade-liberdade-animais-bolo\/"]}]},{"@type":"BreadcrumbList","@id":"https:\/\/lespiculins.com\/pt-pt\/produto\/mala-maternidade-liberdade-animais-bolo\/#breadcrumb","itemListElement":[{"@type":"ListItem","position":1,"name":"Portada","item":"https:\/\/lespiculins.com\/pt-pt\/inicio\/"},{"@type":"ListItem","position":2,"name":"Loja","item":"https:\/\/lespiculins.com\/pt-pt\/loja\/"},{"@type":"ListItem","position":3,"name":"Bolo de animais da maternidade da mala da liberdade"}]},{"@type":"WebSite","@id":"https:\/\/lespiculins.com\/pt-pt\/#website","url":"https:\/\/lespiculins.com\/pt-pt\/","name":"Les Piculins","description":"Fundas para carritos, bugaboo, maclaren, icoo, bebecar, mima...","potentialAction":[{"@type":"SearchAction","target":{"@type":"EntryPoint","urlTemplate":"https:\/\/lespiculins.com\/pt-pt\/?s={search_term_string}"},"query-input":"required name=search_term_string"}],"inLanguage":"pt-PT"}]}},"_links":{"self":[{"href":"https:\/\/lespiculins.com\/pt-pt\/wp-json\/wp\/v2\/product\/31890"}],"collection":[{"href":"https:\/\/lespiculins.com\/pt-pt\/wp-json\/wp\/v2\/product"}],"about":[{"href":"https:\/\/lespiculins.com\/pt-pt\/wp-json\/wp\/v2\/types\/product"}],"wp:featuredmedia":[{"embeddable":true,"href":"https:\/\/lespiculins.com\/pt-pt\/wp-json\/wp\/v2\/media\/31762"}],"wp:attachment":[{"href":"https:\/\/lespiculins.com\/pt-pt\/wp-json\/wp\/v2\/media?parent=31890"}],"wp:term":[{"taxonomy":"product_cat","embeddable":true,"href":"https:\/\/lespiculins.com\/pt-pt\/wp-json\/wp\/v2\/product_cat?post=31890"},{"taxonomy":"product_tag","embeddable":true,"href":"https:\/\/lespiculins.com\/pt-pt\/wp-json\/wp\/v2\/product_tag?post=31890"}],"curies":[{"name":"wp","href":"https:\/\/api.w.org\/{rel}","templated":true}]}}