{"id":31888,"date":"2021-06-08T10:11:47","date_gmt":"2021-06-21T10:14:16","guid":{"rendered":"https:\/\/lespiculins.com\/producto\/vichy-reversivel-tapete-liberdade-soft-pink\/"},"modified":"2023-07-11T07:46:30","modified_gmt":"2023-07-11T05:46:30","slug":"mat-reversivel-vichy-liberty-pink-soft","status":"publish","type":"product","link":"https:\/\/lespiculins.com\/pt-pt\/produto\/mat-reversivel-vichy-liberty-pink-soft\/","title":{"rendered":"Vichy Revers\u00edvel Tapete\/Liberdade Soft Pink"},"content":{"rendered":"","protected":false},"excerpt":{"rendered":"<p>Tapete revers\u00edvel universal, compat\u00edvel com todos os modelos Bugaboo (Raposa, Camele\u00e3o, Burro, Abelha, B\u00fafalo e Formiga).<\/p>\n<p>Usa um rosto na Liberty London com flores impressas em tons cor-de-rosa macios e o outro lado em vichy branco e rosa pastel muito claro. Detalhe de volantito no contorno do tapete.<\/p>\n<p>Inclui capas de arn\u00eas Liberty para combinar com o tapete.<\/p>\n<p>Pode combinar o seu tapete com outros acess\u00f3rios da mesma cole\u00e7\u00e3o.<\/p>\n<p>&nbsp;<\/p>\n<p>&nbsp;<\/p>\n","protected":false},"featured_media":34669,"template":"","meta":{"_joinchat":[]},"product_cat":[209],"product_tag":[320,336],"yoast_head":"<!-- This site is optimized with the Yoast SEO plugin v21.5 - https:\/\/yoast.com\/wordpress\/plugins\/seo\/ -->\n<title>Vichy Revers\u00edvel Tapete\/Liberdade Soft Pink - Les Piculins<\/title>\n<meta name=\"robots\" content=\"index, follow, max-snippet:-1, max-image-preview:large, max-video-preview:-1\" \/>\n<link rel=\"canonical\" href=\"https:\/\/lespiculins.com\/pt-pt\/produto\/mat-reversivel-vichy-liberty-pink-soft\/\" \/>\n<meta property=\"og:locale\" content=\"pt_PT\" \/>\n<meta property=\"og:type\" content=\"article\" \/>\n<meta property=\"og:title\" content=\"Vichy Revers\u00edvel Tapete\/Liberdade Soft Pink - Les Piculins\" \/>\n<meta property=\"og:description\" content=\"Tapete revers\u00edvel universal, compat\u00edvel com todos os modelos Bugaboo (Raposa, Camele\u00e3o, Burro, Abelha, B\u00fafalo e Formiga). Usa um rosto na Liberty London com flores impressas em tons cor-de-rosa macios e o outro lado em vichy branco e rosa pastel muito claro. Detalhe de volantito no contorno do tapete. Inclui capas de arn\u00eas Liberty para combinar com o tapete. Pode combinar o seu tapete com outros acess\u00f3rios da mesma cole\u00e7\u00e3o. &nbsp; &nbsp;\" \/>\n<meta property=\"og:url\" content=\"https:\/\/lespiculins.com\/pt-pt\/produto\/mat-reversivel-vichy-liberty-pink-soft\/\" \/>\n<meta property=\"og:site_name\" content=\"Les Piculins\" \/>\n<meta property=\"article:modified_time\" content=\"2023-07-11T05:46:30+00:00\" \/>\n<meta property=\"og:image\" content=\"https:\/\/lespiculins.com\/wp-content\/uploads\/2021\/06\/Michelle-vichy.jpg\" \/>\n\t<meta property=\"og:image:width\" content=\"1080\" \/>\n\t<meta property=\"og:image:height\" content=\"878\" \/>\n\t<meta property=\"og:image:type\" content=\"image\/jpeg\" \/>\n<meta name=\"twitter:card\" content=\"summary_large_image\" \/>\n<script type=\"application\/ld+json\" class=\"yoast-schema-graph\">{\"@context\":\"https:\/\/schema.org\",\"@graph\":[{\"@type\":\"WebPage\",\"@id\":\"https:\/\/lespiculins.com\/pt-pt\/produto\/mat-reversivel-vichy-liberty-pink-soft\/\",\"url\":\"https:\/\/lespiculins.com\/pt-pt\/produto\/mat-reversivel-vichy-liberty-pink-soft\/\",\"name\":\"Vichy Revers\u00edvel Tapete\/Liberdade Soft Pink - Les Piculins\",\"isPartOf\":{\"@id\":\"https:\/\/lespiculins.com\/pt-pt\/#website\"},\"datePublished\":\"2021-06-21T10:14:16+00:00\",\"dateModified\":\"2023-07-11T05:46:30+00:00\",\"breadcrumb\":{\"@id\":\"https:\/\/lespiculins.com\/pt-pt\/produto\/mat-reversivel-vichy-liberty-pink-soft\/#breadcrumb\"},\"inLanguage\":\"pt-PT\",\"potentialAction\":[{\"@type\":\"ReadAction\",\"target\":[\"https:\/\/lespiculins.com\/pt-pt\/produto\/mat-reversivel-vichy-liberty-pink-soft\/\"]}]},{\"@type\":\"BreadcrumbList\",\"@id\":\"https:\/\/lespiculins.com\/pt-pt\/produto\/mat-reversivel-vichy-liberty-pink-soft\/#breadcrumb\",\"itemListElement\":[{\"@type\":\"ListItem\",\"position\":1,\"name\":\"Portada\",\"item\":\"https:\/\/lespiculins.com\/pt-pt\/inicio\/\"},{\"@type\":\"ListItem\",\"position\":2,\"name\":\"Loja\",\"item\":\"https:\/\/lespiculins.com\/pt-pt\/loja\/\"},{\"@type\":\"ListItem\",\"position\":3,\"name\":\"Vichy Revers\u00edvel Tapete\/Liberdade Soft Pink\"}]},{\"@type\":\"WebSite\",\"@id\":\"https:\/\/lespiculins.com\/pt-pt\/#website\",\"url\":\"https:\/\/lespiculins.com\/pt-pt\/\",\"name\":\"Les Piculins\",\"description\":\"Fundas para carritos, bugaboo, maclaren, icoo, bebecar, mima...\",\"potentialAction\":[{\"@type\":\"SearchAction\",\"target\":{\"@type\":\"EntryPoint\",\"urlTemplate\":\"https:\/\/lespiculins.com\/pt-pt\/?s={search_term_string}\"},\"query-input\":\"required name=search_term_string\"}],\"inLanguage\":\"pt-PT\"}]}<\/script>\n<!-- \/ Yoast SEO plugin. -->","yoast_head_json":{"title":"Vichy Revers\u00edvel Tapete\/Liberdade Soft Pink - Les Piculins","robots":{"index":"index","follow":"follow","max-snippet":"max-snippet:-1","max-image-preview":"max-image-preview:large","max-video-preview":"max-video-preview:-1"},"canonical":"https:\/\/lespiculins.com\/pt-pt\/produto\/mat-reversivel-vichy-liberty-pink-soft\/","og_locale":"pt_PT","og_type":"article","og_title":"Vichy Revers\u00edvel Tapete\/Liberdade Soft Pink - Les Piculins","og_description":"Tapete revers\u00edvel universal, compat\u00edvel com todos os modelos Bugaboo (Raposa, Camele\u00e3o, Burro, Abelha, B\u00fafalo e Formiga). Usa um rosto na Liberty London com flores impressas em tons cor-de-rosa macios e o outro lado em vichy branco e rosa pastel muito claro. Detalhe de volantito no contorno do tapete. Inclui capas de arn\u00eas Liberty para combinar com o tapete. Pode combinar o seu tapete com outros acess\u00f3rios da mesma cole\u00e7\u00e3o. &nbsp; &nbsp;","og_url":"https:\/\/lespiculins.com\/pt-pt\/produto\/mat-reversivel-vichy-liberty-pink-soft\/","og_site_name":"Les Piculins","article_modified_time":"2023-07-11T05:46:30+00:00","og_image":[{"width":1080,"height":878,"url":"https:\/\/lespiculins.com\/wp-content\/uploads\/2021\/06\/Michelle-vichy.jpg","type":"image\/jpeg"}],"twitter_card":"summary_large_image","schema":{"@context":"https:\/\/schema.org","@graph":[{"@type":"WebPage","@id":"https:\/\/lespiculins.com\/pt-pt\/produto\/mat-reversivel-vichy-liberty-pink-soft\/","url":"https:\/\/lespiculins.com\/pt-pt\/produto\/mat-reversivel-vichy-liberty-pink-soft\/","name":"Vichy Revers\u00edvel Tapete\/Liberdade Soft Pink - Les Piculins","isPartOf":{"@id":"https:\/\/lespiculins.com\/pt-pt\/#website"},"datePublished":"2021-06-21T10:14:16+00:00","dateModified":"2023-07-11T05:46:30+00:00","breadcrumb":{"@id":"https:\/\/lespiculins.com\/pt-pt\/produto\/mat-reversivel-vichy-liberty-pink-soft\/#breadcrumb"},"inLanguage":"pt-PT","potentialAction":[{"@type":"ReadAction","target":["https:\/\/lespiculins.com\/pt-pt\/produto\/mat-reversivel-vichy-liberty-pink-soft\/"]}]},{"@type":"BreadcrumbList","@id":"https:\/\/lespiculins.com\/pt-pt\/produto\/mat-reversivel-vichy-liberty-pink-soft\/#breadcrumb","itemListElement":[{"@type":"ListItem","position":1,"name":"Portada","item":"https:\/\/lespiculins.com\/pt-pt\/inicio\/"},{"@type":"ListItem","position":2,"name":"Loja","item":"https:\/\/lespiculins.com\/pt-pt\/loja\/"},{"@type":"ListItem","position":3,"name":"Vichy Revers\u00edvel Tapete\/Liberdade Soft Pink"}]},{"@type":"WebSite","@id":"https:\/\/lespiculins.com\/pt-pt\/#website","url":"https:\/\/lespiculins.com\/pt-pt\/","name":"Les Piculins","description":"Fundas para carritos, bugaboo, maclaren, icoo, bebecar, mima...","potentialAction":[{"@type":"SearchAction","target":{"@type":"EntryPoint","urlTemplate":"https:\/\/lespiculins.com\/pt-pt\/?s={search_term_string}"},"query-input":"required name=search_term_string"}],"inLanguage":"pt-PT"}]}},"_links":{"self":[{"href":"https:\/\/lespiculins.com\/pt-pt\/wp-json\/wp\/v2\/product\/31888"}],"collection":[{"href":"https:\/\/lespiculins.com\/pt-pt\/wp-json\/wp\/v2\/product"}],"about":[{"href":"https:\/\/lespiculins.com\/pt-pt\/wp-json\/wp\/v2\/types\/product"}],"wp:featuredmedia":[{"embeddable":true,"href":"https:\/\/lespiculins.com\/pt-pt\/wp-json\/wp\/v2\/media\/34669"}],"wp:attachment":[{"href":"https:\/\/lespiculins.com\/pt-pt\/wp-json\/wp\/v2\/media?parent=31888"}],"wp:term":[{"taxonomy":"product_cat","embeddable":true,"href":"https:\/\/lespiculins.com\/pt-pt\/wp-json\/wp\/v2\/product_cat?post=31888"},{"taxonomy":"product_tag","embeddable":true,"href":"https:\/\/lespiculins.com\/pt-pt\/wp-json\/wp\/v2\/product_tag?post=31888"}],"curies":[{"name":"wp","href":"https:\/\/api.w.org\/{rel}","templated":true}]}}