{"id":31882,"date":"2021-06-03T10:33:27","date_gmt":"2021-06-21T10:11:45","guid":{"rendered":"https:\/\/lespiculins.com\/producto\/sabanita-vichy-rosa\/"},"modified":"2021-06-21T12:11:45","modified_gmt":"2021-06-21T10:11:45","slug":"savana-vichy-rosa","status":"publish","type":"product","link":"https:\/\/lespiculins.com\/pt-pt\/produto\/savana-vichy-rosa\/","title":{"rendered":"Sabanita Vichy Rosa"},"content":{"rendered":"","protected":false},"excerpt":{"rendered":"<p>As nossas savanas s\u00e3o feitas \u00e0 m\u00e3o em bambula macia. Em Les Piculins temos os melhores tecidos para dar ao seu beb\u00e9 o resto que ele merece, tecidos adequados para o beb\u00e9.<\/p>\n<p>Com detalhes de volantito em v\u00edbora cor-de-rosa poeirenta, combinando com a capa de canoa e tapete da mesma cole\u00e7\u00e3o.<\/p>\n<p>As suas medidas s\u00e3o de 70 x 90 cm permitem us\u00e1-las tanto em canoa como em mois\u00e9s.<\/p>\n<p>&nbsp;<\/p>\n","protected":false},"featured_media":31721,"template":"","meta":{"_joinchat":[]},"product_cat":[107],"product_tag":[333],"yoast_head":"<!-- This site is optimized with the Yoast SEO plugin v21.5 - https:\/\/yoast.com\/wordpress\/plugins\/seo\/ -->\n<title>Sabanita Vichy Rosa - Les Piculins<\/title>\n<meta name=\"robots\" content=\"index, follow, max-snippet:-1, max-image-preview:large, max-video-preview:-1\" \/>\n<link rel=\"canonical\" href=\"https:\/\/lespiculins.com\/pt-pt\/produto\/savana-vichy-rosa\/\" \/>\n<meta property=\"og:locale\" content=\"pt_PT\" \/>\n<meta property=\"og:type\" content=\"article\" \/>\n<meta property=\"og:title\" content=\"Sabanita Vichy Rosa - Les Piculins\" \/>\n<meta property=\"og:description\" content=\"As nossas savanas s\u00e3o feitas \u00e0 m\u00e3o em bambula macia. Em Les Piculins temos os melhores tecidos para dar ao seu beb\u00e9 o resto que ele merece, tecidos adequados para o beb\u00e9. Com detalhes de volantito em v\u00edbora cor-de-rosa poeirenta, combinando com a capa de canoa e tapete da mesma cole\u00e7\u00e3o. As suas medidas s\u00e3o de 70 x 90 cm permitem us\u00e1-las tanto em canoa como em mois\u00e9s. &nbsp;\" \/>\n<meta property=\"og:url\" content=\"https:\/\/lespiculins.com\/pt-pt\/produto\/savana-vichy-rosa\/\" \/>\n<meta property=\"og:site_name\" content=\"Les Piculins\" \/>\n<meta property=\"og:image\" content=\"https:\/\/lespiculins.com\/wp-content\/uploads\/2021\/06\/sabanita-vichy-rosa-1-scaled.jpg\" \/>\n\t<meta property=\"og:image:width\" content=\"2560\" \/>\n\t<meta property=\"og:image:height\" content=\"2169\" \/>\n\t<meta property=\"og:image:type\" content=\"image\/jpeg\" \/>\n<meta name=\"twitter:card\" content=\"summary_large_image\" \/>\n<script type=\"application\/ld+json\" class=\"yoast-schema-graph\">{\"@context\":\"https:\/\/schema.org\",\"@graph\":[{\"@type\":\"WebPage\",\"@id\":\"https:\/\/lespiculins.com\/pt-pt\/produto\/savana-vichy-rosa\/\",\"url\":\"https:\/\/lespiculins.com\/pt-pt\/produto\/savana-vichy-rosa\/\",\"name\":\"Sabanita Vichy Rosa - Les Piculins\",\"isPartOf\":{\"@id\":\"https:\/\/lespiculins.com\/pt-pt\/#website\"},\"datePublished\":\"2021-06-21T10:11:45+00:00\",\"dateModified\":\"2021-06-21T10:11:45+00:00\",\"breadcrumb\":{\"@id\":\"https:\/\/lespiculins.com\/pt-pt\/produto\/savana-vichy-rosa\/#breadcrumb\"},\"inLanguage\":\"pt-PT\",\"potentialAction\":[{\"@type\":\"ReadAction\",\"target\":[\"https:\/\/lespiculins.com\/pt-pt\/produto\/savana-vichy-rosa\/\"]}]},{\"@type\":\"BreadcrumbList\",\"@id\":\"https:\/\/lespiculins.com\/pt-pt\/produto\/savana-vichy-rosa\/#breadcrumb\",\"itemListElement\":[{\"@type\":\"ListItem\",\"position\":1,\"name\":\"Portada\",\"item\":\"https:\/\/lespiculins.com\/pt-pt\/inicio\/\"},{\"@type\":\"ListItem\",\"position\":2,\"name\":\"Loja\",\"item\":\"https:\/\/lespiculins.com\/pt-pt\/loja\/\"},{\"@type\":\"ListItem\",\"position\":3,\"name\":\"Sabanita Vichy Rosa\"}]},{\"@type\":\"WebSite\",\"@id\":\"https:\/\/lespiculins.com\/pt-pt\/#website\",\"url\":\"https:\/\/lespiculins.com\/pt-pt\/\",\"name\":\"Les Piculins\",\"description\":\"Fundas para carritos, bugaboo, maclaren, icoo, bebecar, mima...\",\"potentialAction\":[{\"@type\":\"SearchAction\",\"target\":{\"@type\":\"EntryPoint\",\"urlTemplate\":\"https:\/\/lespiculins.com\/pt-pt\/?s={search_term_string}\"},\"query-input\":\"required name=search_term_string\"}],\"inLanguage\":\"pt-PT\"}]}<\/script>\n<!-- \/ Yoast SEO plugin. -->","yoast_head_json":{"title":"Sabanita Vichy Rosa - Les Piculins","robots":{"index":"index","follow":"follow","max-snippet":"max-snippet:-1","max-image-preview":"max-image-preview:large","max-video-preview":"max-video-preview:-1"},"canonical":"https:\/\/lespiculins.com\/pt-pt\/produto\/savana-vichy-rosa\/","og_locale":"pt_PT","og_type":"article","og_title":"Sabanita Vichy Rosa - Les Piculins","og_description":"As nossas savanas s\u00e3o feitas \u00e0 m\u00e3o em bambula macia. Em Les Piculins temos os melhores tecidos para dar ao seu beb\u00e9 o resto que ele merece, tecidos adequados para o beb\u00e9. Com detalhes de volantito em v\u00edbora cor-de-rosa poeirenta, combinando com a capa de canoa e tapete da mesma cole\u00e7\u00e3o. As suas medidas s\u00e3o de 70 x 90 cm permitem us\u00e1-las tanto em canoa como em mois\u00e9s. &nbsp;","og_url":"https:\/\/lespiculins.com\/pt-pt\/produto\/savana-vichy-rosa\/","og_site_name":"Les Piculins","og_image":[{"width":2560,"height":2169,"url":"https:\/\/lespiculins.com\/wp-content\/uploads\/2021\/06\/sabanita-vichy-rosa-1-scaled.jpg","type":"image\/jpeg"}],"twitter_card":"summary_large_image","schema":{"@context":"https:\/\/schema.org","@graph":[{"@type":"WebPage","@id":"https:\/\/lespiculins.com\/pt-pt\/produto\/savana-vichy-rosa\/","url":"https:\/\/lespiculins.com\/pt-pt\/produto\/savana-vichy-rosa\/","name":"Sabanita Vichy Rosa - Les Piculins","isPartOf":{"@id":"https:\/\/lespiculins.com\/pt-pt\/#website"},"datePublished":"2021-06-21T10:11:45+00:00","dateModified":"2021-06-21T10:11:45+00:00","breadcrumb":{"@id":"https:\/\/lespiculins.com\/pt-pt\/produto\/savana-vichy-rosa\/#breadcrumb"},"inLanguage":"pt-PT","potentialAction":[{"@type":"ReadAction","target":["https:\/\/lespiculins.com\/pt-pt\/produto\/savana-vichy-rosa\/"]}]},{"@type":"BreadcrumbList","@id":"https:\/\/lespiculins.com\/pt-pt\/produto\/savana-vichy-rosa\/#breadcrumb","itemListElement":[{"@type":"ListItem","position":1,"name":"Portada","item":"https:\/\/lespiculins.com\/pt-pt\/inicio\/"},{"@type":"ListItem","position":2,"name":"Loja","item":"https:\/\/lespiculins.com\/pt-pt\/loja\/"},{"@type":"ListItem","position":3,"name":"Sabanita Vichy Rosa"}]},{"@type":"WebSite","@id":"https:\/\/lespiculins.com\/pt-pt\/#website","url":"https:\/\/lespiculins.com\/pt-pt\/","name":"Les Piculins","description":"Fundas para carritos, bugaboo, maclaren, icoo, bebecar, mima...","potentialAction":[{"@type":"SearchAction","target":{"@type":"EntryPoint","urlTemplate":"https:\/\/lespiculins.com\/pt-pt\/?s={search_term_string}"},"query-input":"required name=search_term_string"}],"inLanguage":"pt-PT"}]}},"_links":{"self":[{"href":"https:\/\/lespiculins.com\/pt-pt\/wp-json\/wp\/v2\/product\/31882"}],"collection":[{"href":"https:\/\/lespiculins.com\/pt-pt\/wp-json\/wp\/v2\/product"}],"about":[{"href":"https:\/\/lespiculins.com\/pt-pt\/wp-json\/wp\/v2\/types\/product"}],"wp:featuredmedia":[{"embeddable":true,"href":"https:\/\/lespiculins.com\/pt-pt\/wp-json\/wp\/v2\/media\/31721"}],"wp:attachment":[{"href":"https:\/\/lespiculins.com\/pt-pt\/wp-json\/wp\/v2\/media?parent=31882"}],"wp:term":[{"taxonomy":"product_cat","embeddable":true,"href":"https:\/\/lespiculins.com\/pt-pt\/wp-json\/wp\/v2\/product_cat?post=31882"},{"taxonomy":"product_tag","embeddable":true,"href":"https:\/\/lespiculins.com\/pt-pt\/wp-json\/wp\/v2\/product_tag?post=31882"}],"curies":[{"name":"wp","href":"https:\/\/api.w.org\/{rel}","templated":true}]}}