{"id":31382,"date":"2020-09-15T12:02:21","date_gmt":"2021-04-27T10:16:01","guid":{"rendered":"https:\/\/lespiculins.com\/producto\/baby-bag-liberty-pink-stick\/"},"modified":"2021-04-27T12:16:03","modified_gmt":"2021-04-27T10:16:03","slug":"baby-bag-liberty-pink-stick","status":"publish","type":"product","link":"https:\/\/lespiculins.com\/pt-pt\/produto\/baby-bag-liberty-pink-stick\/","title":{"rendered":"Baby Bag Liberty Pink Stick"},"content":{"rendered":"<section class=\"wpb-content-wrapper\"><section class=\"l-section wpb_row height_medium\"><div class=\"l-section-h i-cf\"><div class=\"g-cols vc_row via_flex valign_top type_default stacking_default\"><div class=\"vc_col-sm-12 wpb_column vc_column_container\"><div class=\"vc_column-inner\"><div class=\"wpb_wrapper\"><div class=\"wpb_text_column\"><div class=\"wpb_wrapper\"><p>Mais detalhes do nosso Baby Bag Liberty Pink Palo<\/p>\n<ul>\n<li>Fechos laterais para usar apenas a base<\/li>\n<li>Cor: Liberty London com pequenas flores cor-de-rosa, rosa e azuladas.<\/li>\n<li>Combinado com <a href=\"https:\/\/lespiculins.com\/pt-pt\/produto\/bag-mini-liberdade-rosa-stick\/\" target=\"_blank\" rel=\"noopener\">Mini Liberty Pink Palo Bag<\/a> e <a href=\"https:\/\/lespiculins.com\/pt-pt\/produto\/tapete-reversivel-bugaboo-liberty-pink-palo\/\" target=\"_blank\" rel=\"noopener\">Bugaboo Liberty Pink Palo Reversible Mat.<\/a><\/li>\n<li>Vantagens do nosso saco de beb\u00e9: Dormir mant\u00e9m-nos a uma temperatura constante. Tamb\u00e9m os impede de descobrir e arrefecer. Muitos beb\u00e9s habituam-se \u00e0s malas e associam-nos na hora de dormir, ajudando-os a adormecer. Proporciona conforto ao beb\u00ea no passeio.<\/li>\n<li><strong>Gorjetas de lavagem .<\/strong> Maquinado, com o detergente hipoalerg\u00e9nico do seu beb\u00e9, m\u00e1ximo a 30oC. N\u00e3o pode passar ou usar um secador.<\/li>\n<\/ul>\n<\/div><\/div><\/div><\/div><\/div><\/div><\/div><\/section>\n<\/section>","protected":false},"excerpt":{"rendered":"<p>Baby Bag Liberty Pink Stick<\/p>\n<p style=\"text-align: justify;\">N\u00e3o h\u00e1 melhor maneira de manter o seu beb\u00e9 confort\u00e1vel, quente e protegido. Nosso <strong>saco \u00e9 universal porque<\/strong> serve como uma cama ou <strong>ber\u00e7o.<\/strong> Para aqueles dias em que l@s preferem andar nos <strong>seus bra\u00e7os, para os embalar.<\/strong><\/p>\n<p style=\"text-align: justify;\">Do lado de fora o design flores rosas, vara rosa e azulado. O interior <strong>da bambula.<\/strong> Confort\u00e1vel e macio, sem pelos por dentro. Feito \u00e0 m\u00e3o com tecidos da mais alta qualidade. Tem fechos de ambos os lados para que possa usar apenas a base. Ideal para crian\u00e7as l@s continuar a usar assim que crescerem.<\/p>\n<p style=\"text-align: justify;\">Na Les Piculins tamb\u00e9m temos outros produtos a combinar: <a href=\"https:\/\/lespiculins.com\/producto\/bolsa-mini-liberty-rosa-palo\/\" target=\"_blank\" rel=\"noopener\">o Mini Liberty Rosa Palo<\/a> Bag e o <a href=\"https:\/\/lespiculins.com\/producto\/colchoneta-reversible-bugaboo-liberty-rosa-palo\/\" target=\"_blank\" rel=\"noopener\">Bugaboo Liberty Rosa Palo Reversible Mattress.<\/a><\/p>\n","protected":false},"featured_media":30532,"template":"","meta":{"_joinchat":[]},"product_cat":[226],"product_tag":[319],"yoast_head":"<!-- This site is optimized with the Yoast SEO plugin v21.5 - https:\/\/yoast.com\/wordpress\/plugins\/seo\/ -->\n<title>Baby Liberty Pink Palo | acess\u00f3rios para passeios | Os Piculins<\/title>\n<meta name=\"description\" content=\"Saco da Beb\u00e9 Liberty Rosa Palo. Saquito com bambula interior e design de liberdade de madeira de rosa. Mantenha o seu beb\u00e9 aquecido e protegido.\" \/>\n<meta name=\"robots\" content=\"index, follow, max-snippet:-1, max-image-preview:large, max-video-preview:-1\" \/>\n<link rel=\"canonical\" href=\"https:\/\/lespiculins.com\/pt-pt\/produto\/baby-bag-liberty-pink-stick\/\" \/>\n<meta property=\"og:locale\" content=\"pt_PT\" \/>\n<meta property=\"og:type\" content=\"article\" \/>\n<meta property=\"og:title\" content=\"Baby Liberty Pink Palo | acess\u00f3rios para passeios | Os Piculins\" \/>\n<meta property=\"og:description\" content=\"Saco da Beb\u00e9 Liberty Rosa Palo. Saquito com bambula interior e design de liberdade de madeira de rosa. Mantenha o seu beb\u00e9 aquecido e protegido.\" \/>\n<meta property=\"og:url\" content=\"https:\/\/lespiculins.com\/pt-pt\/produto\/baby-bag-liberty-pink-stick\/\" \/>\n<meta property=\"og:site_name\" content=\"Les Piculins\" \/>\n<meta property=\"article:modified_time\" content=\"2021-04-27T10:16:03+00:00\" \/>\n<meta property=\"og:image\" content=\"https:\/\/lespiculins.com\/wp-content\/uploads\/2020\/09\/bien.jpg\" \/>\n\t<meta property=\"og:image:width\" content=\"997\" \/>\n\t<meta property=\"og:image:height\" content=\"900\" \/>\n\t<meta property=\"og:image:type\" content=\"image\/jpeg\" \/>\n<meta name=\"twitter:card\" content=\"summary_large_image\" \/>\n<meta name=\"twitter:label1\" content=\"Tempo estimado de leitura\" \/>\n\t<meta name=\"twitter:data1\" content=\"1 minuto\" \/>\n<script type=\"application\/ld+json\" class=\"yoast-schema-graph\">{\"@context\":\"https:\/\/schema.org\",\"@graph\":[{\"@type\":\"WebPage\",\"@id\":\"https:\/\/lespiculins.com\/pt-pt\/produto\/baby-bag-liberty-pink-stick\/\",\"url\":\"https:\/\/lespiculins.com\/pt-pt\/produto\/baby-bag-liberty-pink-stick\/\",\"name\":\"Baby Liberty Pink Palo | acess\u00f3rios para passeios | Os Piculins\",\"isPartOf\":{\"@id\":\"https:\/\/lespiculins.com\/pt-pt\/#website\"},\"datePublished\":\"2021-04-27T10:16:01+00:00\",\"dateModified\":\"2021-04-27T10:16:03+00:00\",\"description\":\"Saco da Beb\u00e9 Liberty Rosa Palo. Saquito com bambula interior e design de liberdade de madeira de rosa. Mantenha o seu beb\u00e9 aquecido e protegido.\",\"breadcrumb\":{\"@id\":\"https:\/\/lespiculins.com\/pt-pt\/produto\/baby-bag-liberty-pink-stick\/#breadcrumb\"},\"inLanguage\":\"pt-PT\",\"potentialAction\":[{\"@type\":\"ReadAction\",\"target\":[\"https:\/\/lespiculins.com\/pt-pt\/produto\/baby-bag-liberty-pink-stick\/\"]}]},{\"@type\":\"BreadcrumbList\",\"@id\":\"https:\/\/lespiculins.com\/pt-pt\/produto\/baby-bag-liberty-pink-stick\/#breadcrumb\",\"itemListElement\":[{\"@type\":\"ListItem\",\"position\":1,\"name\":\"Portada\",\"item\":\"https:\/\/lespiculins.com\/pt-pt\/inicio\/\"},{\"@type\":\"ListItem\",\"position\":2,\"name\":\"Loja\",\"item\":\"https:\/\/lespiculins.com\/pt-pt\/loja\/\"},{\"@type\":\"ListItem\",\"position\":3,\"name\":\"Baby Bag Liberty Pink Stick\"}]},{\"@type\":\"WebSite\",\"@id\":\"https:\/\/lespiculins.com\/pt-pt\/#website\",\"url\":\"https:\/\/lespiculins.com\/pt-pt\/\",\"name\":\"Les Piculins\",\"description\":\"Fundas para carritos, bugaboo, maclaren, icoo, bebecar, mima...\",\"potentialAction\":[{\"@type\":\"SearchAction\",\"target\":{\"@type\":\"EntryPoint\",\"urlTemplate\":\"https:\/\/lespiculins.com\/pt-pt\/?s={search_term_string}\"},\"query-input\":\"required name=search_term_string\"}],\"inLanguage\":\"pt-PT\"}]}<\/script>\n<!-- \/ Yoast SEO plugin. -->","yoast_head_json":{"title":"Baby Liberty Pink Palo | acess\u00f3rios para passeios | Os Piculins","description":"Saco da Beb\u00e9 Liberty Rosa Palo. Saquito com bambula interior e design de liberdade de madeira de rosa. Mantenha o seu beb\u00e9 aquecido e protegido.","robots":{"index":"index","follow":"follow","max-snippet":"max-snippet:-1","max-image-preview":"max-image-preview:large","max-video-preview":"max-video-preview:-1"},"canonical":"https:\/\/lespiculins.com\/pt-pt\/produto\/baby-bag-liberty-pink-stick\/","og_locale":"pt_PT","og_type":"article","og_title":"Baby Liberty Pink Palo | acess\u00f3rios para passeios | Os Piculins","og_description":"Saco da Beb\u00e9 Liberty Rosa Palo. Saquito com bambula interior e design de liberdade de madeira de rosa. Mantenha o seu beb\u00e9 aquecido e protegido.","og_url":"https:\/\/lespiculins.com\/pt-pt\/produto\/baby-bag-liberty-pink-stick\/","og_site_name":"Les Piculins","article_modified_time":"2021-04-27T10:16:03+00:00","og_image":[{"width":997,"height":900,"url":"https:\/\/lespiculins.com\/wp-content\/uploads\/2020\/09\/bien.jpg","type":"image\/jpeg"}],"twitter_card":"summary_large_image","twitter_misc":{"Tempo estimado de leitura":"1 minuto"},"schema":{"@context":"https:\/\/schema.org","@graph":[{"@type":"WebPage","@id":"https:\/\/lespiculins.com\/pt-pt\/produto\/baby-bag-liberty-pink-stick\/","url":"https:\/\/lespiculins.com\/pt-pt\/produto\/baby-bag-liberty-pink-stick\/","name":"Baby Liberty Pink Palo | acess\u00f3rios para passeios | Os Piculins","isPartOf":{"@id":"https:\/\/lespiculins.com\/pt-pt\/#website"},"datePublished":"2021-04-27T10:16:01+00:00","dateModified":"2021-04-27T10:16:03+00:00","description":"Saco da Beb\u00e9 Liberty Rosa Palo. Saquito com bambula interior e design de liberdade de madeira de rosa. Mantenha o seu beb\u00e9 aquecido e protegido.","breadcrumb":{"@id":"https:\/\/lespiculins.com\/pt-pt\/produto\/baby-bag-liberty-pink-stick\/#breadcrumb"},"inLanguage":"pt-PT","potentialAction":[{"@type":"ReadAction","target":["https:\/\/lespiculins.com\/pt-pt\/produto\/baby-bag-liberty-pink-stick\/"]}]},{"@type":"BreadcrumbList","@id":"https:\/\/lespiculins.com\/pt-pt\/produto\/baby-bag-liberty-pink-stick\/#breadcrumb","itemListElement":[{"@type":"ListItem","position":1,"name":"Portada","item":"https:\/\/lespiculins.com\/pt-pt\/inicio\/"},{"@type":"ListItem","position":2,"name":"Loja","item":"https:\/\/lespiculins.com\/pt-pt\/loja\/"},{"@type":"ListItem","position":3,"name":"Baby Bag Liberty Pink Stick"}]},{"@type":"WebSite","@id":"https:\/\/lespiculins.com\/pt-pt\/#website","url":"https:\/\/lespiculins.com\/pt-pt\/","name":"Les Piculins","description":"Fundas para carritos, bugaboo, maclaren, icoo, bebecar, mima...","potentialAction":[{"@type":"SearchAction","target":{"@type":"EntryPoint","urlTemplate":"https:\/\/lespiculins.com\/pt-pt\/?s={search_term_string}"},"query-input":"required name=search_term_string"}],"inLanguage":"pt-PT"}]}},"_links":{"self":[{"href":"https:\/\/lespiculins.com\/pt-pt\/wp-json\/wp\/v2\/product\/31382"}],"collection":[{"href":"https:\/\/lespiculins.com\/pt-pt\/wp-json\/wp\/v2\/product"}],"about":[{"href":"https:\/\/lespiculins.com\/pt-pt\/wp-json\/wp\/v2\/types\/product"}],"wp:featuredmedia":[{"embeddable":true,"href":"https:\/\/lespiculins.com\/pt-pt\/wp-json\/wp\/v2\/media\/30532"}],"wp:attachment":[{"href":"https:\/\/lespiculins.com\/pt-pt\/wp-json\/wp\/v2\/media?parent=31382"}],"wp:term":[{"taxonomy":"product_cat","embeddable":true,"href":"https:\/\/lespiculins.com\/pt-pt\/wp-json\/wp\/v2\/product_cat?post=31382"},{"taxonomy":"product_tag","embeddable":true,"href":"https:\/\/lespiculins.com\/pt-pt\/wp-json\/wp\/v2\/product_tag?post=31382"}],"curies":[{"name":"wp","href":"https:\/\/api.w.org\/{rel}","templated":true}]}}