{"id":31380,"date":"2020-11-18T16:28:17","date_gmt":"2021-04-27T10:01:15","guid":{"rendered":"https:\/\/lespiculins.com\/producto\/almofada-anti-roll-liberty-rosa-palo\/"},"modified":"2021-04-27T12:01:36","modified_gmt":"2021-04-27T10:01:36","slug":"almofada-anti-roll-lazadas-liberdade-rosa-stick","status":"publish","type":"product","link":"https:\/\/lespiculins.com\/pt-pt\/produto\/almofada-anti-roll-lazadas-liberdade-rosa-stick\/","title":{"rendered":"Almofada anti-roll Liberty Rosa Palo"},"content":{"rendered":"<p><img decoding=\"async\" class=\"alignnone size-medium wp-image-25113\" src=\"https:\/\/lespiculins.com\/wp-content\/archivos\/2020\/11\/thumbnail-9-1-300x227.jpg\" alt=\"\" width=\"300\" height=\"227\" srcset=\"https:\/\/lespiculins.com\/wp-content\/uploads\/2020\/11\/thumbnail-9-1-300x227.jpg 300w, https:\/\/lespiculins.com\/wp-content\/uploads\/2020\/11\/thumbnail-9-1-600x453.jpg 600w, https:\/\/lespiculins.com\/wp-content\/uploads\/2020\/11\/thumbnail-9-1-1024x774.jpg 1024w, https:\/\/lespiculins.com\/wp-content\/uploads\/2020\/11\/thumbnail-9-1-768x580.jpg 768w, https:\/\/lespiculins.com\/wp-content\/uploads\/2020\/11\/thumbnail-9-1.jpg 1080w\" sizes=\"(max-width: 300px) 100vw, 300px\" \/> <img decoding=\"async\" class=\"alignnone size-medium wp-image-25114\" src=\"https:\/\/lespiculins.com\/wp-content\/archivos\/2020\/11\/thumbnail-10-1-300x300.jpg\" alt=\"\" width=\"300\" height=\"300\" srcset=\"https:\/\/lespiculins.com\/wp-content\/uploads\/2020\/11\/thumbnail-10-1-300x300.jpg 300w, https:\/\/lespiculins.com\/wp-content\/uploads\/2020\/11\/thumbnail-10-1-600x601.jpg 600w, https:\/\/lespiculins.com\/wp-content\/uploads\/2020\/11\/thumbnail-10-1-150x150.jpg 150w, https:\/\/lespiculins.com\/wp-content\/uploads\/2020\/11\/thumbnail-10-1-768x769.jpg 768w, https:\/\/lespiculins.com\/wp-content\/uploads\/2020\/11\/thumbnail-10-1.jpg 899w\" sizes=\"(max-width: 300px) 100vw, 300px\" \/>Mais detalhes da nossa Almofada Anti-Roll Liberty Rosa Palo<\/p>\n<ul>\n<li>Estofamento amov\u00edvel.<\/li>\n<li><strong>Dicas de lavagem : M\u00e1quina,<\/strong>com detergente hipoalerg\u00e9nico do beb\u00e9, at\u00e9 30oC. N\u00e3o pode passar ou usar um secador.<\/li>\n<\/ul>\n","protected":false},"excerpt":{"rendered":"<p style=\"text-align: justify;\">Almofadas anti-rolo em uma bambula branca de muito bom gosto,com la\u00e7os largos em Liberty. O tecido da liberdade tem flores em <strong>p\u00f3 rosa, azul, verde, rosa de morango e coral.<\/strong> Como medida de seguran\u00e7a, os la\u00e7os s\u00e3o costurados para que n\u00e3o se desmoronem e n\u00e3o tenha que se preocupar em faz\u00ea-los.<\/p>\n<p style=\"text-align: justify;\">Para beb\u00e9s <strong>at\u00e9 aos 5 ou 6 meses de idade, <\/strong>para que durmam na posi\u00e7\u00e3o <strong>certa<\/strong> sem se virarem \u00e0 noite. Tamb\u00e9m evitam asfixia&#8230; Ideal como presente para um rec\u00e9m-nascido.<\/p>\n<p style=\"text-align: justify;\"><strong>Estofamento amov\u00edvel<\/strong> para que possa lavar a cobertura ou o enchimento separadamente.<\/p>\n","protected":false},"featured_media":30246,"template":"","meta":{"_joinchat":[]},"product_cat":[116],"product_tag":[319],"yoast_head":"<!-- This site is optimized with the Yoast SEO plugin v21.5 - https:\/\/yoast.com\/wordpress\/plugins\/seo\/ -->\n<title>| Liberty Rosa Palo acess\u00f3rios | Os Piculins<\/title>\n<meta name=\"description\" content=\"Almofada anti-rolo Liberty Rosa Palo. Em Bambula branco de muito bom gosto e arcos em tons cor-de-rosa, azul, verde, morango rosa e coral.\" \/>\n<meta name=\"robots\" content=\"index, follow, max-snippet:-1, max-image-preview:large, max-video-preview:-1\" \/>\n<link rel=\"canonical\" href=\"https:\/\/lespiculins.com\/pt-pt\/produto\/almofada-anti-roll-lazadas-liberdade-rosa-stick\/\" \/>\n<meta property=\"og:locale\" content=\"pt_PT\" \/>\n<meta property=\"og:type\" content=\"article\" \/>\n<meta property=\"og:title\" content=\"| Liberty Rosa Palo acess\u00f3rios | Os Piculins\" \/>\n<meta property=\"og:description\" content=\"Almofada anti-rolo Liberty Rosa Palo. Em Bambula branco de muito bom gosto e arcos em tons cor-de-rosa, azul, verde, morango rosa e coral.\" \/>\n<meta property=\"og:url\" content=\"https:\/\/lespiculins.com\/pt-pt\/produto\/almofada-anti-roll-lazadas-liberdade-rosa-stick\/\" \/>\n<meta property=\"og:site_name\" content=\"Les Piculins\" \/>\n<meta property=\"article:modified_time\" content=\"2021-04-27T10:01:36+00:00\" \/>\n<meta property=\"og:image\" content=\"https:\/\/lespiculins.com\/wp-content\/uploads\/2020\/11\/thumbnail-10-1.jpg\" \/>\n\t<meta property=\"og:image:width\" content=\"899\" \/>\n\t<meta property=\"og:image:height\" content=\"900\" \/>\n\t<meta property=\"og:image:type\" content=\"image\/jpeg\" \/>\n<meta name=\"twitter:card\" content=\"summary_large_image\" \/>\n<script type=\"application\/ld+json\" class=\"yoast-schema-graph\">{\"@context\":\"https:\/\/schema.org\",\"@graph\":[{\"@type\":\"WebPage\",\"@id\":\"https:\/\/lespiculins.com\/pt-pt\/produto\/almofada-anti-roll-lazadas-liberdade-rosa-stick\/\",\"url\":\"https:\/\/lespiculins.com\/pt-pt\/produto\/almofada-anti-roll-lazadas-liberdade-rosa-stick\/\",\"name\":\"| Liberty Rosa Palo acess\u00f3rios | Os Piculins\",\"isPartOf\":{\"@id\":\"https:\/\/lespiculins.com\/pt-pt\/#website\"},\"datePublished\":\"2021-04-27T10:01:15+00:00\",\"dateModified\":\"2021-04-27T10:01:36+00:00\",\"description\":\"Almofada anti-rolo Liberty Rosa Palo. Em Bambula branco de muito bom gosto e arcos em tons cor-de-rosa, azul, verde, morango rosa e coral.\",\"breadcrumb\":{\"@id\":\"https:\/\/lespiculins.com\/pt-pt\/produto\/almofada-anti-roll-lazadas-liberdade-rosa-stick\/#breadcrumb\"},\"inLanguage\":\"pt-PT\",\"potentialAction\":[{\"@type\":\"ReadAction\",\"target\":[\"https:\/\/lespiculins.com\/pt-pt\/produto\/almofada-anti-roll-lazadas-liberdade-rosa-stick\/\"]}]},{\"@type\":\"BreadcrumbList\",\"@id\":\"https:\/\/lespiculins.com\/pt-pt\/produto\/almofada-anti-roll-lazadas-liberdade-rosa-stick\/#breadcrumb\",\"itemListElement\":[{\"@type\":\"ListItem\",\"position\":1,\"name\":\"Portada\",\"item\":\"https:\/\/lespiculins.com\/pt-pt\/inicio\/\"},{\"@type\":\"ListItem\",\"position\":2,\"name\":\"Loja\",\"item\":\"https:\/\/lespiculins.com\/pt-pt\/loja\/\"},{\"@type\":\"ListItem\",\"position\":3,\"name\":\"Almofada anti-roll Liberty Rosa Palo\"}]},{\"@type\":\"WebSite\",\"@id\":\"https:\/\/lespiculins.com\/pt-pt\/#website\",\"url\":\"https:\/\/lespiculins.com\/pt-pt\/\",\"name\":\"Les Piculins\",\"description\":\"Fundas para carritos, bugaboo, maclaren, icoo, bebecar, mima...\",\"potentialAction\":[{\"@type\":\"SearchAction\",\"target\":{\"@type\":\"EntryPoint\",\"urlTemplate\":\"https:\/\/lespiculins.com\/pt-pt\/?s={search_term_string}\"},\"query-input\":\"required name=search_term_string\"}],\"inLanguage\":\"pt-PT\"}]}<\/script>\n<!-- \/ Yoast SEO plugin. -->","yoast_head_json":{"title":"| Liberty Rosa Palo acess\u00f3rios | Os Piculins","description":"Almofada anti-rolo Liberty Rosa Palo. Em Bambula branco de muito bom gosto e arcos em tons cor-de-rosa, azul, verde, morango rosa e coral.","robots":{"index":"index","follow":"follow","max-snippet":"max-snippet:-1","max-image-preview":"max-image-preview:large","max-video-preview":"max-video-preview:-1"},"canonical":"https:\/\/lespiculins.com\/pt-pt\/produto\/almofada-anti-roll-lazadas-liberdade-rosa-stick\/","og_locale":"pt_PT","og_type":"article","og_title":"| Liberty Rosa Palo acess\u00f3rios | Os Piculins","og_description":"Almofada anti-rolo Liberty Rosa Palo. Em Bambula branco de muito bom gosto e arcos em tons cor-de-rosa, azul, verde, morango rosa e coral.","og_url":"https:\/\/lespiculins.com\/pt-pt\/produto\/almofada-anti-roll-lazadas-liberdade-rosa-stick\/","og_site_name":"Les Piculins","article_modified_time":"2021-04-27T10:01:36+00:00","og_image":[{"width":899,"height":900,"url":"https:\/\/lespiculins.com\/wp-content\/uploads\/2020\/11\/thumbnail-10-1.jpg","type":"image\/jpeg"}],"twitter_card":"summary_large_image","schema":{"@context":"https:\/\/schema.org","@graph":[{"@type":"WebPage","@id":"https:\/\/lespiculins.com\/pt-pt\/produto\/almofada-anti-roll-lazadas-liberdade-rosa-stick\/","url":"https:\/\/lespiculins.com\/pt-pt\/produto\/almofada-anti-roll-lazadas-liberdade-rosa-stick\/","name":"| Liberty Rosa Palo acess\u00f3rios | Os Piculins","isPartOf":{"@id":"https:\/\/lespiculins.com\/pt-pt\/#website"},"datePublished":"2021-04-27T10:01:15+00:00","dateModified":"2021-04-27T10:01:36+00:00","description":"Almofada anti-rolo Liberty Rosa Palo. Em Bambula branco de muito bom gosto e arcos em tons cor-de-rosa, azul, verde, morango rosa e coral.","breadcrumb":{"@id":"https:\/\/lespiculins.com\/pt-pt\/produto\/almofada-anti-roll-lazadas-liberdade-rosa-stick\/#breadcrumb"},"inLanguage":"pt-PT","potentialAction":[{"@type":"ReadAction","target":["https:\/\/lespiculins.com\/pt-pt\/produto\/almofada-anti-roll-lazadas-liberdade-rosa-stick\/"]}]},{"@type":"BreadcrumbList","@id":"https:\/\/lespiculins.com\/pt-pt\/produto\/almofada-anti-roll-lazadas-liberdade-rosa-stick\/#breadcrumb","itemListElement":[{"@type":"ListItem","position":1,"name":"Portada","item":"https:\/\/lespiculins.com\/pt-pt\/inicio\/"},{"@type":"ListItem","position":2,"name":"Loja","item":"https:\/\/lespiculins.com\/pt-pt\/loja\/"},{"@type":"ListItem","position":3,"name":"Almofada anti-roll Liberty Rosa Palo"}]},{"@type":"WebSite","@id":"https:\/\/lespiculins.com\/pt-pt\/#website","url":"https:\/\/lespiculins.com\/pt-pt\/","name":"Les Piculins","description":"Fundas para carritos, bugaboo, maclaren, icoo, bebecar, mima...","potentialAction":[{"@type":"SearchAction","target":{"@type":"EntryPoint","urlTemplate":"https:\/\/lespiculins.com\/pt-pt\/?s={search_term_string}"},"query-input":"required name=search_term_string"}],"inLanguage":"pt-PT"}]}},"_links":{"self":[{"href":"https:\/\/lespiculins.com\/pt-pt\/wp-json\/wp\/v2\/product\/31380"}],"collection":[{"href":"https:\/\/lespiculins.com\/pt-pt\/wp-json\/wp\/v2\/product"}],"about":[{"href":"https:\/\/lespiculins.com\/pt-pt\/wp-json\/wp\/v2\/types\/product"}],"wp:featuredmedia":[{"embeddable":true,"href":"https:\/\/lespiculins.com\/pt-pt\/wp-json\/wp\/v2\/media\/30246"}],"wp:attachment":[{"href":"https:\/\/lespiculins.com\/pt-pt\/wp-json\/wp\/v2\/media?parent=31380"}],"wp:term":[{"taxonomy":"product_cat","embeddable":true,"href":"https:\/\/lespiculins.com\/pt-pt\/wp-json\/wp\/v2\/product_cat?post=31380"},{"taxonomy":"product_tag","embeddable":true,"href":"https:\/\/lespiculins.com\/pt-pt\/wp-json\/wp\/v2\/product_tag?post=31380"}],"curies":[{"name":"wp","href":"https:\/\/api.w.org\/{rel}","templated":true}]}}