{"id":31378,"date":"2020-11-18T16:32:10","date_gmt":"2021-04-27T09:57:22","guid":{"rendered":"https:\/\/lespiculins.com\/producto\/almofada-anti-roll-da-floresta-da-liberdade-lazadas\/"},"modified":"2021-04-27T11:57:24","modified_gmt":"2021-04-27T09:57:24","slug":"almofada-anti-roll-lazadas-liberdade-floresta","status":"publish","type":"product","link":"https:\/\/lespiculins.com\/pt-pt\/produto\/almofada-anti-roll-lazadas-liberdade-floresta\/","title":{"rendered":"Almofada Anti-Roll Da Floresta da Liberdade Lazadas"},"content":{"rendered":"<p>Mais detalhes da nossa Almofada Anti-Roll Da Floresta da Liberdade<\/p>\n<ul>\n<li>Estofamento amov\u00edvel.<\/li>\n<li><strong>Dicas de lavagem : M\u00e1quina,<\/strong>com detergente hipoalerg\u00e9nico do beb\u00e9, at\u00e9 30oC. N\u00e3o pode passar ou usar um secador.<\/li>\n<\/ul>\n","protected":false},"excerpt":{"rendered":"<p style=\"text-align: justify;\">Almofadas anti-rolo em uma <strong>bambula branca de muito bom gosto,<\/strong>com<strong>grandes hoees em Liberty.<\/strong><br \/>\nO la\u00e7o tem uma estampa da floresta, alternando <strong>pequenas flores em tons de azul, verde e rosa.<\/strong>  Como medida de seguran\u00e7a, os la\u00e7os s\u00e3o costurados para que n\u00e3o se desmoronem e n\u00e3o tenha que se preocupar em faz\u00ea-los.<\/p>\n<p style=\"text-align: justify;\">Com uma almofada anti-rolo, o seu beb\u00e9 dormir\u00e1 na posi\u00e7\u00e3o certa sem dar a volta \u00e0 noite. Tamb\u00e9m evitam asfixia&#8230;<br \/>\n <strong>Recomenda-se para beb\u00e9s at\u00e9 aos 5 ou 6 meses de idade.<\/strong> <\/p>\n<p style=\"text-align: justify;\"><strong>Estofamento amov\u00edvel<\/strong> para que possa lavar a cobertura ou o enchimento separadamente.<\/p>\n","protected":false},"featured_media":30250,"template":"","meta":{"_joinchat":[]},"product_cat":[116],"product_tag":[310],"yoast_head":"<!-- This site is optimized with the Yoast SEO plugin v21.5 - https:\/\/yoast.com\/wordpress\/plugins\/seo\/ -->\n<title>| da Floresta da Liberdade acess\u00f3rios | Os Piculins<\/title>\n<meta name=\"description\" content=\"Almofada Anti-Roll Da Floresta da Liberdade. Em Bambula branco de muito bom gosto, com amplos lags em Liberdade em cores azuis, verdes e rosas.\" \/>\n<meta name=\"robots\" content=\"index, follow, max-snippet:-1, max-image-preview:large, max-video-preview:-1\" \/>\n<link rel=\"canonical\" href=\"https:\/\/lespiculins.com\/pt-pt\/produto\/almofada-anti-roll-lazadas-liberdade-floresta\/\" \/>\n<meta property=\"og:locale\" content=\"pt_PT\" \/>\n<meta property=\"og:type\" content=\"article\" \/>\n<meta property=\"og:title\" content=\"| da Floresta da Liberdade acess\u00f3rios | Os Piculins\" \/>\n<meta property=\"og:description\" content=\"Almofada Anti-Roll Da Floresta da Liberdade. Em Bambula branco de muito bom gosto, com amplos lags em Liberdade em cores azuis, verdes e rosas.\" \/>\n<meta property=\"og:url\" content=\"https:\/\/lespiculins.com\/pt-pt\/produto\/almofada-anti-roll-lazadas-liberdade-floresta\/\" \/>\n<meta property=\"og:site_name\" content=\"Les Piculins\" \/>\n<meta property=\"article:modified_time\" content=\"2021-04-27T09:57:24+00:00\" \/>\n<meta property=\"og:image\" content=\"https:\/\/lespiculins.com\/wp-content\/uploads\/2020\/11\/thumbnail-12-2.jpg\" \/>\n\t<meta property=\"og:image:width\" content=\"836\" \/>\n\t<meta property=\"og:image:height\" content=\"900\" \/>\n\t<meta property=\"og:image:type\" content=\"image\/jpeg\" \/>\n<meta name=\"twitter:card\" content=\"summary_large_image\" \/>\n<script type=\"application\/ld+json\" class=\"yoast-schema-graph\">{\"@context\":\"https:\/\/schema.org\",\"@graph\":[{\"@type\":\"WebPage\",\"@id\":\"https:\/\/lespiculins.com\/pt-pt\/produto\/almofada-anti-roll-lazadas-liberdade-floresta\/\",\"url\":\"https:\/\/lespiculins.com\/pt-pt\/produto\/almofada-anti-roll-lazadas-liberdade-floresta\/\",\"name\":\"| da Floresta da Liberdade acess\u00f3rios | Os Piculins\",\"isPartOf\":{\"@id\":\"https:\/\/lespiculins.com\/pt-pt\/#website\"},\"datePublished\":\"2021-04-27T09:57:22+00:00\",\"dateModified\":\"2021-04-27T09:57:24+00:00\",\"description\":\"Almofada Anti-Roll Da Floresta da Liberdade. Em Bambula branco de muito bom gosto, com amplos lags em Liberdade em cores azuis, verdes e rosas.\",\"breadcrumb\":{\"@id\":\"https:\/\/lespiculins.com\/pt-pt\/produto\/almofada-anti-roll-lazadas-liberdade-floresta\/#breadcrumb\"},\"inLanguage\":\"pt-PT\",\"potentialAction\":[{\"@type\":\"ReadAction\",\"target\":[\"https:\/\/lespiculins.com\/pt-pt\/produto\/almofada-anti-roll-lazadas-liberdade-floresta\/\"]}]},{\"@type\":\"BreadcrumbList\",\"@id\":\"https:\/\/lespiculins.com\/pt-pt\/produto\/almofada-anti-roll-lazadas-liberdade-floresta\/#breadcrumb\",\"itemListElement\":[{\"@type\":\"ListItem\",\"position\":1,\"name\":\"Portada\",\"item\":\"https:\/\/lespiculins.com\/pt-pt\/inicio\/\"},{\"@type\":\"ListItem\",\"position\":2,\"name\":\"Loja\",\"item\":\"https:\/\/lespiculins.com\/pt-pt\/loja\/\"},{\"@type\":\"ListItem\",\"position\":3,\"name\":\"Almofada Anti-Roll Da Floresta da Liberdade Lazadas\"}]},{\"@type\":\"WebSite\",\"@id\":\"https:\/\/lespiculins.com\/pt-pt\/#website\",\"url\":\"https:\/\/lespiculins.com\/pt-pt\/\",\"name\":\"Les Piculins\",\"description\":\"Fundas para carritos, bugaboo, maclaren, icoo, bebecar, mima...\",\"potentialAction\":[{\"@type\":\"SearchAction\",\"target\":{\"@type\":\"EntryPoint\",\"urlTemplate\":\"https:\/\/lespiculins.com\/pt-pt\/?s={search_term_string}\"},\"query-input\":\"required name=search_term_string\"}],\"inLanguage\":\"pt-PT\"}]}<\/script>\n<!-- \/ Yoast SEO plugin. -->","yoast_head_json":{"title":"| da Floresta da Liberdade acess\u00f3rios | Os Piculins","description":"Almofada Anti-Roll Da Floresta da Liberdade. Em Bambula branco de muito bom gosto, com amplos lags em Liberdade em cores azuis, verdes e rosas.","robots":{"index":"index","follow":"follow","max-snippet":"max-snippet:-1","max-image-preview":"max-image-preview:large","max-video-preview":"max-video-preview:-1"},"canonical":"https:\/\/lespiculins.com\/pt-pt\/produto\/almofada-anti-roll-lazadas-liberdade-floresta\/","og_locale":"pt_PT","og_type":"article","og_title":"| da Floresta da Liberdade acess\u00f3rios | Os Piculins","og_description":"Almofada Anti-Roll Da Floresta da Liberdade. Em Bambula branco de muito bom gosto, com amplos lags em Liberdade em cores azuis, verdes e rosas.","og_url":"https:\/\/lespiculins.com\/pt-pt\/produto\/almofada-anti-roll-lazadas-liberdade-floresta\/","og_site_name":"Les Piculins","article_modified_time":"2021-04-27T09:57:24+00:00","og_image":[{"width":836,"height":900,"url":"https:\/\/lespiculins.com\/wp-content\/uploads\/2020\/11\/thumbnail-12-2.jpg","type":"image\/jpeg"}],"twitter_card":"summary_large_image","schema":{"@context":"https:\/\/schema.org","@graph":[{"@type":"WebPage","@id":"https:\/\/lespiculins.com\/pt-pt\/produto\/almofada-anti-roll-lazadas-liberdade-floresta\/","url":"https:\/\/lespiculins.com\/pt-pt\/produto\/almofada-anti-roll-lazadas-liberdade-floresta\/","name":"| da Floresta da Liberdade acess\u00f3rios | Os Piculins","isPartOf":{"@id":"https:\/\/lespiculins.com\/pt-pt\/#website"},"datePublished":"2021-04-27T09:57:22+00:00","dateModified":"2021-04-27T09:57:24+00:00","description":"Almofada Anti-Roll Da Floresta da Liberdade. Em Bambula branco de muito bom gosto, com amplos lags em Liberdade em cores azuis, verdes e rosas.","breadcrumb":{"@id":"https:\/\/lespiculins.com\/pt-pt\/produto\/almofada-anti-roll-lazadas-liberdade-floresta\/#breadcrumb"},"inLanguage":"pt-PT","potentialAction":[{"@type":"ReadAction","target":["https:\/\/lespiculins.com\/pt-pt\/produto\/almofada-anti-roll-lazadas-liberdade-floresta\/"]}]},{"@type":"BreadcrumbList","@id":"https:\/\/lespiculins.com\/pt-pt\/produto\/almofada-anti-roll-lazadas-liberdade-floresta\/#breadcrumb","itemListElement":[{"@type":"ListItem","position":1,"name":"Portada","item":"https:\/\/lespiculins.com\/pt-pt\/inicio\/"},{"@type":"ListItem","position":2,"name":"Loja","item":"https:\/\/lespiculins.com\/pt-pt\/loja\/"},{"@type":"ListItem","position":3,"name":"Almofada Anti-Roll Da Floresta da Liberdade Lazadas"}]},{"@type":"WebSite","@id":"https:\/\/lespiculins.com\/pt-pt\/#website","url":"https:\/\/lespiculins.com\/pt-pt\/","name":"Les Piculins","description":"Fundas para carritos, bugaboo, maclaren, icoo, bebecar, mima...","potentialAction":[{"@type":"SearchAction","target":{"@type":"EntryPoint","urlTemplate":"https:\/\/lespiculins.com\/pt-pt\/?s={search_term_string}"},"query-input":"required name=search_term_string"}],"inLanguage":"pt-PT"}]}},"_links":{"self":[{"href":"https:\/\/lespiculins.com\/pt-pt\/wp-json\/wp\/v2\/product\/31378"}],"collection":[{"href":"https:\/\/lespiculins.com\/pt-pt\/wp-json\/wp\/v2\/product"}],"about":[{"href":"https:\/\/lespiculins.com\/pt-pt\/wp-json\/wp\/v2\/types\/product"}],"wp:featuredmedia":[{"embeddable":true,"href":"https:\/\/lespiculins.com\/pt-pt\/wp-json\/wp\/v2\/media\/30250"}],"wp:attachment":[{"href":"https:\/\/lespiculins.com\/pt-pt\/wp-json\/wp\/v2\/media?parent=31378"}],"wp:term":[{"taxonomy":"product_cat","embeddable":true,"href":"https:\/\/lespiculins.com\/pt-pt\/wp-json\/wp\/v2\/product_cat?post=31378"},{"taxonomy":"product_tag","embeddable":true,"href":"https:\/\/lespiculins.com\/pt-pt\/wp-json\/wp\/v2\/product_tag?post=31378"}],"curies":[{"name":"wp","href":"https:\/\/api.w.org\/{rel}","templated":true}]}}