{"id":31372,"date":"2020-11-18T16:45:07","date_gmt":"2021-04-27T09:54:48","guid":{"rendered":"https:\/\/lespiculins.com\/producto\/almofada-anti-roll-liberty-honey-lazadas\/"},"modified":"2021-04-27T11:54:49","modified_gmt":"2021-04-27T09:54:49","slug":"almofada-anti-roll-lazadas-liberdade-mel","status":"publish","type":"product","link":"https:\/\/lespiculins.com\/pt-pt\/produto\/almofada-anti-roll-lazadas-liberdade-mel\/","title":{"rendered":"Almofada Anti-Roll Liberty Honey Lazadas"},"content":{"rendered":"<p>Mais detalhes da nossa Almofada Anti-Roll Liberty Honey Lazadas<\/p>\n<ul>\n<li>Estofamento amov\u00edvel.<\/li>\n<li><strong>Dicas de lavagem : M\u00e1quina,<\/strong>com detergente hipoalerg\u00e9nico do beb\u00e9, at\u00e9 30oC. N\u00e3o pode passar ou usar um secador.<\/li>\n<\/ul>\n","protected":false},"excerpt":{"rendered":"<p style=\"text-align: justify;\">Almofadas anti-rolo em uma <strong>bambula branca de muito bom gosto,<\/strong>com la\u00e7os largos em Liberty. o  <strong>coloca\u00e7\u00f5es s\u00e3o de flores com tons principalmente amarelos. Tamb\u00e9m tem pinceladas verdes e azuis<\/strong>. Como medida de seguran\u00e7a, os la\u00e7os s\u00e3o costurados para que n\u00e3o se desmoronem e n\u00e3o tenha que se preocupar em faz\u00ea-los.<\/p>\n<p style=\"text-align: justify;\">As almofadas anti-rolo s\u00e3o <strong>recomendadas para beb\u00e9s at\u00e9 aos 5 ou 6 meses de idade,<\/strong>para que durmam na posi\u00e7\u00e3o correta sem se virarem \u00e0 noite. Tamb\u00e9m evitam asfixia&#8230;<\/p>\n<p style=\"text-align: justify;\"><strong>Estofamento amov\u00edvel<\/strong> para que possa lavar a cobertura ou o enchimento separadamente.<\/p>\n","protected":false},"featured_media":30260,"template":"","meta":{"_joinchat":[]},"product_cat":[116],"product_tag":[315],"yoast_head":"<!-- This site is optimized with the Yoast SEO plugin v21.5 - https:\/\/yoast.com\/wordpress\/plugins\/seo\/ -->\n<title>Almofada Anti-Roll Liberty Honey Lazadas | Acess\u00f3rios para beb\u00e9s | Os Piculins<\/title>\n<meta name=\"description\" content=\"Almofada Anti-Roll Liberty Honey Lazadas. Em Bambula blanca muito bom gosto. Com largos lags em Liberdade de flores amarelas, verdes e azuis.\" \/>\n<meta name=\"robots\" content=\"index, follow, max-snippet:-1, max-image-preview:large, max-video-preview:-1\" \/>\n<link rel=\"canonical\" href=\"https:\/\/lespiculins.com\/pt-pt\/produto\/almofada-anti-roll-lazadas-liberdade-mel\/\" \/>\n<meta property=\"og:locale\" content=\"pt_PT\" \/>\n<meta property=\"og:type\" content=\"article\" \/>\n<meta property=\"og:title\" content=\"Almofada Anti-Roll Liberty Honey Lazadas | Acess\u00f3rios para beb\u00e9s | Os Piculins\" \/>\n<meta property=\"og:description\" content=\"Almofada Anti-Roll Liberty Honey Lazadas. Em Bambula blanca muito bom gosto. Com largos lags em Liberdade de flores amarelas, verdes e azuis.\" \/>\n<meta property=\"og:url\" content=\"https:\/\/lespiculins.com\/pt-pt\/produto\/almofada-anti-roll-lazadas-liberdade-mel\/\" \/>\n<meta property=\"og:site_name\" content=\"Les Piculins\" \/>\n<meta property=\"article:modified_time\" content=\"2021-04-27T09:54:49+00:00\" \/>\n<meta property=\"og:image\" content=\"https:\/\/lespiculins.com\/wp-content\/uploads\/2020\/11\/thumbnail-17-2.jpg\" \/>\n\t<meta property=\"og:image:width\" content=\"953\" \/>\n\t<meta property=\"og:image:height\" content=\"900\" \/>\n\t<meta property=\"og:image:type\" content=\"image\/jpeg\" \/>\n<meta name=\"twitter:card\" content=\"summary_large_image\" \/>\n<script type=\"application\/ld+json\" class=\"yoast-schema-graph\">{\"@context\":\"https:\/\/schema.org\",\"@graph\":[{\"@type\":\"WebPage\",\"@id\":\"https:\/\/lespiculins.com\/pt-pt\/produto\/almofada-anti-roll-lazadas-liberdade-mel\/\",\"url\":\"https:\/\/lespiculins.com\/pt-pt\/produto\/almofada-anti-roll-lazadas-liberdade-mel\/\",\"name\":\"Almofada Anti-Roll Liberty Honey Lazadas | Acess\u00f3rios para beb\u00e9s | Os Piculins\",\"isPartOf\":{\"@id\":\"https:\/\/lespiculins.com\/pt-pt\/#website\"},\"datePublished\":\"2021-04-27T09:54:48+00:00\",\"dateModified\":\"2021-04-27T09:54:49+00:00\",\"description\":\"Almofada Anti-Roll Liberty Honey Lazadas. Em Bambula blanca muito bom gosto. Com largos lags em Liberdade de flores amarelas, verdes e azuis.\",\"breadcrumb\":{\"@id\":\"https:\/\/lespiculins.com\/pt-pt\/produto\/almofada-anti-roll-lazadas-liberdade-mel\/#breadcrumb\"},\"inLanguage\":\"pt-PT\",\"potentialAction\":[{\"@type\":\"ReadAction\",\"target\":[\"https:\/\/lespiculins.com\/pt-pt\/produto\/almofada-anti-roll-lazadas-liberdade-mel\/\"]}]},{\"@type\":\"BreadcrumbList\",\"@id\":\"https:\/\/lespiculins.com\/pt-pt\/produto\/almofada-anti-roll-lazadas-liberdade-mel\/#breadcrumb\",\"itemListElement\":[{\"@type\":\"ListItem\",\"position\":1,\"name\":\"Portada\",\"item\":\"https:\/\/lespiculins.com\/pt-pt\/inicio\/\"},{\"@type\":\"ListItem\",\"position\":2,\"name\":\"Loja\",\"item\":\"https:\/\/lespiculins.com\/pt-pt\/loja\/\"},{\"@type\":\"ListItem\",\"position\":3,\"name\":\"Almofada Anti-Roll Liberty Honey Lazadas\"}]},{\"@type\":\"WebSite\",\"@id\":\"https:\/\/lespiculins.com\/pt-pt\/#website\",\"url\":\"https:\/\/lespiculins.com\/pt-pt\/\",\"name\":\"Les Piculins\",\"description\":\"Fundas para carritos, bugaboo, maclaren, icoo, bebecar, mima...\",\"potentialAction\":[{\"@type\":\"SearchAction\",\"target\":{\"@type\":\"EntryPoint\",\"urlTemplate\":\"https:\/\/lespiculins.com\/pt-pt\/?s={search_term_string}\"},\"query-input\":\"required name=search_term_string\"}],\"inLanguage\":\"pt-PT\"}]}<\/script>\n<!-- \/ Yoast SEO plugin. -->","yoast_head_json":{"title":"Almofada Anti-Roll Liberty Honey Lazadas | Acess\u00f3rios para beb\u00e9s | Os Piculins","description":"Almofada Anti-Roll Liberty Honey Lazadas. Em Bambula blanca muito bom gosto. Com largos lags em Liberdade de flores amarelas, verdes e azuis.","robots":{"index":"index","follow":"follow","max-snippet":"max-snippet:-1","max-image-preview":"max-image-preview:large","max-video-preview":"max-video-preview:-1"},"canonical":"https:\/\/lespiculins.com\/pt-pt\/produto\/almofada-anti-roll-lazadas-liberdade-mel\/","og_locale":"pt_PT","og_type":"article","og_title":"Almofada Anti-Roll Liberty Honey Lazadas | Acess\u00f3rios para beb\u00e9s | Os Piculins","og_description":"Almofada Anti-Roll Liberty Honey Lazadas. Em Bambula blanca muito bom gosto. Com largos lags em Liberdade de flores amarelas, verdes e azuis.","og_url":"https:\/\/lespiculins.com\/pt-pt\/produto\/almofada-anti-roll-lazadas-liberdade-mel\/","og_site_name":"Les Piculins","article_modified_time":"2021-04-27T09:54:49+00:00","og_image":[{"width":953,"height":900,"url":"https:\/\/lespiculins.com\/wp-content\/uploads\/2020\/11\/thumbnail-17-2.jpg","type":"image\/jpeg"}],"twitter_card":"summary_large_image","schema":{"@context":"https:\/\/schema.org","@graph":[{"@type":"WebPage","@id":"https:\/\/lespiculins.com\/pt-pt\/produto\/almofada-anti-roll-lazadas-liberdade-mel\/","url":"https:\/\/lespiculins.com\/pt-pt\/produto\/almofada-anti-roll-lazadas-liberdade-mel\/","name":"Almofada Anti-Roll Liberty Honey Lazadas | Acess\u00f3rios para beb\u00e9s | Os Piculins","isPartOf":{"@id":"https:\/\/lespiculins.com\/pt-pt\/#website"},"datePublished":"2021-04-27T09:54:48+00:00","dateModified":"2021-04-27T09:54:49+00:00","description":"Almofada Anti-Roll Liberty Honey Lazadas. Em Bambula blanca muito bom gosto. Com largos lags em Liberdade de flores amarelas, verdes e azuis.","breadcrumb":{"@id":"https:\/\/lespiculins.com\/pt-pt\/produto\/almofada-anti-roll-lazadas-liberdade-mel\/#breadcrumb"},"inLanguage":"pt-PT","potentialAction":[{"@type":"ReadAction","target":["https:\/\/lespiculins.com\/pt-pt\/produto\/almofada-anti-roll-lazadas-liberdade-mel\/"]}]},{"@type":"BreadcrumbList","@id":"https:\/\/lespiculins.com\/pt-pt\/produto\/almofada-anti-roll-lazadas-liberdade-mel\/#breadcrumb","itemListElement":[{"@type":"ListItem","position":1,"name":"Portada","item":"https:\/\/lespiculins.com\/pt-pt\/inicio\/"},{"@type":"ListItem","position":2,"name":"Loja","item":"https:\/\/lespiculins.com\/pt-pt\/loja\/"},{"@type":"ListItem","position":3,"name":"Almofada Anti-Roll Liberty Honey Lazadas"}]},{"@type":"WebSite","@id":"https:\/\/lespiculins.com\/pt-pt\/#website","url":"https:\/\/lespiculins.com\/pt-pt\/","name":"Les Piculins","description":"Fundas para carritos, bugaboo, maclaren, icoo, bebecar, mima...","potentialAction":[{"@type":"SearchAction","target":{"@type":"EntryPoint","urlTemplate":"https:\/\/lespiculins.com\/pt-pt\/?s={search_term_string}"},"query-input":"required name=search_term_string"}],"inLanguage":"pt-PT"}]}},"_links":{"self":[{"href":"https:\/\/lespiculins.com\/pt-pt\/wp-json\/wp\/v2\/product\/31372"}],"collection":[{"href":"https:\/\/lespiculins.com\/pt-pt\/wp-json\/wp\/v2\/product"}],"about":[{"href":"https:\/\/lespiculins.com\/pt-pt\/wp-json\/wp\/v2\/types\/product"}],"wp:featuredmedia":[{"embeddable":true,"href":"https:\/\/lespiculins.com\/pt-pt\/wp-json\/wp\/v2\/media\/30260"}],"wp:attachment":[{"href":"https:\/\/lespiculins.com\/pt-pt\/wp-json\/wp\/v2\/media?parent=31372"}],"wp:term":[{"taxonomy":"product_cat","embeddable":true,"href":"https:\/\/lespiculins.com\/pt-pt\/wp-json\/wp\/v2\/product_cat?post=31372"},{"taxonomy":"product_tag","embeddable":true,"href":"https:\/\/lespiculins.com\/pt-pt\/wp-json\/wp\/v2\/product_tag?post=31372"}],"curies":[{"name":"wp","href":"https:\/\/api.w.org\/{rel}","templated":true}]}}