{"id":31365,"date":"2020-11-18T16:52:13","date_gmt":"2021-04-27T09:49:28","guid":{"rendered":"https:\/\/lespiculins.com\/producto\/neceser-liberty-soft-pink\/"},"modified":"2023-07-11T08:15:00","modified_gmt":"2023-07-11T06:15:00","slug":"neceser-liberty-soft-pink","status":"publish","type":"product","link":"https:\/\/lespiculins.com\/pt-pt\/produto\/neceser-liberty-soft-pink\/","title":{"rendered":"Neceser Liberty Soft Pink"},"content":{"rendered":"<section class=\"wpb-content-wrapper\"><section class=\"l-section wpb_row height_medium\"><div class=\"l-section-h i-cf\"><div class=\"g-cols vc_row via_flex valign_top type_default stacking_default\"><div class=\"vc_col-sm-12 wpb_column vc_column_container\"><div class=\"vc_column-inner\"><div class=\"wpb_wrapper\"><div class=\"wpb_text_column\"><div class=\"wpb_wrapper\"><p>Mais detalhes do nosso Neceser Liberty Soft Pink<\/p>\n<ul>\n<li>Tamanho 28 x 15 x 8.<\/li>\n<li>Outros produtos da cole\u00e7\u00e3o: o <a href=\"https:\/\/lespiculins.com\/pt-pt\/produto\/mini-liberty-soft-pink-bag\/\" target=\"_blank\" rel=\"noopener\">Soft Pink Mini Liberty Bag,<\/a> o Liberty Soft Pink Baby <a href=\"https:\/\/lespiculins.com\/pt-pt\/produto\/saco-baby-liberdade-rosa-soft\/\" target=\"_blank\" rel=\"noopener\">Bag<\/a> ou o Liberty Soft <a href=\"https:\/\/lespiculins.com\/pt-pt\/produto\/liberty-soft-pink-talega\/\" target=\"_blank\" rel=\"noopener\">Pink Talega.<\/a><\/li>\n<li>Gorjetas de lavagem. Maquinado, com o detergente hipoalerg\u00e9nico do seu beb\u00e9, m\u00e1ximo a 30oC. N\u00e3o pode passar ou usar um secador.<\/li>\n<\/ul>\n<\/div><\/div><\/div><\/div><\/div><\/div><\/div><\/section>\n<\/section>","protected":false},"excerpt":{"rendered":"<p style=\"text-align: justify;\">Case \u2013 necessidade de <strong>fraldas e toalhetes.<\/strong> Tem um design muito agrad\u00e1vel em Liberty London <strong>com flores cor-de-rosa macias.<\/strong> Tamb\u00e9m \u00e9 forrado e tem um detalhe enlameado.<\/p>\n<p style=\"text-align: justify;\">Com a chegada de um beb\u00e9, a vida e a casa s\u00e3o revolucionadas. \u00c9 por isso que propomos esta bela <strong>mala.para encomendar todas as suas coisas de higiene e casa de banho.<\/strong> Tamb\u00e9m pr\u00e1tico para qualquer viagem ou como <strong>organizador<\/strong> para a sua mala.<\/p>\n<p style=\"text-align: justify;\">Tamb\u00e9m obtenha o <a href=\"https:\/\/lespiculins.com\/producto\/cambiador-liberty-rosa-suave\/\" target=\"_blank\" rel=\"noopener\">trocador<\/a> perfeito para manter a higiene do seu beb\u00e9 em todos os seus passeios.<\/p>\n","protected":false},"featured_media":30236,"template":"","meta":{"_joinchat":[]},"product_cat":[109],"product_tag":[320],"yoast_head":"<!-- This site is optimized with the Yoast SEO plugin v21.5 - https:\/\/yoast.com\/wordpress\/plugins\/seo\/ -->\n<title>Neceser Liberty Soft Pink | Acess\u00f3rios para beb\u00e9s | Os Piculins<\/title>\n<meta name=\"description\" content=\"Neceser Liberty Soft Pink. Para organizar e armazenar os produtos de higiene do seu beb\u00e9. Com flores em tom rosa suave.\" \/>\n<meta name=\"robots\" content=\"index, follow, max-snippet:-1, max-image-preview:large, max-video-preview:-1\" \/>\n<link rel=\"canonical\" href=\"https:\/\/lespiculins.com\/pt-pt\/produto\/neceser-liberty-soft-pink\/\" \/>\n<meta property=\"og:locale\" content=\"pt_PT\" \/>\n<meta property=\"og:type\" content=\"article\" \/>\n<meta property=\"og:title\" content=\"Neceser Liberty Soft Pink | Acess\u00f3rios para beb\u00e9s | Os Piculins\" \/>\n<meta property=\"og:description\" content=\"Neceser Liberty Soft Pink. Para organizar e armazenar os produtos de higiene do seu beb\u00e9. Com flores em tom rosa suave.\" \/>\n<meta property=\"og:url\" content=\"https:\/\/lespiculins.com\/pt-pt\/produto\/neceser-liberty-soft-pink\/\" \/>\n<meta property=\"og:site_name\" content=\"Les Piculins\" \/>\n<meta property=\"article:modified_time\" content=\"2023-07-11T06:15:00+00:00\" \/>\n<meta property=\"og:image\" content=\"https:\/\/lespiculins.com\/wp-content\/uploads\/2020\/11\/thumbnail-16-1.jpg\" \/>\n\t<meta property=\"og:image:width\" content=\"1080\" \/>\n\t<meta property=\"og:image:height\" content=\"810\" \/>\n\t<meta property=\"og:image:type\" content=\"image\/jpeg\" \/>\n<meta name=\"twitter:card\" content=\"summary_large_image\" \/>\n<script type=\"application\/ld+json\" class=\"yoast-schema-graph\">{\"@context\":\"https:\/\/schema.org\",\"@graph\":[{\"@type\":\"WebPage\",\"@id\":\"https:\/\/lespiculins.com\/pt-pt\/produto\/neceser-liberty-soft-pink\/\",\"url\":\"https:\/\/lespiculins.com\/pt-pt\/produto\/neceser-liberty-soft-pink\/\",\"name\":\"Neceser Liberty Soft Pink | Acess\u00f3rios para beb\u00e9s | Os Piculins\",\"isPartOf\":{\"@id\":\"https:\/\/lespiculins.com\/pt-pt\/#website\"},\"datePublished\":\"2021-04-27T09:49:28+00:00\",\"dateModified\":\"2023-07-11T06:15:00+00:00\",\"description\":\"Neceser Liberty Soft Pink. Para organizar e armazenar os produtos de higiene do seu beb\u00e9. Com flores em tom rosa suave.\",\"breadcrumb\":{\"@id\":\"https:\/\/lespiculins.com\/pt-pt\/produto\/neceser-liberty-soft-pink\/#breadcrumb\"},\"inLanguage\":\"pt-PT\",\"potentialAction\":[{\"@type\":\"ReadAction\",\"target\":[\"https:\/\/lespiculins.com\/pt-pt\/produto\/neceser-liberty-soft-pink\/\"]}]},{\"@type\":\"BreadcrumbList\",\"@id\":\"https:\/\/lespiculins.com\/pt-pt\/produto\/neceser-liberty-soft-pink\/#breadcrumb\",\"itemListElement\":[{\"@type\":\"ListItem\",\"position\":1,\"name\":\"Portada\",\"item\":\"https:\/\/lespiculins.com\/pt-pt\/inicio\/\"},{\"@type\":\"ListItem\",\"position\":2,\"name\":\"Loja\",\"item\":\"https:\/\/lespiculins.com\/pt-pt\/loja\/\"},{\"@type\":\"ListItem\",\"position\":3,\"name\":\"Neceser Liberty Soft Pink\"}]},{\"@type\":\"WebSite\",\"@id\":\"https:\/\/lespiculins.com\/pt-pt\/#website\",\"url\":\"https:\/\/lespiculins.com\/pt-pt\/\",\"name\":\"Les Piculins\",\"description\":\"Fundas para carritos, bugaboo, maclaren, icoo, bebecar, mima...\",\"potentialAction\":[{\"@type\":\"SearchAction\",\"target\":{\"@type\":\"EntryPoint\",\"urlTemplate\":\"https:\/\/lespiculins.com\/pt-pt\/?s={search_term_string}\"},\"query-input\":\"required name=search_term_string\"}],\"inLanguage\":\"pt-PT\"}]}<\/script>\n<!-- \/ Yoast SEO plugin. -->","yoast_head_json":{"title":"Neceser Liberty Soft Pink | Acess\u00f3rios para beb\u00e9s | Os Piculins","description":"Neceser Liberty Soft Pink. Para organizar e armazenar os produtos de higiene do seu beb\u00e9. Com flores em tom rosa suave.","robots":{"index":"index","follow":"follow","max-snippet":"max-snippet:-1","max-image-preview":"max-image-preview:large","max-video-preview":"max-video-preview:-1"},"canonical":"https:\/\/lespiculins.com\/pt-pt\/produto\/neceser-liberty-soft-pink\/","og_locale":"pt_PT","og_type":"article","og_title":"Neceser Liberty Soft Pink | Acess\u00f3rios para beb\u00e9s | Os Piculins","og_description":"Neceser Liberty Soft Pink. Para organizar e armazenar os produtos de higiene do seu beb\u00e9. Com flores em tom rosa suave.","og_url":"https:\/\/lespiculins.com\/pt-pt\/produto\/neceser-liberty-soft-pink\/","og_site_name":"Les Piculins","article_modified_time":"2023-07-11T06:15:00+00:00","og_image":[{"width":1080,"height":810,"url":"https:\/\/lespiculins.com\/wp-content\/uploads\/2020\/11\/thumbnail-16-1.jpg","type":"image\/jpeg"}],"twitter_card":"summary_large_image","schema":{"@context":"https:\/\/schema.org","@graph":[{"@type":"WebPage","@id":"https:\/\/lespiculins.com\/pt-pt\/produto\/neceser-liberty-soft-pink\/","url":"https:\/\/lespiculins.com\/pt-pt\/produto\/neceser-liberty-soft-pink\/","name":"Neceser Liberty Soft Pink | Acess\u00f3rios para beb\u00e9s | Os Piculins","isPartOf":{"@id":"https:\/\/lespiculins.com\/pt-pt\/#website"},"datePublished":"2021-04-27T09:49:28+00:00","dateModified":"2023-07-11T06:15:00+00:00","description":"Neceser Liberty Soft Pink. Para organizar e armazenar os produtos de higiene do seu beb\u00e9. Com flores em tom rosa suave.","breadcrumb":{"@id":"https:\/\/lespiculins.com\/pt-pt\/produto\/neceser-liberty-soft-pink\/#breadcrumb"},"inLanguage":"pt-PT","potentialAction":[{"@type":"ReadAction","target":["https:\/\/lespiculins.com\/pt-pt\/produto\/neceser-liberty-soft-pink\/"]}]},{"@type":"BreadcrumbList","@id":"https:\/\/lespiculins.com\/pt-pt\/produto\/neceser-liberty-soft-pink\/#breadcrumb","itemListElement":[{"@type":"ListItem","position":1,"name":"Portada","item":"https:\/\/lespiculins.com\/pt-pt\/inicio\/"},{"@type":"ListItem","position":2,"name":"Loja","item":"https:\/\/lespiculins.com\/pt-pt\/loja\/"},{"@type":"ListItem","position":3,"name":"Neceser Liberty Soft Pink"}]},{"@type":"WebSite","@id":"https:\/\/lespiculins.com\/pt-pt\/#website","url":"https:\/\/lespiculins.com\/pt-pt\/","name":"Les Piculins","description":"Fundas para carritos, bugaboo, maclaren, icoo, bebecar, mima...","potentialAction":[{"@type":"SearchAction","target":{"@type":"EntryPoint","urlTemplate":"https:\/\/lespiculins.com\/pt-pt\/?s={search_term_string}"},"query-input":"required name=search_term_string"}],"inLanguage":"pt-PT"}]}},"_links":{"self":[{"href":"https:\/\/lespiculins.com\/pt-pt\/wp-json\/wp\/v2\/product\/31365"}],"collection":[{"href":"https:\/\/lespiculins.com\/pt-pt\/wp-json\/wp\/v2\/product"}],"about":[{"href":"https:\/\/lespiculins.com\/pt-pt\/wp-json\/wp\/v2\/types\/product"}],"wp:featuredmedia":[{"embeddable":true,"href":"https:\/\/lespiculins.com\/pt-pt\/wp-json\/wp\/v2\/media\/30236"}],"wp:attachment":[{"href":"https:\/\/lespiculins.com\/pt-pt\/wp-json\/wp\/v2\/media?parent=31365"}],"wp:term":[{"taxonomy":"product_cat","embeddable":true,"href":"https:\/\/lespiculins.com\/pt-pt\/wp-json\/wp\/v2\/product_cat?post=31365"},{"taxonomy":"product_tag","embeddable":true,"href":"https:\/\/lespiculins.com\/pt-pt\/wp-json\/wp\/v2\/product_tag?post=31365"}],"curies":[{"name":"wp","href":"https:\/\/api.w.org\/{rel}","templated":true}]}}