{"id":31362,"date":"2020-11-18T16:57:18","date_gmt":"2021-04-27T09:48:52","guid":{"rendered":"https:\/\/lespiculins.com\/producto\/neceser-liberty-rosa-palo\/"},"modified":"2021-04-27T11:48:54","modified_gmt":"2021-04-27T09:48:54","slug":"neceser-liberty-rosa-palo","status":"publish","type":"product","link":"https:\/\/lespiculins.com\/pt-pt\/produto\/neceser-liberty-rosa-palo\/","title":{"rendered":"Neceser Liberty Rosa Palo"},"content":{"rendered":"<section class=\"wpb-content-wrapper\"><section class=\"l-section wpb_row height_medium\"><div class=\"l-section-h i-cf\"><div class=\"g-cols vc_row via_flex valign_top type_default stacking_default\"><div class=\"vc_col-sm-12 wpb_column vc_column_container\"><div class=\"vc_column-inner\"><div class=\"wpb_wrapper\"><div class=\"wpb_text_column\"><div class=\"wpb_wrapper\"><p>Mais detalhes da nossa Neceser Liberty Rosa Palo<\/p>\n<ul>\n<li>Tamanho 28 x 15 x 8.<\/li>\n<li>Outros produtos da cole\u00e7\u00e3o: <a href=\"https:\/\/lespiculins.com\/pt-pt\/produto\/bag-mini-liberdade-rosa-stick\/\" target=\"_blank\" rel=\"noopener\">Mini Liberty Rosa Palo Bag.<\/a> O <a href=\"https:\/\/lespiculins.com\/producto\/saco-bebe-liberty-rosa-palo\/\" target=\"_blank\" rel=\"noopener\">saco rosa do saco de beb\u00ea liberty.<\/a> O <a href=\"https:\/\/lespiculins.com\/pt-pt\/produto\/tapete-reversivel-bugaboo-liberty-pink-palo\/\" target=\"_blank\" rel=\"noopener\">Tapete Revers\u00edvel Bugaboo Liberty Palo.<\/a> Ou a <a href=\"https:\/\/lespiculins.com\/pt-pt\/produto\/liberty-pink-palo-talega\/\" target=\"_blank\" rel=\"noopener\">Liberty Talega Rosa Palo.<\/a><\/li>\n<li>Gorjetas de lavagem. Maquinado, com o detergente hipoalerg\u00e9nico do seu beb\u00e9, m\u00e1ximo a 30oC. N\u00e3o pode passar ou usar um secador.<\/li>\n<\/ul>\n<\/div><\/div><\/div><\/div><\/div><\/div><\/div><\/section>\n<\/section>","protected":false},"excerpt":{"rendered":"<p style=\"text-align: justify;\">Caso &#8211; necess\u00e1rio para <strong>fraldas e toalhetes.<\/strong> Tem um design muito agrad\u00e1vel em Liberty London com flores em <strong>tons de rosa e azulado.<\/strong> Tamb\u00e9m \u00e9 forrado e tem um detalhe enlameado.<\/p>\n<p style=\"text-align: justify;\">Com a chegada de um beb\u00e9, a vida e a casa s\u00e3o revolucionadas. \u00c9 por isso que propomos esta bela <strong>mala.para encomendar todas as suas coisas de higiene e casa de banho.<\/strong> Tamb\u00e9m pr\u00e1tico para qualquer viagem ou como <strong>organizador<\/strong> para a sua mala.<\/p>\n<p style=\"text-align: justify;\">Tamb\u00e9m obtenha o <a href=\"https:\/\/lespiculins.com\/producto\/cambiador-liberty-rosa-palo\/\" target=\"_blank\" rel=\"noopener\">trocador perfeito<\/a> para manter a higiene do seu beb\u00e9 em todos os seus passeios.<\/p>\n","protected":false},"featured_media":30274,"template":"","meta":{"_joinchat":[]},"product_cat":[109],"product_tag":[319],"yoast_head":"<!-- This site is optimized with the Yoast SEO plugin v21.5 - https:\/\/yoast.com\/wordpress\/plugins\/seo\/ -->\n<title>Neceser Liberty Rosa Palo | Acess\u00f3rios para beb\u00e9s | Os Piculins<\/title>\n<meta name=\"description\" content=\"Neceser Liberty Rosa Palo. Encomende e tenha todas as coisas na casa de banho do seu beb\u00e9 e higiene \u00e0 m\u00e3o. Tecido de liberdade com flores de madeira de rosa.\" \/>\n<meta name=\"robots\" content=\"index, follow, max-snippet:-1, max-image-preview:large, max-video-preview:-1\" \/>\n<link rel=\"canonical\" href=\"https:\/\/lespiculins.com\/pt-pt\/produto\/neceser-liberty-rosa-palo\/\" \/>\n<meta property=\"og:locale\" content=\"pt_PT\" \/>\n<meta property=\"og:type\" content=\"article\" \/>\n<meta property=\"og:title\" content=\"Neceser Liberty Rosa Palo | Acess\u00f3rios para beb\u00e9s | Os Piculins\" \/>\n<meta property=\"og:description\" content=\"Neceser Liberty Rosa Palo. Encomende e tenha todas as coisas na casa de banho do seu beb\u00e9 e higiene \u00e0 m\u00e3o. Tecido de liberdade com flores de madeira de rosa.\" \/>\n<meta property=\"og:url\" content=\"https:\/\/lespiculins.com\/pt-pt\/produto\/neceser-liberty-rosa-palo\/\" \/>\n<meta property=\"og:site_name\" content=\"Les Piculins\" \/>\n<meta property=\"article:modified_time\" content=\"2021-04-27T09:48:54+00:00\" \/>\n<meta property=\"og:image\" content=\"https:\/\/lespiculins.com\/wp-content\/uploads\/2020\/11\/thumbnail-3-4.jpg\" \/>\n\t<meta property=\"og:image:width\" content=\"1080\" \/>\n\t<meta property=\"og:image:height\" content=\"810\" \/>\n\t<meta property=\"og:image:type\" content=\"image\/jpeg\" \/>\n<meta name=\"twitter:card\" content=\"summary_large_image\" \/>\n<script type=\"application\/ld+json\" class=\"yoast-schema-graph\">{\"@context\":\"https:\/\/schema.org\",\"@graph\":[{\"@type\":\"WebPage\",\"@id\":\"https:\/\/lespiculins.com\/pt-pt\/produto\/neceser-liberty-rosa-palo\/\",\"url\":\"https:\/\/lespiculins.com\/pt-pt\/produto\/neceser-liberty-rosa-palo\/\",\"name\":\"Neceser Liberty Rosa Palo | Acess\u00f3rios para beb\u00e9s | Os Piculins\",\"isPartOf\":{\"@id\":\"https:\/\/lespiculins.com\/pt-pt\/#website\"},\"datePublished\":\"2021-04-27T09:48:52+00:00\",\"dateModified\":\"2021-04-27T09:48:54+00:00\",\"description\":\"Neceser Liberty Rosa Palo. Encomende e tenha todas as coisas na casa de banho do seu beb\u00e9 e higiene \u00e0 m\u00e3o. Tecido de liberdade com flores de madeira de rosa.\",\"breadcrumb\":{\"@id\":\"https:\/\/lespiculins.com\/pt-pt\/produto\/neceser-liberty-rosa-palo\/#breadcrumb\"},\"inLanguage\":\"pt-PT\",\"potentialAction\":[{\"@type\":\"ReadAction\",\"target\":[\"https:\/\/lespiculins.com\/pt-pt\/produto\/neceser-liberty-rosa-palo\/\"]}]},{\"@type\":\"BreadcrumbList\",\"@id\":\"https:\/\/lespiculins.com\/pt-pt\/produto\/neceser-liberty-rosa-palo\/#breadcrumb\",\"itemListElement\":[{\"@type\":\"ListItem\",\"position\":1,\"name\":\"Portada\",\"item\":\"https:\/\/lespiculins.com\/pt-pt\/inicio\/\"},{\"@type\":\"ListItem\",\"position\":2,\"name\":\"Loja\",\"item\":\"https:\/\/lespiculins.com\/pt-pt\/loja\/\"},{\"@type\":\"ListItem\",\"position\":3,\"name\":\"Neceser Liberty Rosa Palo\"}]},{\"@type\":\"WebSite\",\"@id\":\"https:\/\/lespiculins.com\/pt-pt\/#website\",\"url\":\"https:\/\/lespiculins.com\/pt-pt\/\",\"name\":\"Les Piculins\",\"description\":\"Fundas para carritos, bugaboo, maclaren, icoo, bebecar, mima...\",\"potentialAction\":[{\"@type\":\"SearchAction\",\"target\":{\"@type\":\"EntryPoint\",\"urlTemplate\":\"https:\/\/lespiculins.com\/pt-pt\/?s={search_term_string}\"},\"query-input\":\"required name=search_term_string\"}],\"inLanguage\":\"pt-PT\"}]}<\/script>\n<!-- \/ Yoast SEO plugin. -->","yoast_head_json":{"title":"Neceser Liberty Rosa Palo | Acess\u00f3rios para beb\u00e9s | Os Piculins","description":"Neceser Liberty Rosa Palo. Encomende e tenha todas as coisas na casa de banho do seu beb\u00e9 e higiene \u00e0 m\u00e3o. Tecido de liberdade com flores de madeira de rosa.","robots":{"index":"index","follow":"follow","max-snippet":"max-snippet:-1","max-image-preview":"max-image-preview:large","max-video-preview":"max-video-preview:-1"},"canonical":"https:\/\/lespiculins.com\/pt-pt\/produto\/neceser-liberty-rosa-palo\/","og_locale":"pt_PT","og_type":"article","og_title":"Neceser Liberty Rosa Palo | Acess\u00f3rios para beb\u00e9s | Os Piculins","og_description":"Neceser Liberty Rosa Palo. Encomende e tenha todas as coisas na casa de banho do seu beb\u00e9 e higiene \u00e0 m\u00e3o. Tecido de liberdade com flores de madeira de rosa.","og_url":"https:\/\/lespiculins.com\/pt-pt\/produto\/neceser-liberty-rosa-palo\/","og_site_name":"Les Piculins","article_modified_time":"2021-04-27T09:48:54+00:00","og_image":[{"width":1080,"height":810,"url":"https:\/\/lespiculins.com\/wp-content\/uploads\/2020\/11\/thumbnail-3-4.jpg","type":"image\/jpeg"}],"twitter_card":"summary_large_image","schema":{"@context":"https:\/\/schema.org","@graph":[{"@type":"WebPage","@id":"https:\/\/lespiculins.com\/pt-pt\/produto\/neceser-liberty-rosa-palo\/","url":"https:\/\/lespiculins.com\/pt-pt\/produto\/neceser-liberty-rosa-palo\/","name":"Neceser Liberty Rosa Palo | Acess\u00f3rios para beb\u00e9s | Os Piculins","isPartOf":{"@id":"https:\/\/lespiculins.com\/pt-pt\/#website"},"datePublished":"2021-04-27T09:48:52+00:00","dateModified":"2021-04-27T09:48:54+00:00","description":"Neceser Liberty Rosa Palo. Encomende e tenha todas as coisas na casa de banho do seu beb\u00e9 e higiene \u00e0 m\u00e3o. Tecido de liberdade com flores de madeira de rosa.","breadcrumb":{"@id":"https:\/\/lespiculins.com\/pt-pt\/produto\/neceser-liberty-rosa-palo\/#breadcrumb"},"inLanguage":"pt-PT","potentialAction":[{"@type":"ReadAction","target":["https:\/\/lespiculins.com\/pt-pt\/produto\/neceser-liberty-rosa-palo\/"]}]},{"@type":"BreadcrumbList","@id":"https:\/\/lespiculins.com\/pt-pt\/produto\/neceser-liberty-rosa-palo\/#breadcrumb","itemListElement":[{"@type":"ListItem","position":1,"name":"Portada","item":"https:\/\/lespiculins.com\/pt-pt\/inicio\/"},{"@type":"ListItem","position":2,"name":"Loja","item":"https:\/\/lespiculins.com\/pt-pt\/loja\/"},{"@type":"ListItem","position":3,"name":"Neceser Liberty Rosa Palo"}]},{"@type":"WebSite","@id":"https:\/\/lespiculins.com\/pt-pt\/#website","url":"https:\/\/lespiculins.com\/pt-pt\/","name":"Les Piculins","description":"Fundas para carritos, bugaboo, maclaren, icoo, bebecar, mima...","potentialAction":[{"@type":"SearchAction","target":{"@type":"EntryPoint","urlTemplate":"https:\/\/lespiculins.com\/pt-pt\/?s={search_term_string}"},"query-input":"required name=search_term_string"}],"inLanguage":"pt-PT"}]}},"_links":{"self":[{"href":"https:\/\/lespiculins.com\/pt-pt\/wp-json\/wp\/v2\/product\/31362"}],"collection":[{"href":"https:\/\/lespiculins.com\/pt-pt\/wp-json\/wp\/v2\/product"}],"about":[{"href":"https:\/\/lespiculins.com\/pt-pt\/wp-json\/wp\/v2\/types\/product"}],"wp:featuredmedia":[{"embeddable":true,"href":"https:\/\/lespiculins.com\/pt-pt\/wp-json\/wp\/v2\/media\/30274"}],"wp:attachment":[{"href":"https:\/\/lespiculins.com\/pt-pt\/wp-json\/wp\/v2\/media?parent=31362"}],"wp:term":[{"taxonomy":"product_cat","embeddable":true,"href":"https:\/\/lespiculins.com\/pt-pt\/wp-json\/wp\/v2\/product_cat?post=31362"},{"taxonomy":"product_tag","embeddable":true,"href":"https:\/\/lespiculins.com\/pt-pt\/wp-json\/wp\/v2\/product_tag?post=31362"}],"curies":[{"name":"wp","href":"https:\/\/api.w.org\/{rel}","templated":true}]}}