{"id":31361,"date":"2020-11-18T16:58:56","date_gmt":"2021-04-27T09:48:36","guid":{"rendered":"https:\/\/lespiculins.com\/producto\/neceser-liberty-em-po\/"},"modified":"2021-04-27T11:48:38","modified_gmt":"2021-04-27T09:48:38","slug":"neceser-liberty-em-po","status":"publish","type":"product","link":"https:\/\/lespiculins.com\/pt-pt\/produto\/neceser-liberty-em-po\/","title":{"rendered":"Neceser Liberty Em p\u00f3"},"content":{"rendered":"<section class=\"wpb-content-wrapper\"><section class=\"l-section wpb_row height_medium\"><div class=\"l-section-h i-cf\"><div class=\"g-cols vc_row via_flex valign_top type_default stacking_default\"><div class=\"vc_col-sm-12 wpb_column vc_column_container\"><div class=\"vc_column-inner\"><div class=\"wpb_wrapper\"><div class=\"wpb_text_column\"><div class=\"wpb_wrapper\"><p>Mais detalhes do nosso Neceser da Liberdade Em P\u00f3<\/p>\n<ul>\n<li>Tamanho 28 x 15 x 8.<\/li>\n<li>Outros produtos da cole\u00e7\u00e3o: <a href=\"https:\/\/lespiculins.com\/pt-pt\/produto\/mini-neceser-liberdade-po\/\" target=\"_blank\" rel=\"noopener\">Mini Neceser Liberty Powdered<\/a>. <a href=\"https:\/\/lespiculins.com\/pt-pt\/produto\/mini-liberty-bag-flores-em-po\/\" target=\"_blank\" rel=\"noopener\">Mini Liberty Bag Em p\u00f3 Flores.<\/a><\/li>\n<li>Gorjetas de lavagem. Maquinado, com o detergente hipoalerg\u00e9nico do seu beb\u00e9, m\u00e1ximo a 30oC. N\u00e3o pode passar ou usar um secador.<\/li>\n<\/ul>\n<\/div><\/div><\/div><\/div><\/div><\/div><\/div><\/section>\n<\/section>","protected":false},"excerpt":{"rendered":"<p style=\"text-align: justify;\">Caso &#8211; necess\u00e1rio para <strong>fraldas e toalhetes.<\/strong> Tamb\u00e9m \u00e9 forrado e tem um detalhe enlameado. No tecido Liberty London com <strong>borboletas em tons maioritariamente azuis, embora tamb\u00e9m tenha pinceladas de amarelo e lil\u00e1s.<\/strong><\/p>\n<p style=\"text-align: justify;\">Com a chegada de um beb\u00e9, a vida e a casa s\u00e3o revolucionadas. \u00c9 por isso que propomos esta bela <strong>mala.para encomendar todas as suas coisas de higiene e casa de banho.<\/strong> Tamb\u00e9m pr\u00e1tico para qualquer viagem ou como <strong>organizador<\/strong> para a sua mala.<\/p>\n<p style=\"text-align: justify;\">\n","protected":false},"featured_media":30224,"template":"","meta":{"_joinchat":[]},"product_cat":[109],"product_tag":[311],"yoast_head":"<!-- This site is optimized with the Yoast SEO plugin v21.5 - https:\/\/yoast.com\/wordpress\/plugins\/seo\/ -->\n<title>Neceser Liberty Em p\u00f3 | Acess\u00f3rios para beb\u00e9s | Os Piculins<\/title>\n<meta name=\"description\" content=\"Liberty Needer em p\u00f3. Para armazenar todos os produtos de higiene e banho do seu beb\u00e9. Tecido de liberdade com tons em p\u00f3.\" \/>\n<meta name=\"robots\" content=\"index, follow, max-snippet:-1, max-image-preview:large, max-video-preview:-1\" \/>\n<link rel=\"canonical\" href=\"https:\/\/lespiculins.com\/pt-pt\/produto\/neceser-liberty-em-po\/\" \/>\n<meta property=\"og:locale\" content=\"pt_PT\" \/>\n<meta property=\"og:type\" content=\"article\" \/>\n<meta property=\"og:title\" content=\"Neceser Liberty Em p\u00f3 | Acess\u00f3rios para beb\u00e9s | Os Piculins\" \/>\n<meta property=\"og:description\" content=\"Liberty Needer em p\u00f3. Para armazenar todos os produtos de higiene e banho do seu beb\u00e9. Tecido de liberdade com tons em p\u00f3.\" \/>\n<meta property=\"og:url\" content=\"https:\/\/lespiculins.com\/pt-pt\/produto\/neceser-liberty-em-po\/\" \/>\n<meta property=\"og:site_name\" content=\"Les Piculins\" \/>\n<meta property=\"article:modified_time\" content=\"2021-04-27T09:48:38+00:00\" \/>\n<meta property=\"og:image\" content=\"https:\/\/lespiculins.com\/wp-content\/uploads\/2020\/11\/thumbnail-1-2.jpg\" \/>\n\t<meta property=\"og:image:width\" content=\"1080\" \/>\n\t<meta property=\"og:image:height\" content=\"810\" \/>\n\t<meta property=\"og:image:type\" content=\"image\/jpeg\" \/>\n<meta name=\"twitter:card\" content=\"summary_large_image\" \/>\n<script type=\"application\/ld+json\" class=\"yoast-schema-graph\">{\"@context\":\"https:\/\/schema.org\",\"@graph\":[{\"@type\":\"WebPage\",\"@id\":\"https:\/\/lespiculins.com\/pt-pt\/produto\/neceser-liberty-em-po\/\",\"url\":\"https:\/\/lespiculins.com\/pt-pt\/produto\/neceser-liberty-em-po\/\",\"name\":\"Neceser Liberty Em p\u00f3 | Acess\u00f3rios para beb\u00e9s | Os Piculins\",\"isPartOf\":{\"@id\":\"https:\/\/lespiculins.com\/pt-pt\/#website\"},\"datePublished\":\"2021-04-27T09:48:36+00:00\",\"dateModified\":\"2021-04-27T09:48:38+00:00\",\"description\":\"Liberty Needer em p\u00f3. Para armazenar todos os produtos de higiene e banho do seu beb\u00e9. Tecido de liberdade com tons em p\u00f3.\",\"breadcrumb\":{\"@id\":\"https:\/\/lespiculins.com\/pt-pt\/produto\/neceser-liberty-em-po\/#breadcrumb\"},\"inLanguage\":\"pt-PT\",\"potentialAction\":[{\"@type\":\"ReadAction\",\"target\":[\"https:\/\/lespiculins.com\/pt-pt\/produto\/neceser-liberty-em-po\/\"]}]},{\"@type\":\"BreadcrumbList\",\"@id\":\"https:\/\/lespiculins.com\/pt-pt\/produto\/neceser-liberty-em-po\/#breadcrumb\",\"itemListElement\":[{\"@type\":\"ListItem\",\"position\":1,\"name\":\"Portada\",\"item\":\"https:\/\/lespiculins.com\/pt-pt\/inicio\/\"},{\"@type\":\"ListItem\",\"position\":2,\"name\":\"Loja\",\"item\":\"https:\/\/lespiculins.com\/pt-pt\/loja\/\"},{\"@type\":\"ListItem\",\"position\":3,\"name\":\"Neceser Liberty Em p\u00f3\"}]},{\"@type\":\"WebSite\",\"@id\":\"https:\/\/lespiculins.com\/pt-pt\/#website\",\"url\":\"https:\/\/lespiculins.com\/pt-pt\/\",\"name\":\"Les Piculins\",\"description\":\"Fundas para carritos, bugaboo, maclaren, icoo, bebecar, mima...\",\"potentialAction\":[{\"@type\":\"SearchAction\",\"target\":{\"@type\":\"EntryPoint\",\"urlTemplate\":\"https:\/\/lespiculins.com\/pt-pt\/?s={search_term_string}\"},\"query-input\":\"required name=search_term_string\"}],\"inLanguage\":\"pt-PT\"}]}<\/script>\n<!-- \/ Yoast SEO plugin. -->","yoast_head_json":{"title":"Neceser Liberty Em p\u00f3 | Acess\u00f3rios para beb\u00e9s | Os Piculins","description":"Liberty Needer em p\u00f3. Para armazenar todos os produtos de higiene e banho do seu beb\u00e9. Tecido de liberdade com tons em p\u00f3.","robots":{"index":"index","follow":"follow","max-snippet":"max-snippet:-1","max-image-preview":"max-image-preview:large","max-video-preview":"max-video-preview:-1"},"canonical":"https:\/\/lespiculins.com\/pt-pt\/produto\/neceser-liberty-em-po\/","og_locale":"pt_PT","og_type":"article","og_title":"Neceser Liberty Em p\u00f3 | Acess\u00f3rios para beb\u00e9s | Os Piculins","og_description":"Liberty Needer em p\u00f3. Para armazenar todos os produtos de higiene e banho do seu beb\u00e9. Tecido de liberdade com tons em p\u00f3.","og_url":"https:\/\/lespiculins.com\/pt-pt\/produto\/neceser-liberty-em-po\/","og_site_name":"Les Piculins","article_modified_time":"2021-04-27T09:48:38+00:00","og_image":[{"width":1080,"height":810,"url":"https:\/\/lespiculins.com\/wp-content\/uploads\/2020\/11\/thumbnail-1-2.jpg","type":"image\/jpeg"}],"twitter_card":"summary_large_image","schema":{"@context":"https:\/\/schema.org","@graph":[{"@type":"WebPage","@id":"https:\/\/lespiculins.com\/pt-pt\/produto\/neceser-liberty-em-po\/","url":"https:\/\/lespiculins.com\/pt-pt\/produto\/neceser-liberty-em-po\/","name":"Neceser Liberty Em p\u00f3 | Acess\u00f3rios para beb\u00e9s | Os Piculins","isPartOf":{"@id":"https:\/\/lespiculins.com\/pt-pt\/#website"},"datePublished":"2021-04-27T09:48:36+00:00","dateModified":"2021-04-27T09:48:38+00:00","description":"Liberty Needer em p\u00f3. Para armazenar todos os produtos de higiene e banho do seu beb\u00e9. Tecido de liberdade com tons em p\u00f3.","breadcrumb":{"@id":"https:\/\/lespiculins.com\/pt-pt\/produto\/neceser-liberty-em-po\/#breadcrumb"},"inLanguage":"pt-PT","potentialAction":[{"@type":"ReadAction","target":["https:\/\/lespiculins.com\/pt-pt\/produto\/neceser-liberty-em-po\/"]}]},{"@type":"BreadcrumbList","@id":"https:\/\/lespiculins.com\/pt-pt\/produto\/neceser-liberty-em-po\/#breadcrumb","itemListElement":[{"@type":"ListItem","position":1,"name":"Portada","item":"https:\/\/lespiculins.com\/pt-pt\/inicio\/"},{"@type":"ListItem","position":2,"name":"Loja","item":"https:\/\/lespiculins.com\/pt-pt\/loja\/"},{"@type":"ListItem","position":3,"name":"Neceser Liberty Em p\u00f3"}]},{"@type":"WebSite","@id":"https:\/\/lespiculins.com\/pt-pt\/#website","url":"https:\/\/lespiculins.com\/pt-pt\/","name":"Les Piculins","description":"Fundas para carritos, bugaboo, maclaren, icoo, bebecar, mima...","potentialAction":[{"@type":"SearchAction","target":{"@type":"EntryPoint","urlTemplate":"https:\/\/lespiculins.com\/pt-pt\/?s={search_term_string}"},"query-input":"required name=search_term_string"}],"inLanguage":"pt-PT"}]}},"_links":{"self":[{"href":"https:\/\/lespiculins.com\/pt-pt\/wp-json\/wp\/v2\/product\/31361"}],"collection":[{"href":"https:\/\/lespiculins.com\/pt-pt\/wp-json\/wp\/v2\/product"}],"about":[{"href":"https:\/\/lespiculins.com\/pt-pt\/wp-json\/wp\/v2\/types\/product"}],"wp:featuredmedia":[{"embeddable":true,"href":"https:\/\/lespiculins.com\/pt-pt\/wp-json\/wp\/v2\/media\/30224"}],"wp:attachment":[{"href":"https:\/\/lespiculins.com\/pt-pt\/wp-json\/wp\/v2\/media?parent=31361"}],"wp:term":[{"taxonomy":"product_cat","embeddable":true,"href":"https:\/\/lespiculins.com\/pt-pt\/wp-json\/wp\/v2\/product_cat?post=31361"},{"taxonomy":"product_tag","embeddable":true,"href":"https:\/\/lespiculins.com\/pt-pt\/wp-json\/wp\/v2\/product_tag?post=31361"}],"curies":[{"name":"wp","href":"https:\/\/api.w.org\/{rel}","templated":true}]}}