{"id":31352,"date":"2020-11-18T18:03:42","date_gmt":"2021-04-27T09:44:40","guid":{"rendered":"https:\/\/lespiculins.com\/producto\/mini-neceser-liberty-blue-animals\/"},"modified":"2021-04-27T11:44:43","modified_gmt":"2021-04-27T09:44:43","slug":"mini-neceser-liberty-blue-animals","status":"publish","type":"product","link":"https:\/\/lespiculins.com\/pt-pt\/produto\/mini-neceser-liberty-blue-animals\/","title":{"rendered":"Mini Neceser Liberty Blue Animals"},"content":{"rendered":"<section class=\"wpb-content-wrapper\"><section class=\"l-section wpb_row height_medium\"><div class=\"l-section-h i-cf\"><div class=\"g-cols vc_row via_flex valign_top type_default stacking_default\"><div class=\"vc_col-sm-12 wpb_column vc_column_container\"><div class=\"vc_column-inner\"><div class=\"wpb_wrapper\"><div class=\"wpb_text_column\"><div class=\"wpb_wrapper\"><p>Mais detalhes do nosso Mini Neceser Liberty Blue Animalitos<\/p>\n<ul>\n<li>Tamanho 13 x 13 x 7 cm.<\/li>\n<li>100% algod\u00e3o.<\/li>\n<li><span style=\"text-align: justify;\"> <\/span>Combinado com Mini Liberty <a style=\"text-align: justify;\" href=\"https:\/\/lespiculins.com\/pt-pt\/produto\/mini-liberty-animalitos-blue-bag\/\" target=\"_blank\" rel=\"noopener\">Animalitos Blue Bag,<\/a> <span style=\"text-align: justify;\"> <\/span>Liberty Animalitos Blue Baby <a style=\"text-align: justify;\" href=\"https:\/\/lespiculins.com\/pt-pt\/produto\/saco-de-bebe-animal-azul-da-liberdade\/\" target=\"_blank\" rel=\"noopener\">Bag,<\/a> <a style=\"text-align: justify;\" href=\"https:\/\/lespiculins.com\/pt-pt\/produto\/luz-arrullo-liberty-blue-animalitos\/\" target=\"_blank\" rel=\"noopener\">Liberty Animalitos Blue<\/a> Light Roll<span style=\"text-align: justify;\"> ou<\/span> <a style=\"text-align: justify;\" href=\"https:\/\/lespiculins.com\/pt-pt\/produto\/colchao-reversivel-bugaboo-animalitos\/\" target=\"_blank\" rel=\"noopener\">Bugaboo Animalitos Blue Reversible Mattress.<\/a> <span style=\"text-align: justify;\"> <\/span><\/li>\n<li>Espanha artesanal.<\/li>\n<\/ul>\n<\/div><\/div><\/div><\/div><\/div><\/div><\/div><\/section>\n<\/section>","protected":false},"excerpt":{"rendered":"<p style=\"text-align: justify;\">Mini neceser com impress\u00e3o liberty londres de animais em tons azuis. Op\u00e7\u00e3o simples, mas agrad\u00e1vel. Abertura f\u00e1cil do fecho <strong>com detalhe de fita e<\/strong> interior imperme\u00e1vel. <strong><\/strong><\/p>\n<p style=\"text-align: justify;\">Pode <strong>us\u00e1-lo como chupeta<\/strong> e guardar o fecho. Ou para outros pequenos detalhes. Tamb\u00e9m pode <strong>ser usado pela mam\u00e3,<\/strong>para mant\u00ea-lo na bolsa.<\/p>\n<p style=\"text-align: justify;\">Perfeito para dar em conjunto outros produtos da nossa cole\u00e7\u00e3o com a mesma impress\u00e3o: <a href=\"https:\/\/lespiculins.com\/producto\/mini-liberty-animalitos-azul\/\" target=\"_blank\" rel=\"noopener\">Mini Liberty Animalitos Blue<\/a>Bag, Liberty Animalitos Blue Baby <a href=\"https:\/\/lespiculins.com\/producto\/saco-bebe-liberty-animalitos-azul\/\" target=\"_blank\" rel=\"noopener\">Bag,<\/a> <a href=\"https:\/\/lespiculins.com\/producto\/arrullo-ligero-liberty-animalitos-azul\/\" target=\"_blank\" rel=\"noopener\">Liberty Animalitos Blue<\/a> Light Arrullo ou <a href=\"https:\/\/lespiculins.com\/producto\/colchoneta-reversible-bugaboo-animalitos-azul\/\" target=\"_blank\" rel=\"noopener\">Bugaboo Animalitos Blue Reversible Mattress.<\/a><\/p>\n<p style=\"text-align: justify;\"><strong>Gorjetas de lavagem .<\/strong> Maquinado, com o detergente hipoalerg\u00e9nico do seu beb\u00e9, m\u00e1ximo a 30oC. N\u00e3o pode passar ou usar um secador.<\/p>\n<p>&nbsp;<\/p>\n","protected":false},"featured_media":30208,"template":"","meta":{"_joinchat":[]},"product_cat":[123],"product_tag":[305],"yoast_head":"<!-- This site is optimized with the Yoast SEO plugin v21.5 - https:\/\/yoast.com\/wordpress\/plugins\/seo\/ -->\n<title>Mini Neceser Liberty Animals Blue | Acess\u00f3rios para beb\u00e9s | Os Piculins<\/title>\n<meta name=\"description\" content=\"Mini Neceser Liberty Blue Animals. 100% algod\u00e3o. Liberty London imprimir animais em tons azuis. Esconde pequenas coisas do teu beb\u00e9.\" \/>\n<meta name=\"robots\" content=\"index, follow, max-snippet:-1, max-image-preview:large, max-video-preview:-1\" \/>\n<link rel=\"canonical\" href=\"https:\/\/lespiculins.com\/pt-pt\/produto\/mini-neceser-liberty-blue-animals\/\" \/>\n<meta property=\"og:locale\" content=\"pt_PT\" \/>\n<meta property=\"og:type\" content=\"article\" \/>\n<meta property=\"og:title\" content=\"Mini Neceser Liberty Animals Blue | Acess\u00f3rios para beb\u00e9s | Os Piculins\" \/>\n<meta property=\"og:description\" content=\"Mini Neceser Liberty Blue Animals. 100% algod\u00e3o. Liberty London imprimir animais em tons azuis. Esconde pequenas coisas do teu beb\u00e9.\" \/>\n<meta property=\"og:url\" content=\"https:\/\/lespiculins.com\/pt-pt\/produto\/mini-neceser-liberty-blue-animals\/\" \/>\n<meta property=\"og:site_name\" content=\"Les Piculins\" \/>\n<meta property=\"article:modified_time\" content=\"2021-04-27T09:44:43+00:00\" \/>\n<meta property=\"og:image\" content=\"https:\/\/lespiculins.com\/wp-content\/uploads\/2020\/11\/thumbnail-2-1.jpg\" \/>\n\t<meta property=\"og:image:width\" content=\"1080\" \/>\n\t<meta property=\"og:image:height\" content=\"810\" \/>\n\t<meta property=\"og:image:type\" content=\"image\/jpeg\" \/>\n<meta name=\"twitter:card\" content=\"summary_large_image\" \/>\n<script type=\"application\/ld+json\" class=\"yoast-schema-graph\">{\"@context\":\"https:\/\/schema.org\",\"@graph\":[{\"@type\":\"WebPage\",\"@id\":\"https:\/\/lespiculins.com\/pt-pt\/produto\/mini-neceser-liberty-blue-animals\/\",\"url\":\"https:\/\/lespiculins.com\/pt-pt\/produto\/mini-neceser-liberty-blue-animals\/\",\"name\":\"Mini Neceser Liberty Animals Blue | Acess\u00f3rios para beb\u00e9s | Os Piculins\",\"isPartOf\":{\"@id\":\"https:\/\/lespiculins.com\/pt-pt\/#website\"},\"datePublished\":\"2021-04-27T09:44:40+00:00\",\"dateModified\":\"2021-04-27T09:44:43+00:00\",\"description\":\"Mini Neceser Liberty Blue Animals. 100% algod\u00e3o. Liberty London imprimir animais em tons azuis. Esconde pequenas coisas do teu beb\u00e9.\",\"breadcrumb\":{\"@id\":\"https:\/\/lespiculins.com\/pt-pt\/produto\/mini-neceser-liberty-blue-animals\/#breadcrumb\"},\"inLanguage\":\"pt-PT\",\"potentialAction\":[{\"@type\":\"ReadAction\",\"target\":[\"https:\/\/lespiculins.com\/pt-pt\/produto\/mini-neceser-liberty-blue-animals\/\"]}]},{\"@type\":\"BreadcrumbList\",\"@id\":\"https:\/\/lespiculins.com\/pt-pt\/produto\/mini-neceser-liberty-blue-animals\/#breadcrumb\",\"itemListElement\":[{\"@type\":\"ListItem\",\"position\":1,\"name\":\"Portada\",\"item\":\"https:\/\/lespiculins.com\/pt-pt\/inicio\/\"},{\"@type\":\"ListItem\",\"position\":2,\"name\":\"Loja\",\"item\":\"https:\/\/lespiculins.com\/pt-pt\/loja\/\"},{\"@type\":\"ListItem\",\"position\":3,\"name\":\"Mini Neceser Liberty Blue Animals\"}]},{\"@type\":\"WebSite\",\"@id\":\"https:\/\/lespiculins.com\/pt-pt\/#website\",\"url\":\"https:\/\/lespiculins.com\/pt-pt\/\",\"name\":\"Les Piculins\",\"description\":\"Fundas para carritos, bugaboo, maclaren, icoo, bebecar, mima...\",\"potentialAction\":[{\"@type\":\"SearchAction\",\"target\":{\"@type\":\"EntryPoint\",\"urlTemplate\":\"https:\/\/lespiculins.com\/pt-pt\/?s={search_term_string}\"},\"query-input\":\"required name=search_term_string\"}],\"inLanguage\":\"pt-PT\"}]}<\/script>\n<!-- \/ Yoast SEO plugin. -->","yoast_head_json":{"title":"Mini Neceser Liberty Animals Blue | Acess\u00f3rios para beb\u00e9s | Os Piculins","description":"Mini Neceser Liberty Blue Animals. 100% algod\u00e3o. Liberty London imprimir animais em tons azuis. Esconde pequenas coisas do teu beb\u00e9.","robots":{"index":"index","follow":"follow","max-snippet":"max-snippet:-1","max-image-preview":"max-image-preview:large","max-video-preview":"max-video-preview:-1"},"canonical":"https:\/\/lespiculins.com\/pt-pt\/produto\/mini-neceser-liberty-blue-animals\/","og_locale":"pt_PT","og_type":"article","og_title":"Mini Neceser Liberty Animals Blue | Acess\u00f3rios para beb\u00e9s | Os Piculins","og_description":"Mini Neceser Liberty Blue Animals. 100% algod\u00e3o. Liberty London imprimir animais em tons azuis. Esconde pequenas coisas do teu beb\u00e9.","og_url":"https:\/\/lespiculins.com\/pt-pt\/produto\/mini-neceser-liberty-blue-animals\/","og_site_name":"Les Piculins","article_modified_time":"2021-04-27T09:44:43+00:00","og_image":[{"width":1080,"height":810,"url":"https:\/\/lespiculins.com\/wp-content\/uploads\/2020\/11\/thumbnail-2-1.jpg","type":"image\/jpeg"}],"twitter_card":"summary_large_image","schema":{"@context":"https:\/\/schema.org","@graph":[{"@type":"WebPage","@id":"https:\/\/lespiculins.com\/pt-pt\/produto\/mini-neceser-liberty-blue-animals\/","url":"https:\/\/lespiculins.com\/pt-pt\/produto\/mini-neceser-liberty-blue-animals\/","name":"Mini Neceser Liberty Animals Blue | Acess\u00f3rios para beb\u00e9s | Os Piculins","isPartOf":{"@id":"https:\/\/lespiculins.com\/pt-pt\/#website"},"datePublished":"2021-04-27T09:44:40+00:00","dateModified":"2021-04-27T09:44:43+00:00","description":"Mini Neceser Liberty Blue Animals. 100% algod\u00e3o. Liberty London imprimir animais em tons azuis. Esconde pequenas coisas do teu beb\u00e9.","breadcrumb":{"@id":"https:\/\/lespiculins.com\/pt-pt\/produto\/mini-neceser-liberty-blue-animals\/#breadcrumb"},"inLanguage":"pt-PT","potentialAction":[{"@type":"ReadAction","target":["https:\/\/lespiculins.com\/pt-pt\/produto\/mini-neceser-liberty-blue-animals\/"]}]},{"@type":"BreadcrumbList","@id":"https:\/\/lespiculins.com\/pt-pt\/produto\/mini-neceser-liberty-blue-animals\/#breadcrumb","itemListElement":[{"@type":"ListItem","position":1,"name":"Portada","item":"https:\/\/lespiculins.com\/pt-pt\/inicio\/"},{"@type":"ListItem","position":2,"name":"Loja","item":"https:\/\/lespiculins.com\/pt-pt\/loja\/"},{"@type":"ListItem","position":3,"name":"Mini Neceser Liberty Blue Animals"}]},{"@type":"WebSite","@id":"https:\/\/lespiculins.com\/pt-pt\/#website","url":"https:\/\/lespiculins.com\/pt-pt\/","name":"Les Piculins","description":"Fundas para carritos, bugaboo, maclaren, icoo, bebecar, mima...","potentialAction":[{"@type":"SearchAction","target":{"@type":"EntryPoint","urlTemplate":"https:\/\/lespiculins.com\/pt-pt\/?s={search_term_string}"},"query-input":"required name=search_term_string"}],"inLanguage":"pt-PT"}]}},"_links":{"self":[{"href":"https:\/\/lespiculins.com\/pt-pt\/wp-json\/wp\/v2\/product\/31352"}],"collection":[{"href":"https:\/\/lespiculins.com\/pt-pt\/wp-json\/wp\/v2\/product"}],"about":[{"href":"https:\/\/lespiculins.com\/pt-pt\/wp-json\/wp\/v2\/types\/product"}],"wp:featuredmedia":[{"embeddable":true,"href":"https:\/\/lespiculins.com\/pt-pt\/wp-json\/wp\/v2\/media\/30208"}],"wp:attachment":[{"href":"https:\/\/lespiculins.com\/pt-pt\/wp-json\/wp\/v2\/media?parent=31352"}],"wp:term":[{"taxonomy":"product_cat","embeddable":true,"href":"https:\/\/lespiculins.com\/pt-pt\/wp-json\/wp\/v2\/product_cat?post=31352"},{"taxonomy":"product_tag","embeddable":true,"href":"https:\/\/lespiculins.com\/pt-pt\/wp-json\/wp\/v2\/product_tag?post=31352"}],"curies":[{"name":"wp","href":"https:\/\/api.w.org\/{rel}","templated":true}]}}