{"id":31346,"date":"2020-11-18T18:06:31","date_gmt":"2021-04-27T09:42:41","guid":{"rendered":"https:\/\/lespiculins.com\/producto\/mini-neceser-liberty-blue-ramilletes\/"},"modified":"2021-04-27T11:42:44","modified_gmt":"2021-04-27T09:42:44","slug":"mini-neceser-liberty-ramilletes-blue","status":"publish","type":"product","link":"https:\/\/lespiculins.com\/pt-pt\/produto\/mini-neceser-liberty-ramilletes-blue\/","title":{"rendered":"Mini Neceser Liberty Blue Ramilletes"},"content":{"rendered":"<section class=\"wpb-content-wrapper\"><section class=\"l-section wpb_row height_medium\"><div class=\"l-section-h i-cf\"><div class=\"g-cols vc_row via_flex valign_top type_default stacking_default\"><div class=\"vc_col-sm-12 wpb_column vc_column_container\"><div class=\"vc_column-inner\"><div class=\"wpb_wrapper\"><div class=\"wpb_text_column\"><div class=\"wpb_wrapper\"><p>Mais detalhes do nosso Mini Neceser Liberty Ramilletes Blue<\/p>\n<ul>\n<li>Tamanho 13 x 13 x 7 cm<\/li>\n<li>Algod\u00e3o 100%<\/li>\n<li>Espanha artesanal<\/li>\n<li>Combinado por: o <a href=\"https:\/\/lespiculins.com\/pt-pt\/produto\/mat-reversivel-bugaboo-ramilletes-blue\/\" target=\"_blank\" rel=\"noopener\">Colch\u00e3o Revers\u00edvel Bugaboo Blue Ramilletes,<\/a> <a href=\"https:\/\/lespiculins.com\/pt-pt\/produto\/liberty-blue-ramilletes-baby-sack\/\" target=\"_blank\" rel=\"noopener\">Liberty Blue Ramilletes Baby Bag<\/a> ou The Blue Mini <a href=\"https:\/\/lespiculins.com\/pt-pt\/produto\/saco-azul-mini-bouquet\/\" target=\"_blank\" rel=\"noopener\">Ramilletes Bag.<\/a><\/li>\n<\/ul>\n<\/div><\/div><\/div><\/div><\/div><\/div><\/div><\/section>\n<\/section>","protected":false},"excerpt":{"rendered":"<p style=\"text-align: justify;\"><strong>Liberty<\/strong> London imprimir Mini saco com <strong>bouquets azuis em<\/strong> um fundo branco. Abertura f\u00e1cil <strong>com<\/strong> fecho e <b>detalhe de fita.<\/b><\/p>\n<p style=\"text-align: justify;\">\u00c9 ideal para armazenar pequenos acess\u00f3rios do seu beb\u00e9. Pode us\u00e1-lo para guardar a chupeta ou o <strong>grampo do seu<\/strong> <strong>beb\u00e9.<\/strong> Tamb\u00e9m para a m\u00e3e, para carregar as suas coisinhas no saco.<\/p>\n<p style=\"text-align: justify;\">Perfeito para presentear juntamente com outros acess\u00f3rios da nossa cole\u00e7\u00e3o, como: <a href=\"https:\/\/lespiculins.com\/producto\/colchoneta-reversible-bugaboo-ramilletes-azul\/\" target=\"_blank\" rel=\"noopener\">o Colch\u00e3o Revers\u00edvel Bugaboo Blue Ramilletes,<\/a> <a href=\"https:\/\/lespiculins.com\/producto\/saco-bebe-liberty-ramilletes-azul\/\" target=\"_blank\" rel=\"noopener\">o Liberty Blue Ramilletes<\/a> Baby Bag ou <a href=\"https:\/\/lespiculins.com\/producto\/bolsa-mini-ramilletes-azul\/\" target=\"_blank\" rel=\"noopener\">o Blue Mini Ramilletes Bag.<\/a><\/p>\n<p style=\"text-align: justify;\"><strong>Gorjetas de lavagem .<\/strong> Maquinado, com o detergente hipoalerg\u00e9nico do seu beb\u00e9, m\u00e1ximo a 30oC. N\u00e3o pode passar ou usar um secador.<\/p>\n","protected":false},"featured_media":30214,"template":"","meta":{"_joinchat":[]},"product_cat":[123],"product_tag":[317],"yoast_head":"<!-- This site is optimized with the Yoast SEO plugin v21.5 - https:\/\/yoast.com\/wordpress\/plugins\/seo\/ -->\n<title>Mini Neceser Liberty Ramilletes Blue | Acess\u00f3rios para beb\u00e9s | Os Piculins<\/title>\n<meta name=\"description\" content=\"Mini Neceser Liberty Blue Ramilletes. 100% algod\u00e3o. Com fecho e detalhe de fita. Impress\u00e3o de buqu\u00ea azul. Para as coisas do seu beb\u00e9\" \/>\n<meta name=\"robots\" content=\"index, follow, max-snippet:-1, max-image-preview:large, max-video-preview:-1\" \/>\n<link rel=\"canonical\" href=\"https:\/\/lespiculins.com\/pt-pt\/produto\/mini-neceser-liberty-ramilletes-blue\/\" \/>\n<meta property=\"og:locale\" content=\"pt_PT\" \/>\n<meta property=\"og:type\" content=\"article\" \/>\n<meta property=\"og:title\" content=\"Mini Neceser Liberty Ramilletes Blue | Acess\u00f3rios para beb\u00e9s | Os Piculins\" \/>\n<meta property=\"og:description\" content=\"Mini Neceser Liberty Blue Ramilletes. 100% algod\u00e3o. Com fecho e detalhe de fita. Impress\u00e3o de buqu\u00ea azul. Para as coisas do seu beb\u00e9\" \/>\n<meta property=\"og:url\" content=\"https:\/\/lespiculins.com\/pt-pt\/produto\/mini-neceser-liberty-ramilletes-blue\/\" \/>\n<meta property=\"og:site_name\" content=\"Les Piculins\" \/>\n<meta property=\"article:modified_time\" content=\"2021-04-27T09:42:44+00:00\" \/>\n<meta property=\"og:image\" content=\"https:\/\/lespiculins.com\/wp-content\/uploads\/2020\/11\/thumbnail-5-1.jpg\" \/>\n\t<meta property=\"og:image:width\" content=\"1080\" \/>\n\t<meta property=\"og:image:height\" content=\"810\" \/>\n\t<meta property=\"og:image:type\" content=\"image\/jpeg\" \/>\n<meta name=\"twitter:card\" content=\"summary_large_image\" \/>\n<script type=\"application\/ld+json\" class=\"yoast-schema-graph\">{\"@context\":\"https:\/\/schema.org\",\"@graph\":[{\"@type\":\"WebPage\",\"@id\":\"https:\/\/lespiculins.com\/pt-pt\/produto\/mini-neceser-liberty-ramilletes-blue\/\",\"url\":\"https:\/\/lespiculins.com\/pt-pt\/produto\/mini-neceser-liberty-ramilletes-blue\/\",\"name\":\"Mini Neceser Liberty Ramilletes Blue | Acess\u00f3rios para beb\u00e9s | Os Piculins\",\"isPartOf\":{\"@id\":\"https:\/\/lespiculins.com\/pt-pt\/#website\"},\"datePublished\":\"2021-04-27T09:42:41+00:00\",\"dateModified\":\"2021-04-27T09:42:44+00:00\",\"description\":\"Mini Neceser Liberty Blue Ramilletes. 100% algod\u00e3o. Com fecho e detalhe de fita. Impress\u00e3o de buqu\u00ea azul. Para as coisas do seu beb\u00e9\",\"breadcrumb\":{\"@id\":\"https:\/\/lespiculins.com\/pt-pt\/produto\/mini-neceser-liberty-ramilletes-blue\/#breadcrumb\"},\"inLanguage\":\"pt-PT\",\"potentialAction\":[{\"@type\":\"ReadAction\",\"target\":[\"https:\/\/lespiculins.com\/pt-pt\/produto\/mini-neceser-liberty-ramilletes-blue\/\"]}]},{\"@type\":\"BreadcrumbList\",\"@id\":\"https:\/\/lespiculins.com\/pt-pt\/produto\/mini-neceser-liberty-ramilletes-blue\/#breadcrumb\",\"itemListElement\":[{\"@type\":\"ListItem\",\"position\":1,\"name\":\"Portada\",\"item\":\"https:\/\/lespiculins.com\/pt-pt\/inicio\/\"},{\"@type\":\"ListItem\",\"position\":2,\"name\":\"Loja\",\"item\":\"https:\/\/lespiculins.com\/pt-pt\/loja\/\"},{\"@type\":\"ListItem\",\"position\":3,\"name\":\"Mini Neceser Liberty Blue Ramilletes\"}]},{\"@type\":\"WebSite\",\"@id\":\"https:\/\/lespiculins.com\/pt-pt\/#website\",\"url\":\"https:\/\/lespiculins.com\/pt-pt\/\",\"name\":\"Les Piculins\",\"description\":\"Fundas para carritos, bugaboo, maclaren, icoo, bebecar, mima...\",\"potentialAction\":[{\"@type\":\"SearchAction\",\"target\":{\"@type\":\"EntryPoint\",\"urlTemplate\":\"https:\/\/lespiculins.com\/pt-pt\/?s={search_term_string}\"},\"query-input\":\"required name=search_term_string\"}],\"inLanguage\":\"pt-PT\"}]}<\/script>\n<!-- \/ Yoast SEO plugin. -->","yoast_head_json":{"title":"Mini Neceser Liberty Ramilletes Blue | Acess\u00f3rios para beb\u00e9s | Os Piculins","description":"Mini Neceser Liberty Blue Ramilletes. 100% algod\u00e3o. Com fecho e detalhe de fita. Impress\u00e3o de buqu\u00ea azul. Para as coisas do seu beb\u00e9","robots":{"index":"index","follow":"follow","max-snippet":"max-snippet:-1","max-image-preview":"max-image-preview:large","max-video-preview":"max-video-preview:-1"},"canonical":"https:\/\/lespiculins.com\/pt-pt\/produto\/mini-neceser-liberty-ramilletes-blue\/","og_locale":"pt_PT","og_type":"article","og_title":"Mini Neceser Liberty Ramilletes Blue | Acess\u00f3rios para beb\u00e9s | Os Piculins","og_description":"Mini Neceser Liberty Blue Ramilletes. 100% algod\u00e3o. Com fecho e detalhe de fita. Impress\u00e3o de buqu\u00ea azul. Para as coisas do seu beb\u00e9","og_url":"https:\/\/lespiculins.com\/pt-pt\/produto\/mini-neceser-liberty-ramilletes-blue\/","og_site_name":"Les Piculins","article_modified_time":"2021-04-27T09:42:44+00:00","og_image":[{"width":1080,"height":810,"url":"https:\/\/lespiculins.com\/wp-content\/uploads\/2020\/11\/thumbnail-5-1.jpg","type":"image\/jpeg"}],"twitter_card":"summary_large_image","schema":{"@context":"https:\/\/schema.org","@graph":[{"@type":"WebPage","@id":"https:\/\/lespiculins.com\/pt-pt\/produto\/mini-neceser-liberty-ramilletes-blue\/","url":"https:\/\/lespiculins.com\/pt-pt\/produto\/mini-neceser-liberty-ramilletes-blue\/","name":"Mini Neceser Liberty Ramilletes Blue | Acess\u00f3rios para beb\u00e9s | Os Piculins","isPartOf":{"@id":"https:\/\/lespiculins.com\/pt-pt\/#website"},"datePublished":"2021-04-27T09:42:41+00:00","dateModified":"2021-04-27T09:42:44+00:00","description":"Mini Neceser Liberty Blue Ramilletes. 100% algod\u00e3o. Com fecho e detalhe de fita. Impress\u00e3o de buqu\u00ea azul. Para as coisas do seu beb\u00e9","breadcrumb":{"@id":"https:\/\/lespiculins.com\/pt-pt\/produto\/mini-neceser-liberty-ramilletes-blue\/#breadcrumb"},"inLanguage":"pt-PT","potentialAction":[{"@type":"ReadAction","target":["https:\/\/lespiculins.com\/pt-pt\/produto\/mini-neceser-liberty-ramilletes-blue\/"]}]},{"@type":"BreadcrumbList","@id":"https:\/\/lespiculins.com\/pt-pt\/produto\/mini-neceser-liberty-ramilletes-blue\/#breadcrumb","itemListElement":[{"@type":"ListItem","position":1,"name":"Portada","item":"https:\/\/lespiculins.com\/pt-pt\/inicio\/"},{"@type":"ListItem","position":2,"name":"Loja","item":"https:\/\/lespiculins.com\/pt-pt\/loja\/"},{"@type":"ListItem","position":3,"name":"Mini Neceser Liberty Blue Ramilletes"}]},{"@type":"WebSite","@id":"https:\/\/lespiculins.com\/pt-pt\/#website","url":"https:\/\/lespiculins.com\/pt-pt\/","name":"Les Piculins","description":"Fundas para carritos, bugaboo, maclaren, icoo, bebecar, mima...","potentialAction":[{"@type":"SearchAction","target":{"@type":"EntryPoint","urlTemplate":"https:\/\/lespiculins.com\/pt-pt\/?s={search_term_string}"},"query-input":"required name=search_term_string"}],"inLanguage":"pt-PT"}]}},"_links":{"self":[{"href":"https:\/\/lespiculins.com\/pt-pt\/wp-json\/wp\/v2\/product\/31346"}],"collection":[{"href":"https:\/\/lespiculins.com\/pt-pt\/wp-json\/wp\/v2\/product"}],"about":[{"href":"https:\/\/lespiculins.com\/pt-pt\/wp-json\/wp\/v2\/types\/product"}],"wp:featuredmedia":[{"embeddable":true,"href":"https:\/\/lespiculins.com\/pt-pt\/wp-json\/wp\/v2\/media\/30214"}],"wp:attachment":[{"href":"https:\/\/lespiculins.com\/pt-pt\/wp-json\/wp\/v2\/media?parent=31346"}],"wp:term":[{"taxonomy":"product_cat","embeddable":true,"href":"https:\/\/lespiculins.com\/pt-pt\/wp-json\/wp\/v2\/product_cat?post=31346"},{"taxonomy":"product_tag","embeddable":true,"href":"https:\/\/lespiculins.com\/pt-pt\/wp-json\/wp\/v2\/product_tag?post=31346"}],"curies":[{"name":"wp","href":"https:\/\/api.w.org\/{rel}","templated":true}]}}